{"id":10164,"date":"2017-01-25T14:42:33","date_gmt":"2017-01-25T10:42:33","guid":{"rendered":"http:\/\/www.imm.az\/exp\/?page_id=10164"},"modified":"2021-12-23T11:17:27","modified_gmt":"2021-12-23T07:17:27","slug":"sura-haqqinda","status":"publish","type":"page","link":"https:\/\/www.imm.az\/exp\/x%c9%99b%c9%99rl%c9%99r\/sura-haqqinda\/","title":{"rendered":"\u015eura haqq\u0131nda"},"content":{"rendered":"<p style=\"text-align: justify;\">\u015eur\u0430n\u0131n f\u0259aliyy\u0259tinin \u0259s\u0430s m\u0259qs\u0259di AMEA \u00fczr\u0259 f\u0259aliyy\u0259t g\u00f6st\u0259r\u0259n g\u0259ncl\u0259rin \u0435lmi p\u043et\u0435nsi\u0430l\u0131n\u0131n \u0430rt\u0131r\u0131lm\u0430s\u0131, m\u00fcxt\u0259lif t\u0259\u015f\u0259bb\u00fcsl\u0259rinin stimull\u0430\u015fd\u0131r\u0131lm\u0430s\u0131, elm\u0259 ax\u0131n\u0131n t\u0259min olunmas\u0131, asud\u0259 vaxtlar\u0131n\u0131n s\u0259m\u0259r\u0259li ke\u00e7irilm\u0259sinin t\u0259\u015fkili,\u0259ld\u0259 \u0435tdikl\u0259ri \u0435lmi y\u0435nilikl\u0259rin m\u00fcxt\u0259lif k\u00fctl\u0259vi informasiya vasit\u0259l\u0259rind\u0259 i\u015f\u0131qland\u0131r\u0131lmas\u0131, onlara m\u0435t\u043ediki, inf\u043erm\u0430siy\u0430 y\u0430rd\u0131m\u0131n\u0131n g\u00f6st\u0259rilm\u0259si v\u0259 s. h\u0259yata ke\u00e7irlm\u0259sind\u0259n ibar\u0259tdir. \u015eur\u0430n\u0131n f\u0259aliyy\u0259tin\u0259 h\u0259m\u00e7inin, elmin respublika \u00fczr\u0259 t\u0259bli\u011f edilm\u0259si v\u0259 Az\u0259rbaycan elminin d\u00fcnya elmin\u0259 inteqrasiyas\u0131n\u0131n s\u00fcr\u0259tl\u0259ndirilm\u0259si m\u0259s\u0259l\u0259l\u0259ri daxildir.<br \/>\n\u015eura \u00f6z f\u0259aliyy\u0259tind\u0259 Az\u0259rbaycan Respublikas\u0131n\u0131n Konstitutsiyas\u0131n\u0131, Az\u0259rbaycan Respublikas\u0131n\u0131n qanunlar\u0131n\u0131, Az\u0259rbaycan Respublikas\u0131 Prezidentinin f\u0259rman v\u0259 s\u0259r\u0259ncamlar\u0131n\u0131, Az\u0259rbaycan Respublikas\u0131 Nazirl\u0259r Kabinetinin q\u0259rar v\u0259 s\u0259r\u0259ncamlar\u0131n\u0131, AMEA-n\u0131n Nizamnam\u0259sini, AMEA R\u0259yas\u0259t Hey\u0259tinin q\u0259rarlar\u0131n\u0131, AMEA prezidentinin \u0259mr v\u0259 s\u0259r\u0259ncamlar\u0131n\u0131 v\u0259 \u00f6z\u00fcn\u00fcn Nizamnam\u0259ni r\u0259hb\u0259r r\u0259hb\u0259r tutaraq, illik t\u0259dbirl\u0259r plan\u0131 \u0259sas\u0131nda f\u0259aliyy\u0259t g\u00f6st\u0259rir.<br \/>\n\u0130ctimai birliyin f\u0259aliyy\u0259t strategiyas\u0131na elmin t\u0259bli\u011fi v\u0259 t\u0259\u015fviq\u0131, innovativ layih\u0259l\u0259rin koordinasiyas\u0131, regionlarla i\u015f, beyn\u0259lxalq \u0259m\u0259kda\u015fl\u0131q, elmi ictimai t\u0259dbirl\u0259rin ke\u00e7irilm\u0259si, elmi n\u0259\u015frl\u0259r, AMEA-n\u0131n n\u0259zdind\u0259 olan t\u0259\u015fkilatlarda f\u0259aliyy\u0259t g\u00f6st\u0259r\u0259n yerli \u015furalar\u0131n f\u0259aliyy\u0259tinin m\u00fct\u0259madi monitorinqi v\u0259 ictimai \u0259laq\u0259l\u0259r daxildir.<\/p>\n<p style=\"text-align: justify;\">AMEA Riyaziyyat v\u0259 Mexanika \u0130nstitutunun G\u0259nc aliml\u0259r v\u0259 m\u00fct\u0259x\u0259ssisl\u0259r \u015furas\u0131n\u0131n t\u0259rkibi:<\/p>\n<table width=\"77%\">\n<tbody>\n<tr>\n<td width=\"6%\">1<\/td>\n<td width=\"26%\">S\u0259dr<\/td>\n<td width=\"66%\">elmi i\u015f\u00e7i P\u0259rviz M\u00fcseyibli<\/td>\n<\/tr>\n<tr>\n<td width=\"6%\">2<\/td>\n<td width=\"26%\">S\u0259dr m\u00fcavini<\/td>\n<td width=\"66%\">ki\u00e7ik elmi i\u015f\u00e7i Aida \u018fsg\u0259rova<\/td>\n<\/tr>\n<tr>\n<td width=\"6%\">3<\/td>\n<td width=\"26%\">M\u0259sul katib<\/td>\n<td width=\"66%\">ki\u00e7ik elmi i\u015f\u00e7i Ayt\u0259n M\u00f6vs\u00fcmova<\/td>\n<\/tr>\n<tr>\n<td width=\"6%\">4<\/td>\n<td width=\"26%\">\u00dczv<\/td>\n<td width=\"66%\">r.\u00fc.f.d., b\u00f6y\u00fck elmi i\u015f\u00e7i Aynur S\u0259f\u0259rova<\/td>\n<\/tr>\n<tr>\n<td width=\"6%\">5<\/td>\n<td width=\"26%\">\u00dczv<\/td>\n<td width=\"66%\">r.\u00fc.f.d., ki\u00e7ik elmi i\u015f\u00e7i Humay Rzayeva<\/td>\n<\/tr>\n<tr>\n<td width=\"6%\">6<\/td>\n<td width=\"26%\">\u00dczv<\/td>\n<td width=\"66%\">elmi i\u015f\u00e7i Sayal\u0131 M\u0259mm\u0259dli<\/td>\n<\/tr>\n<tr>\n<td width=\"6%\">7<\/td>\n<td width=\"26%\">\u00dczv<\/td>\n<td width=\"66%\">ki\u00e7ik elmi i\u015f\u00e7i V\u0259fa M\u0259mm\u0259dova<\/td>\n<\/tr>\n<tr>\n<td width=\"6%\">8<\/td>\n<td width=\"26%\">\u00dczv<\/td>\n<td width=\"66%\">ki\u00e7ik elmi i\u015f\u00e7i Ayt\u0259n Muradova<\/td>\n<\/tr>\n<tr>\n<td width=\"6%\">9<\/td>\n<td width=\"26%\">\u00dczv<\/td>\n<td width=\"66%\">doktorant Yet\u0259r F\u0259rhadova<\/td>\n<\/tr>\n<tr>\n<td width=\"6%\">10<\/td>\n<td width=\"26%\">\u00dczv<\/td>\n<td width=\"66%\">doktorant S\u0259bin\u0259 C\u0259f\u0259rova<\/td>\n<\/tr>\n<tr>\n<td width=\"6%\">11<\/td>\n<td width=\"26%\">\u00dczv<\/td>\n<td width=\"66%\">doktorant G\u00fclqay\u0131t Dada\u015fova<\/td>\n<\/tr>\n<tr>\n<td width=\"6%\">12<\/td>\n<td width=\"26%\">\u00dczv<\/td>\n<td width=\"66%\">doktorant X\u0259yal\u0259 Q\u0259dirova<\/td>\n<\/tr>\n<tr>\n<td width=\"6%\">13<\/td>\n<td width=\"26%\">\u00dczv<\/td>\n<td width=\"66%\">doktorant Ai\u015f\u0259n M\u0259mm\u0259dova<\/td>\n<\/tr>\n<tr>\n<td width=\"6%\">14<\/td>\n<td width=\"26%\">\u00dczv<\/td>\n<td width=\"66%\">doktorant Aydan Abdullayeva<\/td>\n<\/tr>\n<tr>\n<td width=\"6%\">15<\/td>\n<td width=\"26%\">\u00dczv<\/td>\n<td width=\"66%\">doktorant \u0130brahim M\u0259mm\u0259dov<\/td>\n<\/tr>\n<\/tbody>\n<\/table>\n<p><em>\u00a9 B\u00fct\u00fcn h\u00fcquqlar qorunur. X\u0259b\u0259rl\u0259rd\u0259n istifad\u0259 ed\u0259rk\u0259n www.imm.az sayt\u0131na istinad z\u0259ruridir.<\/em><\/p>\n","protected":false},"excerpt":{"rendered":"<p>\u015eur\u0430n\u0131n f\u0259aliyy\u0259tinin \u0259s\u0430s m\u0259qs\u0259di AMEA \u00fczr\u0259 f\u0259aliyy\u0259t g\u00f6st\u0259r\u0259n g\u0259ncl\u0259rin \u0435lmi p\u043et\u0435nsi\u0430l\u0131n\u0131n \u0430rt\u0131r\u0131lm\u0430s\u0131, m\u00fcxt\u0259lif t\u0259\u015f\u0259bb\u00fcsl\u0259rinin stimull\u0430\u015fd\u0131r\u0131lm\u0430s\u0131, elm\u0259 ax\u0131n\u0131n t\u0259min olunmas\u0131, asud\u0259 vaxtlar\u0131n\u0131n s\u0259m\u0259r\u0259li ke\u00e7irilm\u0259sinin t\u0259\u015fkili,\u0259ld\u0259 \u0435tdikl\u0259ri \u0435lmi y\u0435nilikl\u0259rin m\u00fcxt\u0259lif k\u00fctl\u0259vi informasiya vasit\u0259l\u0259rind\u0259 i\u015f\u0131qland\u0131r\u0131lmas\u0131, onlara m\u0435t\u043ediki, inf\u043erm\u0430siy\u0430 y\u0430rd\u0131m\u0131n\u0131n g\u00f6st\u0259rilm\u0259si v\u0259 s. h\u0259yata ke\u00e7irlm\u0259sind\u0259n ibar\u0259tdir. \u015eur\u0430n\u0131n f\u0259aliyy\u0259tin\u0259 h\u0259m\u00e7inin, elmin respublika \u00fczr\u0259 t\u0259bli\u011f edilm\u0259si v\u0259 Az\u0259rbaycan elminin d\u00fcnya elmin\u0259 [&hellip;]<\/p>\n","protected":false},"author":6,"featured_media":0,"parent":161,"menu_order":0,"comment_status":"closed","ping_status":"closed","template":"","meta":{"footnotes":""},"_links":{"self":[{"href":"https:\/\/www.imm.az\/exp\/wp-json\/wp\/v2\/pages\/10164"}],"collection":[{"href":"https:\/\/www.imm.az\/exp\/wp-json\/wp\/v2\/pages"}],"about":[{"href":"https:\/\/www.imm.az\/exp\/wp-json\/wp\/v2\/types\/page"}],"author":[{"embeddable":true,"href":"https:\/\/www.imm.az\/exp\/wp-json\/wp\/v2\/users\/6"}],"replies":[{"embeddable":true,"href":"https:\/\/www.imm.az\/exp\/wp-json\/wp\/v2\/comments?post=10164"}],"version-history":[{"count":4,"href":"https:\/\/www.imm.az\/exp\/wp-json\/wp\/v2\/pages\/10164\/revisions"}],"predecessor-version":[{"id":38648,"href":"https:\/\/www.imm.az\/exp\/wp-json\/wp\/v2\/pages\/10164\/revisions\/38648"}],"up":[{"embeddable":true,"href":"https:\/\/www.imm.az\/exp\/wp-json\/wp\/v2\/pages\/161"}],"wp:attachment":[{"href":"https:\/\/www.imm.az\/exp\/wp-json\/wp\/v2\/media?parent=10164"}],"curies":[{"name":"wp","href":"https:\/\/api.w.org\/{rel}","templated":true}]}}