{"id":10166,"date":"2017-01-25T14:48:28","date_gmt":"2017-01-25T10:48:28","guid":{"rendered":"http:\/\/www.imm.az\/exp\/?page_id=10166"},"modified":"2023-04-26T13:44:27","modified_gmt":"2023-04-26T09:44:27","slug":"g%c9%99nc-aliml%c9%99rin-hesabati","status":"publish","type":"page","link":"https:\/\/www.imm.az\/exp\/x%c9%99b%c9%99rl%c9%99r\/g%c9%99nc-aliml%c9%99rin-hesabati\/","title":{"rendered":"G\u0259nc aliml\u0259rin hesabat\u0131"},"content":{"rendered":"<p><a href=\"https:\/\/www.imm.az\/exp\/wp-content\/uploads\/2023\/04\/Illik-hesabat-GAMSH-2022-final.pdf\" target=\"_blank\" rel=\"noopener\">2022 &#8211; c\u0131 il \u00fc\u00e7\u00fcn hesabat<\/a><\/p>\n<p><a href=\"http:\/\/www.imm.az\/Shobe_hesabatlari\/Hesabat_illik_2017\/illik_2017_genc_alimler.pdf\" target=\"_blank\" rel=\"noopener\">2017 &#8211; c\u0131 il \u00fc\u00e7\u00fcn hesabat<\/a><\/p>\n<p><a href=\"http:\/\/www.imm.az\/Shobe_hesabatlari\/Hesabat_illik_2016\/illik_2016_genc_alimler.pdf\" target=\"_blank\" rel=\"noopener\">2016 &#8211; c\u0131 il \u00fc\u00e7\u00fcn hesabat<\/a><\/p>\n","protected":false},"excerpt":{"rendered":"<p>2022 &#8211; c\u0131 il \u00fc\u00e7\u00fcn hesabat 2017 &#8211; c\u0131 il \u00fc\u00e7\u00fcn hesabat 2016 &#8211; c\u0131 il \u00fc\u00e7\u00fcn hesabat<\/p>\n","protected":false},"author":6,"featured_media":0,"parent":161,"menu_order":0,"comment_status":"closed","ping_status":"closed","template":"","meta":{"footnotes":""},"_links":{"self":[{"href":"https:\/\/www.imm.az\/exp\/wp-json\/wp\/v2\/pages\/10166"}],"collection":[{"href":"https:\/\/www.imm.az\/exp\/wp-json\/wp\/v2\/pages"}],"about":[{"href":"https:\/\/www.imm.az\/exp\/wp-json\/wp\/v2\/types\/page"}],"author":[{"embeddable":true,"href":"https:\/\/www.imm.az\/exp\/wp-json\/wp\/v2\/users\/6"}],"replies":[{"embeddable":true,"href":"https:\/\/www.imm.az\/exp\/wp-json\/wp\/v2\/comments?post=10166"}],"version-history":[{"count":5,"href":"https:\/\/www.imm.az\/exp\/wp-json\/wp\/v2\/pages\/10166\/revisions"}],"predecessor-version":[{"id":44007,"href":"https:\/\/www.imm.az\/exp\/wp-json\/wp\/v2\/pages\/10166\/revisions\/44007"}],"up":[{"embeddable":true,"href":"https:\/\/www.imm.az\/exp\/wp-json\/wp\/v2\/pages\/161"}],"wp:attachment":[{"href":"https:\/\/www.imm.az\/exp\/wp-json\/wp\/v2\/media?parent=10166"}],"curies":[{"name":"wp","href":"https:\/\/api.w.org\/{rel}","templated":true}]}}