{"id":10434,"date":"2017-02-14T15:25:10","date_gmt":"2017-02-14T11:25:10","guid":{"rendered":"http:\/\/www.imm.az\/exp\/?page_id=10434"},"modified":"2025-05-30T12:57:10","modified_gmt":"2025-05-30T08:57:10","slug":"yubileyl%c9%99r","status":"publish","type":"page","link":"https:\/\/www.imm.az\/exp\/yubileyl%c9%99r\/","title":{"rendered":"YUB\u0130LEYL\u018fR"},"content":{"rendered":"<ul>\n<li><a href=\"https:\/\/www.imm.az\/exp\/2025\/05\/23\/funksiyalar-n%c9%99z%c9%99riyy%c9%99si-sob%c9%99sinin-boyuk-elmi-iscisi-niyazi-el%c9%99ddin-oglu-ilyasovun-70-yasi-tamam-olur\/\">\u201cFunksiyalar n\u0259z\u0259riyy\u0259si\u201d \u015f\u00f6b\u0259sinin b\u00f6y\u00fck elmi i\u015f\u00e7isi Niyazi \u018fl\u0259ddin o\u011flu \u0130lyasovun 70 ya\u015f\u0131 tamam olur<\/a><\/li>\n<li><a href=\"https:\/\/www.imm.az\/exp\/maqsudova-tamella-xanimi-60-illik-yubileyi-munasib%c9%99til%c9%99-t%c9%99brik-edirik\/\">Maqsudova Tamella xan\u0131m\u0131 60 illik yubileyi m\u00fcnasib\u0259til\u0259 t\u0259brik edirik!<\/a><\/li>\n<li><a href=\"https:\/\/www.imm.az\/exp\/funksional-analiz-sob%c9%99sinin-bas-elmi-iscisi-riyaziyyat-uzr%c9%99-elml%c9%99r-doktoru-elsad-eyvazovu-75-yas-munasib%c9%99til%c9%99-t%c9%99brik-edirik\/\">\u201cFunksional analiz\u201d \u015f\u00f6b\u0259sinin ba\u015f elmi i\u015f\u00e7isi, riyaziyyat \u00fczr\u0259 elml\u0259r doktoru El\u015fad Eyvazovu 75 ya\u015f m\u00fcnasib\u0259til\u0259 t\u0259brik edirik!<\/a><\/li>\n<li><a href=\"https:\/\/www.imm.az\/exp\/riyaziyyat-v%c9%99-mexanika-institutunun-aparici-elmi-iscisi-f-r-e-n-dosent-guls%c9%99n-agayevanin-70-yasi-tamam-olur\/\">Riyaziyyat v\u0259 Mexanika \u0130nstitutunun apar\u0131c\u0131 elmi i\u015f\u00e7isi, f-r.e.n., dosent G\u00fcl\u015f\u0259n A\u011fayevan\u0131n 70 ya\u015f\u0131 tamam olur!<\/a><\/li>\n<li><a href=\"https:\/\/www.imm.az\/exp\/umumi-isl%c9%99r-uzr%c9%99-direktor-muavini-m%c9%99mm%c9%99dov-mehdi-mu%c9%99llimi-65-yasi-munasib%c9%99til%c9%99-t%c9%99brik-edirik\/\">\u201c\u00dcmumi i\u015fl\u0259r \u00fczr\u0259\u201d direktor m\u00fcavini M\u0259mm\u0259dov Mehdi m\u00fc\u0259llimi 65 ya\u015f\u0131 m\u00fcnasib\u0259til\u0259 t\u0259brik edirik!<\/a><\/li>\n<li><a href=\"https:\/\/www.imm.az\/exp\/elmi-texniki-informasiya-sob%c9%99sinin-mudiri-yaqubova-xalid%c9%99-xanimi-75-yasi-munasib%c9%99til%c9%99-t%c9%99brik-edirik\/\">\u201cElmi-texniki informasiya\u201d \u015f\u00f6b\u0259sinin m\u00fcdiri, Yaqubova Xalid\u0259 xan\u0131m\u0131 75 ya\u015f\u0131 m\u00fcnasib\u0259til\u0259 t\u0259brik edirik!<\/a><\/li>\n<li><a href=\"https:\/\/www.imm.az\/exp\/riyaziyyat-v%C9%99-mexanika-institutunun-bas-elmi-iscisi-fizika-riyaziyyat-elml%C9%99ri-doktoru-professor-soltan-%C9%99li-oglu-%C9%99liyevin-70-yasi-tamam-olur\">Riyaziyyat v\u0259 Mexanika \u0130nstitutunun ba\u015f elmi i\u015f\u00e7isi, fizika-riyaziyyat elml\u0259ri doktoru, professor Soltan \u018fli o\u011flu \u018fliyevin 70 ya\u015f\u0131 tamam olur<\/a><\/li>\n<li><a href=\"https:\/\/www.imm.az\/exp\/siqnallarin-emalinin-riyazi-probleml%c9%99ri-laboratoriyasinin-boyuk-elmi-isci-zakir-cumsud-oglu-zabidovun-60-yasi-munasib%c9%99til%c9%99-t%c9%99brik-edirik\/\">\u201cSiqnallar\u0131n emal\u0131n\u0131n riyazi probleml\u0259ri\u201d\u00a0 laboratoriyas\u0131n\u0131n\u00a0 b\u00f6y\u00fck elmi i\u015f\u00e7i Zakir C\u00fcm\u015f\u00fcd o\u011flu Zabidovun 60 ya\u015f\u0131 m\u00fcnasib\u0259til\u0259 t\u0259brik edirik<\/a><\/li>\n<li><a href=\"https:\/\/www.imm.az\/exp\/diferensial-t%C9%99nlikl%C9%99r-sob%C9%99sinin-bas-elmi-iscisi-professor-aqil-xanm%C9%99mm%C9%99d-oglu-xanm%C9%99mm%C9%99dovu-50-yasi-munasib%C9%99til%C9%99-t%C9%99brik-edirik\">\u201cDiferensial t\u0259nlikl\u0259r\u201d \u015f\u00f6b\u0259sinin ba\u015f elmi i\u015f\u00e7isi professor Aqil Xanm\u0259mm\u0259d o\u011flu Xanm\u0259mm\u0259dovu 50 ya\u015f\u0131 m\u00fcnasib\u0259til\u0259 t\u0259brik edirik<\/a><\/li>\n<li><a href=\"https:\/\/www.imm.az\/exp\/diferensial-t%c9%99nlikl%c9%99r-sob%c9%99sinin-professoru-%c9%99l%c9%99ddin-samilovu-80-yasi-munasib%c9%99til%c9%99-t%c9%99brik-edirik\/\">\u201cDiferensial t\u0259nlikl\u0259r\u201d \u015f\u00f6b\u0259sinin professoru \u018fl\u0259ddin \u015eamilovu 80 ya\u015f\u0131 m\u00fcnasib\u0259til\u0259 t\u0259brik edirik<\/a><\/li>\n<li><a href=\"https:\/\/www.imm.az\/exp\/qeyri-harmonik-analiz-sob%c9%99sinin-mudiri-amea-nin-muxbir-uzvu-profesor-bilal-telman-oglu-bilalovun-60-yasi-tamam-olur\/\">\u201cQeyri-harmonik analiz\u201d \u015f\u00f6b\u0259sinin m\u00fcdiri, AMEA-n\u0131n m\u00fcxbir \u00fczv\u00fc, profesor Bilal Telman o\u011flu Bilalovun 60 ya\u015f\u0131 tamam olur<\/a><\/li>\n<li><a href=\"https:\/\/www.imm.az\/exp\/deformasiya-olunan-b%c9%99rk-cism-mexanikasi-sob%c9%99sinin-mudiri-fizika-riyaziyyat-elml%c9%99ri-doktoru-l%c9%99tif-talibovu-70-yasi-munasib%c9%99ti-il%c9%99-t%c9%99brik-edirik\/\">\u201cDeformasiya olunan b\u0259rk cism mexanikas\u0131\u201d \u015f\u00f6b\u0259sinin m\u00fcdiri, fizika-riyaziyyat elml\u0259ri doktoru L\u0259tif Tal\u0131bovu 70 ya\u015f\u0131 m\u00fcnasib\u0259ti il\u0259 t\u0259brik edirik!<\/a><\/li>\n<li><a href=\"https:\/\/www.imm.az\/exp\/riyazi-fizika-t%c9%99nlikl%c9%99ri-sob%c9%99sinin-mudiri-fizika-riyaziyyat-elml%c9%99ri-doktoru-%c9%99bdurr%c9%99him-quliyevun-65-yasi-munasib%c9%99ti-il%c9%99-t%c9%99brik-edirik\/\">\u201cRiyazi fizika t\u0259nlikl\u0259ri\u201d \u015f\u00f6b\u0259sinin m\u00fcdiri, fizika-riyaziyyat elml\u0259ri doktoru \u018fbd\u00fcrr\u0259him Quliyevun 65 ya\u015f\u0131 m\u00fcnasib\u0259ti il\u0259 t\u0259brik edirik!<\/a><\/li>\n<li><a href=\"https:\/\/www.imm.az\/exp\/diferensial-t%c9%99nlikl%c9%99r-sob%c9%99sinin-professoru-gork%c9%99mli-alim-nadir-suluymanovu-90-illik-yubileyi-munasib%c9%99til%c9%99-t%c9%99brik-edirik\/\">\u201cDiferensial t\u0259nlikl\u0259r\u201d \u015f\u00f6b\u0259sinin professoru, g\u00f6rk\u0259mli alim Nadir S\u00fcl\u00fcymanovu 90 illik yubileyi m\u00fcnasib\u0259til\u0259 t\u0259brik edirik<\/a><\/li>\n<li><a href=\"https:\/\/www.imm.az\/exp\/deformasiya-olunan-b%c9%99rk-cisim-mexanikasi-sob%c9%99sinin-elmi-iscisi-hicran-m%c9%99mm%c9%99dovanin-55-yasi-munasib%c9%99til%c9%99-t%c9%99brik-edirik\/\">\u201cDeformasiya olunan b\u0259rk cisim mexanikas\u0131\u201d \u015f\u00f6b\u0259sinin elmi i\u015f\u00e7isi Hicran M\u0259mm\u0259dovan\u0131n 55 ya\u015f\u0131 m\u00fcnasib\u0259til\u0259 t\u0259brik edirik<\/a><\/li>\n<li><a href=\"https:\/\/www.imm.az\/exp\/musayeva-tahir%C9%99-xanimi-55-yasi-munasib%C9%99til%C9%99-t%C9%99brik-edirik\/\">Musayeva Tahir\u0259 xan\u0131m\u0131 55 ya\u015f\u0131 m\u00fcnasib\u0259til\u0259 t\u0259brik edirik!<\/a><\/li>\n<li><a href=\"https:\/\/www.imm.az\/exp\/amea-riyaziyyat-v%c9%99-mexanika-institutunun-funksiyalar-n%c9%99z%c9%99riyy%c9%99si-sob%c9%99sinin-bas-elmi-iscisi-f-r-e-d-prof-alik-malik-oglu-n%c9%99c%c9%99fovun-65-yasi-tamam\/\">AMEA Riyaziyyat v\u0259 Mexanika \u0130nstitutunun \u201cFunksiyalar n\u0259z\u0259riyy\u0259si\u201d \u015f\u00f6b\u0259sinin ba\u015f elmi i\u015f\u00e7isi, f-r.e.d, prof. Alik Malik o\u011flu N\u0259c\u0259fovun 65 ya\u015f\u0131 tamam olur.<\/a><\/li>\n<li><a href=\"https:\/\/www.imm.az\/exp\/amea-riyaziyyat-v%c9%99-mexanika-institutunun-funksiyalar-n%c9%99z%c9%99riyy%c9%99si-sob%c9%99sinin-boyuk-elmi-iscisi-f-r-e-n-dos-ibrahim-m%c9%99h%c9%99rovun-65-yasi-tamam-olur\/\">AMEA Riyaziyyat v\u0259 Mexanika \u0130nstitutunun \u201cFunksiyalar n\u0259z\u0259riyy\u0259si\u201d \u015f\u00f6b\u0259sinin b\u00f6y\u00fck elmi i\u015f\u00e7isi, f-r.e.n, dos. \u0130brahim M\u0259h\u0259rovun 65 ya\u015f\u0131 tamam olur.<\/a><\/li>\n<li><a href=\"https:\/\/www.imm.az\/exp\/amea-riyaziyyat-v%c9%99-mexanika-institutunun-c%c9%99br-v%c9%99-riyazi-m%c9%99ntiq-sob%c9%99sinin-aparici-elmi-iscisi-eminaga-m%c9%99mm%c9%99dovun-60-yasi-tamam-olur\/\">AMEA Riyaziyyat v\u0259 Mexanika \u0130nstitutunun \u201cC\u0259br v\u0259 Riyazi m\u0259ntiq\u201d \u015f\u00f6b\u0259sinin apar\u0131c\u0131 elmi i\u015f\u00e7isi Emina\u011fa M\u0259mm\u0259dovun 60 ya\u015f\u0131 tamam olur<\/a><\/li>\n<li><a href=\"https:\/\/www.imm.az\/exp\/amea-nin-riyaziyyat-v%c9%99-mexanika-institunun-diferensial-t%c9%99nlikl%c9%99r-sob%c9%99sinin-bas-elmi-iscisi-r-u-f-d-professor-b%c9%99hram-%c9%99liyenin-70-yasi-tamam-olur\/\">AMEA-n\u0131n Riyaziyyat v\u0259 Mexanika \u0130nstitunun \u201cDiferensial t\u0259nlikl\u0259r\u201d \u015f\u00f6b\u0259sinin ba\u015f elmi i\u015f\u00e7isi, r.\u00fc.f.d., professor B\u0259hram \u018fliyenin 70 ya\u015f\u0131 tamam olur.<\/a><\/li>\n<li><a href=\"https:\/\/www.imm.az\/exp\/ibrahimov-elman-sizi-55-yasi-munasib%c9%99til%c9%99-t%c9%99brik-edirik\/\">\u0130brahimov Elman sizi 55 ya\u015f\u0131 m\u00fcnasib\u0259til\u0259 t\u0259brik edirik!<\/a><\/li>\n<li><a href=\"https:\/\/www.imm.az\/exp\/ibrahimova-s%c9%99ad%c9%99t-xanimi-65-yasi-munasib%c9%99til%c9%99-t%c9%99brik-edirik\/\">\u0130brahimova S\u0259ad\u0259t xan\u0131m\u0131 65 ya\u015f\u0131 m\u00fcnasib\u0259til\u0259 t\u0259brik edirik!<\/a><\/li>\n<li><a href=\"https:\/\/www.imm.az\/exp\/professor-ramiz-aslanovu-75-yasi-munasib%c9%99til%c9%99-t%c9%99brik-edirik\/\">Professor Ramiz Aslanovu 75 ya\u015f\u0131 m\u00fcnasib\u0259til\u0259 t\u0259brik edirik!<\/a><\/li>\n<li><a href=\"https:\/\/www.imm.az\/exp\/riyaziyyat-v%c9%99-mexanika-institutunun-elmi-katibi-tamilla-h%c9%99s%c9%99novani-70-yasi-munasib%c9%99til%c9%99-t%c9%99brik-edirik\/\">Riyaziyyat v\u0259 Mexanika \u0130nstitutunun elmi katibi Tamilla H\u0259s\u0259novan\u0131 70 ya\u015f\u0131 m\u00fcnasib\u0259til\u0259 t\u0259brik edirik!<\/a><\/li>\n<li><a href=\"https:\/\/www.imm.az\/exp\/huseynova-elmira-xanimi-55-yasi-munasib%c9%99til%c9%99-t%c9%99brik-edirik\/\">H\u00fcseynova Elmira xan\u0131m\u0131 55 ya\u015f\u0131 m\u00fcnasib\u0259til\u0259 t\u0259brik edirik!<\/a><\/li>\n<li><a href=\"https:\/\/www.imm.az\/exp\/amea-nin-muxbir-uzvu-misir-m%c9%99rdanovu-75-illik-yubileyi-munasib%c9%99til%c9%99-t%c9%99brik-edirik\/\">AMEA-n\u0131n m\u00fcxbir \u00fczv\u00fc Misir M\u0259rdanovu 75 illik yubileyi m\u00fcnasib\u0259til\u0259 t\u0259brik edirik!<\/a><\/li>\n<li><a href=\"https:\/\/www.imm.az\/exp\/funksiyalar-n%c9%99z%c9%99riyy%c9%99si-sob%c9%99sinin-mudiri-riyaziyyat-elml%c9%99ri-doktoru-vuqar-ismayilovu-50-yasi-munasib%c9%99ti-il%c9%99-t%c9%99brik-edirik\/\">\u201cFunksiyalar n\u0259z\u0259riyy\u0259si\u201d \u015f\u00f6b\u0259sinin m\u00fcdiri, riyaziyyat elml\u0259ri doktoru V\u00fcqar \u0130smay\u0131lovu 50 ya\u015f\u0131 m\u00fcnasib\u0259ti il\u0259 t\u0259brik edirik!<\/a><\/li>\n<li><a href=\"https:\/\/www.imm.az\/exp\/%C9%99limirz%C9%99yeva-v%C9%99fa-xanimi-50-yasi-munasib%C9%99til%C9%99-t%C9%99brik-edirik\">\u018flimirz\u0259yeva V\u0259fa xan\u0131m\u0131 50 ya\u015f\u0131 m\u00fcnasib\u0259til\u0259 t\u0259brik edirik!<\/a><\/li>\n<li><a href=\"https:\/\/www.imm.az\/exp\/surunc%c9%99klik-n%c9%99z%c9%99riyy%c9%99si-sob%c9%99sinin-aparici-elmi-iscisi-dosent-mehriban-m%c9%99mm%c9%99dovanin-55-yasi-munasib%c9%99til%c9%99-t%c9%99brik-edirik\/\">\u201cS\u00fcr\u00fcnc\u0259klik n\u0259z\u0259riyy\u0259si\u201d \u015f\u00f6b\u0259sinin apar\u0131c\u0131 elmi i\u015f\u00e7isi, dosent Mehriban M\u0259mm\u0259dovan\u0131n 55 ya\u015f\u0131 m\u00fcnasib\u0259til\u0259 t\u0259brik edirik!<\/a><\/li>\n<li><a href=\"https:\/\/www.imm.az\/exp\/amea-riyaziyyat-v%c9%99-mexanika-institutunun-riyazi-fizika-t%c9%99nlikl%c9%99ri-sob%c9%99sinin-aparici-elmi-iscisi-dosent-elcin-m%c9%99mm%c9%99dovu-55-yasi-munasib%c9%99til%c9%99\/\">AMEA Riyaziyyat v\u0259 Mexanika \u0130nstitutunun \u201cRiyazi fizika t\u0259nlikl\u0259ri\u201d \u015f\u00f6b\u0259sinin apar\u0131c\u0131 elmi i\u015f\u00e7isi, dosent El\u00e7in M\u0259mm\u0259dovu 55 ya\u015f\u0131 m\u00fcnasib\u0259til\u0259 t\u0259brik edirik!<\/a><\/li>\n<li><a href=\"https:\/\/www.imm.az\/exp\/diferensial-t%C9%99nlikl%C9%99r-sob%C9%99sinin-aparici-elmi-iscisi-dosent-arzu-%C9%99liyevanin-55-yasi-munasib%C9%99til%C9%99-t%C9%99brik-edirik\">\u201cDiferensial t\u0259nlikl\u0259r\u201d \u015f\u00f6b\u0259sinin apar\u0131c\u0131 elmi i\u015f\u00e7isi, dosent Arzu \u018fliyevan\u0131n 55 ya\u015f\u0131 m\u00fcnasib\u0259til\u0259 t\u0259brik edirik!<\/a><\/li>\n<li><a href=\"https:\/\/www.imm.az\/exp\/p%c9%99nahova-elmira-xanimi-50-yasi-munasib%c9%99til%c9%99-t%c9%99brik-edirik\/\">P\u0259nahova Elmira xan\u0131m\u0131 50 ya\u015f\u0131 m\u00fcnasib\u0259til\u0259 t\u0259brik edirik!<\/a><\/li>\n<li><a href=\"https:\/\/www.imm.az\/exp\/2021\/03\/29\/professor-ugur-abdullayevin-55-yasi-munasib%c9%99til%c9%99-t%c9%99brik-edirik\/\">Professor U\u011fur Abdullayevin 55 ya\u015f\u0131 m\u00fcnasib\u0259til\u0259 t\u0259brik edirik!<\/a><\/li>\n<li><a href=\"https:\/\/www.imm.az\/exp\/amea-nin-x%c9%99b%c9%99rl%c9%99ri-imm-%c9%99s%c9%99rl%c9%99ri-jurnallari-redaksiyasinin-mudiri-esmira-%c9%99liyevanin-65-yasi-munasib%c9%99ti-il%c9%99-t%c9%99brik\/\">\u201cAMEA-n\u0131n X\u0259b\u0259rl\u0259ri\u201d, \u201c\u0130MM \u018fs\u0259rl\u0259ri\u201d jurnallar\u0131 redaksiyas\u0131n\u0131n m\u00fcdiri Esmira \u018fliyevan\u0131n 65 ya\u015f\u0131 ad g\u00fcn\u00fc m\u00fcnasib\u0259ti il\u0259 t\u0259brik edirik<\/a><\/li>\n<li>\n<p class=\"post-title\"><a href=\"https:\/\/www.imm.az\/exp\/riyazi-analiz-sob%c9%99sinin-bas-elmi-iscisi-elman-ibrahimovun-75-yasi-munasib%c9%99ti-il%c9%99-t%c9%99brik-edirik\/\">\u201cRiyazi analiz\u201d \u015f\u00f6b\u0259sinin ba\u015f elmi i\u015f\u00e7isi Elman \u0130brahimovun 75 ya\u015f\u0131 m\u00fcnasib\u0259ti il\u0259 t\u0259brik edirik!<\/a><\/p>\n<\/li>\n<li>\n<p class=\"post-title\"><a href=\"https:\/\/www.imm.az\/exp\/akademik-zahid-ismayil-oglu-x%C9%99lilovun-anadan-olmasinin-110-ili-tamam-olur\">Akademik Zahid\u00a0\u0130smay\u0131l o\u011flu \u00a0X\u0259lilovun anadan olmas\u0131n\u0131n 110 ili tamam olur<\/a><\/p>\n<\/li>\n<li><a href=\"https:\/\/www.imm.az\/exp\/funksional-analiz-sob%C9%99sinin-mudiri-fizika-riyaziyyat-elml%C9%99ri-doktoru-professor-h%C9%99midulla-aslanovun-70-yasi-munasib%C9%99ti-il%C9%99-t%C9%99brik-edirik\/\">\u201cFunksional analiz\u201d \u015f\u00f6b\u0259sinin m\u00fcdiri, fizika-riyaziyyat elml\u0259ri doktoru, professor H\u0259midulla Aslanovun 70 ya\u015f\u0131 m\u00fcnasib\u0259ti il\u0259 t\u0259brik edirik!<\/a><\/li>\n<li><a href=\"https:\/\/www.imm.az\/exp\/gork%c9%99mli-riyaziyyatci-alim-qabil-%c9%99liyevi-85-illik-yubileyi-munasib%c9%99til%c9%99-t%c9%99brik-edirik\/\">G\u00f6rk\u0259mli riyaziyyat\u00e7\u0131 alim Qabil \u018fliyevi 85 illik yubileyi m\u00fcnasib\u0259til\u0259 t\u0259brik edirik!<\/a><\/li>\n<li><a href=\"https:\/\/www.imm.az\/exp\/amea-riyaziyyat-v%C9%99-mexanika-institutunun-diferensial-t%C9%99nlikl%C9%99r-sob%C9%99sinin-mudiri-professor-%C9%99kb%C9%99r-%C9%99liyevi-70-yasi-munasib%C9%99til%C9%99-t%C9%99bri\">AMEA Riyaziyyat v\u0259 Mexanika \u0130nstitutunun \u201cDiferensial t\u0259nlikl\u0259r\u201d \u015f\u00f6b\u0259sinin m\u00fcdiri professor \u018fkb\u0259r \u018fliyevi\u00a0 70\u00a0 ya\u015f\u0131 m\u00fcnasib\u0259til\u0259 t\u0259brik edirik!<\/a><\/li>\n<li><a href=\"https:\/\/www.imm.az\/exp\/optimal-idar\u0259etm\u0259-sob\u0259sinin-bas-elmi-iscisi-f-r-e-d-prof-telman-m\u0259likovun-70-yasi-munasib\u0259ti-il\u0259-t\u0259brik-edirik\/\">\u201cOptimal idar\u0259etm\u0259\u201d \u015f\u00f6b\u0259sinin ba\u015f elmi i\u015f\u00e7isi <em>f.-r.e.d., prof. <\/em>Telman M\u0259likovun 70 ya\u015f\u0131 m\u00fcnasib\u0259ti il\u0259 t\u0259brik edirik!<\/a><\/li>\n<li><a href=\"https:\/\/www.imm.az\/exp\/diferensial-t\u0259nlikl\u0259r-sob\u0259sinin-bas-elmi-iscisi-fizika-riyaziyyat-elml\u0259ri-doktoru-professor-m\u0259mm\u0259d-bayramoglunu-80-yasi-munasib\u0259til\u0259-t\u0259\/\">\u201cDiferensial t\u0259nlikl\u0259r\u201d \u015f\u00f6b\u0259sinin ba\u015f elmi i\u015f\u00e7isi, fizika-riyaziyyat elml\u0259ri doktoru, professor M\u0259mm\u0259d Bayramo\u011flunu 80 ya\u015f\u0131 m\u00fcnasib\u0259til\u0259 t\u0259brik edirik!<\/a><\/li>\n<li><a href=\"https:\/\/www.imm.az\/exp\/riyaziyyat-v%c9%99-mexanika-institutunun-c%c9%99br-v%c9%99-riyazi-m%c9%99ntiq-sob%c9%99sinin-mudiri-f-r-e-n-dosent-%c9%99li-%c9%99v%c9%99z-oglu-babayevin-70-yasi-tamam-olur-2\/\">Riyaziyyat v\u0259 Mexanika \u0130nstitutunun \u201cC\u0259br v\u0259 riyazi m\u0259ntiq\u201d \u015f\u00f6b\u0259sinin m\u00fcdiri f.-r.e.n, dosent \u00a0\u018fli \u018fv\u0259z o\u011flu Babayevin 70 ya\u015f\u0131 tamam\u00a0 olur.<\/a><\/li>\n<li><a href=\"\/exp\/?page_id=27488\">Riyaziyyat v\u0259 Mexanika \u0130nstitutunun ba\u015f iqtisad\u00e7\u0131s\u0131 Nina Xudaverdiyevan\u0131 70 ya\u015f\u0131 m\u00fcnasib\u0259til\u0259 t\u0259brik edirik!<\/a><\/li>\n<li><a href=\"\/exp\/?page_id=27029\">F-r.e.d., dosenti Telman Qas\u0131movun 60 ya\u015f\u0131 m\u00fcnasib\u0259til\u0259 t\u0259brik edirik!<\/a><\/li>\n<li><a href=\"\/exp\/?page_id=27146\">\u201cMaye v\u0259 qaz mexanikas\u0131\u201d \u015f\u00f6b\u0259sinin m\u00fcdiri, AMEA-n\u0131n m\u00fcxbir \u00fczv\u00fc Qeylani P\u0259nahovun 65 ya\u015f\u0131 m\u00fcnasib\u0259til\u0259 t\u0259brik edirik!<\/a><\/li>\n<li><a href=\"\/exp\/?page_id=26925\">&#8220;T\u0259tbiqi Riyaziyyat&#8221; \u015f\u00f6b\u0259sinin apar\u0131c\u0131 elmi i\u015f\u00e7isi, texnika \u00fczr\u0259 f\u0259ls\u0259f\u0259 doktoru, dosent \u0130rad\u0259 Mirz\u0259zad\u0259nin 55 ya\u015f\u0131 m\u00fcnasib\u0259til\u0259 t\u0259brik edirik!<\/a><\/li>\n<li><a href=\"\/exp\/?p=25194\">\u201cElastiklik v\u0259 plastiklik n\u0259z\u0259riyy\u0259si\u201d \u015f\u00f6b\u0259sinin apar\u0131c\u0131 elmi i\u015f\u00e7isi, fizika-riyaziyyat elml\u0259ri namiz\u0259di, dosent Xasay Musayevi 90 ya\u015f\u0131 m\u00fcnasib\u0259til\u0259 t\u0259brik edirik!<\/a><\/li>\n<li><a href=\"\/exp\/?p=24222\">Riyaziyyat v\u0259 Mexanika \u0130nstitutunun apar\u0131c\u0131 elmi i\u015f\u00e7isi, dosent Tamilla Zeynalovan\u0131 75 ya\u015f\u0131 m\u00fcnasib\u0259til\u0259 t\u0259brik edirik!<\/a><\/li>\n<li><a href=\"\/exp\/?p=23488\">Riyaziyyat v\u0259 Mexanika \u0130nstitutunun apar\u0131c\u0131 elmi i\u015f\u00e7isi, f-r.e.n., dos. G\u00fcl\u015f\u0259n A\u011fayevan\u0131 65 ya\u015f\u0131 m\u00fcnasib\u0259til\u0259 t\u0259brik edirik!<\/a><\/li>\n<li><a href=\"\/exp\/?p=20540\">G\u00f6rk\u0259mli alim, unudulmaz m\u00fc\u0259llim Azad Mirz\u0259canzad\u0259nin anadan olmas\u0131n\u0131n 90 ili tamam olur<\/a><\/li>\n<li><a href=\"\/exp\/?p=20352\">AMEA Riyaziyyat v\u0259 Mexanika \u0130nstitutunun kitabxanas\u0131n\u0131n m\u00fcdiri Xalid\u0259 Yaqubovan\u0131 70 ya\u015f\u0131 m\u00fcnasib\u0259til\u0259 t\u0259brik edirik!<\/a><\/li>\n<li><a href=\"\/exp\/?p=16900\">D\u00fcnya \u015f\u00f6hr\u0259tli bak\u0131l\u0131 fizik Lev Landaunun anadan olmas\u0131n\u0131n 110 ili tamam olur<\/a><\/li>\n<li><a href=\"\/exp\/?p=16553\">\u0130nstitutumuzun \u201cQeyri-harmonik analiz\u201d \u015f\u00f6b\u0259sinin m\u00fcdiri, AMEA-n\u0131n m\u00fcxbir \u00fczv\u00fc, profesor Bilal Bilalovun 55 ya\u015f\u0131 tamam olur<\/a><\/li>\n<li><a href=\"\/exp\/?p=16115\">Nadir S\u00fcleymanovu 85 illik yubileyi m\u00fcnasib\u0259til\u0259 t\u0259brik edirik!<\/a><\/li>\n<li><a href=\"\/exp\/?p=15954\">Akademik Akif Hac\u0131yevin 80 illik yubileyin\u0259 h\u0259sr olunan \u201cRiyaziyyat v\u0259 mexanikan\u0131n m\u00fcasir probleml\u0259ri\u201d m\u00f6vzusunda beyn\u0259lxalq elmi konfrans ba\u015fa \u00e7at\u0131b<\/a><\/li>\n<li><a href=\"\/exp\/?p=15889\">Akademik Akif Hac\u0131yevin 80-illik yubileyin\u0259 h\u0259sr olunan \u201cRiyaziyyat v\u0259 Mexanikan\u0131n m\u00fcasir probleml\u0259ri\u201d adl\u0131 beyn\u0259lxalq konfrans i\u015f\u0259 ba\u015flay\u0131b<\/a><\/li>\n<li><a href=\"https:\/\/www.imm.az\/exp\/?s=Qo%C5%9Fqar\">G\u00f6rk\u0259mli alim, h\u00fcmanist insan, AMEA-n\u0131n m\u00fcxbir \u00fczv\u00fc Qo\u015fqar \u018fhm\u0259dovun anadan olmas\u0131n\u0131n 100 ili tamam olur<\/a><\/li>\n<li style=\"text-align: justify;\"><a href=\"\/exp\/?p=14396\">Akademik \u018f\u015fr\u0259f H\u00fcseynovun anadan olmas\u0131n\u0131n 110 ili tamam olur<\/a><\/li>\n<li style=\"text-align: justify;\"><a title=\"AMEA-n\u0131n m\u00fcxbir \u00fczv\u00fc, professor Vaqif Quliyevin 60 ya\u015f\u0131 tamam olur\" href=\"\/exp\/?page_id=10780\">AMEA-n\u0131n m\u00fcxbir \u00fczv\u00fc, professor Vaqif Quliyevin 60 ya\u015f\u0131 tamam olur<\/a><\/li>\n<li style=\"text-align: justify;\"><a title=\"Riayziyyat v\u0259 Mexanika \u0130nstitutunun elmi katibi Tamilla H\u0259s\u0259novan\u0131 65 ya\u015f\u0131 m\u00fcnasib\u0259til\u0259 t\u0259brik edirik!\" href=\"\/exp\/?page_id=10438\">Riyaziyyat v\u0259 Mexanika \u0130nstitutunun elmi katibi Tamilla H\u0259s\u0259novan\u0131 65 ya\u015f\u0131 m\u00fcnasib\u0259til\u0259 t\u0259brik edirik!<\/a><\/li>\n<\/ul>\n","protected":false},"excerpt":{"rendered":"<p>\u201cFunksiyalar n\u0259z\u0259riyy\u0259si\u201d \u015f\u00f6b\u0259sinin b\u00f6y\u00fck elmi i\u015f\u00e7isi Niyazi \u018fl\u0259ddin o\u011flu \u0130lyasovun 70 ya\u015f\u0131 tamam olur Maqsudova Tamella xan\u0131m\u0131 60 illik yubileyi m\u00fcnasib\u0259til\u0259 t\u0259brik edirik! \u201cFunksional analiz\u201d \u015f\u00f6b\u0259sinin ba\u015f elmi i\u015f\u00e7isi, riyaziyyat \u00fczr\u0259 elml\u0259r doktoru El\u015fad Eyvazovu 75 ya\u015f m\u00fcnasib\u0259til\u0259 t\u0259brik edirik! Riyaziyyat v\u0259 Mexanika \u0130nstitutunun apar\u0131c\u0131 elmi i\u015f\u00e7isi, f-r.e.n., dosent G\u00fcl\u015f\u0259n A\u011fayevan\u0131n 70 ya\u015f\u0131 tamam olur! [&hellip;]<\/p>\n","protected":false},"author":6,"featured_media":0,"parent":0,"menu_order":0,"comment_status":"closed","ping_status":"closed","template":"","meta":{"footnotes":""},"_links":{"self":[{"href":"https:\/\/www.imm.az\/exp\/wp-json\/wp\/v2\/pages\/10434"}],"collection":[{"href":"https:\/\/www.imm.az\/exp\/wp-json\/wp\/v2\/pages"}],"about":[{"href":"https:\/\/www.imm.az\/exp\/wp-json\/wp\/v2\/types\/page"}],"author":[{"embeddable":true,"href":"https:\/\/www.imm.az\/exp\/wp-json\/wp\/v2\/users\/6"}],"replies":[{"embeddable":true,"href":"https:\/\/www.imm.az\/exp\/wp-json\/wp\/v2\/comments?post=10434"}],"version-history":[{"count":5,"href":"https:\/\/www.imm.az\/exp\/wp-json\/wp\/v2\/pages\/10434\/revisions"}],"predecessor-version":[{"id":216943,"href":"https:\/\/www.imm.az\/exp\/wp-json\/wp\/v2\/pages\/10434\/revisions\/216943"}],"wp:attachment":[{"href":"https:\/\/www.imm.az\/exp\/wp-json\/wp\/v2\/media?parent=10434"}],"curies":[{"name":"wp","href":"https:\/\/api.w.org\/{rel}","templated":true}]}}