{"id":10438,"date":"2017-02-14T15:50:26","date_gmt":"2017-02-14T11:50:26","guid":{"rendered":"http:\/\/www.imm.az\/exp\/?page_id=10438"},"modified":"2017-03-02T14:28:29","modified_gmt":"2017-03-02T10:28:29","slug":"riyaziyyat-v%c9%99-mexanika-institutunun-elmi-katibi-tamilla-h%c9%99s%c9%99novani-65-yasi-munasib%c9%99til%c9%99-t%c9%99brik-edirik","status":"publish","type":"page","link":"https:\/\/www.imm.az\/exp\/yubileyl%c9%99r\/riyaziyyat-v%c9%99-mexanika-institutunun-elmi-katibi-tamilla-h%c9%99s%c9%99novani-65-yasi-munasib%c9%99til%c9%99-t%c9%99brik-edirik\/","title":{"rendered":"Riyaziyyat v\u0259 Mexanika \u0130nstitutunun elmi katibi Tamilla H\u0259s\u0259novan\u0131 65 ya\u015f\u0131 m\u00fcnasib\u0259til\u0259 t\u0259brik edirik!"},"content":{"rendered":"<p style=\"text-align: justify;\"><a href=\"https:\/\/www.imm.az\/exp\/wp-content\/uploads\/2017\/02\/Tamilla-Hasanova65.jpg\"><img loading=\"lazy\" decoding=\"async\" class=\"alignleft size-medium wp-image-10440\" src=\"https:\/\/www.imm.az\/exp\/wp-content\/uploads\/2017\/02\/Tamilla-Hasanova65-248x300.jpg\" alt=\"Tamilla-Hasanova65\" width=\"248\" height=\"300\" srcset=\"https:\/\/www.imm.az\/exp\/wp-content\/uploads\/2017\/02\/Tamilla-Hasanova65-248x300.jpg 248w, https:\/\/www.imm.az\/exp\/wp-content\/uploads\/2017\/02\/Tamilla-Hasanova65.jpg 355w\" sizes=\"(max-width: 248px) 100vw, 248px\" \/><\/a><\/p>\n<p style=\"text-align: justify;\">AMEA Riyaziyyat v\u0259 Mexanika \u0130nstitutunun elmi katibi, f-r.e.n, dos.Tamilla H\u0259s\u0259novan\u0131n 65 ya\u015f\u0131 tamam olur.<\/p>\n<p style=\"text-align: justify;\">Tamilla X\u0259v\u0259r\u0259n q\u0131z\u0131 H\u0259s\u0259nova 14 fevral 1952-ci ild\u0259 Bak\u0131 \u015f\u0259h\u0259rind\u0259 anadan olub. 1976-c\u0131 ild\u0259 Az\u0259rbaycan D\u00f6vl\u0259t Universitetinin (BDU) mexanika-riyaziyyat fak\u00fclt\u0259sini bitirib. 1970-ci ild\u0259 Az\u0259rbaycan EA aspirantura v\u0259 kadrlar \u015f\u00f6b\u0259sind\u0259 \u2013karg\u00fczar i\u015fl\u0259yib. 1970-1972-ci ill\u0259rd\u0259 BDU-nun mexanika-riyaziyyat fak\u00fclt\u0259sind\u0259 metodist, 1972-ci ild\u0259n Az\u0259rbaycan EA (AMEA) Riyaziyyat v\u0259 Mexanika \u0130nstitutunda laborant, b\u00f6y\u00fck laborant, aspirantura \u015f\u00f6b\u0259sinin m\u00fcdiri, apar\u0131c\u0131 elmi i\u015f\u00e7i, 1982-ci ild\u0259n is\u0259 elmi katib v\u0259zif\u0259sind\u0259 i\u015fl\u0259yir.<\/p>\n<p style=\"text-align: justify;\">1991-ci ild\u0259n fizika-riyaziyyat elml\u0259ri namiz\u0259di, 1992-ci ild\u0259n 01.01.01-Riyazi analiz ixtisas\u0131 \u00fczr\u0259 dosent elmi ad\u0131n\u0131 alm\u0131\u015fd\u0131r.<\/p>\n<p style=\"text-align: justify;\">1990 \u2013\u00ab\u018fm\u0259k veteran\u0131\u00bb medal\u0131 , 2002-ci ild\u0259 AMEA-n\u0131n R\u0259yas\u0259t Hey\u0259tinin F\u0259xri F\u0259rman\u0131 v\u0259 2005-ci ild\u0259 Az\u0259rbaycan Respublikas\u0131 Prezidentinin S\u0259r\u0259ncam\u0131 il\u0259 \u00abT\u0259r\u0259qqi\u00bb medal\u0131 il\u0259 t\u0259ltif olunub.<\/p>\n<p style=\"text-align: justify;\">\u0130nstitutun kollektivi Tamilla xan\u0131m\u0131 65 ya\u015f\u0131 tamam olmas\u0131 m\u00fcnasib\u0259til\u0259 t\u0259brik edir, ona insan h\u0259yat\u0131 \u00fc\u00e7\u00fcn \u0259n d\u0259y\u0259rli nem\u0259t olan can sa\u011fl\u0131\u011f\u0131, uzun \u00f6m\u00fcr, elmi-t\u0259\u015fkilati, ictimai f\u0259aliyy\u0259tind\u0259 m\u00fcv\u0259ff\u0259qiyy\u0259tl\u0259r arzulay\u0131r.<\/p>\n<p>&nbsp;<\/p>\n<p style=\"text-align: justify;\"><em>\u00a9 B\u00fct\u00fcn h\u00fcquqlar qorunur. X\u0259b\u0259rl\u0259rd\u0259n istifad\u0259 ed\u0259rk\u0259n www.imm.az sayt\u0131na istinad z\u0259ruridir.<\/em><\/p>\n","protected":false},"excerpt":{"rendered":"<p>AMEA Riyaziyyat v\u0259 Mexanika \u0130nstitutunun elmi katibi, f-r.e.n, dos.Tamilla H\u0259s\u0259novan\u0131n 65 ya\u015f\u0131 tamam olur. Tamilla X\u0259v\u0259r\u0259n q\u0131z\u0131 H\u0259s\u0259nova 14 fevral 1952-ci ild\u0259 Bak\u0131 \u015f\u0259h\u0259rind\u0259 anadan olub. 1976-c\u0131 ild\u0259 Az\u0259rbaycan D\u00f6vl\u0259t Universitetinin (BDU) mexanika-riyaziyyat fak\u00fclt\u0259sini bitirib. 1970-ci ild\u0259 Az\u0259rbaycan EA aspirantura v\u0259 kadrlar \u015f\u00f6b\u0259sind\u0259 \u2013karg\u00fczar i\u015fl\u0259yib. 1970-1972-ci ill\u0259rd\u0259 BDU-nun mexanika-riyaziyyat fak\u00fclt\u0259sind\u0259 metodist, 1972-ci ild\u0259n Az\u0259rbaycan EA [&hellip;]<\/p>\n","protected":false},"author":6,"featured_media":0,"parent":10434,"menu_order":0,"comment_status":"closed","ping_status":"closed","template":"","meta":{"footnotes":""},"_links":{"self":[{"href":"https:\/\/www.imm.az\/exp\/wp-json\/wp\/v2\/pages\/10438"}],"collection":[{"href":"https:\/\/www.imm.az\/exp\/wp-json\/wp\/v2\/pages"}],"about":[{"href":"https:\/\/www.imm.az\/exp\/wp-json\/wp\/v2\/types\/page"}],"author":[{"embeddable":true,"href":"https:\/\/www.imm.az\/exp\/wp-json\/wp\/v2\/users\/6"}],"replies":[{"embeddable":true,"href":"https:\/\/www.imm.az\/exp\/wp-json\/wp\/v2\/comments?post=10438"}],"version-history":[{"count":14,"href":"https:\/\/www.imm.az\/exp\/wp-json\/wp\/v2\/pages\/10438\/revisions"}],"predecessor-version":[{"id":27010,"href":"https:\/\/www.imm.az\/exp\/wp-json\/wp\/v2\/pages\/10438\/revisions\/27010"}],"up":[{"embeddable":true,"href":"https:\/\/www.imm.az\/exp\/wp-json\/wp\/v2\/pages\/10434"}],"wp:attachment":[{"href":"https:\/\/www.imm.az\/exp\/wp-json\/wp\/v2\/media?parent=10438"}],"curies":[{"name":"wp","href":"https:\/\/api.w.org\/{rel}","templated":true}]}}