{"id":1077,"date":"2014-04-16T13:57:31","date_gmt":"2014-04-16T08:57:31","guid":{"rendered":"http:\/\/www.imm.az\/exp\/?page_id=1077"},"modified":"2014-04-25T13:30:08","modified_gmt":"2014-04-25T08:30:08","slug":"proceedings-200114xxii","status":"publish","type":"page","link":"https:\/\/www.imm.az\/exp\/jurnallar-2\/proceedings\/proceedings-200114xxii\/","title":{"rendered":"Proceedings 2001\/14\/XXII"},"content":{"rendered":"<table style=\"border: none;\" width=\"96%\" border=\"0\" cellspacing=\"0\" cellpadding=\"0\" align=\"center\">\n<tbody>\n<tr>\n<td colspan=\"2\"><strong>Year: 2001<br \/>\nVolume: 14<br \/>\nNumber: XXII<\/strong><br \/>\n<strong>About: [<a href=\"http:\/\/imm.az\/journals\/RMI_eserleri\/cild14_N22_2001\/meqaleler\/abstract\/about.pdf\" target=\"_blank\">PDF<\/a>]<\/strong><\/td>\n<\/tr>\n<tr valign=\"bottom\">\n<td colspan=\"2\" height=\"50\">\n<div><span style=\"font-size: medium;\"><strong>MATHEMATICS<\/strong><\/span><\/div>\n<\/td>\n<\/tr>\n<tr>\n<td height=\"25\"><em>Abdullayev F. G., K\u00fc\u00e7\u00fckaslan M.<\/em><strong><br \/>\n<\/strong><em><strong>Abstract<\/strong><\/em><strong><em> <\/em>[<a href=\"http:\/\/imm.az\/journals\/RMI_eserleri\/cild14_N22_2001\/meqaleler\/abstract\/3-13.pdf\" target=\"_blank\">PDF<\/a>]<br \/>\nOn the convergence of the Fourier series of orthonormal<br \/>\npolynomials in the domain with piecewise smooth boundary<\/strong> <strong>[<a href=\"http:\/\/imm.az\/journals\/RMI_eserleri\/cild14_N22_2001\/meqaleler\/3-13.pdf\" target=\"_blank\">PDF<\/a>]<br \/>\n<\/strong><\/td>\n<td valign=\"bottom\" width=\"17%\" height=\"25\">\n<div>3<\/div>\n<\/td>\n<\/tr>\n<tr>\n<td><\/td>\n<td valign=\"bottom\" width=\"17%\"><\/td>\n<\/tr>\n<tr>\n<td height=\"25\"><em>Aliyev B.A.<\/em><strong><br \/>\n<em><strong>Abstract<\/strong><\/em><strong><em> <\/em>[<a href=\"http:\/\/imm.az\/journals\/RMI_eserleri\/cild14_N22_2001\/meqaleler\/abstract\/14-17.pdf\" target=\"_blank\">PDF<\/a>] <\/strong><br \/>\nCoercive solvability of boundary value problems with the conditions of conjugations for the second order differential operator equations<\/strong> <strong>[<a href=\"http:\/\/imm.az\/journals\/RMI_eserleri\/cild14_N22_2001\/meqaleler\/14-17.pdf\" target=\"_blank\">PDF<\/a>]<\/strong><\/td>\n<td valign=\"bottom\" width=\"17%\" height=\"25\">\n<div>14<\/div>\n<\/td>\n<\/tr>\n<tr>\n<td><\/td>\n<td valign=\"bottom\" width=\"17%\"><\/td>\n<\/tr>\n<tr>\n<td height=\"25\"><em>Murad Alp.<\/em><strong><br \/>\n<em><strong>Abstract<\/strong><\/em><strong><em> <\/em>[<a href=\"http:\/\/imm.az\/journals\/RMI_eserleri\/cild14_N22_2001\/meqaleler\/abstract\/18-26.pdf\" target=\"_blank\">PDF<\/a>] <\/strong><br \/>\nSections in GAP <\/strong><strong>[<a href=\"http:\/\/imm.az\/journals\/RMI_eserleri\/cild14_N22_2001\/meqaleler\/18-26.pdf\" target=\"_blank\">PDF<\/a>]<\/strong><\/td>\n<td valign=\"bottom\" width=\"17%\" height=\"25\">\n<div>18<\/div>\n<\/td>\n<\/tr>\n<tr>\n<td><\/td>\n<td valign=\"bottom\" width=\"17%\"><\/td>\n<\/tr>\n<tr>\n<td height=\"25\"><em>Bagirov M. M.<\/em><strong><br \/>\n<em><strong>Abstract<\/strong><\/em><strong><em> <\/em>[<a href=\"http:\/\/imm.az\/journals\/RMI_eserleri\/cild14_N22_2001\/meqaleler\/abstract\/27-29.pdf\" target=\"_blank\">PDF<\/a>] <\/strong><br \/>\nSome remarks on the Wilson theorem and the Legendrc hypothesis<\/strong> <strong>[<a href=\"http:\/\/imm.az\/journals\/RMI_eserleri\/cild14_N22_2001\/meqaleler\/27-29.pdf\" target=\"_blank\">PDF<\/a>]<\/strong><\/td>\n<td valign=\"bottom\" width=\"17%\" height=\"25\">\n<div>27<\/div>\n<\/td>\n<\/tr>\n<tr>\n<td><\/td>\n<td valign=\"bottom\" width=\"17%\"><\/td>\n<\/tr>\n<tr>\n<td height=\"25\"><em>Bandaliev R.A.<\/em><strong><br \/>\n<em><strong>Abstract<\/strong><\/em><strong><em> <\/em>[<a href=\"http:\/\/imm.az\/journals\/RMI_eserleri\/cild14_N22_2001\/meqaleler\/abstract\/30-36.pdf\" target=\"_blank\">PDF<\/a>] <\/strong><br \/>\nWeighted imbedding theorems for anisotropic Banach-valued Sobolev spaces [<a href=\"http:\/\/imm.az\/journals\/RMI_eserleri\/cild14_N22_2001\/meqaleler\/30-36.pdf\" target=\"_blank\">PDF<\/a>]<\/strong><\/td>\n<td valign=\"bottom\" width=\"17%\" height=\"25\">\n<div>30<\/div>\n<\/td>\n<\/tr>\n<tr>\n<td><\/td>\n<td valign=\"bottom\" width=\"17%\"><\/td>\n<\/tr>\n<tr>\n<td height=\"25\"><em>Mahmut Erg\u00fct<\/em><strong><br \/>\n<em><strong>Abstract<\/strong><\/em><strong><em> <\/em>[<a href=\"http:\/\/imm.az\/journals\/RMI_eserleri\/cild14_N22_2001\/meqaleler\/abstract\/37-41.pdf\" target=\"_blank\">PDF<\/a>] <\/strong><br \/>\nOn the mean curvature of a developable time-like ruled surface at the motion of space with one parameter L\/L&#8217; in R<sub>1<\/sub><sup>3<\/sup><\/strong><strong>[<a href=\"http:\/\/imm.az\/journals\/RMI_eserleri\/cild14_N22_2001\/meqaleler\/37-41.pdf\" target=\"_blank\">PDF<\/a>]<\/strong><\/td>\n<td valign=\"bottom\" width=\"17%\" height=\"25\">\n<div>37<\/div>\n<\/td>\n<\/tr>\n<tr>\n<td><\/td>\n<td valign=\"bottom\" width=\"17%\"><\/td>\n<\/tr>\n<tr>\n<td height=\"25\"><em>Gadjiev T.S.<\/em><strong><br \/>\n<em><strong>Abstract<\/strong><\/em><strong><em> <\/em>[<a href=\"http:\/\/imm.az\/journals\/RMI_eserleri\/cild14_N22_2001\/meqaleler\/abstract\/42-47.pdf\" target=\"_blank\">PDF<\/a>] <\/strong><br \/>\nSome sharp estimates of solutions of mixed boundary problems for nonlinear equations in nonsmooth domains <\/strong><strong>[<a href=\"http:\/\/imm.az\/journals\/RMI_eserleri\/cild14_N22_2001\/meqaleler\/42-47.pdf\" target=\"_blank\">PDF<\/a>]<\/strong><\/td>\n<td valign=\"bottom\" width=\"17%\" height=\"25\">\n<div>42<\/div>\n<\/td>\n<\/tr>\n<tr>\n<td><\/td>\n<td valign=\"bottom\" width=\"17%\"><\/td>\n<\/tr>\n<tr>\n<td height=\"25\"><em>Kalantarov V.K., Humhatov F.D.<\/em><strong><br \/>\n<em><strong>Abstract<\/strong><\/em><strong><em> <\/em>[<a href=\"http:\/\/imm.az\/journals\/RMI_eserleri\/cild14_N22_2001\/meqaleler\/abstract\/48-58.pdf\" target=\"_blank\">PDF<\/a>] <\/strong><br \/>\nOn global behavior of solutions of a fourth order non-linear equation on an unbounded domain<\/strong><strong> [<a href=\"http:\/\/imm.az\/journals\/RMI_eserleri\/cild14_N22_2001\/meqaleler\/48-58.pdf\" target=\"_blank\">PDF<\/a>]<\/strong><\/td>\n<td valign=\"bottom\" width=\"17%\" height=\"25\">\n<div>48<\/div>\n<\/td>\n<\/tr>\n<tr>\n<td height=\"25\"><\/td>\n<td valign=\"bottom\" width=\"17%\" height=\"25\"><\/td>\n<\/tr>\n<tr>\n<td height=\"25\"><em>Mamedov I.T., Guseynov S.T.<\/em><strong><br \/>\n<em><strong>Abstract<\/strong><\/em><strong><em> <\/em>[<a href=\"http:\/\/imm.az\/journals\/RMI_eserleri\/cild14_N22_2001\/meqaleler\/abstract\/59-66.pdf\" target=\"_blank\">PDF<\/a>] <\/strong><br \/>\nDirichlet problem for one class of nonuniformly degenerate second order elliptic equations <\/strong><strong> [<a href=\"http:\/\/imm.az\/journals\/RMI_eserleri\/cild14_N22_2001\/meqaleler\/59-66.pdf\" target=\"_blank\">PDF<\/a>]<\/strong><\/td>\n<td valign=\"bottom\" width=\"17%\" height=\"25\">\n<div>59<\/div>\n<\/td>\n<\/tr>\n<tr>\n<td><\/td>\n<td valign=\"bottom\" width=\"17%\"><\/td>\n<\/tr>\n<tr>\n<td height=\"25\"><em>Masimova H.S.<\/em><strong><br \/>\n<em><strong>Abstract<\/strong><\/em><strong><em> <\/em>[<a href=\"http:\/\/imm.az\/journals\/RMI_eserleri\/cild14_N22_2001\/meqaleler\/abstract\/67-71.pdf\" target=\"_blank\">PDF<\/a>] <\/strong><br \/>\nOn a completeness theorem for non self-adjoint operator- functions <\/strong><strong>[<a href=\"http:\/\/imm.az\/journals\/RMI_eserleri\/cild14_N22_2001\/meqaleler\/67-71.pdf\" target=\"_blank\">PDF<\/a>]<\/strong><\/td>\n<td valign=\"bottom\" width=\"17%\" height=\"25\">\n<div>67<\/div>\n<\/td>\n<\/tr>\n<tr>\n<td><\/td>\n<td valign=\"bottom\" width=\"17%\"><\/td>\n<\/tr>\n<tr>\n<td height=\"25\"><em>Rzaev R.M.<\/em><strong><br \/>\n<em><strong>Abstract<\/strong><\/em><strong><em> <\/em>[<a href=\"http:\/\/imm.az\/journals\/RMI_eserleri\/cild14_N22_2001\/meqaleler\/abstract\/72-78.pdf\" target=\"_blank\">PDF<\/a>] <\/strong><br \/>\nJohn-Nirenberg&#8217;s theorem for the high order mean oscillation and its applications <\/strong><strong>[<a href=\"http:\/\/imm.az\/journals\/RMI_eserleri\/cild14_N22_2001\/meqaleler\/72-78.pdf\" target=\"_blank\">PDF<\/a>]<\/strong><\/td>\n<td valign=\"bottom\" width=\"17%\" height=\"25\">\n<div>72<\/div>\n<\/td>\n<\/tr>\n<tr>\n<td><\/td>\n<td valign=\"bottom\" width=\"17%\"><\/td>\n<\/tr>\n<tr>\n<td height=\"25\"><em>Sadigov M.A.<\/em><strong><br \/>\n<em><strong>Abstract<\/strong><\/em><strong><em> <\/em>[<a href=\"http:\/\/imm.az\/journals\/RMI_eserleri\/cild14_N22_2001\/meqaleler\/abstract\/79-93.pdf\" target=\"_blank\">PDF<\/a>] <\/strong><br \/>\nOn extremal problem for Goursa-Darboux type differential inclusions, I <\/strong><strong>[<a href=\"http:\/\/imm.az\/journals\/RMI_eserleri\/cild14_N22_2001\/meqaleler\/79-93.pdf\" target=\"_blank\">PDF<\/a>]<\/strong><\/td>\n<td valign=\"bottom\" width=\"17%\" height=\"25\">\n<div>79<\/div>\n<\/td>\n<\/tr>\n<tr>\n<td><\/td>\n<td valign=\"bottom\" width=\"17%\"><\/td>\n<\/tr>\n<tr>\n<td height=\"25\"><em>Salimov M.J.<\/em><strong><br \/>\n<em><strong>Abstract<\/strong><\/em><strong><em> <\/em>[<a href=\"http:\/\/imm.az\/journals\/RMI_eserleri\/cild14_N22_2001\/meqaleler\/abstract\/94-99.pdf\" target=\"_blank\">PDF<\/a>] <\/strong><br \/>\nOn conditions of correct solvability of the boundary-value problem<br \/>\nfor one class of the second order operator-differential equations on<br \/>\nfinite segment <\/strong><strong>[<a href=\"http:\/\/imm.az\/journals\/RMI_eserleri\/cild14_N22_2001\/meqaleler\/94-99.pdf\" target=\"_blank\">PDF<\/a>]<\/strong><\/td>\n<td valign=\"bottom\" width=\"17%\" height=\"25\">\n<div>94<\/div>\n<\/td>\n<\/tr>\n<tr>\n<td><\/td>\n<td valign=\"bottom\" width=\"17%\"><\/td>\n<\/tr>\n<tr>\n<td height=\"25\"><em>Zohri A., Shahbazov A.S.<\/em><strong><br \/>\n<em><strong>Abstract<\/strong><\/em><strong><em> <\/em>[<a href=\"http:\/\/imm.az\/journals\/RMI_eserleri\/cild14_N22_2001\/meqaleler\/abstract\/100-105.pdf\" target=\"_blank\">PDF<\/a>] <\/strong><br \/>\n<\/strong><strong>Weighted composition operators on some Banach modules of analytic functions [<a href=\"http:\/\/imm.az\/journals\/RMI_eserleri\/cild14_N22_2001\/meqaleler\/100-105.pdf\" target=\"_blank\">PDF<\/a>]<\/strong><\/td>\n<td valign=\"bottom\" width=\"17%\" height=\"25\">\n<div>100<\/div>\n<\/td>\n<\/tr>\n<tr>\n<td><\/td>\n<td valign=\"bottom\" width=\"17%\"><\/td>\n<\/tr>\n<tr valign=\"bottom\">\n<td colspan=\"2\" height=\"50\">\n<div><span style=\"font-size: medium;\"><strong>MECHANICS<\/strong><\/span><\/div>\n<\/td>\n<\/tr>\n<tr>\n<td height=\"25\"><em>Agamaliyev N.Ch.<\/em><strong><br \/>\n<em><strong>Abstract<\/strong><\/em><strong><em> <\/em>[<a href=\"http:\/\/imm.az\/journals\/RMI_eserleri\/cild14_N22_2001\/meqaleler\/abstract\/106-110.pdf\" target=\"_blank\">PDF<\/a>] <\/strong><br \/>\nTo the stability of a circular plate manufactured from continuously-<br \/>\nheterogeneous material <\/strong><strong>[<a href=\"http:\/\/imm.az\/journals\/RMI_eserleri\/cild14_N22_2001\/meqaleler\/106-110.pdf\" target=\"_blank\">PDF<\/a>]<\/strong><\/td>\n<td valign=\"bottom\" width=\"17%\" height=\"25\">\n<div>106<\/div>\n<\/td>\n<\/tr>\n<tr>\n<td><\/td>\n<td valign=\"bottom\" width=\"17%\"><\/td>\n<\/tr>\n<tr>\n<td height=\"25\"><em>Babanly V.J., Veliev R.M.<\/em><strong><br \/>\n<em><strong>Abstract<\/strong><\/em><strong><em> <\/em>[<a href=\"http:\/\/imm.az\/journals\/RMI_eserleri\/cild14_N22_2001\/meqaleler\/abstract\/111-117.pdf\" target=\"_blank\">PDF<\/a>] <\/strong><br \/>\nThe numerical modeling of the radial flow problem for the gas condensate mixture with phase transitions <\/strong><strong>[<a href=\"http:\/\/imm.az\/journals\/RMI_eserleri\/cild14_N22_2001\/meqaleler\/111-117.pdf\" target=\"_blank\">PDF<\/a>]<\/strong><\/td>\n<td valign=\"bottom\" width=\"17%\" height=\"25\">\n<div>111<\/div>\n<\/td>\n<\/tr>\n<tr>\n<td><\/td>\n<td valign=\"bottom\" width=\"17%\"><\/td>\n<\/tr>\n<tr>\n<td height=\"25\"><em>Hasanova P.M.<\/em><strong><br \/>\n<em><strong>Abstract<\/strong><\/em><strong><em> <\/em>[<a href=\"http:\/\/imm.az\/journals\/RMI_eserleri\/cild14_N22_2001\/meqaleler\/abstract\/118-121.pdf\" target=\"_blank\">PDF<\/a>] <\/strong><br \/>\nOn one modelling problem of distribution process under overload<br \/>\nof vertical hollow thick-walled cylinder included in rigid envelope <\/strong><strong>[<a href=\"http:\/\/imm.az\/journals\/RMI_eserleri\/cild14_N22_2001\/meqaleler\/118-121.pdf\" target=\"_blank\">PDF<\/a>]<\/strong><\/td>\n<td valign=\"bottom\" width=\"17%\" height=\"25\">\n<div>118<\/div>\n<\/td>\n<\/tr>\n<tr>\n<td><\/td>\n<td valign=\"bottom\" width=\"17%\"><\/td>\n<\/tr>\n<tr>\n<td height=\"25\"><em>Leonov C.J.<\/em><strong><br \/>\n<em><strong>Abstract<\/strong><\/em><strong><em> <\/em>[<a href=\"http:\/\/imm.az\/journals\/RMI_eserleri\/cild14_N22_2001\/meqaleler\/abstract\/122-127.pdf\" target=\"_blank\">PDF<\/a>] <\/strong><br \/>\nOn the Riemann-earnshaw invariants for some models of dynamics<br \/>\nof non-homogeneous gases <\/strong><strong>[<a href=\"http:\/\/imm.az\/journals\/RMI_eserleri\/cild14_N22_2001\/meqaleler\/122-127.pdf\" target=\"_blank\">PDF<\/a>]<\/strong><\/td>\n<td valign=\"bottom\" width=\"17%\" height=\"25\">\n<div>122<\/div>\n<\/td>\n<\/tr>\n<tr>\n<td><\/td>\n<td valign=\"bottom\" width=\"17%\"><\/td>\n<\/tr>\n<tr>\n<td height=\"25\"><em>Mamedov l.S.<\/em><strong><br \/>\n<em><strong>Abstract<\/strong><\/em><strong><em> <\/em>[<a href=\"http:\/\/imm.az\/journals\/RMI_eserleri\/cild14_N22_2001\/meqaleler\/abstract\/128-135.pdf\" target=\"_blank\">PDF<\/a>] <\/strong><br \/>\nThe big deformations of strings under the action of variable intensity<br \/>\nnormal load <\/strong><strong>[<a href=\"http:\/\/imm.az\/journals\/RMI_eserleri\/cild14_N22_2001\/meqaleler\/128-135.pdf\" target=\"_blank\">PDF<\/a>]<\/strong><\/td>\n<td valign=\"bottom\" width=\"17%\" height=\"25\">\n<div>128<\/div>\n<\/td>\n<\/tr>\n<tr>\n<td><\/td>\n<td valign=\"bottom\" width=\"17%\"><\/td>\n<\/tr>\n<tr>\n<td height=\"25\"><em>Rzayev O.G.<\/em><strong><br \/>\n<em><strong>Abstract<\/strong><\/em><strong><em> <\/em>[<a href=\"http:\/\/imm.az\/journals\/RMI_eserleri\/cild14_N22_2001\/meqaleler\/abstract\/136-141.pdf\" target=\"_blank\">PDF<\/a>] <\/strong><br \/>\nOn the natural vibration of the rigid supported composite plate<br \/>\ncontaining a crack <\/strong><strong>[<a href=\"http:\/\/imm.az\/journals\/RMI_eserleri\/cild14_N22_2001\/meqaleler\/136-141.pdf\" target=\"_blank\">PDF<\/a>]<\/strong><\/td>\n<td valign=\"bottom\" width=\"17%\" height=\"25\">\n<div>136<\/div>\n<\/td>\n<\/tr>\n<tr>\n<td><\/td>\n<td valign=\"bottom\" width=\"17%\"><\/td>\n<\/tr>\n<tr>\n<td height=\"25\"><em>Talybly L.Kh, Guliyev I.K.<\/em><strong><br \/>\n<em><strong>Abstract<\/strong><\/em><strong><em> <\/em>[<a href=\"http:\/\/imm.az\/journals\/RMI_eserleri\/cild14_N22_2001\/meqaleler\/abstract\/142-144.pdf\" target=\"_blank\">PDF<\/a>] <\/strong><br \/>\nOn fatigue wear equation with regard to thermal effects <\/strong><strong>[<a href=\"http:\/\/imm.az\/journals\/RMI_eserleri\/cild14_N22_2001\/meqaleler\/142-144.pdf\" target=\"_blank\">PDF<\/a>]<\/strong><\/td>\n<td valign=\"bottom\" width=\"17%\" height=\"25\">\n<div>142<\/div>\n<\/td>\n<\/tr>\n<tr>\n<td><\/td>\n<td valign=\"bottom\" width=\"17%\"><\/td>\n<\/tr>\n<tr valign=\"bottom\">\n<td colspan=\"2\" height=\"50\">\n<div><span style=\"font-size: medium;\"><strong>APPLIED PROBLEMS OF MATHEMATICS AND MECHANICS<\/strong><\/span><\/div>\n<\/td>\n<\/tr>\n<tr>\n<td height=\"0\"><\/td>\n<td valign=\"bottom\" width=\"17%\" height=\"0\"><\/td>\n<\/tr>\n<tr>\n<td height=\"25\"><em>Alguliev R.M., Kazimov T.G., Aliev A.I.<\/em><strong><br \/>\n<em><strong>Abstract<\/strong><\/em><strong><em> <\/em>[<a href=\"http:\/\/imm.az\/journals\/RMI_eserleri\/cild14_N22_2001\/meqaleler\/abstract\/145-148.pdf\" target=\"_blank\">PDF<\/a>] <\/strong><br \/>\nThe method of optimal distribution of users&#8217; time on intranet <\/strong><strong>[<a href=\"http:\/\/imm.az\/journals\/RMI_eserleri\/cild14_N22_2001\/meqaleler\/145-148.pdf\" target=\"_blank\">PDF<\/a>]<\/strong><\/td>\n<td valign=\"bottom\" width=\"17%\" height=\"25\">\n<div>145<\/div>\n<\/td>\n<\/tr>\n<tr>\n<td height=\"0\"><\/td>\n<td valign=\"bottom\" width=\"17%\" height=\"0\"><\/td>\n<\/tr>\n<tr>\n<td height=\"25\"><em>Gardashova T.G.<\/em><strong><br \/>\n<em><strong>Abstract<\/strong><\/em><strong><em> <\/em>[<a href=\"http:\/\/imm.az\/journals\/RMI_eserleri\/cild14_N22_2001\/meqaleler\/abstract\/149-156.pdf\" target=\"_blank\">PDF<\/a>] <\/strong><br \/>\nStatistical distribution of Gaussian curvature of sea surface at the<br \/>\nmirror reflection points <\/strong><strong>[<a href=\"http:\/\/imm.az\/journals\/RMI_eserleri\/cild14_N22_2001\/meqaleler\/149-156.pdf\" target=\"_blank\">PDF<\/a>]<\/strong><\/td>\n<td valign=\"bottom\" width=\"17%\" height=\"25\">\n<div>149<\/div>\n<\/td>\n<\/tr>\n<tr>\n<td height=\"0\"><\/td>\n<td valign=\"bottom\" width=\"17%\" height=\"0\"><\/td>\n<\/tr>\n<tr>\n<td height=\"25\"><em>Gasanov \u0410,\u0412., Sadikhov A.B.<\/em><strong><br \/>\n<em><strong>Abstract<\/strong><\/em><strong><em> <\/em>[<a href=\"http:\/\/imm.az\/journals\/RMI_eserleri\/cild14_N22_2001\/meqaleler\/abstract\/157-160.pdf\" target=\"_blank\">PDF<\/a>] <\/strong><br \/>\nOn the method of calculation of sea and oil-gas field constructions<br \/>\nby applying the theory of fuzzy sets <\/strong><strong>[<a href=\"http:\/\/imm.az\/journals\/RMI_eserleri\/cild14_N22_2001\/meqaleler\/157-160.pdf\" target=\"_blank\">PDF<\/a>]<\/strong><\/td>\n<td valign=\"bottom\" width=\"17%\" height=\"25\">\n<div>157<\/div>\n<\/td>\n<\/tr>\n<tr>\n<td height=\"0\"><\/td>\n<td valign=\"bottom\" width=\"17%\" height=\"0\"><\/td>\n<\/tr>\n<tr>\n<td height=\"25\"><em>Guliyev G.F.<\/em><strong><br \/>\n<em><strong>Abstract<\/strong><\/em><strong><em> <\/em>[<a href=\"http:\/\/imm.az\/journals\/RMI_eserleri\/cild14_N22_2001\/meqaleler\/abstract\/161-165.pdf\" target=\"_blank\">PDF<\/a>] <\/strong><br \/>\nThe problem of exact controllability for the equation of oscillation<br \/>\nof a string <\/strong><strong>[<a href=\"http:\/\/imm.az\/journals\/RMI_eserleri\/cild14_N22_2001\/meqaleler\/161-165.pdf\" target=\"_blank\">PDF<\/a>]<\/strong><\/td>\n<td valign=\"bottom\" width=\"17%\" height=\"25\">\n<div>161<\/div>\n<\/td>\n<\/tr>\n<tr>\n<td height=\"0\"><\/td>\n<td valign=\"bottom\" width=\"17%\" height=\"0\"><\/td>\n<\/tr>\n<tr>\n<td height=\"25\"><em>Iskenderova N.A.<\/em><strong><br \/>\n<em><strong>Abstract<\/strong><\/em><strong><em> <\/em>[<a href=\"http:\/\/imm.az\/journals\/RMI_eserleri\/cild14_N22_2001\/meqaleler\/abstract\/166-168.pdf\" target=\"_blank\">PDF<\/a>] <\/strong><br \/>\nFuzzy estimation of adequateness of translation models <\/strong><strong>[<a href=\"http:\/\/imm.az\/journals\/RMI_eserleri\/cild14_N22_2001\/meqaleler\/166-168.pdf\" target=\"_blank\">PDF<\/a>]<\/strong><\/td>\n<td valign=\"bottom\" width=\"17%\" height=\"25\">\n<div>166<\/div>\n<\/td>\n<\/tr>\n<tr>\n<td height=\"0\"><\/td>\n<td valign=\"bottom\" width=\"17%\" height=\"0\"><\/td>\n<\/tr>\n<tr>\n<td height=\"25\"><em>Maharramov Sh.F.<\/em><strong><br \/>\n<em><strong>Abstract<\/strong><\/em><strong><em> <\/em>[<a href=\"http:\/\/imm.az\/journals\/RMI_eserleri\/cild14_N22_2001\/meqaleler\/abstract\/169-175.pdf\" target=\"_blank\">PDF<\/a>] <\/strong><br \/>\nInvestigation of singular controls in one discrete system with variable structure and delay <\/strong><strong>[<a href=\"http:\/\/imm.az\/journals\/RMI_eserleri\/cild14_N22_2001\/meqaleler\/169-175.pdf\" target=\"_blank\">PDF<\/a>]<\/strong><\/td>\n<td valign=\"bottom\" width=\"17%\" height=\"25\">\n<div>169<\/div>\n<\/td>\n<\/tr>\n<tr>\n<td height=\"0\"><\/td>\n<td valign=\"bottom\" width=\"17%\" height=\"0\"><\/td>\n<\/tr>\n<tr>\n<td height=\"25\"><em>Mazanova S.B.<\/em><strong><br \/>\n<em><strong>Abstract<\/strong><\/em><strong><em> <\/em>[<a href=\"http:\/\/imm.az\/journals\/RMI_eserleri\/cild14_N22_2001\/meqaleler\/abstract\/176-179.pdf\" target=\"_blank\">PDF<\/a>] <\/strong><br \/>\nThe estimation and selection of parameters in pattern recognition<br \/>\nproblems with the help of construction of a class of decisive<br \/>\nfunctions based on calculation of entropy <\/strong><strong>[<a href=\"http:\/\/imm.az\/journals\/RMI_eserleri\/cild14_N22_2001\/meqaleler\/176-180.pdf\" target=\"_blank\">PDF<\/a>]<\/strong><\/td>\n<td valign=\"bottom\" width=\"17%\" height=\"25\">\n<div>176<\/div>\n<\/td>\n<\/tr>\n<tr>\n<td height=\"0\"><\/td>\n<td valign=\"bottom\" width=\"17%\" height=\"0\"><\/td>\n<\/tr>\n<tr>\n<td height=\"25\"><em>Mehrvarz A.A., Sehatkhah M.<\/em><strong><br \/>\n<em><strong>Abstract<\/strong><\/em><strong><em> <\/em>[<a href=\"http:\/\/imm.az\/journals\/RMI_eserleri\/cild14_N22_2001\/meqaleler\/abstract\/180-186.pdf\" target=\"_blank\">PDF<\/a>] <\/strong><br \/>\nThe generalized characteristic polynomial of a simple graph <\/strong><strong>[<a href=\"http:\/\/imm.az\/journals\/RMI_eserleri\/cild14_N22_2001\/meqaleler\/180-186.pdf\" target=\"_blank\">PDF<\/a>]<\/strong><\/td>\n<td valign=\"bottom\" width=\"17%\" height=\"25\">\n<div>180<\/div>\n<\/td>\n<\/tr>\n<tr>\n<td height=\"0\"><\/td>\n<td valign=\"bottom\" width=\"17%\" height=\"0\"><\/td>\n<\/tr>\n<tr>\n<td height=\"25\"><em>Moeschlin O., Poppinga C.<\/em><strong><br \/>\n<em><strong>Abstract<\/strong><\/em><strong><em> <\/em>[<a href=\"http:\/\/imm.az\/journals\/RMI_eserleri\/cild14_N22_2001\/meqaleler\/abstract\/187-194.pdf\" target=\"_blank\">PDF<\/a>] <\/strong><br \/>\nControlling traffic fights at a bottleneck with renewal arrival processes <\/strong><strong>[<a href=\"http:\/\/imm.az\/journals\/RMI_eserleri\/cild14_N22_2001\/meqaleler\/187-194.pdf\" target=\"_blank\">PDF<\/a>]<\/strong><\/td>\n<td valign=\"bottom\" width=\"17%\" height=\"25\">\n<div>187<\/div>\n<\/td>\n<\/tr>\n<tr>\n<td height=\"0\"><\/td>\n<td valign=\"bottom\" width=\"17%\" height=\"0\"><\/td>\n<\/tr>\n<tr valign=\"bottom\">\n<td colspan=\"2\" height=\"50\">\n<div><span style=\"font-size: medium;\"><strong>CHRONICLE<\/strong><\/span><\/div>\n<\/td>\n<\/tr>\n<tr>\n<td height=\"0\"><\/td>\n<td valign=\"bottom\" width=\"17%\" height=\"0\"><\/td>\n<\/tr>\n<tr>\n<td height=\"25\"><em>Iskenderov Bala Agahuseyn oglu.<\/em><strong> [<a href=\"http:\/\/imm.az\/journals\/RMI_eserleri\/cild14_N22_2001\/meqaleler\/195-196.pdf\" target=\"_blank\">PDF<\/a>]<\/strong><\/td>\n<td valign=\"bottom\" width=\"17%\" height=\"25\">\n<div>195<\/div>\n<\/td>\n<\/tr>\n<tr>\n<td height=\"0\"><\/td>\n<td valign=\"bottom\" width=\"17%\" height=\"0\"><\/td>\n<\/tr>\n<tr>\n<td height=\"25\"><em>Huseynov Hidayat Mohammad oglu<\/em><strong> [<a href=\"http:\/\/imm.az\/journals\/RMI_eserleri\/cild14_N22_2001\/meqaleler\/197-198.pdf\" target=\"_blank\">PDF<\/a>]<\/strong><\/td>\n<td valign=\"bottom\" width=\"17%\" height=\"25\">\n<div>197<\/div>\n<\/td>\n<\/tr>\n<tr>\n<td height=\"0\"><\/td>\n<td valign=\"bottom\" width=\"17%\" height=\"0\"><\/td>\n<\/tr>\n<tr>\n<td height=\"25\"><em>Mansimov Kamil Bayramali oglu<\/em><strong> [<a href=\"http:\/\/imm.az\/journals\/RMI_eserleri\/cild14_N22_2001\/meqaleler\/199-200.pdf\" target=\"_blank\">PDF<\/a>]<\/strong><\/td>\n<td valign=\"bottom\" width=\"17%\" height=\"25\">\n<div>199<\/div>\n<\/td>\n<\/tr>\n<tr>\n<td height=\"0\"><\/td>\n<td valign=\"bottom\" width=\"17%\" height=\"0\"><\/td>\n<\/tr>\n<tr>\n<td height=\"25\"><em>Aslanov Hamululla Israfil oglu<\/em><strong> [<a href=\"http:\/\/imm.az\/journals\/RMI_eserleri\/cild14_N22_2001\/meqaleler\/201-203.pdf\" target=\"_blank\">PDF<\/a>]<\/strong><\/td>\n<td valign=\"bottom\" width=\"17%\" height=\"25\">\n<div>201<\/div>\n<\/td>\n<\/tr>\n<tr>\n<td height=\"0\"><\/td>\n<td valign=\"bottom\" width=\"17%\" height=\"0\"><\/td>\n<\/tr>\n<tr>\n<td><em>Leonov Constantin Yakovlevich <\/em><strong>[<a href=\"http:\/\/imm.az\/journals\/RMI_eserleri\/cild14_N22_2001\/meqaleler\/204-205.pdf\" target=\"_blank\">PDF<\/a>]<\/strong><\/td>\n<td valign=\"bottom\" width=\"17%\">\n<div>204<\/div>\n<\/td>\n<\/tr>\n<tr>\n<td><\/td>\n<td valign=\"bottom\" width=\"17%\"><\/td>\n<\/tr>\n<tr>\n<td height=\"25\"><em>Abstracts <\/em><strong>[<a href=\"http:\/\/imm.az\/journals\/RMI_eserleri\/cild14_N22_2001\/meqaleler\/206-212.pdf\" target=\"_blank\">PDF<\/a>]<\/strong><\/td>\n<td valign=\"bottom\" width=\"17%\" height=\"25\">\n<div>206<\/div>\n<\/td>\n<\/tr>\n<\/tbody>\n<\/table>\n","protected":false},"excerpt":{"rendered":"<p>Year: 2001 Volume: 14 Number: XXII About: [PDF] MATHEMATICS Abdullayev F. G., K\u00fc\u00e7\u00fckaslan M. Abstract [PDF] On the convergence of the Fourier series of orthonormal polynomials in the domain with piecewise smooth boundary [PDF] 3 Aliyev B.A. Abstract [PDF] Coercive solvability of boundary value problems with the conditions of conjugations for the second order differential [&hellip;]<\/p>\n","protected":false},"author":6,"featured_media":0,"parent":778,"menu_order":0,"comment_status":"open","ping_status":"open","template":"","meta":{"footnotes":""},"_links":{"self":[{"href":"https:\/\/www.imm.az\/exp\/wp-json\/wp\/v2\/pages\/1077"}],"collection":[{"href":"https:\/\/www.imm.az\/exp\/wp-json\/wp\/v2\/pages"}],"about":[{"href":"https:\/\/www.imm.az\/exp\/wp-json\/wp\/v2\/types\/page"}],"author":[{"embeddable":true,"href":"https:\/\/www.imm.az\/exp\/wp-json\/wp\/v2\/users\/6"}],"replies":[{"embeddable":true,"href":"https:\/\/www.imm.az\/exp\/wp-json\/wp\/v2\/comments?post=1077"}],"version-history":[{"count":2,"href":"https:\/\/www.imm.az\/exp\/wp-json\/wp\/v2\/pages\/1077\/revisions"}],"predecessor-version":[{"id":1255,"href":"https:\/\/www.imm.az\/exp\/wp-json\/wp\/v2\/pages\/1077\/revisions\/1255"}],"up":[{"embeddable":true,"href":"https:\/\/www.imm.az\/exp\/wp-json\/wp\/v2\/pages\/778"}],"wp:attachment":[{"href":"https:\/\/www.imm.az\/exp\/wp-json\/wp\/v2\/media?parent=1077"}],"curies":[{"name":"wp","href":"https:\/\/api.w.org\/{rel}","templated":true}]}}