{"id":10780,"date":"2017-03-02T13:22:11","date_gmt":"2017-03-02T09:22:11","guid":{"rendered":"http:\/\/www.imm.az\/exp\/?page_id=10780"},"modified":"2017-03-02T14:31:56","modified_gmt":"2017-03-02T10:31:56","slug":"amea-nin-muxbir-uzvu-professor-vaqif-quliyevin-60-yasi-tamam-olur","status":"publish","type":"page","link":"https:\/\/www.imm.az\/exp\/yubileyl%c9%99r\/amea-nin-muxbir-uzvu-professor-vaqif-quliyevin-60-yasi-tamam-olur\/","title":{"rendered":"AMEA-n\u0131n m\u00fcxbir \u00fczv\u00fc, professor Vaqif Quliyevin 60 ya\u015f\u0131 tamam olur"},"content":{"rendered":"<p style=\"text-align: justify;\"><a href=\"https:\/\/www.imm.az\/exp\/wp-content\/uploads\/2017\/02\/Vagif-Guliyev-60-yubiley.jpg\"><img loading=\"lazy\" decoding=\"async\" class=\"alignleft size-medium wp-image-10568\" src=\"https:\/\/www.imm.az\/exp\/wp-content\/uploads\/2017\/02\/Vagif-Guliyev-60-yubiley-240x300.jpg\" alt=\"Vagif-Guliyev-60-yubiley\" width=\"240\" height=\"300\" srcset=\"https:\/\/www.imm.az\/exp\/wp-content\/uploads\/2017\/02\/Vagif-Guliyev-60-yubiley-240x300.jpg 240w, https:\/\/www.imm.az\/exp\/wp-content\/uploads\/2017\/02\/Vagif-Guliyev-60-yubiley.jpg 472w\" sizes=\"(max-width: 240px) 100vw, 240px\" \/><\/a><\/p>\n<p style=\"text-align: justify;\">Tan\u0131nm\u0131\u015f riyaziyyat\u00e7\u0131 alim, AMEA Riyaziyyat v\u0259 Mexanika \u0130nstitutunun Elmi \u0130\u015fl\u0259r \u00dczr\u0259 Direktor m\u00fcavini, AMEA-n\u0131n m\u00fcxbir \u00fczv\u00fc, professor Vaqif Quliyevin 60 ya\u015f\u0131 tamam olur.<br \/>\nV.S. Quliyev 1957-ci ild\u0259 fevral\u0131n 22-d\u0259\u00a0Az\u0259rbaycan Respublikas\u0131n\u0131n Salyan \u015f\u0259h\u0259rind\u0259 anadan olmu\u015fdur. O, 1978-ci ild\u0259 Az\u0259rbaycan D\u00f6vl\u0259t Universitetinin (indiki BDU) mexanika-riyaziyyat fak\u00fclt\u0259sini f\u0259rql\u0259nm\u0259 diplomu il\u0259 bitirdikd\u0259n sonra t\u0259yinatla Az\u0259rbaycan SSR EA-n\u0131n Kibernetika \u0130nstitutunda i\u015fl\u0259mi\u015fdir. 1980-1983-c\u00fc ill\u0259rd\u0259 aspiranturada t\u0259hsil alm\u0131\u015fd\u0131r. 1983-c\u00fc ild\u0259 Az\u0259rbaycan D\u00f6vl\u0259t Universitetind\u0259 namiz\u0259dlik dissertasiyas\u0131n\u0131 m\u00fcdafi\u0259 etmi\u015fdir. Elmi f\u0259aliyy\u0259tini 1983-c\u00fc ild\u0259n SSR\u0130 EA-n\u0131n V.A. Steklov ad\u0131na Riyaziyyat \u0130nstitunda (Moskva) davam etdirmi\u015f, 1987 v\u0259 1991-ci ill\u0259rd\u0259 V.A. Steklov ad\u0131na Riyaziyyat \u0130nstitutunda elmi stajirovkada olmu\u015fdur. O, 1994-c\u00fc ild\u0259 Moskva \u015f\u0259h\u0259rind\u0259 Rusiya EA-n\u0131n V.A. Steklov ad\u0131na Riyaziyyat \u0130nstitutunda doktorluq dissertasiyas\u0131n\u0131 m\u00fcdafi\u0259 etmi\u015fdir. 1997-ci ild\u0259 professor elmi ad\u0131n\u0131 alm\u0131\u015fd\u0131r. 2014-c\u00fc ild\u0259 AMEA-n\u0131n m\u00fcxbir \u00fczv\u00fc se\u00e7ilmi\u015fdir.<br \/>\n1978-ci ild\u0259n 1983-c\u00fc il\u0259d\u0259k AMEA-n\u0131n Kibernetika \u0130nstitutunda ba\u015f elmi i\u015f\u00e7i, 1983-1995-c\u0131 ill\u0259rd\u0259 BDU-nun &#8220;Riyazi analiz&#8221; kafedras\u0131nda assistent, ba\u015f m\u00fc\u0259llim, dosent, 1995-2008-ci ill\u0259rd\u0259 kimi professor v\u0259zif\u0259sind\u0259 i\u015fl\u0259mi\u015fdir. 2008-ci ild\u0259n indiy\u0259 kimi BDU-nun &#8220;Riyazi analiz&#8221; kafedras\u0131nda \u0259v\u0259z\u00e7ilikl\u0259 professor v\u0259zif\u0259sind\u0259 i\u015fl\u0259yir. 1995-1998-ci ill\u0259rd\u0259 AMEA RM\u0130-d\u0259 \u0259v\u0259z\u00e7ilikl\u0259 &#8220;Riyazi fizika t\u0259nlikl\u0259ri&#8221; \u015f\u00f6b\u0259sind\u0259 i\u015fl\u0259mi\u015f, 1999-2001-ci ill\u0259rd\u0259 &#8220;Riyazi analiz&#8221; \u015f\u00f6b\u0259si n\u0259zdind\u0259 &#8220;Harmonik analiz&#8221; laboratoriyas\u0131n\u0131n r\u0259hb\u0259ri, 2001-2003-c\u00fc ill\u0259rd\u0259 &#8220;Riyazi analiz&#8221; \u015f\u00f6b\u0259sinin m\u00fcdir m\u00fcavini v\u0259zif\u0259sind\u0259 \u00e7al\u0131\u015fm\u0131\u015f, 2005-2008-ci ill\u0259rd\u0259 &#8220;Riyazi analiz&#8221; \u015f\u00f6b\u0259sind\u0259 \u0259v\u0259z\u00e7ilik il\u0259 ba\u015f elmi i\u015f\u00e7i, 2008-2014-c\u00fc ill\u0259rd\u0259 &#8220;Riyazi analiz&#8221; \u015f\u00f6b\u0259sinin ba\u015f elmi i\u015f\u00e7isi, 2014-c\u00fc ild\u0259n is\u0259 RM\u0130-nin &#8220;Riyazi analiz&#8221; \u015f\u00f6b\u0259sinin m\u00fcdiri v\u0259zif\u0259sind\u0259 i\u015fl\u0259yir.<br \/>\nHaz\u0131rda professor V.S. Quliyev AMEA-n\u0131n Riyaziyyat v\u0259 Mexanika \u0130nstitutunun Elmi \u0130\u015fl\u0259r \u00dczr\u0259 Direktor M\u00fcavinidir.<br \/>\nVaqif Quliyev 1985-1990-c\u0131 ill\u0259rd\u0259 V.A. Steklov ad\u0131na Riyaziyyat \u0130nstitutunda apard\u0131\u011f\u0131 ara\u015fd\u0131rmalar zaman\u0131 bircins Li qruplar\u0131nda t\u0259yin olunmu\u015f yeni lokal Morri tipli f\u0259zalar\u0131 daxil etmi\u015f v\u0259 bu f\u0259zalarda m\u00fc\u0259yy\u0259n daxiletm\u0259 teoreml\u0259rini ara\u015fd\u0131rm\u0131\u015fd\u0131r. O, bu qruplarda harmonik analizin aktual m\u0259s\u0259l\u0259l\u0259ri sah\u0259sind\u0259 \u00e7al\u0131\u015fan aliml\u0259r aras\u0131nda \u00f6z\u00fcn\u0259m\u0259\u0445sus yer tutur. Onun elmi i\u015fl\u0259ri bircins tipli f\u0259zalarda, bircins Li qruplar\u0131nda v\u0259 n-\u00f6l\u00e7\u00fcl\u00fc Evklid f\u0259zas\u0131n\u0131n oblastlar\u0131nda t\u0259yin olunmu\u015f funksional f\u0259zalarda inteqral operatorlar n\u0259z\u0259riyy\u0259sin\u0259, \u00e7o\u0445d\u0259yi\u015f\u0259nli diferensiallanan funksiyalar f\u0259zalar\u0131 \u00fc\u00e7\u00fcn da\u0445ilolma teoreml\u0259ri n\u0259z\u0259riyy\u0259sin\u0259, Heyzenberq qruplar\u0131nda t\u0259yin olunmu\u015f funksional f\u0259zalar \u00fc\u00e7\u00fcn ya\u0445\u0131nla\u015fmalar n\u0259z\u0259riyy\u0259sin\u0259, bana\u0445qiym\u0259tli funksional f\u0259zalar n\u0259z\u0259riyy\u0259sin\u0259, \u00e7o\u0445\u00f6l\u00e7\u00fcl\u00fc kompleks oblastlarda t\u0259yin olunmu\u015f holomorf v\u0259 harmonik funksiyalar f\u0259zalar\u0131 n\u0259z\u0259riyy\u0259sin\u0259, Morri tipli f\u0259zalarda inteqral operatorlar\u0131n m\u0259hdudlu\u011fu v\u0259 onlar\u0131n diferensial t\u0259nlikl\u0259r n\u0259z\u0259riyy\u0259sin\u0259 t\u0259tbiqi m\u0259s\u0259l\u0259l\u0259rin\u0259 h\u0259sr olunmu\u015fdur.<br \/>\nVaqif Quliyevin elmi-t\u0259dqiqat layih\u0259l\u0259ri bir s\u0131ra beyn\u0259lxalq qrantlara layiq g\u00f6r\u00fclm\u00fc\u015fd\u00fcr. O, 200-d\u0259n art\u0131q elmi \u0259s\u0259rin, o c\u00fcml\u0259d\u0259n 2 monoqrafiyan\u0131n m\u00fc\u0259llifidir. Elmi m\u0259qal\u0259l\u0259rinin 150-d\u0259n \u00e7oxu Thomson Reuters siyah\u0131s\u0131nda olan impakt faktorlu beyn\u0259lxalq jurnallarda \u00e7ap edilmi\u015fdir. MathSciNet Mathematical reviews informasiya sistemind\u0259n g\u00f6t\u00fcr\u00fcl\u0259n m\u0259lumatlar\u0131na g\u00f6r\u0259 onun \u0259s\u0259rl\u0259rin\u0259 548-d\u0259n, \u201cGoogle Scholar Citations\u201d informasiya sistemind\u0259n g\u00f6t\u00fcr\u00fcl\u0259n m\u0259lumatlar\u0131na g\u00f6r\u0259 is\u0259 1852-d\u0259n art\u0131q istinad edilmi\u015fdir.<br \/>\nAlimin kadr haz\u0131rl\u0131\u011f\u0131 sah\u0259sind\u0259 d\u0259 b\u00f6y\u00fck xidm\u0259tl\u0259ri vard\u0131r. Onun r\u0259hb\u0259rliyi il\u0259 20 f\u0259ls\u0259f\u0259 v\u0259 2 elml\u0259r doktoru haz\u0131rlanm\u0131\u015fd\u0131r. Haz\u0131rda o, f\u0259ls\u0259f\u0259 v\u0259 elml\u0259r doktoru haz\u0131rl\u0131\u011f\u0131 \u00fczr\u0259 dissertant v\u0259 doktorlar\u0131n elmi r\u0259hb\u0259ri kimi kadr haz\u0131rl\u0131\u011f\u0131 i\u015fl\u0259rini davam etdirir. Bu elmi kadrlar aras\u0131nda T\u00fcrkiy\u0259 v\u0259t\u0259nda\u015flar\u0131 da vard\u0131r.<br \/>\nO, respublikan\u0131n elmi-ictimai h\u0259yat\u0131nda f\u0259al i\u015ftirak edir. M\u00fcxt\u0259lif ill\u0259rd\u0259 AMEA Riyaziyyat v\u0259 Mexanika \u0130nstitutunun n\u0259zdind\u0259 ixtisasla\u015fd\u0131r\u0131lm\u0131\u015f m\u00fcdafi\u0259 \u015furas\u0131n\u0131n, Az\u0259r\u00acbay\u00accan Respublikas\u0131 Prezidenti yan\u0131nda Ali Attestasiya Komissiyas\u0131n\u0131n riyaziyyat v\u0259 mexanika \u00fczr\u0259 ekspert \u015furas\u0131n\u0131n, BDU-nun Elmi \u015euras\u0131n\u0131n, bir s\u0131ra Dissertasiya \u015euralar\u0131n\u0131n \u00fczv\u00fc, Az\u0259rbaycan Riyaziyyat C\u0259miyy\u0259tinin idar\u0259 hey\u0259tinin \u00fczv\u00fc v\u0259 bu C\u0259miyy\u0259tin \u0259s\u0259rl\u0259rinin 2-ci cildinin m\u0259sul katibi olmu\u015fdur.<br \/>\nHaz\u0131rda Az\u0259rbaycan Respublikas\u0131n\u0131n Prezidenti Yan\u0131nda Ali Attestasiya Komissiyas\u0131n\u0131n R\u0259yas\u0259t Hey\u0259tinin \u00fczv\u00fcd\u00fcr.<br \/>\n&#8220;Khazar Journal of Mathematics&#8221; jurnal\u0131n\u0131n m\u0259sul katibi olmu\u015f, \u201cEurasian Mathematical Journals\u201d, \u201cFractional Differential Calculus\u201d beyn\u0259lxalq jurnallar\u0131n\u0131n v\u0259 \u201cProceedings of Institute of Mathematics and Mechanics of NAS of Azerbaijan\u201d jurnal\u0131n\u0131n redaksiya hey\u0259tinin \u00fczv\u00fcd\u00fcr. &#8220;Caspian journal of applied mathematics, ecology and economics&#8221; jurnal\u0131n\u0131n ba\u015f redaktorlar\u0131ndan biri, &#8220;Transaction\u201d Azerbaijan National Academy of Science, Series of physical-technical and mathematics science, Issue mathematics jurnal\u0131n\u0131n ba\u015f redaktorudur.<br \/>\nAlim bir \u00e7ox n\u00fcfuzlu Thomson Reuters siyah\u0131s\u0131nda olan beyn\u0259lxalq jurnallar\u0131n r\u0259y\u00e7isidir. Bu yax\u0131nlarda professor yazd\u0131\u011f\u0131 elmi r\u0259yl\u0259r\u0259 g\u00f6r\u0259 Thomson Reuters bazas\u0131na daxil olan, impakt faktoru 1,014 olan Journal of Mathematical Analysis and Applications jurnal\u0131n\u0131n redaksiya hey\u0259ti t\u0259r\u0259find\u0259n r\u0259y\u00e7i sertifikat\u0131 il\u0259 t\u0259ltif olunmu\u015fdur.<br \/>\nProf. V.S. Quliyevin elmi-pedaqoji f\u0259aliyy\u0259ti d\u00f6vl\u0259t d\u0259 dig\u0259r qurumlar t\u0259r\u0259find\u0259n y\u00fcks\u0259k qiym\u0259tl\u0259ndirmi\u015fdir. Alim 1993-c\u00fc ild\u0259 elmi nailiyy\u0259tl\u0259rin\u0259 g\u00f6r\u0259 Amerika Riyaziyyat C\u0259miyy\u0259tinin &#8220;Soros Foundation&#8221; m\u00fckafat\u0131na layiq g\u00f6r\u00fcl\u00fcb. 2000-ci ild\u0259 y\u00fcks\u0259k ixtisasl\u0131 kadrlar\u0131n haz\u0131rlanmas\u0131nda s\u0259m\u0259r\u0259li elmi-pedaqoji f\u0259aliyy\u0259tin\u0259 g\u00f6r\u0259 Az\u0259rbaycan Respublikas\u0131 T\u0259hsil Nazirliyinin F\u0259xri F\u0259rman\u0131 il\u0259 t\u0259ltif edilmi\u015fdir. 2002-\u201cNATO Science Prop Coll Linkage Grand\u201c m\u00fckafat\u0131na layiq g\u00f6r\u00fcl\u00fcb. 2008-\u0130NTAS layih\u0259sind\u0259 \u0259n aktiv \u201cteam leader\u201d m\u00fckafat\u0131na layiq g\u00f6r\u00fcl\u00fcb. 2014-cu ild\u0259 &#8220;Avropa N\u0259\u015fr M\u0259tbu Evi&#8221; nin m\u00fckafat komissiyas\u0131n\u0131n q\u0259rar\u0131 il\u0259 \u201c\u018fn yax\u015fi v\u0259t\u0259np\u0259rv\u0259r t\u0259dqiqat\u00e7\u0131 alim q\u0131z\u0131l medal\u0131\u201d il\u0259 t\u0259ltif olunmu\u015fdur.<br \/>\nVaqif \u00a0Quliyevin s\u0259drliyi il\u0259 20-27 may 2011-ci il tarixind\u0259 d\u00fcnyan\u0131n 15 \u00f6lk\u0259sinin apar\u0131c\u0131 aliml\u0259rinin i\u015ftirak\u0131 il\u0259 T\u00fcrkiy\u0259nin Ahi-Evran Universitetind\u0259 \u201cOperators on Morrey-Type Spaces and Applications \u2013 OMTSA 2011\u201d adl\u0131 beyn\u0259lxalq simpoziumu ke\u00e7irilmi\u015fdir.<br \/>\n10-13 iyul 2017-ci il tarixind\u0259 alimin 60 illik yubileyi il\u0259 \u0259laq\u0259dar olaraq T\u00fcrkiy\u0259nin Ahi-Evran Universitetind\u0259 &#8220;OMTSA 2017&#8221; adl\u0131 beyn\u0259lxalq konfrans\u0131n\u0131n ke\u00e7irilm\u0259si haqq\u0131nda rektorun \u0259mri imzalanm\u0131\u015fd\u0131r.<br \/>\nVaqif Quliyev d\u0259f\u0259l\u0259rl\u0259 d\u00fcnyan\u0131n bir \u00e7ox \u00f6lk\u0259l\u0259rin beyn\u0259lxalq konfranslar\u0131nda &#8220;d\u0259v\u0259tli m\u0259ruz\u0259\u00e7i &#8221; (invite lecturer) kimi \u00e7\u0131x\u0131\u015f etmi\u015fdir.<br \/>\nProf. V.S. Quliyevin bilavasit\u0259 i\u015ftirak\u0131 il\u0259 AMEA Riyaziyyat v\u0259 Mexanika \u0130nstitutu il\u0259 Rusiya EA-n\u0131n V.A. Steklov ad\u0131na Riyaziyyat \u0130nstitutu (Moskva), Rusiyan\u0131n Xalqlar Dostlu\u011fu Universiteti (Moskva) v\u0259 Sobolev ad\u0131na Riyaziyyat \u0130nstitutu (Novosibirski) aras\u0131nda m\u00fcqavil\u0259l\u0259r imzalanm\u0131\u015fd\u0131r.<br \/>\nProfessor Vaqif Quliyevi 60 illik yubileyi m\u00fcnasib\u0259ti il\u0259 t\u0259brik edir, alimin bu \u015f\u0259r\u0259fli \u00f6m\u00fcr yolunda ona m\u00f6hk\u0259m can sa\u011fl\u0131\u011f\u0131, elmimizin inki\u015faf\u0131 yolunda nailiyy\u0259tl\u0259r arzulay\u0131r\u0131q.<\/p>\n<p style=\"text-align: justify;\">\n<p style=\"text-align: justify;\"><em>\u00a9 B\u00fct\u00fcn h\u00fcquqlar qorunur. X\u0259b\u0259rl\u0259rd\u0259n istifad\u0259 ed\u0259rk\u0259n www.imm.az sayt\u0131na istinad z\u0259ruridir.<\/em><\/p>\n","protected":false},"excerpt":{"rendered":"<p>Tan\u0131nm\u0131\u015f riyaziyyat\u00e7\u0131 alim, AMEA Riyaziyyat v\u0259 Mexanika \u0130nstitutunun Elmi \u0130\u015fl\u0259r \u00dczr\u0259 Direktor m\u00fcavini, AMEA-n\u0131n m\u00fcxbir \u00fczv\u00fc, professor Vaqif Quliyevin 60 ya\u015f\u0131 tamam olur. V.S. Quliyev 1957-ci ild\u0259 fevral\u0131n 22-d\u0259\u00a0Az\u0259rbaycan Respublikas\u0131n\u0131n Salyan \u015f\u0259h\u0259rind\u0259 anadan olmu\u015fdur. O, 1978-ci ild\u0259 Az\u0259rbaycan D\u00f6vl\u0259t Universitetinin (indiki BDU) mexanika-riyaziyyat fak\u00fclt\u0259sini f\u0259rql\u0259nm\u0259 diplomu il\u0259 bitirdikd\u0259n sonra t\u0259yinatla Az\u0259rbaycan SSR EA-n\u0131n Kibernetika \u0130nstitutunda [&hellip;]<\/p>\n","protected":false},"author":6,"featured_media":0,"parent":10434,"menu_order":0,"comment_status":"closed","ping_status":"closed","template":"","meta":{"footnotes":""},"_links":{"self":[{"href":"https:\/\/www.imm.az\/exp\/wp-json\/wp\/v2\/pages\/10780"}],"collection":[{"href":"https:\/\/www.imm.az\/exp\/wp-json\/wp\/v2\/pages"}],"about":[{"href":"https:\/\/www.imm.az\/exp\/wp-json\/wp\/v2\/types\/page"}],"author":[{"embeddable":true,"href":"https:\/\/www.imm.az\/exp\/wp-json\/wp\/v2\/users\/6"}],"replies":[{"embeddable":true,"href":"https:\/\/www.imm.az\/exp\/wp-json\/wp\/v2\/comments?post=10780"}],"version-history":[{"count":2,"href":"https:\/\/www.imm.az\/exp\/wp-json\/wp\/v2\/pages\/10780\/revisions"}],"predecessor-version":[{"id":10810,"href":"https:\/\/www.imm.az\/exp\/wp-json\/wp\/v2\/pages\/10780\/revisions\/10810"}],"up":[{"embeddable":true,"href":"https:\/\/www.imm.az\/exp\/wp-json\/wp\/v2\/pages\/10434"}],"wp:attachment":[{"href":"https:\/\/www.imm.az\/exp\/wp-json\/wp\/v2\/media?parent=10780"}],"curies":[{"name":"wp","href":"https:\/\/api.w.org\/{rel}","templated":true}]}}