{"id":10830,"date":"2017-03-02T23:45:37","date_gmt":"2017-03-02T19:45:37","guid":{"rendered":"http:\/\/www.imm.az\/exp\/?page_id=10830"},"modified":"2018-09-10T14:33:42","modified_gmt":"2018-09-10T10:33:42","slug":"layih%c9%99-haqqinda","status":"publish","type":"page","link":"https:\/\/www.imm.az\/exp\/g%c9%99nc-riyaziyyatcilar-m%c9%99kt%c9%99bi\/layih%c9%99-haqqinda\/","title":{"rendered":"Layih\u0259 haqq\u0131nda"},"content":{"rendered":"<p style=\"text-align: justify;\">Riyaziyyat\u0131n inki\u015faf\u0131 v\u0259 m\u00fcasir d\u00fcnyada geni\u015f t\u0259tbiqi, ist\u0259r m\u00fcasir texnologiyalar sah\u0259sind\u0259, ist\u0259r iqtisadiyyatda v\u0259 ist\u0259rs\u0259 d\u0259 c\u0259miyy\u0259tin dig\u0259r f\u0259aliyy\u0259t sah\u0259l\u0259rind\u0259 y\u00fcks\u0259k ixtisasl\u0131 d\u0259rin riyazi biliy\u0259 malik m\u00fct\u0259x\u0259ssisl\u0259rin haz\u0131rlanmas\u0131n\u0131 t\u0259l\u0259b edir. Respublikam\u0131zda riyaziyyat sah\u0259sind\u0259 m\u00fcasir t\u0259l\u0259bl\u0259r\u0259 uy\u011fun elmi-pedaqoji v\u0259 dig\u0259r m\u00fct\u0259x\u0259ssis haz\u0131rlanmas\u0131 bax\u0131m\u0131ndan g\u0259nc n\u0259sil aras\u0131nda riyaziyyat elminin t\u0259bli\u011finin b\u00f6y\u00fck \u0259h\u0259miyy\u0259ti var.<br \/>\nT\u0259kc\u0259 orta m\u0259kt\u0259b riyaziyyat kursu \u015fagirdl\u0259r\u0259 bu elmin prespektivl\u0259rini tam m\u0259nas\u0131 il\u0259 d\u0259rk etm\u0259y\u0259 imkan vermir. Riyaziyyat\u0131n yarad\u0131c\u0131l\u0131q v\u0259 t\u0259tbiq imkanlar\u0131n\u0131 m\u00fcasir \u015fagirdl\u0259r\u0259 a\u015f\u0131lamaq \u00fc\u00e7\u00fcn onun populyarla\u015fd\u0131r\u0131lmas\u0131n\u0131n x\u00fcsusi \u0259h\u0259miyy\u0259ti vard\u0131r. Populyar m\u00fchazir\u0259l\u0259r, seminarlar, d\u0259rgil\u0259r v\u0259 ki\u00e7ik h\u0259cmli kitab\u00e7alar riyaziyyata u\u015faqlar\u0131n mara\u011f\u0131n\u0131 art\u0131r\u0131r v\u0259 onun praktiki \u0259h\u0259miyy\u0259tini d\u0259rk etm\u0259y\u0259 k\u00f6m\u0259k edir.<br \/>\nRespublikada bu sah\u0259d\u0259 olan bo\u015flu\u011fu hiss ed\u0259r\u0259k Riyaziyyat Mexanika \u0130nstitutu x\u00fcsusi f\u0259aliyy\u0259t proqram\u0131 il\u0259 i\u015f\u0259 ba\u015flay\u0131r v\u0259 bu i\u015fd\u0259 t\u0259\u015f\u0259bb\u00fcsl\u0259 \u00e7\u0131x\u0131\u015f ed\u0259n ist\u0259nil\u0259n t\u0259\u015fkilat v\u0259 \u015f\u0259xsl\u0259rl\u0259 \u0259m\u0259kda\u015fl\u0131\u011fa b\u00f6y\u00fck \u00f6n\u0259m verir.<br \/>\nLayih\u0259nin icras\u0131 n\u0259tic\u0259sind\u0259 a\u015fa\u011f\u0131dak\u0131lara nail olmaq m\u0259qs\u0259di qoyulur: \u015fagirdl\u0259r aras\u0131nda riyaziyyat\u0131n geni\u015f t\u0259bli\u011fini v\u0259 populyarla\u015fd\u0131r\u0131lmas\u0131n\u0131 t\u0259\u015fkil etm\u0259k;g\u0259l\u0259c\u0259kd\u0259 elmi yarad\u0131c\u0131l\u0131\u011fa meyilli \u015fagirdl\u0259rin se\u00e7ilm\u0259si v\u0259 onlara riyazi bilikl\u0259r\u0259 yiy\u0259l\u0259nm\u0259kd\u0259 yard\u0131m etm\u0259k; istedadl\u0131 u\u015faqlar\u0131n, g\u0259ncl\u0259rin vaxt\u0131nda a\u015fkar edilm\u0259si v\u0259 m\u00fc\u0259yy\u0259n elm v\u0259 t\u0259hsil fondlar\u0131n\u0131n onlar\u0131n t\u0259hsilin\u0259 yard\u0131m\u0131n\u0131 t\u0259\u015fkil etm\u0259k; m\u00fc\u0259llim-pedaqoji kollektivl\u0259rl\u0259 bu sah\u0259d\u0259 \u0259m\u0259kda\u015fl\u0131q etm\u0259k; riyaziyyat v\u0259 f\u0259ls\u0259f\u0259 \u00fczr\u0259 elml\u0259r doktoru v\u0259 professorlar\u0131 \u015fagirdl\u0259rin riyaziyyat sah\u0259sind\u0259 t\u0259hsilin\u0259 c\u0259lb etm\u0259k.<br \/>\nLayih\u0259 \u00e7\u0259r\u00e7iv\u0259sind\u0259 riyaziyyatdan elmi-populyar m\u00fchazir\u0259l\u0259rin v\u0259 \u015fagirdl\u0259rin haz\u0131rlad\u0131\u011f\u0131 m\u00f6vzular \u00fczr\u0259 seminarlar\u0131n t\u0259\u015fkili, \u015fagirdl\u0259r aras\u0131nda riyazi yar\u0131\u015flar\u0131n ke\u00e7irlirilm\u0259si n\u0259z\u0259rd\u0259 tutulur. Apar\u0131lan i\u015f n\u0259tic\u0259sind\u0259 \u0259ld\u0259 olunan materiallar \u00fczr\u0259 elmi-populyar bro\u015furlar\u0131n n\u0259\u015fri planla\u015fad\u0131r\u0131l\u0131r.<\/p>\n<p style=\"text-align: justify;\"><strong>T\u0259\u015fkilat komit\u0259si:<\/strong><\/p>\n<ul>\n<li style=\"text-align: justify;\">Misir M\u0259rdanov &#8211; AMEA-n\u0131n m\u00fcxbir \u00fczv\u00fc, Riyaziyyat v\u0259 Mexanika \u0130nstitutunun direktoru, professor;<\/li>\n<li style=\"text-align: justify;\">Nazim K\u0259rimov &#8211; X\u0259z\u0259r Univeristetinin professoru,\u00a0f-r.e.d;<\/li>\n<li style=\"text-align: justify;\">Vidadi Mirz\u0259yev &#8211;\u00a0AMEA Riyaziyyat v\u0259 Mexanika \u0130nstitutunun \u201cQeyri-harmonik analiz\u201d \u00a0 \u00a0 \u015f\u00f6b\u0259sinin apar\u0131c\u0131 elmi i\u015f\u00e7isi , f-r.e.n, dosent;<\/li>\n<li style=\"text-align: justify;\">Emina\u011fa M\u0259mm\u0259dov &#8211; AMEA Riyaziyyat v\u0259 Mexanika \u0130nstitutunun \u201cC\u0259br v\u0259 riyazi m\u0259ntiq\u201d \u015f\u00f6b\u0259sinin apar\u0131c\u0131 elmi i\u015f\u00e7i, riyaziyat \u00fczr\u0259 f\u0259ls\u0259f\u0259 doktoru;<\/li>\n<li style=\"text-align: justify;\">Qas\u0131mov Telman &#8211;\u00a0AMEA Riyaziyyat v\u0259 Mexanika \u0130nstitutunun \u201cQeyri-harmonik analiz\u201d \u015f\u00f6b\u0259sinin\u00a0apar\u0131c\u0131 elmi i\u015f\u00e7isi , f.r.e.n., dosent;<\/li>\n<li style=\"text-align: justify;\">M\u0259h\u0259rov \u0130brahim &#8211;\u00a0AMEA Riyaziyyat v\u0259 Mexanika \u0130nstitutunun\u00a0\u201cFunksiyalar n\u0259z\u0259riyy\u0259si\u201d \u015f\u00f6b\u0259si b\u00f6y\u00fck elmi i\u015f\u00e7isi ,f.-r.e.n.;<\/li>\n<li style=\"text-align: justify;\">Quliyev \u018fbd\u00fcrr\u0259him &#8211;\u00a0AMEA Riyaziyyat v\u0259 Mexanika \u0130nstitutunun\u00a0\u201cRiyazi-fizika t\u0259nlikl\u0259r\u201d \u015f\u00f6b\u0259si apar\u0131c\u0131 elmi i\u015f\u00e7isi, f.r.e.n.;<\/li>\n<li style=\"text-align: justify;\">M\u0259mm\u0259dli \u018fl\u0259ddin &#8211; Z\u0259rif\u0259 \u018fliyeva ad\u0131na liseyin m\u00fc\u0259llimi, \u0259m\u0259kdar m\u00fc\u0259llim;<\/li>\n<li style=\"text-align: justify;\">H\u0259s\u0259nov \u018fkb\u0259r &#8211; F.-r.e.n.,\u00a0Z\u0259rif\u0259 \u018fliyeva ad\u0131na liseyin \u00a0riyaziyyat m\u00fc\u0259llimi;<\/li>\n<\/ul>\n<p>&nbsp;<\/p>\n<p>&#8211; <a href=\"\/exp\/?page_id=10923\"><strong>Elanlar<\/strong><\/a><\/p>\n<p>&#8211;\u00a0<a href=\"\/exp\/?page_id=10833\"><strong>Elmi-populyar m\u00fchazir\u0259 v\u0259 seminar<\/strong><\/a><\/p>\n<p>&#8211;\u00a0<a href=\"\/exp\/?page_id=10839\"><strong>M\u00f6vzular<\/strong><\/a><\/p>\n<p>&#8211;\u00a0<a href=\"\/exp\/?page_id=10841\"><strong>M\u00fcsabiq\u0259<\/strong><\/a><\/p>\n<p>&#8211; <a href=\"\/exp\/?page_id=10843\"><strong>Arzu v\u0259 t\u0259klif<\/strong><\/a><\/p>\n<p><em>\u00a9 B\u00fct\u00fcn h\u00fcquqlar qorunur. X\u0259b\u0259rl\u0259rd\u0259n istifad\u0259 ed\u0259rk\u0259n www.imm.az sayt\u0131na istinad z\u0259ruridir.<\/em><\/p>\n","protected":false},"excerpt":{"rendered":"<p>Riyaziyyat\u0131n inki\u015faf\u0131 v\u0259 m\u00fcasir d\u00fcnyada geni\u015f t\u0259tbiqi, ist\u0259r m\u00fcasir texnologiyalar sah\u0259sind\u0259, ist\u0259r iqtisadiyyatda v\u0259 ist\u0259rs\u0259 d\u0259 c\u0259miyy\u0259tin dig\u0259r f\u0259aliyy\u0259t sah\u0259l\u0259rind\u0259 y\u00fcks\u0259k ixtisasl\u0131 d\u0259rin riyazi biliy\u0259 malik m\u00fct\u0259x\u0259ssisl\u0259rin haz\u0131rlanmas\u0131n\u0131 t\u0259l\u0259b edir. Respublikam\u0131zda riyaziyyat sah\u0259sind\u0259 m\u00fcasir t\u0259l\u0259bl\u0259r\u0259 uy\u011fun elmi-pedaqoji v\u0259 dig\u0259r m\u00fct\u0259x\u0259ssis haz\u0131rlanmas\u0131 bax\u0131m\u0131ndan g\u0259nc n\u0259sil aras\u0131nda riyaziyyat elminin t\u0259bli\u011finin b\u00f6y\u00fck \u0259h\u0259miyy\u0259ti var. T\u0259kc\u0259 orta m\u0259kt\u0259b riyaziyyat [&hellip;]<\/p>\n","protected":false},"author":6,"featured_media":0,"parent":10827,"menu_order":0,"comment_status":"closed","ping_status":"closed","template":"","meta":{"footnotes":""},"_links":{"self":[{"href":"https:\/\/www.imm.az\/exp\/wp-json\/wp\/v2\/pages\/10830"}],"collection":[{"href":"https:\/\/www.imm.az\/exp\/wp-json\/wp\/v2\/pages"}],"about":[{"href":"https:\/\/www.imm.az\/exp\/wp-json\/wp\/v2\/types\/page"}],"author":[{"embeddable":true,"href":"https:\/\/www.imm.az\/exp\/wp-json\/wp\/v2\/users\/6"}],"replies":[{"embeddable":true,"href":"https:\/\/www.imm.az\/exp\/wp-json\/wp\/v2\/comments?post=10830"}],"version-history":[{"count":5,"href":"https:\/\/www.imm.az\/exp\/wp-json\/wp\/v2\/pages\/10830\/revisions"}],"predecessor-version":[{"id":20198,"href":"https:\/\/www.imm.az\/exp\/wp-json\/wp\/v2\/pages\/10830\/revisions\/20198"}],"up":[{"embeddable":true,"href":"https:\/\/www.imm.az\/exp\/wp-json\/wp\/v2\/pages\/10827"}],"wp:attachment":[{"href":"https:\/\/www.imm.az\/exp\/wp-json\/wp\/v2\/media?parent=10830"}],"curies":[{"name":"wp","href":"https:\/\/api.w.org\/{rel}","templated":true}]}}