{"id":1227,"date":"2014-04-24T17:33:19","date_gmt":"2014-04-24T12:33:19","guid":{"rendered":"http:\/\/www.imm.az\/exp\/?page_id=1227"},"modified":"2014-05-13T10:40:46","modified_gmt":"2014-05-13T05:40:46","slug":"mehdi-abbas-oglu-m%c9%99mm%c9%99dov","status":"publish","type":"page","link":"https:\/\/www.imm.az\/exp\/r%c9%99hb%c9%99rlik\/mehdi-abbas-oglu-m%c9%99mm%c9%99dov\/","title":{"rendered":"Mehdi Abbas o\u011flu M\u0259mm\u0259dov"},"content":{"rendered":"<table style=\"border: none;\" width=\"90%\" cellspacing=\"0\">\n<tbody>\n<tr>\n<td width=\"19%\"><strong><img decoding=\"async\" alt=\"Mehdi Mammadov\" src=\"..\/..\/images\/stories\/avatars\/ava_3.jpg\" align=\"left\" border=\"0\" \/><\/strong><\/td>\n<td width=\"81%\">Riyaziyyat\u00e7\u0131<\/p>\n<p><strong>E-mail: <\/strong>mehdi-mma@rambler.ru<\/td>\n<\/tr>\n<tr>\n<td colspan=\"2\"><strong>Ad\u0131, atass\u0131n\u0131n ad\u0131, soyad\u0131<\/strong>: M\u0259mm\u0259dov Abbas o\u011flu Mehdi<\/p>\n<p><strong>Anadan oldu\u011fu\u00a0 il<\/strong>: 11 yanvar 1959 cu ild\u0259 Az\u0259rbaycan Yevlax \u015f\u0259h\u0259ri<\/p>\n<p><strong>T\u0259hsili: <\/strong>ali<\/p>\n<p><strong>T\u0259hsil ald\u0131\u011f\u0131 yer<\/strong>: Baki D\u00f6vl\u0259t Universiteti<\/p>\n<p><strong>\u0130xtisas\u0131: <\/strong>riyaziyyat\u00e7\u0131<\/p>\n<p><strong>\u0130\u015f<\/strong><strong> yeri: <\/strong>AMEA Riyaziyyat v\u0259 Mexanika \u0130nstitutu<\/p>\n<p><strong>V\u0259zif\u0259si: <\/strong>\u00dcmumi i\u015fl\u0259r \u00fczr\u0259 direktor m\u00fcavini<\/p>\n<p><strong>Ya\u015fad\u0131\u011f\u0131\u00a0 \u00fcnvan: <\/strong>Bak\u0131 \u015f. Bin\u0259q\u0259di q\u0259s\u0259b\u0259si, II m\u0259d\u0259n, 64 c\u00fc korpus, ev 234 \u201cB\u201d<\/p>\n<p><strong>E mail: <\/strong>mehdi-mma@rambler.ru<\/p>\n<p><strong>Telefon: <\/strong>(99412) 411-11-76<\/p>\n<p><strong>Ev: <\/strong>(99412) 539-92-74<\/p>\n<p><strong>\u0130\u015f: <\/strong>(99450) 315-54-96<\/p>\n<p><strong>mobil: <\/strong>(99455) 315-54-96<\/td>\n<\/tr>\n<\/tbody>\n<\/table>\n<p>&nbsp;<\/p>\n","protected":false},"excerpt":{"rendered":"<p>Riyaziyyat\u00e7\u0131 E-mail: mehdi-mma@rambler.ru Ad\u0131, atass\u0131n\u0131n ad\u0131, soyad\u0131: M\u0259mm\u0259dov Abbas o\u011flu Mehdi Anadan oldu\u011fu\u00a0 il: 11 yanvar 1959 cu ild\u0259 Az\u0259rbaycan Yevlax \u015f\u0259h\u0259ri T\u0259hsili: ali T\u0259hsil ald\u0131\u011f\u0131 yer: Baki D\u00f6vl\u0259t Universiteti \u0130xtisas\u0131: riyaziyyat\u00e7\u0131 \u0130\u015f yeri: AMEA Riyaziyyat v\u0259 Mexanika \u0130nstitutu V\u0259zif\u0259si: \u00dcmumi i\u015fl\u0259r \u00fczr\u0259 direktor m\u00fcavini Ya\u015fad\u0131\u011f\u0131\u00a0 \u00fcnvan: Bak\u0131 \u015f. Bin\u0259q\u0259di q\u0259s\u0259b\u0259si, II m\u0259d\u0259n, 64 c\u00fc [&hellip;]<\/p>\n","protected":false},"author":6,"featured_media":0,"parent":184,"menu_order":0,"comment_status":"open","ping_status":"open","template":"","meta":{"footnotes":""},"_links":{"self":[{"href":"https:\/\/www.imm.az\/exp\/wp-json\/wp\/v2\/pages\/1227"}],"collection":[{"href":"https:\/\/www.imm.az\/exp\/wp-json\/wp\/v2\/pages"}],"about":[{"href":"https:\/\/www.imm.az\/exp\/wp-json\/wp\/v2\/types\/page"}],"author":[{"embeddable":true,"href":"https:\/\/www.imm.az\/exp\/wp-json\/wp\/v2\/users\/6"}],"replies":[{"embeddable":true,"href":"https:\/\/www.imm.az\/exp\/wp-json\/wp\/v2\/comments?post=1227"}],"version-history":[{"count":9,"href":"https:\/\/www.imm.az\/exp\/wp-json\/wp\/v2\/pages\/1227\/revisions"}],"predecessor-version":[{"id":1836,"href":"https:\/\/www.imm.az\/exp\/wp-json\/wp\/v2\/pages\/1227\/revisions\/1836"}],"up":[{"embeddable":true,"href":"https:\/\/www.imm.az\/exp\/wp-json\/wp\/v2\/pages\/184"}],"wp:attachment":[{"href":"https:\/\/www.imm.az\/exp\/wp-json\/wp\/v2\/media?parent=1227"}],"curies":[{"name":"wp","href":"https:\/\/api.w.org\/{rel}","templated":true}]}}