{"id":1243,"date":"2014-04-24T17:50:00","date_gmt":"2014-04-24T12:50:00","guid":{"rendered":"http:\/\/www.imm.az\/exp\/?page_id=1243"},"modified":"2014-04-24T17:50:50","modified_gmt":"2014-04-24T12:50:50","slug":"tamilla-xav%c9%99r%c9%99n-qizi-h%c9%99s%c9%99nova","status":"publish","type":"page","link":"https:\/\/www.imm.az\/exp\/r%c9%99hb%c9%99rlik\/tamilla-xav%c9%99r%c9%99n-qizi-h%c9%99s%c9%99nova\/","title":{"rendered":"Tamilla Xav\u0259r\u0259n q\u0131z\u0131 H\u0259s\u0259nova"},"content":{"rendered":"<table style=\"border:none;\" width=\"100%\" border=\"0\" cellspacing=\"0\" cellpadding=\"0\" align=\"center\">\n<tbody>\n<tr>\n<td align=\"center\" valign=\"middle\" width=\"20%\"><strong><img decoding=\"async\" alt=\"Tamilla Hasanova\" src=\"..\/..\/images\/stories\/avatars\/ava_4.jpg\" align=\"left\" border=\"0\" \/><\/strong><\/td>\n<td width=\"84%\">Elmi katib,<br \/>\nFizika-riyaziyyat elml\u0259ri namiz\u0259di,<br \/>\ndosent<\/p>\n<p>Email: tamilla-togrul16@yahoo.com<\/td>\n<\/tr>\n<tr>\n<td colspan=\"2\" align=\"justify\"><strong>T\u0259v\u0259ll\u00fcd:<\/strong>14.02.1952-ci il (Bak\u0131 \u015f.)<\/p>\n<p><strong>T\u0259hsil:<\/strong> 1976- BDU mexanika-riyaziyyat fak\u00fclt\u0259sini bitirib.<br \/>\n1991- f-r.e.n. \u201c\u0418\u0441\u0441\u043b\u0435\u0434\u043e\u0432\u0430\u043d\u0438\u0435 \u043d\u0435\u043a\u043e\u0442\u043e\u0440\u044b\u0445 \u043b\u0438\u043d\u0435\u0439\u043d\u044b\u0445 \u043e\u043f\u0435\u0440\u0430\u0442\u043e\u0440\u043e\u0432 \u0432 \u0432\u0435\u0441\u043e\u0432\u044b\u0445\u043f\u0440\u043e\u0441\u0442\u0440\u0430\u043d\u0441\u0442\u0432\u0430\u0445 \u0446\u0435\u043b\u044b\u0445 \u0444\u0443\u043d\u043a\u0446\u0438\u0439 \u043c\u043d\u043e\u0433\u0438\u0445 \u043f\u0435\u0440\u0435\u043c\u0435\u043d\u043d\u044b\u0445\u201d<br \/>\n1992- dosent Riyazi analiz ixtisas\u0131 \u00fczr\u0259<\/p>\n<p>1970-ci ild\u0259n 1. Bil\u0259c\u0259ri q\u0259s. k\u0259nd soveti karg\u00fczar<br \/>\n2. BDU \u201cDiferensial v\u0259 inteqral t\u0259nlikl\u0259r\u201d kafedras\u0131nda metodist<br \/>\n1973- c\u00fc ild\u0259n h\/h kimi AMEA RM\u0130 ba\u015f laborant, b\u00f6y.e.i.<br \/>\n1981- elmi katib<br \/>\n60 elmi i\u015fin m\u00fc\u0259llifidir, onlardan 18 xaricd\u0259.<\/p>\n<p>AMEA RM\u0130 \u018fs\u0259rl\u0259ri jurnal\u0131n\u0131n redaksiya hey\u0259tinin \u00fczv\u00fc, Az\u0259rbaycan Riyaziyyat C\u0259miyy\u0259tinin elmi katibi, doktorluq dissertasiya \u015furas\u0131n\u0131n\u00a0 elmi katib, \u201cAbstracts of Mathematics: selected topics\u201d (F.Q.Maqsudov, R.S\u0259dirxanov, T.S.Hac\u0131yev 1991 317 s.) adl\u0131 kitab\u0131n texniki redaktorudur.<br \/>\n2002- AMEA-n\u0131n F\u0259xri F\u0259rman\u0131 il\u0259 t\u0259ltif olunub<br \/>\n2005- Az\u0259rb. Resp. Prezidentinin s\u0259r\u0259ncam\u0131 il\u0259 \u201cT\u0259r\u0259qqi\u201d m\u00fcedal\u0131 il\u0259 t\u0259ltif edilib<\/p>\n<p>1. \u041d\u0435\u0440\u0430\u0432\u0435\u043d\u0441\u0442\u0432\u0430 \u0442\u0438\u043f\u0430 \u0421.\u041d.\u0411\u0435\u0440\u043d\u0448\u0442\u0435\u0439\u043d\u0430 \u0432 \u0432\u0435\u0441\u043e\u0432\u043e\u043c \u043f\u0440\u043e\u0441\u0442\u0440\u0430\u043d\u0441\u0442\u0432\u0435 \u0446\u0435\u043b\u044b\u0445 \u0444\u0443\u043d\u043a\u0446\u0438\u0439 \u043c\u043d\u043e\u0433\u0438\u0445 \u043f\u0435\u0440\u0435\u043c\u0435\u043d\u043d\u044b\u0445. \u0414\u0435\u043f. \u0432 \u0412\u0418\u041d\u0418\u0422\u0418, \u041c\u043e\u0441\u043a\u0432\u0430,1982, \u2116200-82, 17\u0441.<br \/>\n2. \u041e \u0432\u0435\u0441\u043e\u0432\u044b\u0445 \u043f\u0440\u043e\u0441\u0442\u0440\u0430\u043d\u0441\u0442\u0432\u0430\u0445 \u0440\u0430\u0437\u043d\u044b\u0445 \u043c\u0435\u0442\u0440\u0438\u043a \u0434\u043b\u044f \u0446\u0435\u043b\u044b\u0445 \u0444\u0443\u043d\u043a\u0446\u0438\u0439 \u043c\u043d\u043e\u0433\u0438\u0445 \u043f\u0435\u0440\u0435\u043c\u0435\u043d\u043d\u044b\u0445 \u0418\u0437\u0432. \u0410\u041d \u0410\u0437\u0435\u0440\u0431. \u0420\u0435\u0441\u043f. \u0441\u0435\u0440. \u0444\u0438\u0437.-\u0442\u0435\u0445. \u0438 \u043c\u0430\u0442. \u043d\u0430\u0443\u043a, 1984, \u0442.5, \u21161, \u0441.13-16.<br \/>\n3. \u0418\u0441\u0441\u043b\u0435\u0434\u043e\u0432\u0430\u043d\u0438\u0435 \u043d\u0435\u043a\u043e\u0442\u043e\u0440\u044b\u0445 \u043b\u0438\u043d\u0435\u0439\u043d\u044b\u0445 \u043e\u043f\u0435\u0440\u0430\u0442\u043e\u0440\u043e\u0432 \u0432 \u0432\u0435\u0441\u043e\u0432\u044b\u0445 \u043f\u0440\u043e\u0441\u0442\u0440\u0430\u043d\u0441\u0442\u0432\u0430\u0445 \u0446\u0435\u043b\u044b\u0445 \u0444\u0443\u043d\u043a\u0446\u0438\u0439 \u043c\u043d\u043e\u0433\u0438\u0445 \u043f\u0435\u0440\u0435\u043c\u0435\u043d\u043d\u044b\u0445. \u0410\u0432\u0442\u043e\u0440\u0435\u0444\u0435\u0440\u0430\u0442 \u043a\u0430\u043d\u0434. \u0434\u0438\u0441\u0441. \u0411\u0430\u043a\u0443 1991, 16\u0441.<br \/>\n4. \u041e \u0433\u0440\u0430\u043d\u0438\u0447\u043d\u044b\u0445 \u0441\u0432\u043e\u0439\u0441\u0442\u0432\u0430\u0445 \u0441\u043e\u043f\u0440\u044f\u0436\u0435\u043d\u043d\u044b\u0445 \u043a\u043b\u0430\u0441\u0441\u043e\u0432 \u043e\u0431\u043e\u0431\u0449\u0435\u043d\u043d\u044b\u0445 \u0430\u043d\u0430\u043b\u0438\u0442\u0438\u0447\u0435\u0441\u043a\u0438\u0445 \u0444\u0443\u043d\u043a\u0446\u0438\u0439. \u0422\u0440\u0443\u0434\u044b \u0418\u041c\u041c \u041d\u0410\u041d \u0410\u0437., 1995, \u0411\u0430\u043a\u0443, \u0442.II, \u0441.165-169 (\u0441\u043e\u0432\u043c. \u041c\u0443\u0441\u0430\u0435\u0432 \u041a.\u041c.)<br \/>\n5. \u041e \u043d\u0435\u043a\u043e\u0442\u043e\u0440\u044b\u0445 \u0433\u0440\u0430\u043d\u0438\u0447\u043d\u044b\u0445 \u0441\u0432\u043e\u0439\u0441\u0442\u0432\u0430\u0445 \u043e\u0431\u043e\u0431\u0449\u0435\u043d\u043d\u044b\u0445 \u0430\u043d\u0430\u043b\u0438\u0442\u0438\u0447\u0435\u0441\u043a\u0438\u0445 \u0444\u0443\u043d\u043a\u0446\u0438\u0439. \u0418\u0437\u0432\u0435\u0441\u0442\u0438\u044f \u041d\u0410\u041d \u0410\u0437\u0435\u0440\u0431., 1996, \u0442.XVII, \u21161-3, \u0441.142-148. (\u0441\u043e\u0432\u043c. \u041c\u0443\u0441\u0430\u0435\u0432 \u041a.\u041c.)<br \/>\n6. Approximation by two dimensional Bernstein-Chlodowshy polynomials in triangle with mobile boundary. Trans. of NASA, 2000 Baku, v.XX, \u21164, p.47-51 (with Gadjieva E.A.)<br \/>\n7. On some boundary properties of generalized analytic functions Trans. of ASA, 2001 Baku, v.XXI, \u21161, p.133-137(\u0441\u043e\u0432\u043c. \u041c\u0443\u0441\u0430\u0435\u0432 \u041a.\u041c.)<br \/>\n8. On some boundary properties of a Cauchy-Stilltues type integral in a class of generalized analytic functions. Trans. of\u00a0 NASA, 2003, Baku, v.XXIII, \u21161, p.165-169 (\u0441\u043e\u0432\u043c. \u041c\u0443\u0441\u0430\u0435\u0432 \u041a.\u041c.)<br \/>\n9. On uniform approximations of generalized analytic functions by generalized polynomials. Trans. of\u00a0 NASA, 2004, Baku, v.XXIV, \u21167, p.155-160(\u0441\u043e\u0432\u043c. \u041c\u0443\u0441\u0430\u0435\u0432 \u041a.\u041c.)<br \/>\n10. On Lax-Milqram theorem. \u0414\u0438\u0444\u0444. \u0443\u0440\u0430\u0432\u043d. \u0438 \u0441\u043c\u0435\u0436\u043d\u044b\u0435 \u043f\u0440\u043e\u0431\u043b\u0435\u043c\u044b. \u0422\u0440\u0443\u0434\u044b \u043c\u0435\u0436\u0434. \u043a\u043e\u043d\u0444. 2008, \u0421\u0442\u0435\u0440\u043b\u0438\u0442\u0430\u043c\u0430\u043a, \u0442.II, 2008, \u0441.48-51.<\/p>\n<p>Bir \u00e7ox beyn\u0259lxalq v\u0259 respublika konfranslar\u0131n\u0131n i\u015ftirak\u00e7\u0131s\u0131 (Rusiya, Ukrayna, T\u00fcrkiy\u0259, \u0130ran, G\u00fcrc\u00fcstan).<br \/>\nT.X.H\u0259s\u0259nova funksiyalar n\u0259z\u0259riyy\u0259si sah\u0259sinin m\u00fct\u0259x\u0259ssisidir. O, \u00e7oxd\u0259yi\u015f\u0259nli funksiyalar\u0131n \u00e7\u0259kili f\u0259zalar\u0131nda funksiyan\u0131n indikator diaqram\u0131 terminind\u0259 Bern\u015fteyn v\u0259 Nikolski tipli \u00e7\u0259kili b\u0259rab\u0259rsizlikl\u0259r t\u0259yin etmi\u015fdir. \u00dcmumil\u0259\u015fmi\u015f \u00e7oxh\u0259dlil\u0259rd\u0259 analitik funksiyalar\u0131n yax\u0131nla\u015fmas\u0131n\u0131 \u00f6yr\u0259nmi\u015fdir.<\/td>\n<\/tr>\n<\/tbody>\n<\/table>\n","protected":false},"excerpt":{"rendered":"<p>Elmi katib, Fizika-riyaziyyat elml\u0259ri namiz\u0259di, dosent Email: tamilla-togrul16@yahoo.com T\u0259v\u0259ll\u00fcd:14.02.1952-ci il (Bak\u0131 \u015f.) T\u0259hsil: 1976- BDU mexanika-riyaziyyat fak\u00fclt\u0259sini bitirib. 1991- f-r.e.n. \u201c\u0418\u0441\u0441\u043b\u0435\u0434\u043e\u0432\u0430\u043d\u0438\u0435 \u043d\u0435\u043a\u043e\u0442\u043e\u0440\u044b\u0445 \u043b\u0438\u043d\u0435\u0439\u043d\u044b\u0445 \u043e\u043f\u0435\u0440\u0430\u0442\u043e\u0440\u043e\u0432 \u0432 \u0432\u0435\u0441\u043e\u0432\u044b\u0445\u043f\u0440\u043e\u0441\u0442\u0440\u0430\u043d\u0441\u0442\u0432\u0430\u0445 \u0446\u0435\u043b\u044b\u0445 \u0444\u0443\u043d\u043a\u0446\u0438\u0439 \u043c\u043d\u043e\u0433\u0438\u0445 \u043f\u0435\u0440\u0435\u043c\u0435\u043d\u043d\u044b\u0445\u201d 1992- dosent Riyazi analiz ixtisas\u0131 \u00fczr\u0259 1970-ci ild\u0259n 1. Bil\u0259c\u0259ri q\u0259s. k\u0259nd soveti karg\u00fczar 2. BDU \u201cDiferensial v\u0259 inteqral t\u0259nlikl\u0259r\u201d kafedras\u0131nda metodist 1973- c\u00fc ild\u0259n [&hellip;]<\/p>\n","protected":false},"author":6,"featured_media":0,"parent":184,"menu_order":0,"comment_status":"open","ping_status":"open","template":"","meta":{"footnotes":""},"_links":{"self":[{"href":"https:\/\/www.imm.az\/exp\/wp-json\/wp\/v2\/pages\/1243"}],"collection":[{"href":"https:\/\/www.imm.az\/exp\/wp-json\/wp\/v2\/pages"}],"about":[{"href":"https:\/\/www.imm.az\/exp\/wp-json\/wp\/v2\/types\/page"}],"author":[{"embeddable":true,"href":"https:\/\/www.imm.az\/exp\/wp-json\/wp\/v2\/users\/6"}],"replies":[{"embeddable":true,"href":"https:\/\/www.imm.az\/exp\/wp-json\/wp\/v2\/comments?post=1243"}],"version-history":[{"count":2,"href":"https:\/\/www.imm.az\/exp\/wp-json\/wp\/v2\/pages\/1243\/revisions"}],"predecessor-version":[{"id":1246,"href":"https:\/\/www.imm.az\/exp\/wp-json\/wp\/v2\/pages\/1243\/revisions\/1246"}],"up":[{"embeddable":true,"href":"https:\/\/www.imm.az\/exp\/wp-json\/wp\/v2\/pages\/184"}],"wp:attachment":[{"href":"https:\/\/www.imm.az\/exp\/wp-json\/wp\/v2\/media?parent=1243"}],"curies":[{"name":"wp","href":"https:\/\/api.w.org\/{rel}","templated":true}]}}