{"id":1300,"date":"2014-04-25T16:27:01","date_gmt":"2014-04-25T11:27:01","guid":{"rendered":"http:\/\/www.imm.az\/exp\/?page_id=1300"},"modified":"2018-07-09T10:54:54","modified_gmt":"2018-07-09T06:54:54","slug":"abbasov-eldar-mehdi-oglu","status":"publish","type":"page","link":"https:\/\/www.imm.az\/exp\/%c9%99m%c9%99kdaslar\/abbasov-eldar-mehdi-oglu\/","title":{"rendered":"Abbasov Eldar Mehdi oglu"},"content":{"rendered":"<p style=\"text-align: justify;\"><strong>Son be\u015f ild\u0259 \u00e7ap olunmu\u015f \u0259sas elmi i\u015fl\u0259rinin siyah\u0131s\u0131<\/strong><\/p>\n<p style=\"text-align: justify;\">1. Suleimanov B.A., Abbasov E.M., Aliyev N.S. Experimentalresearchesof relaxious fluids filtration in heterogeneous porous media \/\/ Journal of Engineering Physics, Vol.69, No.1, pp. 9-15 (1996). In Russian.<\/p>\n<p style=\"text-align: justify;\">2. Suleimanov B.A., Azizov Kh.F., Abbasov E.M. Slippage Effect During Gassed Oil Displacement \/\/ Energy Sources. &#8211; 1996. &#8211; Vol. 18, \u2116 7. &#8211; P. 773 &#8211; 779.<\/p>\n<p style=\"text-align: justify;\">3. Shakhverdiyev A.Kh., Panakhov G.M., Suleimanov B.A., Abbasov E.M. \/\/ Method of Oil Field Development \/\/ Patent of Russian Federation. No. 2125154.<\/p>\n<p style=\"text-align: justify;\">4. Shakhverdiyev A.Kh., Panakhov G.M., Abbasov E.M. Synergetic phenomena on systemic bed stimulation by thermo-rheochemical technologies \/\/ Oil Industry Magazine, Moscow \/ No.11. \u2013 2002. pp. 61-65<\/p>\n<p style=\"text-align: justify;\">5. Bakhtiyarov S.I., Panahov G.M., Abbasov E.M., 2005, Rheological Characterization of Viscoelastic Composite Systems Used in Oil Industry in the book \u201cCharacterization of Materials Metals and Minerals\u201d, M. E. Schlesinger, ed., TMS Publications.<\/p>\n<p style=\"text-align: justify;\">6. Bakhtiyarov S. I., Shakhverdiyev, \u0410. K., Panakhov G.M. and Abbasov E.M., 2006, Oil Recovery by In-Situ Gas Generation: Volume and Pressure Measurement, ASME Joint U.S.-European Fluids Engineering Summer Meeting, Miami, FL, July 17-20, 2006, Paper # FEDSM 2006-98359.<\/p>\n<p style=\"text-align: justify;\">7. Bakhtiyarov S.I., Shakhverdiyev\u0410.Kh., Panakhov G.M., Abbasov E.M. Volume and Pressure Measurements in Oil Recovery by In-Situ Gas Generation \/\/ International Journal of Manufacturing Science and Technology, Vol. 1, No. 1, June, 2007. &#8211; pp. 1-11.<\/p>\n<p style=\"text-align: justify;\">8. Bakhtiyarov S.I., Shakhverdiyev A.Kh., Panakhov G.M., Abbasov E.M. Polymer\/Surfactant Effects on Generated Volume and Pressure of CO2 in EOR Technology \/\/ 6th Symposium on Transport Phenomena in Manufacturing Processes, 5th Joint 2007 ASME\/JSME Fluids Engineering Summer Meeting, San Diego, CA, July 30-August 2, 2007.<\/p>\n<p style=\"text-align: justify;\">9. Shahverdiev A.Kh., Panahov, G.M., Abbasov, E.M., Rasulova S.R. Regulation of viscosity anomalies in heterogeneous hydrocarbon compositions \/\/ Bulletin of the Russian Academy of Natural Sciences, \u21161, 2014. &#8211; pp. 28 &#8211; 33.<\/p>\n<p style=\"text-align: justify;\">10. Shahverdiev A.Kh., Panahov, G.M., Renqi Jiang, Bakhtiyarov, S.\u0130., Abbasov, E.M. Advanced EOR technology for in-situ generation of CO2 \/\/ Oil industry Journal (Russia), \u2116 6, 2014. \u2013 pp. 14 \u2013 18.<\/p>\n<p style=\"text-align: justify;\">11. Bakhtiyarov S.I., Dennis Siginer, Pahahov G.M., Abbasov E.M. The effect of gas evolut\u0131on on hydraul\u0131c character\u0131st\u0131cs of flu\u0131d flow \u0131n the p\u0131pel\u0131ne \/\/ Proceedings of ASME\/IMECE International Mechanical Engineering Congress &amp; Exposition, Phoenix, Arizona, November 11 \u2013 17, 2016.<\/p>\n<p style=\"text-align: justify;\">12. \u041f\u0430\u043d\u0430\u0445\u043e\u0432 \u0413.\u041c., \u0410\u0431\u0431\u0430\u0441\u043e\u0432 \u042d.\u041c., \u042e\u0437\u0431\u0430\u0448\u0438\u0435\u0432\u0430 \u0410.\u041e., \u0420\u0430\u0441\u0443\u043b\u043e\u0432\u0430 \u0421.\u0420., \u0413\u0443\u0441\u0435\u0439\u043d\u043e\u0432 \u0412.\u0413. \u0420\u0435\u043e\u043b\u043e\u0433\u0438\u0447\u0435\u0441\u043a\u0438\u0435 \u0441\u0432\u043e\u0439\u0441\u0442\u0432\u0430 \u0441\u0442\u0440\u0443\u043a\u0442\u0443\u0440\u043e\u043e\u0431\u0440\u0430\u0437\u0443\u044e\u0449\u0438\u0445 \u0434\u0438\u0441\u043f\u0435\u0440\u0441\u043d\u044b\u0445 \u0441\u0438\u0441\u0442\u0435\u043c \/\/ \u041d\u0435\u0444\u0442\u0435\u0433\u0430\u0437\u043e\u0432\u043e\u0435 \u0434\u0435\u043b\u043e, \u21162, 2016. &#8211; C. 133-141.<\/p>\n","protected":false},"excerpt":{"rendered":"<p>Son be\u015f ild\u0259 \u00e7ap olunmu\u015f \u0259sas elmi i\u015fl\u0259rinin siyah\u0131s\u0131 1. Suleimanov B.A., Abbasov E.M., Aliyev N.S. Experimentalresearchesof relaxious fluids filtration in heterogeneous porous media \/\/ Journal of Engineering Physics, Vol.69, No.1, pp. 9-15 (1996). In Russian. 2. Suleimanov B.A., Azizov Kh.F., Abbasov E.M. Slippage Effect During Gassed Oil Displacement \/\/ Energy Sources. &#8211; 1996. &#8211; [&hellip;]<\/p>\n","protected":false},"author":6,"featured_media":0,"parent":260,"menu_order":0,"comment_status":"open","ping_status":"open","template":"","meta":{"footnotes":""},"_links":{"self":[{"href":"https:\/\/www.imm.az\/exp\/wp-json\/wp\/v2\/pages\/1300"}],"collection":[{"href":"https:\/\/www.imm.az\/exp\/wp-json\/wp\/v2\/pages"}],"about":[{"href":"https:\/\/www.imm.az\/exp\/wp-json\/wp\/v2\/types\/page"}],"author":[{"embeddable":true,"href":"https:\/\/www.imm.az\/exp\/wp-json\/wp\/v2\/users\/6"}],"replies":[{"embeddable":true,"href":"https:\/\/www.imm.az\/exp\/wp-json\/wp\/v2\/comments?post=1300"}],"version-history":[{"count":3,"href":"https:\/\/www.imm.az\/exp\/wp-json\/wp\/v2\/pages\/1300\/revisions"}],"predecessor-version":[{"id":19786,"href":"https:\/\/www.imm.az\/exp\/wp-json\/wp\/v2\/pages\/1300\/revisions\/19786"}],"up":[{"embeddable":true,"href":"https:\/\/www.imm.az\/exp\/wp-json\/wp\/v2\/pages\/260"}],"wp:attachment":[{"href":"https:\/\/www.imm.az\/exp\/wp-json\/wp\/v2\/media?parent=1300"}],"curies":[{"name":"wp","href":"https:\/\/api.w.org\/{rel}","templated":true}]}}