{"id":1312,"date":"2014-04-25T17:02:33","date_gmt":"2014-04-25T12:02:33","guid":{"rendered":"http:\/\/www.imm.az\/exp\/?page_id=1312"},"modified":"2017-05-16T14:55:15","modified_gmt":"2017-05-16T10:55:15","slug":"aliev-soltan-ali","status":"publish","type":"page","link":"https:\/\/www.imm.az\/exp\/%c9%99m%c9%99kdaslar\/aliev-soltan-ali\/","title":{"rendered":"\u018fliyev Soltan \u018fli o\u011flu"},"content":{"rendered":"<p><strong>Son be\u015f ild\u0259 \u00e7ap olunmu\u015f \u0259sas elmi i\u015fl\u0259rinin siyah\u0131s\u0131<br \/>\n<\/strong><\/p>\n<p style=\"text-align: justify;\">1.On asymptotic behavior of conditional probability of crossing the nonlinear boundary by perturbed random walk, Theory of Stochastic processes, 17(34),2011, p.5-11(h\u0259mm\u00fc\u0259llifl\u0259r F.R\u0259himov,M.Navidi)<\/p>\n<p style=\"text-align: justify;\">2.Limit theorems and transitional phenomen in the theory of branching processes. Mathematical Studies, Monograph Series, V.XIV, VNTL Publishers, 2010, 256 p (h\u0259mm\u00fc\u0259llifl\u0259r Y.I.Yeleyko, I.B.Bazylevych)<\/p>\n<p style=\"text-align: justify;\">3.Asymptotic behavior of conditional probability of the nonlinear boundary crossing by a random walk, Theory of Stochastic processes, 16(32),2010, \u21161, p.12-17(h\u0259mm\u00fc\u0259llifl\u0259r T.Hashimova)<\/p>\n<p style=\"text-align: justify;\">4.Improved Modeling for Prediction of Water Transmission Failure Nova Science Publications, USA, 2010, p28-36. (h\u0259mm\u00fc\u0259llifl\u0259r K.H.Asli, F.B.Nagiyev)<\/p>\n<p style=\"text-align: justify;\">5.Improved modeling for pressure drop in microtubes, Pakistan journal of scientific and Industrial research, vol.55, \u21161, 2012, p.36-42\u00a0 (h\u0259mm\u00fc\u0259llifl\u0259r K.H.Asli, F.B.Nagiyev, A.K.Haghi)<\/p>\n<p style=\"text-align: justify;\">6.A numerical study on heat transfer in microtubes, Journ. of the Balkan Tribologicla Association, v. 16,\u00a0 \u21161, 2010, p.9-19 (h\u0259mm\u00fc\u0259llifl\u0259r Asli K.H., Nagiyev F.B., Haghi A.K.)<\/p>\n<p style=\"text-align: justify;\">7.Improved Modeling for prediction of water transmission failure? Novo Science Publications, USA, 2010, p.28-36 (h\u0259mm\u00fc\u0259llifl\u0259r Asli K.H., Nagiyev F.B.)<\/p>\n<p style=\"text-align: justify;\">8.Modeling of fluid interaction prodused by water hammer, Int. Journ. Of Chemo informatics and chemical Engineering, USA, v.1, \u21161, 2011, p.29-41. (h\u0259mm\u00fc\u0259llifl\u0259r Asli K.H., Nagiyev F.B., Haghi A.K.)<\/p>\n<p style=\"text-align: justify;\">9.Mathematical Concepts for mechanical engineering design, Apple Academic Press, USA, 223p., 2014. (h\u0259mm\u00fc\u0259llifl\u0259r K.H.Asli, Sahleh H.)<\/p>\n<p style=\"text-align: justify;\">10.Applied Research in Hydraulics and Heat Flow, Apple Academic Press, USA, 2014, 364 p. (h\u0259mm\u00fc\u0259llif Kaveh H.A.)<\/p>\n<p style=\"text-align: justify;\">11.Flued mechanics and heat transfer. Apple Academic Press, USA, 2015,234p. Asl\u0131 K.H.<\/p>\n<ol start=\"12\">\n<li style=\"text-align: justify;\">\u0130nteqral limit theorems for the first passage time of the Markov chain dor level and their applications.\/\/ \u0130nternational Journal of modern trends in engineering and research, V.3, \u0130ssue 3; 2016, p. 526-532. Rustamov Y.\u0130.<\/li>\n<\/ol>\n","protected":false},"excerpt":{"rendered":"<p>Son be\u015f ild\u0259 \u00e7ap olunmu\u015f \u0259sas elmi i\u015fl\u0259rinin siyah\u0131s\u0131 1.On asymptotic behavior of conditional probability of crossing the nonlinear boundary by perturbed random walk, Theory of Stochastic processes, 17(34),2011, p.5-11(h\u0259mm\u00fc\u0259llifl\u0259r F.R\u0259himov,M.Navidi) 2.Limit theorems and transitional phenomen in the theory of branching processes. Mathematical Studies, Monograph Series, V.XIV, VNTL Publishers, 2010, 256 p (h\u0259mm\u00fc\u0259llifl\u0259r Y.I.Yeleyko, I.B.Bazylevych) [&hellip;]<\/p>\n","protected":false},"author":6,"featured_media":0,"parent":260,"menu_order":0,"comment_status":"open","ping_status":"open","template":"","meta":{"footnotes":""},"_links":{"self":[{"href":"https:\/\/www.imm.az\/exp\/wp-json\/wp\/v2\/pages\/1312"}],"collection":[{"href":"https:\/\/www.imm.az\/exp\/wp-json\/wp\/v2\/pages"}],"about":[{"href":"https:\/\/www.imm.az\/exp\/wp-json\/wp\/v2\/types\/page"}],"author":[{"embeddable":true,"href":"https:\/\/www.imm.az\/exp\/wp-json\/wp\/v2\/users\/6"}],"replies":[{"embeddable":true,"href":"https:\/\/www.imm.az\/exp\/wp-json\/wp\/v2\/comments?post=1312"}],"version-history":[{"count":3,"href":"https:\/\/www.imm.az\/exp\/wp-json\/wp\/v2\/pages\/1312\/revisions"}],"predecessor-version":[{"id":12846,"href":"https:\/\/www.imm.az\/exp\/wp-json\/wp\/v2\/pages\/1312\/revisions\/12846"}],"up":[{"embeddable":true,"href":"https:\/\/www.imm.az\/exp\/wp-json\/wp\/v2\/pages\/260"}],"wp:attachment":[{"href":"https:\/\/www.imm.az\/exp\/wp-json\/wp\/v2\/media?parent=1312"}],"curies":[{"name":"wp","href":"https:\/\/api.w.org\/{rel}","templated":true}]}}