{"id":1318,"date":"2014-04-25T17:38:53","date_gmt":"2014-04-25T12:38:53","guid":{"rendered":"http:\/\/www.imm.az\/exp\/?page_id=1318"},"modified":"2014-06-20T12:22:38","modified_gmt":"2014-06-20T07:22:38","slug":"aliyev-ilqar","status":"publish","type":"page","link":"https:\/\/www.imm.az\/exp\/%c9%99m%c9%99kdaslar\/aliyev-ilqar\/","title":{"rendered":"\u018fliyev \u0130lqar Y\u0259hya"},"content":{"rendered":"<p><strong>Son be\u015f ild\u0259 \u00e7ap olunmu\u015f \u0259sas elmi i\u015fl\u0259rinin siyah\u0131s\u0131<\/strong><\/p>\n<ol>\n<li>\u018fliyev \u0130.Y., Musayev X.\u0130., Calalov M.C. Yat\u0131q \u00f6rt\u00fckl\u00fc konstruksiyalarda bir elementin hesabat\u0131. Odlar Yurdu Universiteti,Elmi v\u0259 pedoqoji x\u0259b\u0259rl\u0259ri,\u211624, Bak\u0131-2008.<\/li>\n<li>\u018fliyev \u0130.Y., Musayev X.\u0130., Calalov M.C. Silindrik \u00f6rt\u00fckl\u0259r n\u0259z\u0259riyy\u0259sind\u0259ki fiziki t\u0259nlikl\u0259rin ara\u015fd\u0131r\u0131lmas\u0131 Az\u0259rbaycan Ali Texniki m\u0259kt\u0259bl\u0259rinin x\u0259b\u0259rl\u0259ri. 2011, s\u0259h 80-83<\/li>\n<\/ol>\n","protected":false},"excerpt":{"rendered":"<p>Son be\u015f ild\u0259 \u00e7ap olunmu\u015f \u0259sas elmi i\u015fl\u0259rinin siyah\u0131s\u0131 \u018fliyev \u0130.Y., Musayev X.\u0130., Calalov M.C. Yat\u0131q \u00f6rt\u00fckl\u00fc konstruksiyalarda bir elementin hesabat\u0131. Odlar Yurdu Universiteti,Elmi v\u0259 pedoqoji x\u0259b\u0259rl\u0259ri,\u211624, Bak\u0131-2008. \u018fliyev \u0130.Y., Musayev X.\u0130., Calalov M.C. Silindrik \u00f6rt\u00fckl\u0259r n\u0259z\u0259riyy\u0259sind\u0259ki fiziki t\u0259nlikl\u0259rin ara\u015fd\u0131r\u0131lmas\u0131 Az\u0259rbaycan Ali Texniki m\u0259kt\u0259bl\u0259rinin x\u0259b\u0259rl\u0259ri. 2011, s\u0259h 80-83<\/p>\n","protected":false},"author":6,"featured_media":0,"parent":260,"menu_order":0,"comment_status":"open","ping_status":"open","template":"","meta":{"footnotes":""},"_links":{"self":[{"href":"https:\/\/www.imm.az\/exp\/wp-json\/wp\/v2\/pages\/1318"}],"collection":[{"href":"https:\/\/www.imm.az\/exp\/wp-json\/wp\/v2\/pages"}],"about":[{"href":"https:\/\/www.imm.az\/exp\/wp-json\/wp\/v2\/types\/page"}],"author":[{"embeddable":true,"href":"https:\/\/www.imm.az\/exp\/wp-json\/wp\/v2\/users\/6"}],"replies":[{"embeddable":true,"href":"https:\/\/www.imm.az\/exp\/wp-json\/wp\/v2\/comments?post=1318"}],"version-history":[{"count":2,"href":"https:\/\/www.imm.az\/exp\/wp-json\/wp\/v2\/pages\/1318\/revisions"}],"predecessor-version":[{"id":2458,"href":"https:\/\/www.imm.az\/exp\/wp-json\/wp\/v2\/pages\/1318\/revisions\/2458"}],"up":[{"embeddable":true,"href":"https:\/\/www.imm.az\/exp\/wp-json\/wp\/v2\/pages\/260"}],"wp:attachment":[{"href":"https:\/\/www.imm.az\/exp\/wp-json\/wp\/v2\/media?parent=1318"}],"curies":[{"name":"wp","href":"https:\/\/api.w.org\/{rel}","templated":true}]}}