{"id":1325,"date":"2014-04-25T17:45:15","date_gmt":"2014-04-25T12:45:15","guid":{"rendered":"http:\/\/www.imm.az\/exp\/?page_id=1325"},"modified":"2020-02-10T13:16:01","modified_gmt":"2020-02-10T09:16:01","slug":"bagirov-emin-telman-oglu","status":"publish","type":"page","link":"https:\/\/www.imm.az\/exp\/%c9%99m%c9%99kdaslar\/bagirov-emin-telman-oglu\/","title":{"rendered":"Bagirov Emin Telman oglu"},"content":{"rendered":"<p><strong>Son be\u015f ild\u0259 \u00e7ap olunmu\u015f \u0259sas elmi i\u015fl\u0259rinin siyah\u0131s\u0131<\/strong><\/p>\n<p style=\"text-align: justify;\">1. \u042d.\u0422.\u0411\u0430\u0433\u0438\u0440\u043e\u0432. \u041a\u043e\u0440\u0440\u043e\u0437\u0438\u043e\u043d\u043d\u043e\u0435 \u0440\u0430\u0437\u0440\u0443\u0448\u0435\u043d\u0438\u0435 \u043f\u0440\u0438\u0437\u043c\u0430\u0442\u0438\u0447\u0435\u0441\u043a\u043e\u0433\u043e \u0431\u0440\u0443\u0441\u0430 \u043a\u0440\u0443\u0433\u043e\u0432\u043e\u0433\u043e \u043f\u043e\u043f\u0435\u0440\u0435\u0447\u043d\u043e\u0433\u043e \u0441\u0435\u0447\u0435\u043d\u0438\u044f \u043f\u0440\u0438 \u0447\u0438\u0441\u0442\u043e\u043c \u0438\u0437\u0433\u0438\u0431\u0435 \/\/ \u0412\u043e\u0441\u0442\u043e\u0447\u043d\u043e-\u0415\u0432\u0440\u043e\u043f\u0435\u0439\u0441\u043a\u0438\u0439 \u0436\u0443\u0440\u043d\u0430\u043b \u043f\u0435\u0440\u0435\u0434\u043e\u0432\u044b\u0445 \u0442\u0435\u0445\u043d\u043e\u043b\u043e\u0433\u0438\u0439, 2015, Vol.2, \u21167(74), c.56-61<\/p>\n<p style=\"text-align: justify;\">2. \u042d.\u0422.\u0411\u0430\u0433\u0438\u0440\u043e\u0432. \u041e \u0440\u0430\u0437\u0440\u0443\u0448\u0435\u043d\u0438\u0438 \u0431\u0435\u0441\u043a\u043e\u043d\u0435\u0447\u043d\u043e\u0439 \u043f\u043b\u0430\u0441\u0442\u0438\u043d\u044b \u0432 \u0432\u044b\u0441\u043e\u043a\u043e\u0442\u0435\u043c\u043f\u0435\u0440\u0430\u0442\u0443\u0440\u043d\u043e\u0439 \u043a\u043e\u0440\u0440\u043e\u0437\u0438\u043e\u043d\u043d\u043e\u0439 \u0441\u0440\u0435\u0434\u0435 \/\/ Qafqaz Universitetinin \u0259s\u0259rl\u0259ri, Vol.3, \u21161, 2015, \u0441.12-17<\/p>\n<p style=\"text-align: justify;\">3. \u042d.\u0422.\u0411\u0430\u0433\u0438\u0440\u043e\u0432. \u041a\u043e\u0440\u0440\u043e\u0437\u0438\u043e\u043d\u043d\u043e\u0435 \u0440\u0430\u0441\u0442\u0440\u0435\u0441\u043a\u0438\u0432\u0430\u043d\u0438\u0435 \u044d\u043b\u0435\u043c\u0435\u043d\u0442\u043e\u0432 \u043a\u043e\u043d\u0441\u0442\u0440\u0443\u043a\u0446\u0438\u0439 \u043f\u0440\u0438 \u043d\u0435\u0441\u0442\u0430\u0446\u0438\u043e\u043d\u0430\u0440\u043d\u043e\u043c \u0438\u0437\u043c\u0435\u043d\u0435\u043d\u0438\u0438 \u043f\u043e\u043b\u044f \u0442\u0435\u043c\u043f\u0435\u0440\u0430\u0442\u0443\u0440\u044b \/\/ \u0410\u0432\u0442\u043e\u0440\u0435\u0444\u0435\u0440\u0430\u0442 \u043d\u0430 \u0441\u043e\u0438\u0441\u043a\u0430\u043d\u0438\u0435 \u0441\u0442\u0435\u043f\u0435\u043d\u0438 \u0434\u043e\u043a\u0442\u043e\u0440\u0430 \u0444\u0438\u043b\u043e\u0441\u043e\u0444\u0438\u0438 \u043f\u043e \u043c\u0435\u0445\u0430\u043d\u0438\u043a\u0435, \u0411\u0430\u043a\u0443, 2016, \u0441.3-20<\/p>\n<p style=\"text-align: justify;\">4.\u00a0 \u00a0ET Bagirov, Surkay D.Akbarov, Alizade I.Seyfullayev. The response of an infinite elastic medium with inhomogeneous initial stresses to moving ring load acting in a cylindrical cavity \/ Proceedings of the 6<sup>th<\/sup> International Conference on Control and Optimization with Industrial Applications, vol.II, 11-13 July, 2018, Baku, Azerbaijan, p-92-94<\/p>\n<p style=\"text-align: justify;\">5. \u00a0 <a href=\"https:\/\/www.sciencedirect.com\/science\/article\/abs\/pii\/S0022460X19301555#!\">S.D.Akbarov<\/a>, <a href=\"https:\/\/www.sciencedirect.com\/science\/article\/abs\/pii\/S0022460X19301555#!\">E.T.Bagirov<\/a>. Axisymmetric longitudinal wave dispersion in a bi-layered circular cylinder with inhomogeneous initial stresses \/\/ Journal of Sound and Vibration, <a href=\"https:\/\/www.sciencedirect.com\/science\/journal\/0022460X\/450\/supp\/C\">Volume 450<\/a>,\u00a023 June 2019, Pages 1-27, Imp.f. 3.123 Elsevier<\/p>\n<p style=\"text-align: justify;\">6.\u00a0 \u00a0Emin T. Bagirov, Surkay D. Akbarov, Muslum Ozisik. Dynamics of the Moving Ring Load Acting in the System \u201cHollow Cylinder + Surrounding Medium\u201d with Inhomogeneous Initial Stresses \/\/ CMC: Computers, Materials &amp; Continua, Vol. 61, No. 2, pp.503-534, Imp. Fac. 3.024, \u201cWeb of Sciences\u201d, \u201cScopus\u201d<\/p>\n<p style=\"text-align: justify;\">7.\u00a0 \u00a0Emin T. Bagirov<strong>, <\/strong>Surkay D. Akbarov. Forced Vibration of the Non-Homogeneously Pre-Stressed System Consisting of the Hollow Cylinder and Surrounding Medium \/\/ CMES: Computer Modeling in Engineering &amp; Sciences, Vol. 121, No. 1, 2019 ,p.315-348, Imp.f. 0,796, \u201cWeb of Sciences\u201d, \u201cScopus\u201d<\/p>\n<p style=\"text-align: justify;\">8.\u00a0 \u00a0SD Akbarov, E Bagirov. The influence of of inhomogeneous initial stresses onthe dispersion of axisymmetric longitudinal wave propagating in the hollow cylinder \/ 21.Ulusal Mekanik Kongresi, Ni\u011fde \u00d6mer Halisdemir \u00dcniversitesi, T\u00fcrkiy\u0259, 02-06 Sentyabr, 2019<\/p>\n<p style=\"text-align: justify;\">9.\u00a0 \u00a0S.D.AKBAROV, E.T.BAGIROV. Forced Vibration of The \u201cHollow Cylinder + Surrounding Medium\u201d System with Inhomogeneous Initial Stresses \/ International Conference \u201cModern Problem of Mathematics and Mechanics\u201d devoted to the 60<sup>th<\/sup> anniversary of the Institute of Mathematics and Mechanics, 23-25 October, 2019, p.72-73<\/p>\n<p style=\"text-align: justify;\">10.\u00a0 \u00a0Surkay D. Akbarov, Emin T. Bagirov. Dispersion of axisymmetric longitudinal waves in a \u201chollow cylinder + surrounding medium\u201d system with inhomogeneous initial stresses \/\/ Structural Engineering and Mechanics, vol.72, \u21165, 2019, p.597-615<\/p>\n<p style=\"text-align: justify;\">11.\u00a0 \u00a0SURKAY D. AKBAROV, E. Bagirov. The influence of the inhomogeneous residual stresses appearing as a result of contacting of the cut on the dispersion of axisymmetric longitudinal waves in the bi-layered hollow cylinder \/ Yildiz Technical University, Yildiz Campus, 34349, Besiktas, Istanbul-Turkey, 2019<\/p>\n\n\n<p><\/p>\n","protected":false},"excerpt":{"rendered":"<p>Son be\u015f ild\u0259 \u00e7ap olunmu\u015f \u0259sas elmi i\u015fl\u0259rinin siyah\u0131s\u0131 1. \u042d.\u0422.\u0411\u0430\u0433\u0438\u0440\u043e\u0432. \u041a\u043e\u0440\u0440\u043e\u0437\u0438\u043e\u043d\u043d\u043e\u0435 \u0440\u0430\u0437\u0440\u0443\u0448\u0435\u043d\u0438\u0435 \u043f\u0440\u0438\u0437\u043c\u0430\u0442\u0438\u0447\u0435\u0441\u043a\u043e\u0433\u043e \u0431\u0440\u0443\u0441\u0430 \u043a\u0440\u0443\u0433\u043e\u0432\u043e\u0433\u043e \u043f\u043e\u043f\u0435\u0440\u0435\u0447\u043d\u043e\u0433\u043e \u0441\u0435\u0447\u0435\u043d\u0438\u044f \u043f\u0440\u0438 \u0447\u0438\u0441\u0442\u043e\u043c \u0438\u0437\u0433\u0438\u0431\u0435 \/\/ \u0412\u043e\u0441\u0442\u043e\u0447\u043d\u043e-\u0415\u0432\u0440\u043e\u043f\u0435\u0439\u0441\u043a\u0438\u0439 \u0436\u0443\u0440\u043d\u0430\u043b \u043f\u0435\u0440\u0435\u0434\u043e\u0432\u044b\u0445 \u0442\u0435\u0445\u043d\u043e\u043b\u043e\u0433\u0438\u0439, 2015, Vol.2, \u21167(74), c.56-61 2. \u042d.\u0422.\u0411\u0430\u0433\u0438\u0440\u043e\u0432. \u041e \u0440\u0430\u0437\u0440\u0443\u0448\u0435\u043d\u0438\u0438 \u0431\u0435\u0441\u043a\u043e\u043d\u0435\u0447\u043d\u043e\u0439 \u043f\u043b\u0430\u0441\u0442\u0438\u043d\u044b \u0432 \u0432\u044b\u0441\u043e\u043a\u043e\u0442\u0435\u043c\u043f\u0435\u0440\u0430\u0442\u0443\u0440\u043d\u043e\u0439 \u043a\u043e\u0440\u0440\u043e\u0437\u0438\u043e\u043d\u043d\u043e\u0439 \u0441\u0440\u0435\u0434\u0435 \/\/ Qafqaz Universitetinin \u0259s\u0259rl\u0259ri, Vol.3, \u21161, 2015, \u0441.12-17 3. \u042d.\u0422.\u0411\u0430\u0433\u0438\u0440\u043e\u0432. \u041a\u043e\u0440\u0440\u043e\u0437\u0438\u043e\u043d\u043d\u043e\u0435 \u0440\u0430\u0441\u0442\u0440\u0435\u0441\u043a\u0438\u0432\u0430\u043d\u0438\u0435 \u044d\u043b\u0435\u043c\u0435\u043d\u0442\u043e\u0432 \u043a\u043e\u043d\u0441\u0442\u0440\u0443\u043a\u0446\u0438\u0439 \u043f\u0440\u0438 [&hellip;]<\/p>\n","protected":false},"author":6,"featured_media":0,"parent":260,"menu_order":0,"comment_status":"open","ping_status":"open","template":"","meta":{"footnotes":""},"_links":{"self":[{"href":"https:\/\/www.imm.az\/exp\/wp-json\/wp\/v2\/pages\/1325"}],"collection":[{"href":"https:\/\/www.imm.az\/exp\/wp-json\/wp\/v2\/pages"}],"about":[{"href":"https:\/\/www.imm.az\/exp\/wp-json\/wp\/v2\/types\/page"}],"author":[{"embeddable":true,"href":"https:\/\/www.imm.az\/exp\/wp-json\/wp\/v2\/users\/6"}],"replies":[{"embeddable":true,"href":"https:\/\/www.imm.az\/exp\/wp-json\/wp\/v2\/comments?post=1325"}],"version-history":[{"count":5,"href":"https:\/\/www.imm.az\/exp\/wp-json\/wp\/v2\/pages\/1325\/revisions"}],"predecessor-version":[{"id":30248,"href":"https:\/\/www.imm.az\/exp\/wp-json\/wp\/v2\/pages\/1325\/revisions\/30248"}],"up":[{"embeddable":true,"href":"https:\/\/www.imm.az\/exp\/wp-json\/wp\/v2\/pages\/260"}],"wp:attachment":[{"href":"https:\/\/www.imm.az\/exp\/wp-json\/wp\/v2\/media?parent=1325"}],"curies":[{"name":"wp","href":"https:\/\/api.w.org\/{rel}","templated":true}]}}