{"id":1328,"date":"2014-04-29T15:03:55","date_gmt":"2014-04-29T10:03:55","guid":{"rendered":"http:\/\/www.imm.az\/exp\/?page_id=1328"},"modified":"2017-05-16T13:12:39","modified_gmt":"2017-05-16T09:12:39","slug":"bilalov-bilal-telman-oglu","status":"publish","type":"page","link":"https:\/\/www.imm.az\/exp\/%c9%99m%c9%99kdaslar\/bilalov-bilal-telman-oglu\/","title":{"rendered":"Bilalov Bilal Telman oglu"},"content":{"rendered":"<p><strong>Son be\u015f ild\u0259 \u00e7ap olunmu\u015f \u0259sas elmi i\u015fl\u0259rinin siyah\u0131s\u0131<\/strong><\/p>\n<p><strong> M\u0259qal\u0259l\u0259r<\/strong><\/p>\n<p style=\"text-align: justify;\">1. Bilalov B.T., Mamedova Z.V. On the frame properties of some degenerate trigonometric system, Dokl. Acad. Nauk, v.LXVIII, \u21165, 2012, pp. 14-18<br \/>\n2. Bilalov B.T., Sadigova S.R., Mamedova Z.V. The space of coefficients in a linear topological space, Journal of Mathematics Research, Vol. 4, No. 6, December 2012, pp. 83-88 , doi:10.5539\/jmr.v4n6p83<br \/>\n3. Bilalov B.T., Guliyeva F.A. On The Frame Properties of Degenerate System of Sines, Journal of Function Spaces and Applications, Vol. 2012 (2012), Article ID 184186, 12 pages, doi:10.1155\/2012\/184186<br \/>\n4. Bilalov B.T., Garayev T.Z. On basis properties of function systems in Lebesgue spaces, American Journal of Mathematics and Statistics, Vol.2, No.6, pp. 169-177, 2012<br \/>\n5. Bilalov B.T., Guliyeva F.A. On the approximation property system in statistical type<br \/>\nmetric space, Pure Mathematical Sciences, Vol 1, 2012, No 4, pp. 151-164<br \/>\n6. Bilalov B.T., Farahani S.M. Guliyeva F.A. The Intuitionistic Fuzzy Normed Space of Coefficients, Abstract and Applied Analysis, Vol. 2012, Article ID 969313, 11 pages<br \/>\ndoi:10.1155\/2012\/969313<br \/>\n7. Bilalov B.T. On solution of the Kostyuchenko problem, Siberian Mathematical Journal., 53:3 (2012), pp. 509\u2013526<br \/>\n8. Bilalov B.T., Najafov T.I. On a generalization of the Cauchy theory, Proceedings of the Nakhchivan State University, \u21161(43),2012<br \/>\n9. Bilalov B.T., Guseynov Z.G. Basicity of a system of exponents with a piece-wise linear phase in variable spaces, Mediterr. J. Math. vol. 9 , no3 (2012), 487\u2013498<br \/>\nDOI 10.1007\/s00009-011-0135-7 , 1660-5446\/12\/030487-12<br \/>\n10. Bilalov B.T., Guliyeva F.A. A completeness criterion for a double system of powers with degenerate coefficients , Siberian Mathematical Journal, vol.54, No. 3, 2013<br \/>\n11. Bilalov B.T., Sadigova S.R. On the space of coefficients in topological spaces, International J. of Math. Sci. &amp; Engg. Appls. (IJMSEA) ISSN 0973-9424, Vol. 7 No. I (January, 2013), pp. 353-362<br \/>\n12. Bilalov B.T., Najafov T.I. On basicity of systems of generalized Faber polynomials. Jaen J. Approx. Volume 5, Number 1 (2013), pp. 19-34<br \/>\n13. Bilalov B.T., Guliyeva F.A. Noetherian perturbation of frames. Pensee Journal , vol. 75. isssue 12, 2013, pp.425-431 http:\/\/www.penseejournal.com\/archive\/ index.php\/?volume=75&amp;issue=12<br \/>\n14. Bilalov B.T., Nazarova T.Y. On the statistical type convergence and fundamentality in metric spaces. Caspian Journal of Applied Mathematics, Ecology and Economics. V. 2, No 1, 2014, July, pp. 84-93<br \/>\n15. Bilalov B.T., Kasumov T.B. On Kostyuchenko Problem. Proceedings of the Institute of Mathematics and Mechanics, National Academy of Sciences of Azerbaijan. Volume 40, Special Issue, 2014, pp. 86-107<br \/>\n16. Bilalov B.T., Hashimov Ch.M. On decomposition in Banach spaces. Proceedings of the Institute of Mathematics and Mechanics, National Academy of Sciences of Azerbaijan vol. 40, No. 2, 2014, pp. 97\u2013106<br \/>\n17. Bilalov B.T., Guliyeva F.A. On the basicity property system in the Intuitionistic fuzzy metric space. Azerbaijan Journal of Mathematics, VOL 4, NO 1 (2014): JANUARY, pp.136-149<br \/>\n18. Bilalov B.T., Guliyeva A.A. On basicity of exponential systems in Morrey-type spaces. International Journal of Mathematics, vol.25, No. 6 (2014) 1450054 (10 pages) DOI:10.1142\/S0129167X14500542<br \/>\n19. Bilalov B.T., Guliyeva F.A. The Weakly Basicity of System in the Intuitionistic Fuzzy Metric Space. Advances in Fuzzy Mathematics. ISSN 0973-533X Volume 9, Number 1 (2014), pp. 33-45.<\/p>\n<p style=\"text-align: justify;\">20. Bilalov B.T., Guliyeva F.A Some Recent Developments in Applied Functional Analysis. Hindawi Publishing Corporation. http:\/\/www.hindawi.com\/journals\/jfs\/si\/714613\/<br \/>\n21. Bilalov B.T., Zabidov Z.J. Creation and analysis of data bank for the variability of optical thickness of urban air in Baku. News of Science and Education, 24 (24) 2014, pp.23-28<br \/>\n22. Bilalov B.T., Nazarova T.Y. Statistical convergence of functional sequences. Rocky Mountain J. Math. volume 45, number 5, 2015, pp. 1413-1423<br \/>\n23. Bilalov B.T., Zabidov Z.J. Exploring Urban Air by the Technologies of Statistical and Wavelet Analysis. Mathematica Aeterna, Vol. 5, 2015, no. 2, 327 \u2013 335<br \/>\n24. Bilalov B.T., Guliyeva F.A. t -Frames and their Noetherian Perturbation. Complex Anal. Oper. Theory (2015) 9:1609\u20131631, DOI 10.1007\/s11785-014-0416-9<br \/>\n25. Bilalov B.T., Guliyeva F.A. Frames in Noetherian Mapping. K -Close Frames. International Journal of Mathematical Analysis, Vol. 9, 2015, no. 31, 1529 &#8211; 1543<br \/>\n26. Bilalov B.T., Guliyeva F.A. On the space of coefficients in a statistical type metric space. Mathematica Aeterna, Vol. 5, 2015, no. 2, 305 &#8211; 318<br \/>\n27. Bilalov B.T., Nazarova T.Y. On Statistical Convergence in Metric Spaces. Journal of Mathematics Research; Vol. 7, No. 1; 2015, pp. 37-43, ISSN 1916-9795 E-ISSN 1916-9809<br \/>\n28. Bilalov B.T., Sadigova S.R. On -statistical convergence. Proceedings of the American Mathematical Society, Vol.143, No. 9, September 2015, pp. 3869\u20133878<br \/>\nhttp:\/\/www.ams.org\/cgi-bin\/mstrack\/accepted_papers\/proc<br \/>\n29. Bilalov B.T., Gasymov T.B. On bases in Banach spaces. The Reports of National Academy of Sciences of Azerbaijan, vol. LXXI, \u21162, 2015, pp. 6-9<br \/>\n30. Bilalov B.T., Abdullayeva R.H. On isomorphism of two bases in Morrey-Lebesgue type spaces. The Reports of National Academy of Sciences of Azerbaijan, vol. LXXI, \u21163, 2015, pp. 9-12<br \/>\n31. Bilalov B.T., Gasymov T.B., Guliyeva F.A. Some Questions of Atomic Decompositions and Frames. Caspian Journal of Applied Mathematics, Ecology and Economics V. 3, No 2, 2015, December, pp. 17-50<br \/>\n32. Bilalov B.T., Nazarova T.Y. On statistical type convergence in uniform spaces. Bull. Iranian Math. Soc. Vol. 42 (2016), No. 4, pp. 975\u2013986<br \/>\n33. Bilalov B.T., Gasymov T.B., On Bases for Direct Decomposition. Doklady Akademii Nauk, 2016, Vol. 467, No. 4, pp. 381\u2013384<br \/>\n34. Bilalov B.T., Gasymov T.B., Guliyeva A.A. On solvability of Riemann boundary value problem in Morrey-Hardy classes. Turkish Journal of Mathematics , 2016, V.40, No 5, pp. 1085-1101<br \/>\n35. Bilalov B.T., Sadigova S.R. Frame properties of a part of an exponential system with degenerate coefficients in Hardy classes. Georgian Mathematical Journal, ISSN (Online) 1572-9176, ISSN (Print) 1072-947X, DOI: https:\/\/doi.org\/10.1515\/gmj-2016-0051, November 2016<br \/>\n36. Bilalov B.T., Gasymov T.B. On basicity of eigenfunctions of second order discontinuous differential operator. \u0423\u0444\u0438\u043c\u0441\u043a\u0438\u0439 \u043c\u0430\u0442\u0435\u043c\u0430\u0442\u0438\u0447\u0435\u0441\u043a\u0438\u0439 \u0436\u0443\u0440\u043d\u0430\u043b. \u0422\u043e\u043c 9. \u2116 1 (2017). \u0421. 109-122.<\/p>\n<p><strong>Tezisl\u0259r<\/strong><\/p>\n<p style=\"text-align: justify;\">1. Bilalov B.T., Sadigova S.R. P-systems of exponents, cosines and sines. \u201cContinuum mechanics and related problems of analysis\u201d Dedicated to the 120-th birthday anniversary of academician N. Muskhelishvili September 9-14, 2011, Tbilisi, Georgia, p.115<br \/>\n2. Bilalov B.T., Farahani S.M. The intuitionistic fuzzy normed space of coefficients. \u041c\u0430\u0442\u0435\u0440\u0438\u0430\u043b\u044b \u041c\u0435\u0436\u0434. \u043a\u043e\u043d\u0444., \u043f\u043e\u0441\u0432. 100 \u043b\u0435\u0442\u0438\u044e \u0430\u043a\u0430\u0434\u0435\u043c\u0438\u043a\u0430 \u0418.\u0418.\u0418\u0431\u0440\u0430\u0433\u0438\u043c\u043e\u0432\u0430, \u0433. \u0411\u0430\u043a\u0443, 2012, \u0441.53-56<br \/>\n3. \u0411\u0438\u043b\u0430\u043b\u043e\u0432 \u0411.\u0422., \u041d\u0430\u0434\u0436\u0430\u0444\u043e\u0432 \u0422.\u0418. \u041e\u0431\u043e\u0431\u0449\u0435\u043d\u043d\u043e\u0435 \u043f\u043e\u043d\u044f\u0442\u0438\u0435 \u0431\u0430\u0437\u0438\u0441\u0430 \u0438 \u043f\u0440\u043e\u0441\u0442\u0440\u0430\u043d\u0441\u0442\u0432\u043e \u043a\u043e\u044d\u0444\u0444\u0438\u0446\u0438\u0435\u043d\u0442\u043e\u0432. Theory of Approximation of Functions and its Applications, dedicated to the 70th Anniversary of Corresponding Member of NAS of Ukraine, Professor A.I.Stepanets, May28-June 3, 2012, Kamianets-Podilsky, Ukraine<br \/>\n4. \u0411\u0438\u043b\u0430\u043b\u043e\u0432 \u0411.\u0422., \u0413\u0443\u043b\u0438\u0435\u0432\u0430 \u0424.\u0410. \u041a\u0440\u0438\u0442\u0435\u0440\u0438\u0439 \u043f\u043e\u043b\u043d\u043e\u0442\u044b \u0434\u0432\u043e\u0439\u043d\u043e\u0439 \u0441\u0438\u0441\u0442\u0435\u043c\u044b \u0441\u0442\u0435\u043f\u0435\u043d\u0435\u0439 \u0441 \u0432\u044b\u0440\u043e\u0436\u0434\u0430\u044e\u0449\u0438\u043c\u0438\u0441\u044f \u043a\u043e\u044d\u0444\u0444\u0438\u0446\u0438\u0435\u043d\u0442\u0430\u043c\u0438. Theory of Approximation of Functions and its Applications, dedicated to the 70th Anniversary of Corresponding Member of NAS of Ukraine,Professor A.I.Stepanets, May28-June 3, 2012, Kamianets-Podilsky, Ukraine<br \/>\n5. Bilalov B.T., Guliyeva F.A., Sadigova S.R. On the space of coefficients in the intuitionistic fuzzy normed spaces. International Conference Mathematical Analysis, Differential Equations and Their Applications, 04-09 September, 2012, pp.27,Mersin, Turkey<br \/>\n6. Bilalov B.T., Najafov T.I. On basicity of systems from Faber generalized polynomials. International Conference Mathematical Analysis, Differential Equations and Their Applications, 04-09 September, 2012, pp. 28, Mersin, Turkey<br \/>\n7. \u0411\u0438\u043b\u0430\u043b\u043e\u0432 \u0411.\u0422., \u0413\u0443\u043b\u0438\u0435\u0432\u0430 \u0424.\u0410. G\u00fccl\u00fc Fazzi \u0259msallar f\u0259zas\u0131. Riyaziyyat\u0131n t\u0259tbiqi m\u0259s\u0259l\u0259l\u0259ri v\u0259 yeni informasiya texnologiyalar\u0131, II Respublika Elmi Konfrans\u0131, Sumqay\u0131t, 27-28 noyabr, 2012<br \/>\n8. \u0411\u0438\u043b\u0430\u043b\u043e\u0432 \u0411.\u0422., \u041c\u0430\u043c\u0435\u0434\u043e\u0432\u0430 \u0417.\u0412. \u041e \u0431\u0430\u0437\u0438\u0441\u043d\u044b\u0445 \u0441\u0432\u043e\u0439\u0441\u0442\u0432\u0430\u0445 \u0432\u044b\u0440\u043e\u0436\u0434\u0430\u044e\u0449\u0435\u0439\u0441\u044f \u0441\u0438\u0441\u0442\u0435\u043c\u044b \u044d\u043a\u0441\u043f\u043e\u043d\u0435\u043d\u0442. Riyaziyyat\u0131n t\u0259tbiqi m\u0259s\u0259l\u0259l\u0259ri v\u0259 yeni informasiya texnologiyalar\u0131, II Respublika Elmi Konfrans\u0131, Sumqay\u0131t, 27-28 noyabr, 2012<br \/>\n9. Bilalov B.T., Sadigova S.R. Frame properties of degenerate system of exponents in Hardy classes. International Conference on Actual Problems of Mathematics and Informatics, dedicated to the 90th Anniversary of Heydar Aliyev and organized by the Azerbaijan Mathematical Society, will be held on 29-31 May, 2013, in Baku, Azerbaijan, p. 24<br \/>\n10. Bilalov B.T., Safarova A.R. Frames from cosines with degenerate coefficients. International Conference on Actual Problems of Mathematics and Informatics, dedicated to the 90th Anniversary of Heydar Aliyev and organized by the Azerbaijan Mathematical Society, will be held on 29-31 May, 2013, in Baku, Azerbaijan, p. 24<br \/>\n11. Bilalov B.T., Guliyeva F.A. Frames In Noetherian Mapping. -Close Frames . On Actual Problem of Mathematics and Mechanics, International conference devoted to the 55-th anniversary of the Institute of Mathematics and Mechanics, May 15-16, 2014, Baku, Azerbaijan, pp.105-106<br \/>\n12. Bilalov B.T., Nazarova T.Y. On statistical convergence in metric spaces . On Actual Problem of Mathematics and Mechanics, International conference devoted to the 55-th anniversary of the Institute of Mathematics and Mechanics, May 15-16, 2014, Baku, Azerbaijan, pp.106-107<\/p>\n<p><strong>Monoqrafiya<\/strong><\/p>\n<p>1. Edited by Bilal T.Bilalov. Selected works of Akif D.Gadjiev covering the period of 2003-2012. Azerbaijan Mathematical Society, Baku, 2012, 271 p.<\/p>\n<p>2. \u0411\u0438\u043b\u0430\u043b\u043e\u0432 \u0411.\u0422. \u041d\u0435\u043a\u043e\u0442\u043e\u0440\u044b\u0435 \u0432\u043e\u043f\u0440\u043e\u0441\u044b \u0430\u043f\u043f\u0440\u043e\u043a\u0441\u0438\u043c\u0430\u0446\u0438\u0438 \u00ab\u042d\u043b\u043c\u00bb, 2016, 390\u0441.<\/p>\n","protected":false},"excerpt":{"rendered":"<p>Son be\u015f ild\u0259 \u00e7ap olunmu\u015f \u0259sas elmi i\u015fl\u0259rinin siyah\u0131s\u0131 M\u0259qal\u0259l\u0259r 1. Bilalov B.T., Mamedova Z.V. On the frame properties of some degenerate trigonometric system, Dokl. Acad. Nauk, v.LXVIII, \u21165, 2012, pp. 14-18 2. Bilalov B.T., Sadigova S.R., Mamedova Z.V. The space of coefficients in a linear topological space, Journal of Mathematics Research, Vol. 4, No. [&hellip;]<\/p>\n","protected":false},"author":6,"featured_media":0,"parent":260,"menu_order":0,"comment_status":"open","ping_status":"open","template":"","meta":{"footnotes":""},"_links":{"self":[{"href":"https:\/\/www.imm.az\/exp\/wp-json\/wp\/v2\/pages\/1328"}],"collection":[{"href":"https:\/\/www.imm.az\/exp\/wp-json\/wp\/v2\/pages"}],"about":[{"href":"https:\/\/www.imm.az\/exp\/wp-json\/wp\/v2\/types\/page"}],"author":[{"embeddable":true,"href":"https:\/\/www.imm.az\/exp\/wp-json\/wp\/v2\/users\/6"}],"replies":[{"embeddable":true,"href":"https:\/\/www.imm.az\/exp\/wp-json\/wp\/v2\/comments?post=1328"}],"version-history":[{"count":4,"href":"https:\/\/www.imm.az\/exp\/wp-json\/wp\/v2\/pages\/1328\/revisions"}],"predecessor-version":[{"id":12833,"href":"https:\/\/www.imm.az\/exp\/wp-json\/wp\/v2\/pages\/1328\/revisions\/12833"}],"up":[{"embeddable":true,"href":"https:\/\/www.imm.az\/exp\/wp-json\/wp\/v2\/pages\/260"}],"wp:attachment":[{"href":"https:\/\/www.imm.az\/exp\/wp-json\/wp\/v2\/media?parent=1328"}],"curies":[{"name":"wp","href":"https:\/\/api.w.org\/{rel}","templated":true}]}}