{"id":1330,"date":"2014-04-29T15:06:51","date_gmt":"2014-04-29T10:06:51","guid":{"rendered":"http:\/\/www.imm.az\/exp\/?page_id=1330"},"modified":"2014-06-20T11:29:15","modified_gmt":"2014-06-20T06:29:15","slug":"efendiyeva-afet-oktay-qizi","status":"publish","type":"page","link":"https:\/\/www.imm.az\/exp\/%c9%99m%c9%99kdaslar\/efendiyeva-afet-oktay-qizi\/","title":{"rendered":"\u018ff\u0259ndiyeva Af\u0259t Oqtay q\u0131z\u0131"},"content":{"rendered":"<p><strong>Son be\u015f ild\u0259 \u00e7ap olunmu\u015f \u0259sas elmi i\u015fl\u0259rinin siyah\u0131s\u0131<\/strong><\/p>\n<ol>\n<li>\u0421\u0443\u043b\u0435\u0439\u043c\u0430\u043d\u043e\u0432 \u0411.\u0410., \u0410\u0431\u0431\u0430\u0441\u043e\u0432 \u042d.\u041c., \u042d\u0444\u0435\u043d\u0434\u0438\u0435\u0432\u0430 \u0410.\u041e. \u0421\u0442\u0430\u0446\u0438\u043e\u043d\u0430\u0440\u043d\u0430\u044f \u0444\u0438\u043b\u044c\u0442\u0440\u0430\u0446\u0438\u044f \u0432 \u0444\u0440\u0430\u043a\u0442\u0430\u043b\u044c\u043d\u043e-\u043d\u0435\u043e\u0434\u043d\u043e\u0440\u043e\u0434\u043d\u043e\u0439 \u043f\u043e\u0440\u0438\u0441\u0442\u043e\u0439 \u0441\u0440\u0435\u0434 \/\/ \u041c\u0438\u043d\u0441\u043a: \u0418\u0424\u0416, \u0442\u043e\u043c.78, \u21164, 2005, c. 194-196.<\/li>\n<li>\u0421\u0443\u043b\u0435\u0439\u043c\u0430\u043d\u043e\u0432 \u0411.\u0410., \u0410\u0431\u0431\u0430\u0441\u043e\u0432 \u042d.\u041c., \u042d\u0444\u0435\u043d\u0434\u0438\u0435\u0432\u0430 \u0410.\u041e. \u0412\u0438\u0431\u0440\u043e\u0432\u043e\u043b\u043d\u043e\u0432\u043e\u0435 \u0432\u043e\u0437\u0434\u0435\u0439\u0441\u0442\u0432\u0438\u0435 \u043d\u0430 \u043f\u043b\u0430\u0441\u0442 \u0438 \u043f\u0440\u0438\u0437\u0430\u0431\u043e\u0439\u043d\u0443\u044e \u0437\u043e\u043d\u0443 \u0441\u043a\u0432\u0430\u0436\u0438\u043d \u0441 \u0443\u0447\u0435\u0442\u043e\u043c \u044d\u0444\u0444\u0435\u043a\u0442\u0430 \u043f\u0440\u043e\u0441\u043a\u0430\u043b\u044c\u0437\u044b\u0432\u0430\u043d\u0438\u044f \/\/ \u041c\u0438\u043d\u0441\u043a: \u0418\u0424\u0416. \u0422\u043e\u043c.81, \u21162, 2008, \u0441. 358-364.<\/li>\n<li>Efendiyeva A.O. On slippage effect influence on pressure curves with regard to uninstantanueus liquid inflow failure \/\/ Proceedings of IMM of NAS of Azerbaijan, XXXI, 2009, p. 169-176.<\/li>\n<li>\u0421\u0435\u0439\u0444\u0443\u043b\u043b\u0430\u0435\u0432 \u0410.\u0418., \u041c\u0430\u043c\u0435\u0434\u043e\u0432\u0430 \u0413.\u0410., \u0420\u0443\u0441\u0442\u0430\u043c\u043e\u0432\u0430 \u041c.\u0410., \u042d\u0444\u0435\u043d\u0434\u0438\u0435\u0432\u0430 \u0410.\u041e. \u0410\u043d\u0430\u043b\u0438\u0437 \u0441\u0432\u043e\u0431\u043e\u0434\u043d\u044b\u0445 \u043a\u043e\u043b\u0435\u0431\u0430\u043d\u0438\u0439 \u0442\u043e\u043d\u043a\u043e\u0441\u0442\u0435\u043d\u043d\u044b\u0445 \u0446\u0438\u043b\u0438\u043d\u0434\u0440\u0438\u0447\u0435\u0441\u043a\u0438\u0445 \u043e\u0431\u043e\u043b\u043e\u0447\u0435\u043a \u0441\u043e\u0434\u0435\u0440\u0436\u0430\u0449\u0438\u0445 \u0441\u0436\u0438\u043c\u0430\u0435\u043c\u0443\u044e \u0436\u0438\u0434\u043a\u043e\u0441\u0442\u044c \/\/ \u041c\u0438\u043d\u0441\u043a: \u0418\u0424\u0416. \u0422\u043e\u043c.85, \u21166, 2012.<\/li>\n<li>\u041b\u0430\u0442\u0438\u0444\u043e\u0432 \u0424.\u0421., \u0421\u0435\u0439\u0444\u0443\u043b\u043b\u0430\u0435\u0432 \u0410.\u0418., \u042d\u0444\u0435\u043d\u0434\u0438\u0435\u0432\u0430 \u0410.\u041e. \u0413\u0435\u043e\u043c\u0435\u0442\u0440\u0438\u0447\u0435\u0441\u043a\u0438 \u043d\u0435\u043b\u0438\u043d\u0435\u0439\u043d\u044b\u0435 \u043f\u0430\u0440\u0430\u043c\u0435\u0442\u0440\u0438\u0447\u0435\u0441\u043a\u0438\u0435 \u043a\u043e\u043b\u0435\u0431\u0430\u043d\u0438\u044f \u043f\u043e\u043f\u0435\u0440\u0435\u0447\u043d\u043e \u043f\u043e\u0434\u043a\u0440\u0435\u043f\u043b\u0435\u043d\u043d\u043e\u0439 \u0446\u0438\u043b\u0438\u043d\u0434\u0440\u0438\u0447\u0435\u0441\u043a\u043e\u0439 \u043f\u0430\u043d\u0435\u043b\u0438 \u043f\u0440\u0438 \u0434\u0438\u043d\u0430\u043c\u0438\u0447\u0435\u0441\u043a\u043e\u043c \u0432\u0437\u0430\u0438\u043c\u043e\u0434\u0435\u0439\u0441\u0442\u0432\u0438\u0438 \u0441\u043e \u0441\u0440\u0435\u0434\u043e\u0439 \/\/ \u041c\u0438\u043d\u0441\u043a: \u0418\u0424\u0416, \u0422\u043e\u043c.86, \u21162, 2013.<\/li>\n<\/ol>\n","protected":false},"excerpt":{"rendered":"<p>Son be\u015f ild\u0259 \u00e7ap olunmu\u015f \u0259sas elmi i\u015fl\u0259rinin siyah\u0131s\u0131 \u0421\u0443\u043b\u0435\u0439\u043c\u0430\u043d\u043e\u0432 \u0411.\u0410., \u0410\u0431\u0431\u0430\u0441\u043e\u0432 \u042d.\u041c., \u042d\u0444\u0435\u043d\u0434\u0438\u0435\u0432\u0430 \u0410.\u041e. \u0421\u0442\u0430\u0446\u0438\u043e\u043d\u0430\u0440\u043d\u0430\u044f \u0444\u0438\u043b\u044c\u0442\u0440\u0430\u0446\u0438\u044f \u0432 \u0444\u0440\u0430\u043a\u0442\u0430\u043b\u044c\u043d\u043e-\u043d\u0435\u043e\u0434\u043d\u043e\u0440\u043e\u0434\u043d\u043e\u0439 \u043f\u043e\u0440\u0438\u0441\u0442\u043e\u0439 \u0441\u0440\u0435\u0434 \/\/ \u041c\u0438\u043d\u0441\u043a: \u0418\u0424\u0416, \u0442\u043e\u043c.78, \u21164, 2005, c. 194-196. \u0421\u0443\u043b\u0435\u0439\u043c\u0430\u043d\u043e\u0432 \u0411.\u0410., \u0410\u0431\u0431\u0430\u0441\u043e\u0432 \u042d.\u041c., \u042d\u0444\u0435\u043d\u0434\u0438\u0435\u0432\u0430 \u0410.\u041e. \u0412\u0438\u0431\u0440\u043e\u0432\u043e\u043b\u043d\u043e\u0432\u043e\u0435 \u0432\u043e\u0437\u0434\u0435\u0439\u0441\u0442\u0432\u0438\u0435 \u043d\u0430 \u043f\u043b\u0430\u0441\u0442 \u0438 \u043f\u0440\u0438\u0437\u0430\u0431\u043e\u0439\u043d\u0443\u044e \u0437\u043e\u043d\u0443 \u0441\u043a\u0432\u0430\u0436\u0438\u043d \u0441 \u0443\u0447\u0435\u0442\u043e\u043c \u044d\u0444\u0444\u0435\u043a\u0442\u0430 \u043f\u0440\u043e\u0441\u043a\u0430\u043b\u044c\u0437\u044b\u0432\u0430\u043d\u0438\u044f \/\/ \u041c\u0438\u043d\u0441\u043a: \u0418\u0424\u0416. \u0422\u043e\u043c.81, \u21162, 2008, \u0441. 358-364. [&hellip;]<\/p>\n","protected":false},"author":6,"featured_media":0,"parent":260,"menu_order":0,"comment_status":"open","ping_status":"open","template":"","meta":{"footnotes":""},"_links":{"self":[{"href":"https:\/\/www.imm.az\/exp\/wp-json\/wp\/v2\/pages\/1330"}],"collection":[{"href":"https:\/\/www.imm.az\/exp\/wp-json\/wp\/v2\/pages"}],"about":[{"href":"https:\/\/www.imm.az\/exp\/wp-json\/wp\/v2\/types\/page"}],"author":[{"embeddable":true,"href":"https:\/\/www.imm.az\/exp\/wp-json\/wp\/v2\/users\/6"}],"replies":[{"embeddable":true,"href":"https:\/\/www.imm.az\/exp\/wp-json\/wp\/v2\/comments?post=1330"}],"version-history":[{"count":2,"href":"https:\/\/www.imm.az\/exp\/wp-json\/wp\/v2\/pages\/1330\/revisions"}],"predecessor-version":[{"id":2436,"href":"https:\/\/www.imm.az\/exp\/wp-json\/wp\/v2\/pages\/1330\/revisions\/2436"}],"up":[{"embeddable":true,"href":"https:\/\/www.imm.az\/exp\/wp-json\/wp\/v2\/pages\/260"}],"wp:attachment":[{"href":"https:\/\/www.imm.az\/exp\/wp-json\/wp\/v2\/media?parent=1330"}],"curies":[{"name":"wp","href":"https:\/\/api.w.org\/{rel}","templated":true}]}}