{"id":1359,"date":"2014-04-29T15:25:15","date_gmt":"2014-04-29T10:25:15","guid":{"rendered":"http:\/\/www.imm.az\/exp\/?page_id=1359"},"modified":"2014-06-24T14:36:39","modified_gmt":"2014-06-24T09:36:39","slug":"kazimova-raisa-abulfaz-qizi","status":"publish","type":"page","link":"https:\/\/www.imm.az\/exp\/%c9%99m%c9%99kdaslar\/kazimova-raisa-abulfaz-qizi\/","title":{"rendered":"Kaz\u0131mova R\u0259is\u0259 \u018fb\u00fclf\u0259z q\u0131z\u0131"},"content":{"rendered":"<p><strong>Son be\u015f ild\u0259 \u00e7ap olunmu\u015f \u0259sas elmi i\u015fl\u0259rinin siyah\u0131s\u0131<\/strong><\/p>\n<ol>\n<li>\u041e\u0431 \u043e\u0434\u043d\u043e\u0439 \u0444\u0443\u043d\u043a\u0446\u0438\u0438 \u0434\u043b\u0438\u0442\u0435\u043b\u044c\u043d\u043e\u0439 \u043a\u043e\u0440\u0440\u043e\u0437\u0438\u043e\u043d\u043d\u043e\u0439 \u043f\u0440\u043e\u0447\u043d\u043e\u0441\u0442\u0438. \u041a\u043e\u0440\u0440\u043e\u0437\u0438\u044f: \u043c\u0430\u0442\u0435\u0440\u0438\u0430\u043b\u044b \u0437\u0430\u0449\u0438\u0442\u044b 12, 2010, \u0441.4-7<\/li>\n<li>\u0410\u043b\u044c\u0442\u0435\u0440\u043d\u0430\u0442\u0438\u0432\u043d\u044b\u0439 \u0441\u043f\u043e\u0441\u043e\u0431 \u0432\u044b\u0432\u043e\u0434\u0430 \u0444\u043e\u0440\u043c\u0443\u043b \u042e.\u041c.\u0420\u0430\u0431\u043e\u0442\u043d\u043e\u0433\u043e \u0434\u043b\u044f \u0432\u0440\u0435\u043c\u0435\u043d\u0438 \u0434\u043e \u043a\u043e\u0440\u0440\u043e\u0437\u0438\u043e\u043d\u043d\u043e\u0433\u043e \u0440\u0430\u0437\u0440\u0443\u0448\u0435\u043d\u0438\u044f. \u0424\u0438\u0437\u0438\u043a\u043e-\u0445\u0438\u043c\u0438\u0447\u0435\u0441\u043a\u0430\u044f \u043c\u0435\u0445\u0430\u043d\u0438\u043a\u0430 \u043c\u0430\u0442\u0435\u0440. 2010, \u21162, \u0441.121-125.<\/li>\n<li>\u0413\u0435\u043e\u043c\u0435\u0442\u0440\u0438\u0447\u0435\u0441\u043a\u0438 \u043d\u0435\u043b\u0438\u043d\u0435\u0439\u043d\u043e\u0435 \u043a\u0440\u0443\u0447\u0435\u043d\u0438\u0435 \u043f\u0440\u0438\u0437\u043c\u0430\u0442\u0438\u0447\u0435\u0441\u043a\u0438\u0445 \u0441\u0442\u0435\u0440\u0436\u043d\u0435\u0439. \u0412\u0435\u0441\u0442\u043d\u0438\u043a \u0422\u0443\u043b\u044c\u0441\u043a\u043e\u0433\u043e \u0413\u043e\u0441. \u0423\u043d\u0438\u0432. \u041c\u0430\u0442\u0435\u043c\u0430\u0442\u0438\u043a\u0430, \u043c\u0435\u0445\u0430\u043d\u0438\u043a\u0430 \u0438\u043d\u0444\u043e\u0440\u043c.\u0432\u044b\u043f.2, \u041c\u0435\u0445\u0430\u043d\u0438\u043a\u0430 2007,<\/li>\n<li>\u041a \u0432\u043e\u043f\u0440\u043e\u0441\u0443 \u043e\u043f\u0440\u0435\u0434\u0435\u043b\u0435\u043d\u0438\u044f \u0432\u0440\u0435\u043c\u0435\u043d\u0438 \u0434\u043e \u043a\u043e\u0440\u0440\u043e\u0437\u0438\u043e\u043d\u043d\u043e\u0433\u043e \u0440\u0430\u0437\u0440\u0443\u0448\u0435\u043d\u0438\u044f \u043f\u0440\u0438 \u043d\u0435\u0441\u0442\u0430\u0446\u0438\u043e\u043d\u0430\u0440\u043d\u044b\u0445 \u0438\u0437\u043c\u0435\u043d\u0435\u043d\u0438\u044f\u0445 \u043f\u043e\u0442\u0435\u043d\u0446\u0438\u0430\u043b\u0430. \u0412\u0435\u0441\u0442\u043d\u0438\u043a \u0422\u0443\u043b\u044c\u0441\u043a\u043e\u0433\u043e \u0413\u043e\u0441. \u0423\u043d\u0438\u0432. \u0421\u0435\u0440. \u043c\u0430\u0442\u0435\u043c\u0430\u0442\u0438\u043a\u0430, \u043c\u0435\u0445\u0430\u043d\u0438\u043a\u0430 \u0438\u043d\u0444\u043e\u0440\u043c.\u0432\u044b\u043f.2, 2008, \u0442.14.<\/li>\n<li>5. \u041e \u0432\u0440\u0435\u043c\u0435\u043d\u0438 \u043a\u043e\u0440\u0440\u043e\u0437\u0438\u043e\u043d\u043d\u043e\u0433\u043e \u0440\u0430\u0437\u0440\u0443\u0448\u0435\u043d\u0438\u044f \u043c\u0435\u0442\u0430\u043b\u043b\u043e\u0432 \u0441 \u0443\u0447\u0435\u0442\u043e\u043c \u0432\u043b\u0438\u044f\u043d\u0438\u044f \u043c\u0435\u0445\u0430\u043d\u0438\u0447\u0435\u0441\u043a\u043e\u0433\u043e \u043d\u0430\u043f\u0440\u044f\u0436\u0435\u043d\u0438\u044f \u0438 \u0442\u0435\u043c\u043f\u0435\u0440\u0430\u0442\u0443\u0440\u044b. \u0410\u0440\u043c\u0430\u0442\u0443\u0440\u043e\u0441\u0442\u0440\u043e\u0435\u043d\u0438\u0435 4\/67\/2010, \u0441.58-60.(\u0441\u043e\u0432\u043c. \u0421 \u0415.\u0422.\u0411\u0430\u0433\u0438\u0440\u043e\u0432)<\/li>\n<\/ol>\n","protected":false},"excerpt":{"rendered":"<p>Son be\u015f ild\u0259 \u00e7ap olunmu\u015f \u0259sas elmi i\u015fl\u0259rinin siyah\u0131s\u0131 \u041e\u0431 \u043e\u0434\u043d\u043e\u0439 \u0444\u0443\u043d\u043a\u0446\u0438\u0438 \u0434\u043b\u0438\u0442\u0435\u043b\u044c\u043d\u043e\u0439 \u043a\u043e\u0440\u0440\u043e\u0437\u0438\u043e\u043d\u043d\u043e\u0439 \u043f\u0440\u043e\u0447\u043d\u043e\u0441\u0442\u0438. \u041a\u043e\u0440\u0440\u043e\u0437\u0438\u044f: \u043c\u0430\u0442\u0435\u0440\u0438\u0430\u043b\u044b \u0437\u0430\u0449\u0438\u0442\u044b 12, 2010, \u0441.4-7 \u0410\u043b\u044c\u0442\u0435\u0440\u043d\u0430\u0442\u0438\u0432\u043d\u044b\u0439 \u0441\u043f\u043e\u0441\u043e\u0431 \u0432\u044b\u0432\u043e\u0434\u0430 \u0444\u043e\u0440\u043c\u0443\u043b \u042e.\u041c.\u0420\u0430\u0431\u043e\u0442\u043d\u043e\u0433\u043e \u0434\u043b\u044f \u0432\u0440\u0435\u043c\u0435\u043d\u0438 \u0434\u043e \u043a\u043e\u0440\u0440\u043e\u0437\u0438\u043e\u043d\u043d\u043e\u0433\u043e \u0440\u0430\u0437\u0440\u0443\u0448\u0435\u043d\u0438\u044f. \u0424\u0438\u0437\u0438\u043a\u043e-\u0445\u0438\u043c\u0438\u0447\u0435\u0441\u043a\u0430\u044f \u043c\u0435\u0445\u0430\u043d\u0438\u043a\u0430 \u043c\u0430\u0442\u0435\u0440. 2010, \u21162, \u0441.121-125. \u0413\u0435\u043e\u043c\u0435\u0442\u0440\u0438\u0447\u0435\u0441\u043a\u0438 \u043d\u0435\u043b\u0438\u043d\u0435\u0439\u043d\u043e\u0435 \u043a\u0440\u0443\u0447\u0435\u043d\u0438\u0435 \u043f\u0440\u0438\u0437\u043c\u0430\u0442\u0438\u0447\u0435\u0441\u043a\u0438\u0445 \u0441\u0442\u0435\u0440\u0436\u043d\u0435\u0439. \u0412\u0435\u0441\u0442\u043d\u0438\u043a \u0422\u0443\u043b\u044c\u0441\u043a\u043e\u0433\u043e \u0413\u043e\u0441. \u0423\u043d\u0438\u0432. \u041c\u0430\u0442\u0435\u043c\u0430\u0442\u0438\u043a\u0430, \u043c\u0435\u0445\u0430\u043d\u0438\u043a\u0430 \u0438\u043d\u0444\u043e\u0440\u043c.\u0432\u044b\u043f.2, \u041c\u0435\u0445\u0430\u043d\u0438\u043a\u0430 2007, \u041a \u0432\u043e\u043f\u0440\u043e\u0441\u0443 \u043e\u043f\u0440\u0435\u0434\u0435\u043b\u0435\u043d\u0438\u044f \u0432\u0440\u0435\u043c\u0435\u043d\u0438 [&hellip;]<\/p>\n","protected":false},"author":6,"featured_media":0,"parent":260,"menu_order":0,"comment_status":"open","ping_status":"open","template":"","meta":{"footnotes":""},"_links":{"self":[{"href":"https:\/\/www.imm.az\/exp\/wp-json\/wp\/v2\/pages\/1359"}],"collection":[{"href":"https:\/\/www.imm.az\/exp\/wp-json\/wp\/v2\/pages"}],"about":[{"href":"https:\/\/www.imm.az\/exp\/wp-json\/wp\/v2\/types\/page"}],"author":[{"embeddable":true,"href":"https:\/\/www.imm.az\/exp\/wp-json\/wp\/v2\/users\/6"}],"replies":[{"embeddable":true,"href":"https:\/\/www.imm.az\/exp\/wp-json\/wp\/v2\/comments?post=1359"}],"version-history":[{"count":2,"href":"https:\/\/www.imm.az\/exp\/wp-json\/wp\/v2\/pages\/1359\/revisions"}],"predecessor-version":[{"id":2532,"href":"https:\/\/www.imm.az\/exp\/wp-json\/wp\/v2\/pages\/1359\/revisions\/2532"}],"up":[{"embeddable":true,"href":"https:\/\/www.imm.az\/exp\/wp-json\/wp\/v2\/pages\/260"}],"wp:attachment":[{"href":"https:\/\/www.imm.az\/exp\/wp-json\/wp\/v2\/media?parent=1359"}],"curies":[{"name":"wp","href":"https:\/\/api.w.org\/{rel}","templated":true}]}}