{"id":1365,"date":"2014-04-29T15:42:56","date_gmt":"2014-04-29T10:42:56","guid":{"rendered":"http:\/\/www.imm.az\/exp\/?page_id=1365"},"modified":"2014-06-27T11:08:57","modified_gmt":"2014-06-27T06:08:57","slug":"m%c9%99mm%c9%99dov-f%c9%99rman-imran-oglu","status":"publish","type":"page","link":"https:\/\/www.imm.az\/exp\/%c9%99m%c9%99kdaslar\/m%c9%99mm%c9%99dov-f%c9%99rman-imran-oglu\/","title":{"rendered":"M\u0259mm\u0259dov F\u0259rman \u0130mran o\u011flu"},"content":{"rendered":"<p><strong>Son be\u015f ild\u0259 \u00e7ap olunmu\u015f \u0259sas elmi i\u015fl\u0259rinin siyah\u0131s\u0131<\/strong><\/p>\n<ol>\n<li>Mamedov F.I. and Mamedova M.M. A Hardy type general inequality in <em>L<sup> p(.)<\/sup><\/em> with decreasing exponent Transactions of NAS of Azerbaijan, 33(1), pp. 45-50. (2013)<\/li>\n<li>Mamedov F.I. and Mamedova M.M. A necessary and sufficient condition for Hardy\u2019s operator in <em>L<sup> p(.)<\/sup><\/em> (0,1), Mathematische Nachrichten, doi: 10.1002\/mana.201200291, (2013)<\/li>\n<li>Mamedov F.I. On Hardy inequality in variable exponent Lebesgue spaces <em>L<sup> p(.)<\/sup><\/em> (Azerbaijan Journal of Mathematics, 2(1), 96\u2013106 (2012).<\/li>\n<li>Mamedov F.I. and Amanov R.A. On the removable singularity of the solutions of nonlinear elliptic equations. Proceedings of IMM of NAS of Azerbaijan, 37(1), pp. 95-110 (2012)<\/li>\n<li>D. Cruz-Uribe and Mamedov F.I. On a general weighted Hardy type inequality in the variable exponent Lebesgue spaces. Revisto Mathematica Complutence, 25 (2), 335-367 (2012).<\/li>\n<li>Mamedov F.I. and Zeren Y. On equivalent conditions for the general weightede Hardy type inequality in the space <em>L<sup> p(.)<\/sup><\/em> , Zeitschrift f\u00fcr Analysis und ihre Anwendungen 31(1), 55\u201374 (2012), doi: 10.4171\/zaa\/1448.<\/li>\n<li>Mamedov F.I., Quliyev A. and Mirheydarli M. On Carlson\u2019s type removability test for the degenerate quasilinear elliptic equation, International Journal of Differential Equations, 2011, 23 pages, doi:10.1155\/2011\/198606 (2011).<\/li>\n<li>Mamedov F.I.and Ibragimov T., A mean value theorem approuchto the removable sets of parabolic equations, Transactions of NAS of Azerbaijan, 31(4), 103-120 (2011)<\/li>\n<li>Mamedov F.I. and Zeren Y. On a two-weighted estimation of maximal operator in the Lebesgue space with variable exponent, Journal of Mathematical Sciences. 173 (6), 701-717 (2011).<\/li>\n<li>Mamedov F.I. and Harman A., On a Hardy type general weighted inequality in spaces <em>L<sup> p(.)<\/sup><\/em> Integral Equations and Operator Theory. 66 (4), 565-592 (2010).<\/li>\n<li>Mamedov F.I.and Ibragimov T, On the behavior of some nonlinear degenerating ellliptic inequalities, Differential Equations, 46 (5), 707-717 (2010).<\/li>\n<li>Mamedov F.I. and Harman A., On boundedness of weighted Hardy operator in <em>L<sup> p(.)<\/sup><\/em> and regularity condition, Journal Inequal. and Appl.,Volume 2010, Article ID 37951, 14 pages<br \/>\nDOI:10.1155\/2010\/837951<\/li>\n<li>Mamedov F.I. and Zeren Y., On a two weighted estimation of maximal operator in the Lebesgue spaces with variable exponent, Anali di Mathematica Pure ed Applicata., 190 (2), 263-275 (2011).<\/li>\n<li>Mamedov F.I. and Harman A On the removability of isolated singular points for degenerating nonlinear elliptic equation, Nonlinear Analysis: Theory, Methods &amp; Applications, 71 (12),<br \/>\n6290-6298 (2009).<\/li>\n<li>Mamedov F.I. and Harman A, On a weighted inequality of Hardy type in spaces, Journal Mathematical Analyzes and Application, 353 (2), 521-530 (2009).<\/li>\n<li>Mamedov F.I. and Amanov R.A., On some nonun\u0131form cases of the we\u0131ghted Sobolev and Po\u0131ncare \u0131nequal\u0131t\u0131es, St. Petersburg Matematical Journal (Algebra &amp; Analize), 20 (3), 447-463 (2009).<\/li>\n<\/ol>\n","protected":false},"excerpt":{"rendered":"<p>Son be\u015f ild\u0259 \u00e7ap olunmu\u015f \u0259sas elmi i\u015fl\u0259rinin siyah\u0131s\u0131 Mamedov F.I. and Mamedova M.M. A Hardy type general inequality in L p(.) with decreasing exponent Transactions of NAS of Azerbaijan, 33(1), pp. 45-50. (2013) Mamedov F.I. and Mamedova M.M. A necessary and sufficient condition for Hardy\u2019s operator in L p(.) (0,1), Mathematische Nachrichten, doi: 10.1002\/mana.201200291, [&hellip;]<\/p>\n","protected":false},"author":6,"featured_media":0,"parent":260,"menu_order":0,"comment_status":"open","ping_status":"open","template":"","meta":{"footnotes":""},"_links":{"self":[{"href":"https:\/\/www.imm.az\/exp\/wp-json\/wp\/v2\/pages\/1365"}],"collection":[{"href":"https:\/\/www.imm.az\/exp\/wp-json\/wp\/v2\/pages"}],"about":[{"href":"https:\/\/www.imm.az\/exp\/wp-json\/wp\/v2\/types\/page"}],"author":[{"embeddable":true,"href":"https:\/\/www.imm.az\/exp\/wp-json\/wp\/v2\/users\/6"}],"replies":[{"embeddable":true,"href":"https:\/\/www.imm.az\/exp\/wp-json\/wp\/v2\/comments?post=1365"}],"version-history":[{"count":3,"href":"https:\/\/www.imm.az\/exp\/wp-json\/wp\/v2\/pages\/1365\/revisions"}],"predecessor-version":[{"id":2617,"href":"https:\/\/www.imm.az\/exp\/wp-json\/wp\/v2\/pages\/1365\/revisions\/2617"}],"up":[{"embeddable":true,"href":"https:\/\/www.imm.az\/exp\/wp-json\/wp\/v2\/pages\/260"}],"wp:attachment":[{"href":"https:\/\/www.imm.az\/exp\/wp-json\/wp\/v2\/media?parent=1365"}],"curies":[{"name":"wp","href":"https:\/\/api.w.org\/{rel}","templated":true}]}}