{"id":1371,"date":"2014-04-29T15:46:54","date_gmt":"2014-04-29T10:46:54","guid":{"rendered":"http:\/\/www.imm.az\/exp\/?page_id=1371"},"modified":"2019-03-11T16:59:04","modified_gmt":"2019-03-11T12:59:04","slug":"m%c9%99mm%c9%99dova-mehriban-%c9%99li-qizi","status":"publish","type":"page","link":"https:\/\/www.imm.az\/exp\/%c9%99m%c9%99kdaslar\/m%c9%99mm%c9%99dova-mehriban-%c9%99li-qizi\/","title":{"rendered":"M\u0259mm\u0259dova Mehriban \u018fli q\u0131z\u0131"},"content":{"rendered":"<p><strong>Son be\u015f ild\u0259 \u00e7ap olunmu\u015f \u0259sas elmi i\u015fl\u0259rinin siyah\u0131s\u0131<\/strong><\/p>\n<ol>\n<li>Long durability of hollow shaft at torsion with the account of its damageability \/\/ SYLWAN English Editor,2016, 160(3), pp.190-202<\/li>\n<li>Exact Solutions of Quasielastic Problems of Linear Theory of Viscoelasticity and Nonlinear Theory Viscoelasticity for Mechanically Incompressible Bodies \/\/ Jorunal of Scientific and Engineering Research, 2017, vol.4, Issue 2, p.15-20<\/li>\n<li>Scattered failure of damaged beam in bending under monotone loading conditions \/\/ International Journal of Engineering and Innovative Technology, 2018, vol.8, issue 3, p.30-33<\/li>\n<li>Solution of the problem of stress-strain state of physically nonlinear hereditarily plastic infinite plate with a hole at the action of internal pressure \/\/ Journal of Scientific and Engineering Research, 2018, vol.5, issue 10, pp.53-58<\/li>\n<\/ol>\n<p>5. Determination of inverse creep of infinite hereditarily elastoplastic \u00a0plate with hole after instantaneous removal of internal pressure \/\/ International Journal of Engineering Research and Applications, 2018, vol.8, issue 11 (part I), pp.38-42<\/p>\n","protected":false},"excerpt":{"rendered":"<p>Son be\u015f ild\u0259 \u00e7ap olunmu\u015f \u0259sas elmi i\u015fl\u0259rinin siyah\u0131s\u0131 Long durability of hollow shaft at torsion with the account of its damageability \/\/ SYLWAN English Editor,2016, 160(3), pp.190-202 Exact Solutions of Quasielastic Problems of Linear Theory of Viscoelasticity and Nonlinear Theory Viscoelasticity for Mechanically Incompressible Bodies \/\/ Jorunal of Scientific and Engineering Research, 2017, vol.4, [&hellip;]<\/p>\n","protected":false},"author":6,"featured_media":0,"parent":260,"menu_order":0,"comment_status":"open","ping_status":"open","template":"","meta":{"footnotes":""},"_links":{"self":[{"href":"https:\/\/www.imm.az\/exp\/wp-json\/wp\/v2\/pages\/1371"}],"collection":[{"href":"https:\/\/www.imm.az\/exp\/wp-json\/wp\/v2\/pages"}],"about":[{"href":"https:\/\/www.imm.az\/exp\/wp-json\/wp\/v2\/types\/page"}],"author":[{"embeddable":true,"href":"https:\/\/www.imm.az\/exp\/wp-json\/wp\/v2\/users\/6"}],"replies":[{"embeddable":true,"href":"https:\/\/www.imm.az\/exp\/wp-json\/wp\/v2\/comments?post=1371"}],"version-history":[{"count":3,"href":"https:\/\/www.imm.az\/exp\/wp-json\/wp\/v2\/pages\/1371\/revisions"}],"predecessor-version":[{"id":23904,"href":"https:\/\/www.imm.az\/exp\/wp-json\/wp\/v2\/pages\/1371\/revisions\/23904"}],"up":[{"embeddable":true,"href":"https:\/\/www.imm.az\/exp\/wp-json\/wp\/v2\/pages\/260"}],"wp:attachment":[{"href":"https:\/\/www.imm.az\/exp\/wp-json\/wp\/v2\/media?parent=1371"}],"curies":[{"name":"wp","href":"https:\/\/api.w.org\/{rel}","templated":true}]}}