{"id":1391,"date":"2014-04-29T16:30:49","date_gmt":"2014-04-29T11:30:49","guid":{"rendered":"http:\/\/www.imm.az\/exp\/?page_id=1391"},"modified":"2014-06-27T17:10:12","modified_gmt":"2014-06-27T12:10:12","slug":"nagiyeva-nigar-miryashar-qizi","status":"publish","type":"page","link":"https:\/\/www.imm.az\/exp\/%c9%99m%c9%99kdaslar\/nagiyeva-nigar-miryashar-qizi\/","title":{"rendered":"Na\u011f\u0131yeva Nigar Mirya\u015far q\u0131z\u0131"},"content":{"rendered":"<p><strong>Son be\u015f ild\u0259 \u00e7ap olunmu\u015f \u0259sas elmi i\u015fl\u0259rinin siyah\u0131s\u0131<\/strong><\/p>\n<ol>\n<li>\u041e\u0431 \u043e\u0434\u043d\u043e\u0439 \u0445\u0430\u0440\u0430\u043a\u0442\u0435\u0440\u0438\u0441\u0442\u0438\u0447\u0435\u0441\u043a\u043e\u0439 \u0444\u0443\u043d\u043a\u0446\u0438\u0438 \u0443\u0441\u0442\u0430\u043b\u043e\u0441\u0442\u043d\u043e\u0433\u043e \u0440\u0430\u0437\u0440\u0443\u0448\u0435\u043d\u0438\u044f \u043f\u0440\u0438 \u043e\u0441\u0435\u0441\u0438\u043c\u043c\u0435\u0442\u0440\u0438\u043d\u0447\u0445 \u0446\u0438\u043a\u043b\u0430\u0445 \u043d\u0430\u0433\u0440\u0443\u0436\u0435\u043d\u0438\u044f. 2012,<\/li>\n<li>\u0425\u0430\u0440\u0430\u043a\u0442\u0435\u0440\u0438\u0441\u0442\u0438\u0447\u0435\u0441\u043a\u0430\u044f \u0434\u043e\u043b\u0433\u043e\u0432\u0435\u0447\u043d\u043e\u0441\u0442\u044c \u0431\u0435\u0441\u043a\u043e\u043d\u0435\u0447\u043d\u043e\u0439 \u043f\u043b\u0430\u0441\u0442\u0438\u043d\u044b \u043e\u0442\u0432\u0435\u0440\u0441\u0442\u0438\u0435\u043c \u043f\u043e\u0434 \u0441\u0442\u0430\u0446\u0438\u043e\u043d\u0430\u0440\u043d\u043e\u0433\u043e \u0441\u043b\u0443\u0447\u0430\u0439\u043d\u043e\u0433\u043e \u0434\u0430\u0432\u043b\u0435\u043d\u0438\u044f. \u0422\u0435\u0437\u0438\u0441\u044b \u043a\u043e\u043d\u0444. \u043f\u043e\u0441\u0432. 90 \u043b\u0435\u0442\u0438\u044e \u0413.\u0410\u043b\u0438\u0435\u0432\u0430 2013, \u0441.182-183.<\/li>\n<\/ol>\n","protected":false},"excerpt":{"rendered":"<p>Son be\u015f ild\u0259 \u00e7ap olunmu\u015f \u0259sas elmi i\u015fl\u0259rinin siyah\u0131s\u0131 \u041e\u0431 \u043e\u0434\u043d\u043e\u0439 \u0445\u0430\u0440\u0430\u043a\u0442\u0435\u0440\u0438\u0441\u0442\u0438\u0447\u0435\u0441\u043a\u043e\u0439 \u0444\u0443\u043d\u043a\u0446\u0438\u0438 \u0443\u0441\u0442\u0430\u043b\u043e\u0441\u0442\u043d\u043e\u0433\u043e \u0440\u0430\u0437\u0440\u0443\u0448\u0435\u043d\u0438\u044f \u043f\u0440\u0438 \u043e\u0441\u0435\u0441\u0438\u043c\u043c\u0435\u0442\u0440\u0438\u043d\u0447\u0445 \u0446\u0438\u043a\u043b\u0430\u0445 \u043d\u0430\u0433\u0440\u0443\u0436\u0435\u043d\u0438\u044f. 2012, \u0425\u0430\u0440\u0430\u043a\u0442\u0435\u0440\u0438\u0441\u0442\u0438\u0447\u0435\u0441\u043a\u0430\u044f \u0434\u043e\u043b\u0433\u043e\u0432\u0435\u0447\u043d\u043e\u0441\u0442\u044c \u0431\u0435\u0441\u043a\u043e\u043d\u0435\u0447\u043d\u043e\u0439 \u043f\u043b\u0430\u0441\u0442\u0438\u043d\u044b \u043e\u0442\u0432\u0435\u0440\u0441\u0442\u0438\u0435\u043c \u043f\u043e\u0434 \u0441\u0442\u0430\u0446\u0438\u043e\u043d\u0430\u0440\u043d\u043e\u0433\u043e \u0441\u043b\u0443\u0447\u0430\u0439\u043d\u043e\u0433\u043e \u0434\u0430\u0432\u043b\u0435\u043d\u0438\u044f. \u0422\u0435\u0437\u0438\u0441\u044b \u043a\u043e\u043d\u0444. \u043f\u043e\u0441\u0432. 90 \u043b\u0435\u0442\u0438\u044e \u0413.\u0410\u043b\u0438\u0435\u0432\u0430 2013, \u0441.182-183.<\/p>\n","protected":false},"author":6,"featured_media":0,"parent":260,"menu_order":0,"comment_status":"open","ping_status":"open","template":"","meta":{"footnotes":""},"_links":{"self":[{"href":"https:\/\/www.imm.az\/exp\/wp-json\/wp\/v2\/pages\/1391"}],"collection":[{"href":"https:\/\/www.imm.az\/exp\/wp-json\/wp\/v2\/pages"}],"about":[{"href":"https:\/\/www.imm.az\/exp\/wp-json\/wp\/v2\/types\/page"}],"author":[{"embeddable":true,"href":"https:\/\/www.imm.az\/exp\/wp-json\/wp\/v2\/users\/6"}],"replies":[{"embeddable":true,"href":"https:\/\/www.imm.az\/exp\/wp-json\/wp\/v2\/comments?post=1391"}],"version-history":[{"count":2,"href":"https:\/\/www.imm.az\/exp\/wp-json\/wp\/v2\/pages\/1391\/revisions"}],"predecessor-version":[{"id":2689,"href":"https:\/\/www.imm.az\/exp\/wp-json\/wp\/v2\/pages\/1391\/revisions\/2689"}],"up":[{"embeddable":true,"href":"https:\/\/www.imm.az\/exp\/wp-json\/wp\/v2\/pages\/260"}],"wp:attachment":[{"href":"https:\/\/www.imm.az\/exp\/wp-json\/wp\/v2\/media?parent=1391"}],"curies":[{"name":"wp","href":"https:\/\/api.w.org\/{rel}","templated":true}]}}