{"id":1397,"date":"2014-04-29T16:50:12","date_gmt":"2014-04-29T11:50:12","guid":{"rendered":"http:\/\/www.imm.az\/exp\/?page_id=1397"},"modified":"2014-06-25T13:47:26","modified_gmt":"2014-06-25T08:47:26","slug":"quliyeva-aida-agagul","status":"publish","type":"page","link":"https:\/\/www.imm.az\/exp\/%c9%99m%c9%99kdaslar\/quliyeva-aida-agagul\/","title":{"rendered":"Quliyeva Aida A\u011fag\u00fcl q\u0131z\u0131"},"content":{"rendered":"<p><strong>Son be\u015f ild\u0259 \u00e7ap olunmu\u015f \u0259sas elmi i\u015fl\u0259rinin siyah\u0131s\u0131<\/strong><\/p>\n<ol>\n<li>\u041c\u0430\u043c\u0435\u0434\u043e\u0432\u0430 \u0417.\u0412., \u0422\u0430\u0433\u0438\u0435\u0432\u0430 \u0410.\u0410. \u041e \u043f\u0440\u043e\u0441\u0442\u0440\u0430\u043d\u0441\u0442\u0432\u0435 \u043a\u043e\u044d\u0444\u0444\u0438\u0446\u0438\u0435\u043d\u0442\u043e\u0432. Mathematical Analysis, differential Equations and their Applications, 15-20 September, 2010, Sunny Beach, Bulgaria, p. B-68<\/li>\n<li>Kasumov Z.A., Quliyeva A.A. \u00a0On basicity of exponential systems in Morrey type spaces. International Conference on Actual Problems of Mathematics and Informatics, 29-31 May, 2013,\u00a0 Baku, Azerbaijan, p. 60<\/li>\n<li>Bilalov B.T., Quliyeva A.A. On bases in Morrey type spaces. International Journal of Mathematics.<\/li>\n<\/ol>\n","protected":false},"excerpt":{"rendered":"<p>Son be\u015f ild\u0259 \u00e7ap olunmu\u015f \u0259sas elmi i\u015fl\u0259rinin siyah\u0131s\u0131 \u041c\u0430\u043c\u0435\u0434\u043e\u0432\u0430 \u0417.\u0412., \u0422\u0430\u0433\u0438\u0435\u0432\u0430 \u0410.\u0410. \u041e \u043f\u0440\u043e\u0441\u0442\u0440\u0430\u043d\u0441\u0442\u0432\u0435 \u043a\u043e\u044d\u0444\u0444\u0438\u0446\u0438\u0435\u043d\u0442\u043e\u0432. Mathematical Analysis, differential Equations and their Applications, 15-20 September, 2010, Sunny Beach, Bulgaria, p. B-68 Kasumov Z.A., Quliyeva A.A. \u00a0On basicity of exponential systems in Morrey type spaces. International Conference on Actual Problems of Mathematics and Informatics, 29-31 May, [&hellip;]<\/p>\n","protected":false},"author":6,"featured_media":0,"parent":260,"menu_order":0,"comment_status":"open","ping_status":"open","template":"","meta":{"footnotes":""},"_links":{"self":[{"href":"https:\/\/www.imm.az\/exp\/wp-json\/wp\/v2\/pages\/1397"}],"collection":[{"href":"https:\/\/www.imm.az\/exp\/wp-json\/wp\/v2\/pages"}],"about":[{"href":"https:\/\/www.imm.az\/exp\/wp-json\/wp\/v2\/types\/page"}],"author":[{"embeddable":true,"href":"https:\/\/www.imm.az\/exp\/wp-json\/wp\/v2\/users\/6"}],"replies":[{"embeddable":true,"href":"https:\/\/www.imm.az\/exp\/wp-json\/wp\/v2\/comments?post=1397"}],"version-history":[{"count":2,"href":"https:\/\/www.imm.az\/exp\/wp-json\/wp\/v2\/pages\/1397\/revisions"}],"predecessor-version":[{"id":2580,"href":"https:\/\/www.imm.az\/exp\/wp-json\/wp\/v2\/pages\/1397\/revisions\/2580"}],"up":[{"embeddable":true,"href":"https:\/\/www.imm.az\/exp\/wp-json\/wp\/v2\/pages\/260"}],"wp:attachment":[{"href":"https:\/\/www.imm.az\/exp\/wp-json\/wp\/v2\/media?parent=1397"}],"curies":[{"name":"wp","href":"https:\/\/api.w.org\/{rel}","templated":true}]}}