{"id":1400,"date":"2014-04-29T16:53:59","date_gmt":"2014-04-29T11:53:59","guid":{"rendered":"http:\/\/www.imm.az\/exp\/?page_id=1400"},"modified":"2014-06-27T17:27:51","modified_gmt":"2014-06-27T12:27:51","slug":"rasulov-mubariz-bilal","status":"publish","type":"page","link":"https:\/\/www.imm.az\/exp\/%c9%99m%c9%99kdaslar\/rasulov-mubariz-bilal\/","title":{"rendered":"Rasulov M\u00fcbariz Bilal"},"content":{"rendered":"<p><strong>Son be\u015f ild\u0259 \u00e7ap olunmu\u015f \u0259sas elmi i\u015fl\u0259rinin siyah\u0131s\u0131<\/strong><\/p>\n<ol>\n<li>\u0420\u0430\u0441\u0443\u043b\u043e\u0432 \u041c.\u0411. \u0413\u0443\u043b\u0433\u0430\u0437\u043b\u0438 \u0410.\u0421., \u0418\u0441\u0430\u0439\u0435\u0432 \u0414.\u0418. \u041f\u0440\u0438\u043c\u0435\u043d\u0435\u043d\u0438\u0435 \u0442\u0435\u043e\u0440\u0435\u043c\u044b \u041c\u043e\u0440\u0438\u0441\u0430-\u041b\u0435\u0432\u0438 \u043f\u043b\u043e\u0441\u043a\u0438\u043c \u0437\u0430\u0434\u0430\u0447\u0430\u043c \u0432\u044f\u0437\u043a\u043e\u043f\u043b\u0430\u0441\u0442\u0438\u0447\u043d\u043e\u0441\u0442\u0438. Prof.\u0130.A. B\u0259xtiyarovun 80 illik yubileyin\u0259 h\u0259sr olunmu\u015f elmi konfrans\u0131n materiallar\u0131 Bak\u0131-2008 s.97-102<\/li>\n<li>\u0420\u0430\u0441\u0443\u043b\u043e\u0432 \u041c.\u0411., \u041c\u0430\u043c\u0435\u0434\u043e\u0432 \u0425.\u00a0 \u0420\u0430\u0441\u043f\u0440\u043e\u0441\u0442\u0440\u0430\u043d\u0435\u043d\u0438\u044f \u0442\u0435\u043c\u043f\u0435\u0440\u0430\u0442\u0443\u0440\u0430 \u0432 \u0442\u0440\u0435\u0445\u0441\u043b\u043e\u0439\u043d\u043e\u0439 \u0441\u0440\u0435\u0434\u0435. \u0422\u0435\u043e\u0440. \u0438 \u043f\u0440\u0438\u043a\u043b.\u043c\u0435\u0445. \u21163, \u0411\u0430\u043a\u04432010<\/li>\n<li>\u0420\u0430\u0441\u0443\u043b\u043e\u0432 \u041c.\u0411. \u041e\u0434\u043d\u043e\u0440\u043e\u0434\u043d\u043e\u0435 \u0440\u0435\u0448\u0435\u043d\u0438\u0435 \u043f\u043b\u043e\u0441\u043a\u0438\u0445 \u0437\u0430\u0434\u0430\u0447 \u0435\u043b\u0430\u0441\u0442\u043e\u0434\u0438\u043d\u0430\u043c\u0438\u043a\u0438. N\u0259z\u0259ri t\u0259tbiqi mexanika \u2116 3-4, s\u0259h. 108-111.Baku 2012.<\/li>\n<\/ol>\n","protected":false},"excerpt":{"rendered":"<p>Son be\u015f ild\u0259 \u00e7ap olunmu\u015f \u0259sas elmi i\u015fl\u0259rinin siyah\u0131s\u0131 \u0420\u0430\u0441\u0443\u043b\u043e\u0432 \u041c.\u0411. \u0413\u0443\u043b\u0433\u0430\u0437\u043b\u0438 \u0410.\u0421., \u0418\u0441\u0430\u0439\u0435\u0432 \u0414.\u0418. \u041f\u0440\u0438\u043c\u0435\u043d\u0435\u043d\u0438\u0435 \u0442\u0435\u043e\u0440\u0435\u043c\u044b \u041c\u043e\u0440\u0438\u0441\u0430-\u041b\u0435\u0432\u0438 \u043f\u043b\u043e\u0441\u043a\u0438\u043c \u0437\u0430\u0434\u0430\u0447\u0430\u043c \u0432\u044f\u0437\u043a\u043e\u043f\u043b\u0430\u0441\u0442\u0438\u0447\u043d\u043e\u0441\u0442\u0438. Prof.\u0130.A. B\u0259xtiyarovun 80 illik yubileyin\u0259 h\u0259sr olunmu\u015f elmi konfrans\u0131n materiallar\u0131 Bak\u0131-2008 s.97-102 \u0420\u0430\u0441\u0443\u043b\u043e\u0432 \u041c.\u0411., \u041c\u0430\u043c\u0435\u0434\u043e\u0432 \u0425.\u00a0 \u0420\u0430\u0441\u043f\u0440\u043e\u0441\u0442\u0440\u0430\u043d\u0435\u043d\u0438\u044f \u0442\u0435\u043c\u043f\u0435\u0440\u0430\u0442\u0443\u0440\u0430 \u0432 \u0442\u0440\u0435\u0445\u0441\u043b\u043e\u0439\u043d\u043e\u0439 \u0441\u0440\u0435\u0434\u0435. \u0422\u0435\u043e\u0440. \u0438 \u043f\u0440\u0438\u043a\u043b.\u043c\u0435\u0445. \u21163, \u0411\u0430\u043a\u04432010 \u0420\u0430\u0441\u0443\u043b\u043e\u0432 \u041c.\u0411. \u041e\u0434\u043d\u043e\u0440\u043e\u0434\u043d\u043e\u0435 \u0440\u0435\u0448\u0435\u043d\u0438\u0435 \u043f\u043b\u043e\u0441\u043a\u0438\u0445 \u0437\u0430\u0434\u0430\u0447 \u0435\u043b\u0430\u0441\u0442\u043e\u0434\u0438\u043d\u0430\u043c\u0438\u043a\u0438. N\u0259z\u0259ri [&hellip;]<\/p>\n","protected":false},"author":6,"featured_media":0,"parent":260,"menu_order":0,"comment_status":"open","ping_status":"open","template":"","meta":{"footnotes":""},"_links":{"self":[{"href":"https:\/\/www.imm.az\/exp\/wp-json\/wp\/v2\/pages\/1400"}],"collection":[{"href":"https:\/\/www.imm.az\/exp\/wp-json\/wp\/v2\/pages"}],"about":[{"href":"https:\/\/www.imm.az\/exp\/wp-json\/wp\/v2\/types\/page"}],"author":[{"embeddable":true,"href":"https:\/\/www.imm.az\/exp\/wp-json\/wp\/v2\/users\/6"}],"replies":[{"embeddable":true,"href":"https:\/\/www.imm.az\/exp\/wp-json\/wp\/v2\/comments?post=1400"}],"version-history":[{"count":3,"href":"https:\/\/www.imm.az\/exp\/wp-json\/wp\/v2\/pages\/1400\/revisions"}],"predecessor-version":[{"id":2710,"href":"https:\/\/www.imm.az\/exp\/wp-json\/wp\/v2\/pages\/1400\/revisions\/2710"}],"up":[{"embeddable":true,"href":"https:\/\/www.imm.az\/exp\/wp-json\/wp\/v2\/pages\/260"}],"wp:attachment":[{"href":"https:\/\/www.imm.az\/exp\/wp-json\/wp\/v2\/media?parent=1400"}],"curies":[{"name":"wp","href":"https:\/\/api.w.org\/{rel}","templated":true}]}}