{"id":1403,"date":"2014-04-29T16:58:58","date_gmt":"2014-04-29T11:58:58","guid":{"rendered":"http:\/\/www.imm.az\/exp\/?page_id=1403"},"modified":"2014-04-29T16:58:58","modified_gmt":"2014-04-29T11:58:58","slug":"rasulova-nazila-bilal","status":"publish","type":"page","link":"https:\/\/www.imm.az\/exp\/%c9%99m%c9%99kdaslar\/rasulova-nazila-bilal\/","title":{"rendered":"Rasulova Nazila Bilal"},"content":{"rendered":"<p><strong>Son be\u015f ild\u0259 \u00e7ap olunmu\u015f \u0259sas elmi i\u015fl\u0259rinin siyah\u0131s\u0131<br \/>\n<\/strong><\/p>\n<ol>\n<li>Nazile B.Rassoulova.The Propagation of Star-Shaped Brittle Cracks. Trans. of ASME, Journal of Appl. Mech. v. 77, July 2010, p. 044502-1 to 044502-5 The article &#8220;Top 10 Most Downloaded Articles in&#8221;,2011-2010, in 6th in the 1st place.<\/li>\n<li>\u0420\u0430\u0441\u0443\u043b\u043e\u0432\u0430 \u041d.\u0411., \u0428\u0430\u043c\u0438\u043b\u043e\u0432\u0430 \u0413.\u0420. \u0418\u0441\u0441\u043b\u0435\u0434\u043e\u0432\u0430\u043d\u0438\u044f \u043a\u0430\u0441\u0430\u0442\u0435\u043b\u044c\u043d\u043e\u0433\u043e \u0443\u0434\u0430\u0440\u0430 \u043f\u043e \u0442\u043e\u0440\u0446\u0443 \u043f\u043e\u043b\u0443\u0431\u0435\u0441\u043a\u043e\u043d\u0435\u0447\u043d\u0435\u0433\u043e \u043f\u0440\u044f\u043c\u043e\u0443\u0433\u043e\u043b\u044c\u043d\u043e\u0433\u043e \u0431\u0440\u0443\u0441\u0430. Mexanika v\u0259 Ma\u015f\u0131nqay\u0131rma. 2011, \u21162,\u0441\u0442\u0440.103-108<\/li>\n<li>\u0420\u0430\u0441\u0443\u043b\u043e\u0432\u0430 \u041d.\u0411., \u0428\u0430\u043c\u0438\u043b\u043e\u0432\u0430 \u0413.\u0420. \u0418\u0441\u0441\u043b\u0435\u0434\u043e\u0432\u0430\u043d\u0438\u044f \u043a\u0430\u0441\u0430\u0442\u0435\u043b\u044c\u043d\u043e\u0433\u043e \u0443\u0434\u0430\u0440\u0430 \u043f\u043e \u0442\u043e\u0440\u0446\u0443 \u043f\u043e\u043b\u0443\u0431\u0435\u0441\u043a\u043e\u043d\u0435\u0447\u043d\u0435\u0433\u043e \u043f\u0440\u044f\u043c\u043e\u0443\u0433\u043e\u043b\u044c\u043d\u043e\u0433\u043e \u0431\u0440\u0443\u0441\u0430. \u041d\u0430\u0443\u0447\u043d\u044b\u0435 \u0442\u0440\u0443\u0434\u044b \u0410\u0437\u0435\u0440\u0431\u0430\u0439\u0434\u0436\u0430\u043d\u0441\u043a\u043e\u0439 \u0413\u043e\u0441\u0443\u0434\u0430\u0440\u0441\u0442\u0432\u0435\u043d\u043d\u043e\u0439 \u043c\u043e\u0440\u0441\u043a\u043e\u0439 \u0410\u043a\u0430\u0434\u0435\u043c\u0438\u0438 \u21162,2012 \u0441\u0442\u0440.44-48<\/li>\n<\/ol>\n","protected":false},"excerpt":{"rendered":"<p>Son be\u015f ild\u0259 \u00e7ap olunmu\u015f \u0259sas elmi i\u015fl\u0259rinin siyah\u0131s\u0131 Nazile B.Rassoulova.The Propagation of Star-Shaped Brittle Cracks. Trans. of ASME, Journal of Appl. Mech. v. 77, July 2010, p. 044502-1 to 044502-5 The article &#8220;Top 10 Most Downloaded Articles in&#8221;,2011-2010, in 6th in the 1st place. \u0420\u0430\u0441\u0443\u043b\u043e\u0432\u0430 \u041d.\u0411., \u0428\u0430\u043c\u0438\u043b\u043e\u0432\u0430 \u0413.\u0420. \u0418\u0441\u0441\u043b\u0435\u0434\u043e\u0432\u0430\u043d\u0438\u044f \u043a\u0430\u0441\u0430\u0442\u0435\u043b\u044c\u043d\u043e\u0433\u043e \u0443\u0434\u0430\u0440\u0430 \u043f\u043e \u0442\u043e\u0440\u0446\u0443 \u043f\u043e\u043b\u0443\u0431\u0435\u0441\u043a\u043e\u043d\u0435\u0447\u043d\u0435\u0433\u043e [&hellip;]<\/p>\n","protected":false},"author":6,"featured_media":0,"parent":260,"menu_order":0,"comment_status":"open","ping_status":"open","template":"","meta":{"footnotes":""},"_links":{"self":[{"href":"https:\/\/www.imm.az\/exp\/wp-json\/wp\/v2\/pages\/1403"}],"collection":[{"href":"https:\/\/www.imm.az\/exp\/wp-json\/wp\/v2\/pages"}],"about":[{"href":"https:\/\/www.imm.az\/exp\/wp-json\/wp\/v2\/types\/page"}],"author":[{"embeddable":true,"href":"https:\/\/www.imm.az\/exp\/wp-json\/wp\/v2\/users\/6"}],"replies":[{"embeddable":true,"href":"https:\/\/www.imm.az\/exp\/wp-json\/wp\/v2\/comments?post=1403"}],"version-history":[{"count":1,"href":"https:\/\/www.imm.az\/exp\/wp-json\/wp\/v2\/pages\/1403\/revisions"}],"predecessor-version":[{"id":1404,"href":"https:\/\/www.imm.az\/exp\/wp-json\/wp\/v2\/pages\/1403\/revisions\/1404"}],"up":[{"embeddable":true,"href":"https:\/\/www.imm.az\/exp\/wp-json\/wp\/v2\/pages\/260"}],"wp:attachment":[{"href":"https:\/\/www.imm.az\/exp\/wp-json\/wp\/v2\/media?parent=1403"}],"curies":[{"name":"wp","href":"https:\/\/api.w.org\/{rel}","templated":true}]}}