{"id":1409,"date":"2014-04-29T17:05:50","date_gmt":"2014-04-29T12:05:50","guid":{"rendered":"http:\/\/www.imm.az\/exp\/?page_id=1409"},"modified":"2014-06-30T12:50:49","modified_gmt":"2014-06-30T07:50:49","slug":"rust%c9%99mova-m%c9%99hs%c9%99ti-akif","status":"publish","type":"page","link":"https:\/\/www.imm.az\/exp\/%c9%99m%c9%99kdaslar\/rust%c9%99mova-m%c9%99hs%c9%99ti-akif\/","title":{"rendered":"R\u00fcst\u0259mova M\u0259hs\u0259ti Akif"},"content":{"rendered":"<p><strong>Son be\u015f ild\u0259 \u00e7ap olunmu\u015f \u0259sas elmi i\u015fl\u0259rinin siyah\u0131s\u0131<\/strong><\/p>\n<ol>\n<li>\u0421\u0435\u0439\u0444\u0443\u043b\u043b\u0430\u0439\u0435\u0432 \u0410.\u0418, \u0420\u0443\u0441\u0442\u0430\u043c\u043e\u0432\u0430\u00a0 \u041c.\u0410. \u0418\u0441\u0441\u043b\u0435\u0434\u043e\u0432\u0430\u043d\u0438\u0435 \u0440\u0430\u0434\u0438\u0430\u043b\u044c\u043d\u043e \u043e\u0441\u0435\u0441\u0438\u043c\u043c\u0435\u0442\u0440\u0438\u0447\u0435\u0441\u043a\u043e\u0439 \u043e\u0431\u043e\u043b\u043e\u0447\u043a\u0438 \u0437\u0430\u043f\u043e\u043b\u043d\u0435\u043d\u043d\u043e\u0439 \u0441\u0436\u0438\u043c\u0430\u0435\u043c\u043e\u0439 \u0436\u0438\u0434\u043a\u043e\u0441\u0442\u044c\u044e \/\/\u00a0 \u041c\u0435\u0445\u0430\u043d\u0438\u043a\u0430 \u043c\u0430\u0448\u0438\u043d\u043e\u00ad\u0441\u0442\u0440\u043e\u0435\u043d\u0438\u0435, 2009, \u21163,c.37-40<\/li>\n<li>Agalarov J.H., Seyfullayev A.I., Rustamova\u00a0 \u041c.\u0410. Investigation of thread motion equations in a plane \/\/ International Journal of Nanosystems, Serial Publications,New Delhi (India) ISSN 0973-7332, July-December 2009, Volume 2, Issue 2, p.71-72<\/li>\n<li>Rustamova\u00a0 \u041c.\u0410., Eynatollah A.Taheri\u00a0 Investigation of free vibrations of spherical inclusion containing elastically suspended mass situated in acoustic medium by the inverse method \/\/ International Journal of Nanosystems, Serial Publications,New Delhi (India) ISSN 0973-7332, January-June\u00a0 2010, Volume 3, Issue 1, p.23-25<\/li>\n<li>\u0410\u0433\u0430\u043b\u0430\u0440\u043e\u0432 \u0414.\u0413., \u0420\u0443\u0441\u0442\u0430\u043c\u043e\u0432\u0430\u00a0 \u041c.\u0410. \u0412\u043b\u0438\u044f\u043d\u0438\u0435 \u0440\u0430\u0437\u043c\u0435\u0440\u0430 \u0446\u0438\u043b\u0438\u043d\u0434\u0440\u0430, \u0441\u043e\u0434\u0435\u0440\u0436\u0430\u0449\u0435\u0433\u043e \u0441\u0436\u0438\u043c\u0430\u0435\u043c\u0443\u044e \u0436\u0438\u0434\u043a\u043e\u0441\u0442\u044c \u043d\u0430 \u0441\u0432\u043e\u0431\u043e\u0434\u043d\u044b\u0435 \u043a\u043e\u043b\u0435\u0431\u0430\u043d\u0438\u044f \/\/ Az\u0259rbaycan Texniki Universiteti, Elmi \u00a0\u018fs\u0259rl\u0259r Fundamental Elml\u0259r, \u21162, c\u0131ld \u0425(38), c.78-85, Bak\u0131-2011<\/li>\n<li>\u0420\u0443\u0441\u0442\u0430\u043c\u043e\u0432\u0430\u00a0 \u041c.\u0410., \u0410\u043b\u0438\u0435\u0432 \u0424.\u0413., \u0422\u0430\u0445\u0435\u0440\u0438 \u0415.\u0410. \u0418\u0441\u0441\u043b\u0435\u0434\u043e\u0432\u0430\u043d\u0438\u0435 \u0441\u0432\u043e\u0431\u043e\u0434\u043d\u044b\u0445 \u043a\u043e\u043b\u0435\u0431\u0430\u043d\u0438\u0439 \u0443\u043f\u0440\u0443\u0433\u043e-\u0437\u0430\u043a\u0440\u0435\u043f\u043b\u0435\u043d\u043d\u044b\u0445 \u0438 \u0432 \u043f\u0440\u043e\u043c\u0435\u0436\u0443\u0442\u043a\u0435 \u0437\u0430\u043f\u043e\u043b\u043d\u0435\u043d\u043d\u044b\u043c\u0438 \u0436\u0438\u0434\u043a\u043e\u0441\u0442\u044c\u044e \u043a\u043e\u043d\u0446\u0435\u043d\u0442\u0440\u0438\u0447\u0435\u0441\u043a\u0438\u0445 \u0441\u0444\u0435\u0440 \/\/ Az\u0259rbaycan D\u00f6vl\u0259t D\u0259niz Akademiyas\u0131n\u0131n ELM\u0130 \u018fS\u018fRL\u018fR\u0130\u00a0 \u21161, Bak\u0131-2012, s.20-28<\/li>\n<li>\u0421\u0435\u0439\u0444\u0443\u043b\u043b\u0430\u0435\u0432 \u0410. \u0418., \u041c\u0430\u043c\u0435\u0434\u043e\u0432\u0430 \u0413.\u0410.., \u0420\u0443\u0441\u0442\u0430\u043c\u043e\u0432\u0430\u00a0 \u041c.\u0410., \u042e\u0437\u0431\u0430\u0448\u0438\u0435\u0432\u0430 \u0410.\u041e. \u0410\u043d\u0430\u043b\u0438\u0437 \u0441\u0432\u043e\u0431\u043e\u0434\u043d\u044b\u0445 \u043a\u043e\u043b\u0435\u0431\u0430\u043d\u0438\u0439 \u0442\u043e\u043d\u043a\u043e\u0441\u0442\u0435\u043d\u043d\u044b\u0445 \u0446\u0438\u043b\u0438\u043d\u0434\u0440\u0438\u0447\u0435\u0441\u043a\u0438\u0445 \u043e\u0431\u043e\u043b\u043e\u0447\u0435\u043a \u0441\u043e\u0434\u0435\u0440\u0436\u0430\u0449\u0438\u0445 \u0441\u0436\u0438\u043c\u0430\u0435\u043c\u0443\u044e \u0436\u0438\u0434\u043a\u043e\u0441\u0442\u044c \/\/ \u0418\u043d\u0436\u0435\u043d\u0435\u0440\u043d\u043e-\u0444\u0438\u0437\u0438\u0447\u0435\u0441\u043a\u0438\u0439 \u0436\u0443\u0440\u043d\u0430\u043b, \u0422\u043e\u043c.85, \u21166, 2012. \u041c\u0438\u043d\u0441\u043a<\/li>\n<\/ol>\n","protected":false},"excerpt":{"rendered":"<p>Son be\u015f ild\u0259 \u00e7ap olunmu\u015f \u0259sas elmi i\u015fl\u0259rinin siyah\u0131s\u0131 \u0421\u0435\u0439\u0444\u0443\u043b\u043b\u0430\u0439\u0435\u0432 \u0410.\u0418, \u0420\u0443\u0441\u0442\u0430\u043c\u043e\u0432\u0430\u00a0 \u041c.\u0410. \u0418\u0441\u0441\u043b\u0435\u0434\u043e\u0432\u0430\u043d\u0438\u0435 \u0440\u0430\u0434\u0438\u0430\u043b\u044c\u043d\u043e \u043e\u0441\u0435\u0441\u0438\u043c\u043c\u0435\u0442\u0440\u0438\u0447\u0435\u0441\u043a\u043e\u0439 \u043e\u0431\u043e\u043b\u043e\u0447\u043a\u0438 \u0437\u0430\u043f\u043e\u043b\u043d\u0435\u043d\u043d\u043e\u0439 \u0441\u0436\u0438\u043c\u0430\u0435\u043c\u043e\u0439 \u0436\u0438\u0434\u043a\u043e\u0441\u0442\u044c\u044e \/\/\u00a0 \u041c\u0435\u0445\u0430\u043d\u0438\u043a\u0430 \u043c\u0430\u0448\u0438\u043d\u043e\u00ad\u0441\u0442\u0440\u043e\u0435\u043d\u0438\u0435, 2009, \u21163,c.37-40 Agalarov J.H., Seyfullayev A.I., Rustamova\u00a0 \u041c.\u0410. Investigation of thread motion equations in a plane \/\/ International Journal of Nanosystems, Serial Publications,New Delhi (India) ISSN 0973-7332, July-December 2009, Volume 2, Issue [&hellip;]<\/p>\n","protected":false},"author":6,"featured_media":0,"parent":260,"menu_order":0,"comment_status":"open","ping_status":"open","template":"","meta":{"footnotes":""},"_links":{"self":[{"href":"https:\/\/www.imm.az\/exp\/wp-json\/wp\/v2\/pages\/1409"}],"collection":[{"href":"https:\/\/www.imm.az\/exp\/wp-json\/wp\/v2\/pages"}],"about":[{"href":"https:\/\/www.imm.az\/exp\/wp-json\/wp\/v2\/types\/page"}],"author":[{"embeddable":true,"href":"https:\/\/www.imm.az\/exp\/wp-json\/wp\/v2\/users\/6"}],"replies":[{"embeddable":true,"href":"https:\/\/www.imm.az\/exp\/wp-json\/wp\/v2\/comments?post=1409"}],"version-history":[{"count":3,"href":"https:\/\/www.imm.az\/exp\/wp-json\/wp\/v2\/pages\/1409\/revisions"}],"predecessor-version":[{"id":2732,"href":"https:\/\/www.imm.az\/exp\/wp-json\/wp\/v2\/pages\/1409\/revisions\/2732"}],"up":[{"embeddable":true,"href":"https:\/\/www.imm.az\/exp\/wp-json\/wp\/v2\/pages\/260"}],"wp:attachment":[{"href":"https:\/\/www.imm.az\/exp\/wp-json\/wp\/v2\/media?parent=1409"}],"curies":[{"name":"wp","href":"https:\/\/api.w.org\/{rel}","templated":true}]}}