{"id":1435,"date":"2014-04-29T17:27:42","date_gmt":"2014-04-29T12:27:42","guid":{"rendered":"http:\/\/www.imm.az\/exp\/?page_id=1435"},"modified":"2014-06-30T16:36:22","modified_gmt":"2014-06-30T11:36:22","slug":"zeynalova-tamilla-yusif-qizi","status":"publish","type":"page","link":"https:\/\/www.imm.az\/exp\/%c9%99m%c9%99kdaslar\/zeynalova-tamilla-yusif-qizi\/","title":{"rendered":"Zeynalova Tamilla Yusif q\u0131z\u0131"},"content":{"rendered":"<p><strong>Son be\u015f ild\u0259 \u00e7ap olunmu\u015f \u0259sas elmi i\u015fl\u0259rinin siyah\u0131s\u0131<\/strong><\/p>\n<ol>\n<li>\u0423\u0441\u0442\u043e\u0439\u0447\u0438\u0432\u043e\u0441\u0442\u044c \u0430\u043d\u0438\u0437\u043e\u0442\u0440\u043e\u043f\u043d\u044b\u0439 \u043f\u043b\u0430\u0441\u0442\u0438\u043d\u043a\u0438 \u0441 \u043f\u0435\u0440\u0438\u043e\u0434\u0438\u0447\u0435\u0441\u043a\u0438\u043c\u0438 \u0438\u0441\u043a\u0440\u0438\u0432\u043b\u0435\u043d\u043d\u044b\u043c\u0438 \u0441\u0442\u0440\u0443\u043a\u0442\u0443\u0440\u0430\u043c\u0438. \u0422\u0435\u043e\u0440\u0435\u0442\u0438\u0447\u0435\u0441\u043a\u0430\u044f \u0438 \u043f\u0440\u0438\u043a\u043b\u0430\u0434\u043d\u0430\u044f \u043c\u0435\u0445\u0430\u043d\u0438\u043a\u0430 \u043c\u0435\u0436\u0432\u0443\u0437\u043e\u0432\u0441\u043a\u0438\u0439 \u043d\u0430\u0443\u0447\u043d\u043e-\u0442\u0435\u0445\u043d\u0438\u0447\u0435\u0441\u043a\u0438\u0439 \u0436\u0443\u0440\u043d\u0430\u043b. \u0422. VII. N: 1 (25) \u0411\u0430\u043a\u0443, 2012, \u0441\u0442\u0440. 116-121.<\/li>\n<li>\u0423\u0441\u0442\u043e\u0439\u0447\u0438\u0432\u043e\u0441\u0442\u044c \u0430\u043d\u0438\u0437\u043e\u0442\u0440\u043e\u043f\u043d\u044b\u0439 \u043f\u043b\u0430\u0441\u0442\u0438\u043d\u043a\u0438 \u0441 \u043b\u043e\u043a\u0430\u043b\u044c\u043d\u043e \u0438\u0441\u043a\u0440\u0438\u0432\u043b\u0435\u043d\u043d\u044b\u043c\u0438 \u0441\u0442\u0440\u0443\u043a\u0442\u0443\u0440\u0430\u043c\u0438. \u041c\u0430\u0448\u0438\u043d\u043e\u0432\u0435\u0434\u0435\u043d\u0438\u0435 \u041c\u0435\u0436\u0434\u0443\u043d\u0430\u0440\u043e\u0434\u043d\u044b\u0439 \u041d\u0430\u0443\u0447\u043d\u043e-\u0442\u0435\u0445\u043d\u0438\u0447\u0435\u0441\u043a\u0438\u0439 \u0436\u0443\u0440\u043d\u0430\u043b. 2012.\u00a0 \u21162. \u0421\u0442\u0440. 53-58.<\/li>\n<li>\u041e\u0431 \u043e\u0434\u043d\u043e\u0439 \u0437\u0430\u0434\u0430\u0447\u0435 \u0443\u0441\u0442\u043e\u0439\u0447\u0438\u0432\u043e\u0441\u0442\u0438 \u043f\u043b\u0430\u0441\u0442\u0438\u043d \u0441 \u0438\u0441\u043a\u0440\u0438\u0432\u043b\u0435\u043d\u043d\u044b\u043c\u0438 \u0441\u0442\u0440\u0443\u043a\u0442\u0443\u0440\u0430\u043c\u0438. Proceeding of institute of mathematics and mechanics of NAS of Azerbaijan XXXIX Baku-2013, Elm<\/li>\n<\/ol>\n","protected":false},"excerpt":{"rendered":"<p>Son be\u015f ild\u0259 \u00e7ap olunmu\u015f \u0259sas elmi i\u015fl\u0259rinin siyah\u0131s\u0131 \u0423\u0441\u0442\u043e\u0439\u0447\u0438\u0432\u043e\u0441\u0442\u044c \u0430\u043d\u0438\u0437\u043e\u0442\u0440\u043e\u043f\u043d\u044b\u0439 \u043f\u043b\u0430\u0441\u0442\u0438\u043d\u043a\u0438 \u0441 \u043f\u0435\u0440\u0438\u043e\u0434\u0438\u0447\u0435\u0441\u043a\u0438\u043c\u0438 \u0438\u0441\u043a\u0440\u0438\u0432\u043b\u0435\u043d\u043d\u044b\u043c\u0438 \u0441\u0442\u0440\u0443\u043a\u0442\u0443\u0440\u0430\u043c\u0438. \u0422\u0435\u043e\u0440\u0435\u0442\u0438\u0447\u0435\u0441\u043a\u0430\u044f \u0438 \u043f\u0440\u0438\u043a\u043b\u0430\u0434\u043d\u0430\u044f \u043c\u0435\u0445\u0430\u043d\u0438\u043a\u0430 \u043c\u0435\u0436\u0432\u0443\u0437\u043e\u0432\u0441\u043a\u0438\u0439 \u043d\u0430\u0443\u0447\u043d\u043e-\u0442\u0435\u0445\u043d\u0438\u0447\u0435\u0441\u043a\u0438\u0439 \u0436\u0443\u0440\u043d\u0430\u043b. \u0422. VII. N: 1 (25) \u0411\u0430\u043a\u0443, 2012, \u0441\u0442\u0440. 116-121. \u0423\u0441\u0442\u043e\u0439\u0447\u0438\u0432\u043e\u0441\u0442\u044c \u0430\u043d\u0438\u0437\u043e\u0442\u0440\u043e\u043f\u043d\u044b\u0439 \u043f\u043b\u0430\u0441\u0442\u0438\u043d\u043a\u0438 \u0441 \u043b\u043e\u043a\u0430\u043b\u044c\u043d\u043e \u0438\u0441\u043a\u0440\u0438\u0432\u043b\u0435\u043d\u043d\u044b\u043c\u0438 \u0441\u0442\u0440\u0443\u043a\u0442\u0443\u0440\u0430\u043c\u0438. \u041c\u0430\u0448\u0438\u043d\u043e\u0432\u0435\u0434\u0435\u043d\u0438\u0435 \u041c\u0435\u0436\u0434\u0443\u043d\u0430\u0440\u043e\u0434\u043d\u044b\u0439 \u041d\u0430\u0443\u0447\u043d\u043e-\u0442\u0435\u0445\u043d\u0438\u0447\u0435\u0441\u043a\u0438\u0439 \u0436\u0443\u0440\u043d\u0430\u043b. 2012.\u00a0 \u21162. \u0421\u0442\u0440. 53-58. \u041e\u0431 \u043e\u0434\u043d\u043e\u0439 \u0437\u0430\u0434\u0430\u0447\u0435 \u0443\u0441\u0442\u043e\u0439\u0447\u0438\u0432\u043e\u0441\u0442\u0438 \u043f\u043b\u0430\u0441\u0442\u0438\u043d \u0441 \u0438\u0441\u043a\u0440\u0438\u0432\u043b\u0435\u043d\u043d\u044b\u043c\u0438 \u0441\u0442\u0440\u0443\u043a\u0442\u0443\u0440\u0430\u043c\u0438. [&hellip;]<\/p>\n","protected":false},"author":6,"featured_media":0,"parent":260,"menu_order":0,"comment_status":"open","ping_status":"open","template":"","meta":{"footnotes":""},"_links":{"self":[{"href":"https:\/\/www.imm.az\/exp\/wp-json\/wp\/v2\/pages\/1435"}],"collection":[{"href":"https:\/\/www.imm.az\/exp\/wp-json\/wp\/v2\/pages"}],"about":[{"href":"https:\/\/www.imm.az\/exp\/wp-json\/wp\/v2\/types\/page"}],"author":[{"embeddable":true,"href":"https:\/\/www.imm.az\/exp\/wp-json\/wp\/v2\/users\/6"}],"replies":[{"embeddable":true,"href":"https:\/\/www.imm.az\/exp\/wp-json\/wp\/v2\/comments?post=1435"}],"version-history":[{"count":2,"href":"https:\/\/www.imm.az\/exp\/wp-json\/wp\/v2\/pages\/1435\/revisions"}],"predecessor-version":[{"id":2771,"href":"https:\/\/www.imm.az\/exp\/wp-json\/wp\/v2\/pages\/1435\/revisions\/2771"}],"up":[{"embeddable":true,"href":"https:\/\/www.imm.az\/exp\/wp-json\/wp\/v2\/pages\/260"}],"wp:attachment":[{"href":"https:\/\/www.imm.az\/exp\/wp-json\/wp\/v2\/media?parent=1435"}],"curies":[{"name":"wp","href":"https:\/\/api.w.org\/{rel}","templated":true}]}}