{"id":14365,"date":"2017-09-20T12:02:47","date_gmt":"2017-09-20T08:02:47","guid":{"rendered":"http:\/\/www.imm.az\/exp\/?page_id=14365"},"modified":"2017-12-19T12:57:02","modified_gmt":"2017-12-19T08:57:02","slug":"akademik-akif-haciyevin-80-illik-yubileyin%c9%99-h%c9%99sr-olunmus-riyaziyyat-v%c9%99-mexanikanin-muasir-probleml%c9%99ri-adli-beyn%c9%99lxalq-konfrans","status":"publish","type":"page","link":"https:\/\/www.imm.az\/exp\/akademik-akif-haciyevin-80-illik-yubileyin%c9%99-h%c9%99sr-olunmus-riyaziyyat-v%c9%99-mexanikanin-muasir-probleml%c9%99ri-adli-beyn%c9%99lxalq-konfrans\/","title":{"rendered":"<p>Akademik Akif Hac\u0131yevin 80-illik yubileyin\u0259 h\u0259sr olunmu\u015f &ldquo;Riyaziyyat v\u0259 Mexanikan\u0131n m&uuml;asir probleml\u0259ri&rdquo; adl\u0131 beyn\u0259lxalq konfrans<\/p>"},"content":{"rendered":"<p><img loading=\"lazy\" decoding=\"async\" class=\"alignleft size-medium wp-image-14366\" src=\"https:\/\/www.imm.az\/exp\/wp-content\/uploads\/2017\/09\/Akif-Haciyev.imm_-211x300.jpg\" alt=\"AMEA Riyaziyyat v\u0259 Mexanika \u0130nstitutu\" width=\"211\" height=\"300\" srcset=\"https:\/\/www.imm.az\/exp\/wp-content\/uploads\/2017\/09\/Akif-Haciyev.imm_-211x300.jpg 211w, https:\/\/www.imm.az\/exp\/wp-content\/uploads\/2017\/09\/Akif-Haciyev.imm_.jpg 700w\" sizes=\"(max-width: 211px) 100vw, 211px\" \/><\/p>\n<p style=\"text-align: justify;\">AMEA Riyaziyyat v\u0259 Mexanika \u0130nstitutu v\u0259 Milli Aviasiya Akademiyas\u0131n\u0131n t\u0259\u015fkilat\u00e7\u0131l\u0131\u011f\u0131 il\u0259 g\u00f6rk\u0259mli riyaziyyat\u00e7\u0131 alim, akademik Akif Hac\u0131yevin 80-illik yubileyin\u0259 h\u0259sr olunmu\u015f \u201cRiyaziyyat v\u0259 Mexanikan\u0131n m\u00fcasir probleml\u0259ri\u201d adl\u0131 beyn\u0259lxalq konfrans ke\u00e7iril\u0259c\u0259k. Konfrans 6-8 dekabr 2017-ci il tarixl\u0259rind\u0259 AMEA Riyaziyyat v\u0259 Mexanika \u0130nstitutunda (Bak\u0131 \u015f\u0259h\u0259ri) ke\u00e7iril\u0259c\u0259k.<\/p>\n<p style=\"text-align: justify;\">Konfransda i\u015ftirak etm\u0259k ist\u0259y\u0259nl\u0259rd\u0259n m\u0259ruz\u0259 edil\u0259c\u0259k i\u015fin tezisini 2017-ci il oktyabr ay\u0131n\u0131n 31-d\u0259k <a href=\"http:\/\/imm.az\/akifhaciyev\/style.zip\"><strong>STYLE<\/strong><\/a> fayl\u0131na uy\u011fun tex v\u0259 pdf format\u0131nda confimm2017@gmail.com elektron po\u00e7tuna g\u00f6nd\u0259rm\u0259l\u0259ri xahi\u015f olunur. Konfransda a\u015fa\u011f\u0131dak\u0131 b\u00f6lm\u0259l\u0259r f\u0259aliyy\u0259t g\u00f6st\u0259r\u0259c\u0259k (lakin m\u0259hdud deyil):<\/p>\n<p>\u2022 Harmonik v\u0259 qeyri harmonik analiz<br \/>\n\u2022 Funksional analiz<br \/>\n\u2022 H\u0259nd\u0259s\u0259, Topologiya v\u0259 C\u0259br<br \/>\n\u2022 Yax\u0131nla\u015fmalar n\u0259z\u0259riyy\u0259si<br \/>\n\u2022 X\u00fcsusi t\u00f6r\u0259m\u0259li diferensial t\u0259nlikl\u0259r<br \/>\n\u2022 Operatorlar n\u0259z\u0259riyy\u0259si v\u0259 spektral analiz<br \/>\n\u2022 T\u0259tbiqi analiz<br \/>\n\u2022 B\u00fct\u00f6v m\u00fchit mexanikas\u0131<br \/>\n\u2022 Optimal idar\u0259etm\u0259 probleml\u0259ri<br \/>\n\u2022 Ehtimal n\u0259z\u0259riyy\u0259si v\u0259 stoxastik analiz<br \/>\n\u2022 Riyazi fizika<br \/>\n\u2022 Riyaziyyat\u0131n tarixi v\u0259 t\u0259drisi metodikas\u0131<\/p>\n<p><strong>S\u0259dr<\/strong>: AMEA-n\u0131n m\u00fcxbir \u00fczv\u00fc, professor Misir M\u0259rdanov (AMEA RM\u0130-nin direktoru).<br \/>\n<strong>S\u0259dr m\u00fcavinl\u0259ri<\/strong>:<br \/>\nProfessor \u018fdal\u0259t S\u0259m\u0259dov (Milli Aviasiya Akademiyas\u0131n\u0131n t\u0259dris i\u015fl\u0259ri \u00fczr\u0259 prorektoru),<br \/>\nAMEA-n\u0131n m\u00fcxbir \u00fczv\u00fc, professor Vaqif Quliyev (AMEA RM\u0130-nin elmi i\u015fl\u0259r \u00fczr\u0259 direktor m\u00fcavini).<\/p>\n<p><strong>T\u0259\u015fkilat Komit\u0259si<\/strong><br \/>\nAs\u0259f Hac\u0131yev (Bak\u0131, Az\u0259rbaycan)<br \/>\nBilal Bilalov (Bak\u0131, Az\u0259rbaycan)<br \/>\nFikr\u0259t \u018fliyev (Bak\u0131, Az\u0259rbaycan)<br \/>\n\u0130lham \u018fliyev (Antaliya, T\u00fcrkiy\u0259)<br \/>\nKamil Aydazad\u0259 (Bak\u0131, Az\u0259rbaycan)<br \/>\nM\u0259h\u0259mm\u0259d Mehdiyev (Bak\u0131, Az\u0259rbaycan)<br \/>\nNizam\u0259ddin \u0130sg\u0259nd\u0259rov (Bak\u0131, Az\u0259rbaycan)<br \/>\nQeylani P\u0259nahov (Bak\u0131, Az\u0259rbaycan)<br \/>\nRauf H\u00fcseynov (Bak\u0131, Az\u0259rbaycan)<br \/>\nTamilla H\u0259s\u0259nova (Bak\u0131, Az\u0259rbaycan)<br \/>\nViktor Burenkov (Moskva, Rusiya)<br \/>\nYusif M\u0259mm\u0259dov (Bak\u0131, Az\u0259rbaycan)<\/p>\n<p><strong>\u0130\u015f\u00e7i qrupu<\/strong><br \/>\nMehdi M\u0259mm\u0259dov (Bak\u0131, Az\u0259rbaycan)<br \/>\nQumru Sad\u0131qova (Bak\u0131, Az\u0259rbaycan)<br \/>\nEldar Abbasov (Bak\u0131, Az\u0259rbaycan)<br \/>\nAynur\u0259 C\u0259f\u0259rova (Bak\u0131, Az\u0259rbaycan)<br \/>\nZaman S\u0259f\u0259rov (Bak\u0131, Az\u0259rbaycan)<br \/>\nTahir\u0259 Musayeva (Bak\u0131, Az\u0259rbaycan)<br \/>\nMehriban \u00d6m\u0259rova (Bak\u0131, Az\u0259rbaycan)<br \/>\nAyg\u00fcn Orucova (Bak\u0131, Az\u0259rbaycan)<br \/>\n\u015e\u0259msiyy\u0259 Muradova (Bak\u0131, Az\u0259rbaycan)<br \/>\nP\u0259rviz M\u00fcseyibli (Bak\u0131, Az\u0259rbaycan)<br \/>\nNem\u0259t \u015e\u0131xverdiyev (Bak\u0131, Az\u0259rbaycan)<br \/>\nS\u0259bin\u0259 Salmanova (Bak\u0131, Az\u0259rbaycan)<br \/>\nG\u00fcnel \u0130sayeva (Bak\u0131, Az\u0259rbaycan)<br \/>\nV\u00fcsal\u0259 R\u00fcst\u0259mova (Bak\u0131, Az\u0259rbaycan)<br \/>\nXumar M\u0259h\u0259rr\u0259mova(Bak\u0131, Az\u0259rbaycan)<\/p>\n<p><a href=\"http:\/\/www.imm.az\/akifhaciyev\/PROQRAM-KONFRANS-Akif Gadjiev80.pdf\"><img loading=\"lazy\" decoding=\"async\" class=\"alignleft size-medium wp-image-15915\" src=\"https:\/\/www.imm.az\/exp\/wp-content\/uploads\/2017\/12\/Akif-Gadjiev-80-232x300.jpg\" alt=\"\" width=\"232\" height=\"300\" srcset=\"https:\/\/www.imm.az\/exp\/wp-content\/uploads\/2017\/12\/Akif-Gadjiev-80-232x300.jpg 232w, https:\/\/www.imm.az\/exp\/wp-content\/uploads\/2017\/12\/Akif-Gadjiev-80.jpg 400w\" sizes=\"(max-width: 232px) 100vw, 232px\" \/><\/a><\/p>\n<p style=\"text-align: justify;\"><a href=\"http:\/\/www.imm.az\/akifhaciyev\/International_conference_book_Akif Gadjiev-80.pdf\"><img loading=\"lazy\" decoding=\"async\" class=\"alignleft size-medium wp-image-16229\" src=\"https:\/\/www.imm.az\/exp\/wp-content\/uploads\/2017\/12\/International_conference_Akif-Gadjiyev_80-200x300.jpg\" alt=\"\" width=\"200\" height=\"300\" srcset=\"https:\/\/www.imm.az\/exp\/wp-content\/uploads\/2017\/12\/International_conference_Akif-Gadjiyev_80-200x300.jpg 200w, https:\/\/www.imm.az\/exp\/wp-content\/uploads\/2017\/12\/International_conference_Akif-Gadjiyev_80.jpg 300w\" sizes=\"(max-width: 200px) 100vw, 200px\" \/><\/a><\/p>\n<p>&nbsp;<\/p>\n<p>&nbsp;<\/p>\n<p>&nbsp;<\/p>\n<p>&nbsp;<\/p>\n<p>&nbsp;<\/p>\n<p>&nbsp;<\/p>\n<p>&nbsp;<\/p>\n<p>&nbsp;<\/p>\n<p>&nbsp;<\/p>\n<p><em>\u00a9 B\u00fct\u00fcn h\u00fcquqlar qorunur. X\u0259b\u0259rl\u0259rd\u0259n istifad\u0259 ed\u0259rk\u0259n www.imm.az sayt\u0131na istinad z\u0259ruridir.<\/em><\/p>\n","protected":false},"excerpt":{"rendered":"<p>AMEA Riyaziyyat v\u0259 Mexanika \u0130nstitutu v\u0259 Milli Aviasiya Akademiyas\u0131n\u0131n t\u0259\u015fkilat\u00e7\u0131l\u0131\u011f\u0131 il\u0259 g\u00f6rk\u0259mli riyaziyyat\u00e7\u0131 alim, akademik Akif Hac\u0131yevin 80-illik yubileyin\u0259 h\u0259sr olunmu\u015f \u201cRiyaziyyat v\u0259 Mexanikan\u0131n m\u00fcasir probleml\u0259ri\u201d adl\u0131 beyn\u0259lxalq konfrans ke\u00e7iril\u0259c\u0259k. Konfrans 6-8 dekabr 2017-ci il tarixl\u0259rind\u0259 AMEA Riyaziyyat v\u0259 Mexanika \u0130nstitutunda (Bak\u0131 \u015f\u0259h\u0259ri) ke\u00e7iril\u0259c\u0259k. Konfransda i\u015ftirak etm\u0259k ist\u0259y\u0259nl\u0259rd\u0259n m\u0259ruz\u0259 edil\u0259c\u0259k i\u015fin tezisini 2017-ci il oktyabr [&hellip;]<\/p>\n","protected":false},"author":6,"featured_media":0,"parent":0,"menu_order":0,"comment_status":"closed","ping_status":"closed","template":"","meta":{"footnotes":""},"_links":{"self":[{"href":"https:\/\/www.imm.az\/exp\/wp-json\/wp\/v2\/pages\/14365"}],"collection":[{"href":"https:\/\/www.imm.az\/exp\/wp-json\/wp\/v2\/pages"}],"about":[{"href":"https:\/\/www.imm.az\/exp\/wp-json\/wp\/v2\/types\/page"}],"author":[{"embeddable":true,"href":"https:\/\/www.imm.az\/exp\/wp-json\/wp\/v2\/users\/6"}],"replies":[{"embeddable":true,"href":"https:\/\/www.imm.az\/exp\/wp-json\/wp\/v2\/comments?post=14365"}],"version-history":[{"count":5,"href":"https:\/\/www.imm.az\/exp\/wp-json\/wp\/v2\/pages\/14365\/revisions"}],"predecessor-version":[{"id":16233,"href":"https:\/\/www.imm.az\/exp\/wp-json\/wp\/v2\/pages\/14365\/revisions\/16233"}],"wp:attachment":[{"href":"https:\/\/www.imm.az\/exp\/wp-json\/wp\/v2\/media?parent=14365"}],"curies":[{"name":"wp","href":"https:\/\/api.w.org\/{rel}","templated":true}]}}