{"id":15160,"date":"2017-10-31T16:12:56","date_gmt":"2017-10-31T12:12:56","guid":{"rendered":"http:\/\/www.imm.az\/exp\/?page_id=15160"},"modified":"2017-10-31T16:15:42","modified_gmt":"2017-10-31T12:15:42","slug":"hesablama-riyaziyyati-v%c9%99-informatika-sob%c9%99si-xarici-ezamiyy%c9%99tl%c9%99r","status":"publish","type":"page","link":"https:\/\/www.imm.az\/exp\/xarici-ezamiyy%c9%99tl%c9%99r\/hesablama-riyaziyyati-v%c9%99-informatika-sob%c9%99si-xarici-ezamiyy%c9%99tl%c9%99r\/","title":{"rendered":"Hesablama riyaziyyati v\u0259 informatika \u015f\u00f6b\u0259si \u2013 xarici ezamiyy\u0259tl\u0259r"},"content":{"rendered":"<ol>\n<li style=\"text-align: justify;\"><a href=\"\/exp\/?p=14766\">G\u0259nc aliml\u0259r Heydelberq Universitetind\u0259 m\u0259ruz\u0259 il\u0259 \u00e7\u0131x\u0131\u015f edibl\u0259r<\/a><\/li>\n<\/ol>\n","protected":false},"excerpt":{"rendered":"<p>G\u0259nc aliml\u0259r Heydelberq Universitetind\u0259 m\u0259ruz\u0259 il\u0259 \u00e7\u0131x\u0131\u015f edibl\u0259r<\/p>\n","protected":false},"author":6,"featured_media":0,"parent":2895,"menu_order":0,"comment_status":"closed","ping_status":"closed","template":"","meta":{"footnotes":""},"_links":{"self":[{"href":"https:\/\/www.imm.az\/exp\/wp-json\/wp\/v2\/pages\/15160"}],"collection":[{"href":"https:\/\/www.imm.az\/exp\/wp-json\/wp\/v2\/pages"}],"about":[{"href":"https:\/\/www.imm.az\/exp\/wp-json\/wp\/v2\/types\/page"}],"author":[{"embeddable":true,"href":"https:\/\/www.imm.az\/exp\/wp-json\/wp\/v2\/users\/6"}],"replies":[{"embeddable":true,"href":"https:\/\/www.imm.az\/exp\/wp-json\/wp\/v2\/comments?post=15160"}],"version-history":[{"count":2,"href":"https:\/\/www.imm.az\/exp\/wp-json\/wp\/v2\/pages\/15160\/revisions"}],"predecessor-version":[{"id":15163,"href":"https:\/\/www.imm.az\/exp\/wp-json\/wp\/v2\/pages\/15160\/revisions\/15163"}],"up":[{"embeddable":true,"href":"https:\/\/www.imm.az\/exp\/wp-json\/wp\/v2\/pages\/2895"}],"wp:attachment":[{"href":"https:\/\/www.imm.az\/exp\/wp-json\/wp\/v2\/media?parent=15160"}],"curies":[{"name":"wp","href":"https:\/\/api.w.org\/{rel}","templated":true}]}}