{"id":15381,"date":"2017-11-14T11:42:38","date_gmt":"2017-11-14T07:42:38","guid":{"rendered":"http:\/\/www.imm.az\/exp\/?page_id=15381"},"modified":"2021-01-08T11:28:41","modified_gmt":"2021-01-08T07:28:41","slug":"sob%c9%99l%c9%99rin-illik-hesabati-2017","status":"publish","type":"page","link":"https:\/\/www.imm.az\/exp\/sob%c9%99l%c9%99rin-illik-hesabati-2017\/","title":{"rendered":"\u015e\u00f6b\u0259l\u0259rin illik hesabat\u0131 \u2013 2017"},"content":{"rendered":"<p><a href=\"https:\/\/www.imm.az\/exp\/sob%C9%99l%C9%99rin-illik-hesabati-2020\/\">2020<\/a> | <a href=\"https:\/\/www.imm.az\/exp\/sob%c9%99l%c9%99rin-illik-hesabati-2019\/\">2019 <\/a>| <a href=\"https:\/\/www.imm.az\/exp\/?page_id=21756\">2018<\/a> | 2017 | <a href=\"https:\/\/www.imm.az\/exp\/?page_id=9495\">2016<\/a> | <a href=\"https:\/\/www.imm.az\/exp\/?page_id=2893\">2015<\/a> |\u00a0<a href=\"https:\/\/www.imm.az\/exp\/?page_id=6201\">2014<\/a>\u00a0|<\/p>\n<p><span style=\"font-family: 'arial black', sans-serif; color: #275c91;\">\u015e\u00f6b\u0259l\u0259r<\/span><\/p>\n<ul>\n<li style=\"list-style-type: none;\">\n<ul>\n<li style=\"list-style-type: none;\">\n<ul>\n<li><a href=\"..\/..\/Shobe_hesabatlari\/Hesabat_illik_2017\/illik_2017_Funksional_analiz.pdf\">Funksional analiz \u015f\u00f6b\u0259si<\/a><\/li>\n<li><a href=\"http:\/\/www.imm.az\/Shobe_hesabatlari\/Hesabat_illik_2017\/illik_2017_Riyazi_analiz.pdf\">Riyazi analiz \u015f\u00f6b\u0259si<\/a><\/li>\n<li><a href=\"..\/..\/Shobe_hesabatlari\/Hesabat_illik_2017\/illik_2017_funksiyalar_nezeriyyesi.pdf\">Funksiyalar n\u0259z\u0259riyy\u0259si \u015f\u00f6b\u0259si<\/a><\/li>\n<li><a href=\"..\/..\/Shobe_hesabatlari\/Hesabat_illik_2017\/illik_2017_diftenlk.pdf\">Diferensial t\u0259nlikl\u0259r \u015f\u00f6b\u0259si<\/a><\/li>\n<li><a href=\"..\/..\/Shobe_hesabatlari\/Hesabat_illik_2017\/illik_2017_riyazi_fizika_tenlikleri.pdf\">Riyazi fizika t\u0259nlikl\u0259ri \u015f\u00f6b\u0259si<\/a><\/li>\n<li><a href=\"http:\/\/www.imm.az\/Shobe_hesabatlari\/Hesabat_illik_2017\/illik_2017_Qeyri-harmonik_analiz.pdf\">Qeyri-harmonik analiz \u015f\u00f6b\u0259si<\/a><\/li>\n<li><a href=\"..\/..\/Shobe_hesabatlari\/Hesabat_illik_2017\/illik_2017_Elastiklik_Plastiklik.pdf\">Elastiklik v\u0259 plastiklik n\u0259z\u0259riyy\u0259si \u015f\u00f6b\u0259si<\/a><\/li>\n<li><a href=\"http:\/\/www.imm.az\/Shobe_hesabatlari\/Hesabat_illik_2017\/illik_2017_dalga_dinamikasi.pdf\">Dal\u011fa dinamikas\u0131 \u015f\u00f6b\u0259si<\/a><\/li>\n<li><a href=\"..\/..\/Shobe_hesabatlari\/Hesabat_illik_2017\/illik_2017_surunceklik_nezeriyyesi.pdf\">S\u00fcr\u00fcnc\u0259klik n\u0259z\u0259riyy\u0259si \u015f\u00f6b\u0259si<\/a><\/li>\n<li><a href=\"http:\/\/www.imm.az\/Shobe_hesabatlari\/Hesabat_illik_2017\/illik_2017_Maye_qaz.pdf\">Maye v\u0259 qaz mexanikas\u0131 \u015f\u00f6b\u0259si<\/a><\/li>\n<li><a href=\"http:\/\/www.imm.az\/Shobe_hesabatlari\/Hesabat_illik_2017\/illik_2017_HRI.pdf\">Hesablama riyaziyyat\u0131 v\u0259 informatika \u015f\u00f6b\u0259si<\/a><\/li>\n<li><a href=\"..\/..\/Shobe_hesabatlari\/Hesabat_illik_2017\/illik_2017_cebr_riyazi_mentiq.pdf\">C\u0259br v\u0259 riyazi m\u0259ntiq \u015f\u00f6b\u0259si<\/a><\/li>\n<li><a href=\"..\/..\/Shobe_hesabatlari\/Hesabat_illik_2017\/illik_2017_Tetbiqi_riyaziyyat.pdf\">T\u0259tbiqi riyaziyyat \u015f\u00f6b\u0259si<\/a><\/li>\n<li><a href=\"http:\/\/www.imm.az\/Shobe_hesabatlari\/Hesabat_illik_2017\/illik_2017_Optimal_idaraetme.pdf\">Optimal idar\u0259etm\u0259 \u015f\u00f6b\u0259si<\/a><\/li>\n<li><a href=\"http:\/\/www.imm.az\/Shobe_hesabatlari\/Hesabat_illik_2017\/illik_2017_Beynelxalq_elaqeler.pdf\">Beyn\u0259lxalq \u0259laq\u0259l\u0259r \u015f\u00f6b\u0259si<\/a><\/li>\n<li><a href=\"http:\/\/www.imm.az\/Shobe_hesabatlari\/Hesabat_illik_2017\/illik_2017_Ictimaiyyetle_elaqeler.pdf.pdf\">\u0130ctimaiyy\u0259tl\u0259 \u0259laq\u0259l\u0259r \u015f\u00f6b\u0259si<\/a><\/li>\n<li><a href=\"http:\/\/www.imm.az\/Shobe_hesabatlari\/Hesabat_illik_2017\/illik_2017_Kitabxana.pdf\">Riyaziyyat v\u0259 Mexanika institutunun kitabxanas\u0131<\/a><\/li>\n<li><a href=\"..\/..\/Shobe_hesabatlari\/Hesabat_illik_2017\/\/illik_2017_elmi-texniki_informasiya.pdf\">Elmi \u2013texniki informasiya \u015f\u00f6b\u0259si<\/a><\/li>\n<li><a href=\"..\/..\/Shobe_hesabatlari\/Hesabat_illik_2017\/illik_2017_tehsil.pdf\">T\u0259hsil \u015f\u00f6b\u0259si<\/a><\/li>\n<\/ul>\n<\/li>\n<\/ul>\n<\/li>\n<\/ul>\n<p><span style=\"font-family: 'arial black', sans-serif; color: #275c91;\">Jurnallar<\/span><\/p>\n<ul>\n<li style=\"list-style-type: none;\">\n<ul>\n<li><a href=\"http:\/\/www.imm.az\/Shobe_hesabatlari\/Hesabat_illik_2017\/illik_2017_AMEA_xeberleri_riyaziyyat.pdf\">Az\u0259rbaycan Milli Elml\u0259r Akademiyas\u0131n\u0131n X\u0259b\u0259rl\u0259ri, Riyaziyyat burax\u0131l\u0131\u015f\u0131,<br \/>\nfizika-riyaziyyat v\u0259 texnika elml\u0259ri b\u00f6lm\u0259si<\/a><\/li>\n<li><a href=\"http:\/\/www.imm.az\/Shobe_hesabatlari\/Hesabat_illik_2017\/illik_2017_RMI_eserler.pdf\">Riyaziyyat v\u0259 M\u0259xanika \u0130nstitutunun\u00a0\u018fs\u0259rl\u0259ri jurnal\u0131<\/a><\/li>\n<li><a href=\"http:\/\/www.imm.az\/Shobe_hesabatlari\/Hesabat_illik_2017\/illik_2017_AzJM_az.pdf\">Az\u0259rbaycan Riyaziyyat jurnal\u0131<\/a><\/li>\n<li><a href=\"..\/..\/Shobe_hesabatlari\/Hesabat_illik_2017\/illik_2017_AMEA_xeberleri_mexanika.pdf\">Az\u0259rbaycan Milli Elml\u0259r Akademiyas\u0131n\u0131n X\u0259b\u0259rl\u0259ri, Mexanika\u00a0burax\u0131l\u0131\u015f\u0131,<br \/>\nfizika-riyaziyyat v\u0259 texnika elml\u0259ri b\u00f6lm\u0259si<\/a><\/li>\n<\/ul>\n<\/li>\n<\/ul>\n","protected":false},"excerpt":{"rendered":"<p>2020 | 2019 | 2018 | 2017 | 2016 | 2015 |\u00a02014\u00a0| \u015e\u00f6b\u0259l\u0259r Funksional analiz \u015f\u00f6b\u0259si Riyazi analiz \u015f\u00f6b\u0259si Funksiyalar n\u0259z\u0259riyy\u0259si \u015f\u00f6b\u0259si Diferensial t\u0259nlikl\u0259r \u015f\u00f6b\u0259si Riyazi fizika t\u0259nlikl\u0259ri \u015f\u00f6b\u0259si Qeyri-harmonik analiz \u015f\u00f6b\u0259si Elastiklik v\u0259 plastiklik n\u0259z\u0259riyy\u0259si \u015f\u00f6b\u0259si Dal\u011fa dinamikas\u0131 \u015f\u00f6b\u0259si S\u00fcr\u00fcnc\u0259klik n\u0259z\u0259riyy\u0259si \u015f\u00f6b\u0259si Maye v\u0259 qaz mexanikas\u0131 \u015f\u00f6b\u0259si Hesablama riyaziyyat\u0131 v\u0259 informatika \u015f\u00f6b\u0259si C\u0259br v\u0259 [&hellip;]<\/p>\n","protected":false},"author":6,"featured_media":0,"parent":0,"menu_order":0,"comment_status":"closed","ping_status":"closed","template":"","meta":{"footnotes":""},"_links":{"self":[{"href":"https:\/\/www.imm.az\/exp\/wp-json\/wp\/v2\/pages\/15381"}],"collection":[{"href":"https:\/\/www.imm.az\/exp\/wp-json\/wp\/v2\/pages"}],"about":[{"href":"https:\/\/www.imm.az\/exp\/wp-json\/wp\/v2\/types\/page"}],"author":[{"embeddable":true,"href":"https:\/\/www.imm.az\/exp\/wp-json\/wp\/v2\/users\/6"}],"replies":[{"embeddable":true,"href":"https:\/\/www.imm.az\/exp\/wp-json\/wp\/v2\/comments?post=15381"}],"version-history":[{"count":5,"href":"https:\/\/www.imm.az\/exp\/wp-json\/wp\/v2\/pages\/15381\/revisions"}],"predecessor-version":[{"id":33544,"href":"https:\/\/www.imm.az\/exp\/wp-json\/wp\/v2\/pages\/15381\/revisions\/33544"}],"wp:attachment":[{"href":"https:\/\/www.imm.az\/exp\/wp-json\/wp\/v2\/media?parent=15381"}],"curies":[{"name":"wp","href":"https:\/\/api.w.org\/{rel}","templated":true}]}}