{"id":155,"date":"2014-02-03T12:23:10","date_gmt":"2014-02-03T12:23:10","guid":{"rendered":"http:\/\/centralbaku.com\/imm\/?page_id=155"},"modified":"2020-11-16T11:23:51","modified_gmt":"2020-11-16T07:23:51","slug":"xaricd%c9%99-yasayan-az%c9%99rbaycanli-riyaziyyatcilar","status":"publish","type":"page","link":"https:\/\/www.imm.az\/exp\/xaricd%c9%99-yasayan-az%c9%99rbaycanli-riyaziyyatcilar\/","title":{"rendered":"Xaricd\u0259 ya\u015fayan az\u0259rbaycanl\u0131 riyaziyyat\u00e7\u0131 v\u0259 mexanikl\u0259r"},"content":{"rendered":"<div>\n<table style=\"border: none;\" width=\"100%\">\n<tbody>\n<tr>\n<td width=\"6%\">\n<h3>S\u0131ra n\u00f6mr\u0259si<\/h3>\n<\/td>\n<td>\n<h3>Soyad v\u0259 ad<\/h3>\n<\/td>\n<td>\n<h3>F\u0259aliyy\u0259t g\u00f6st\u0259rdiyi d\u00f6vl\u0259t v\u0259 universitet<\/h3>\n<\/td>\n<td>\n<h3>E-mail \u00fcnvan<\/h3>\n<\/td>\n<td>\n<h3>Telefon n\u00f6mr\u0259si<\/h3>\n<\/td>\n<\/tr>\n<tr>\n<td>1.<\/td>\n<td>Ba\u011f\u0131rov Adil<\/td>\n<td>Avstraliya<\/td>\n<td>\u00a0<\/td>\n<td>\u00a0<\/td>\n<\/tr>\n<tr>\n<td>2.<\/td>\n<td>Qarayev M\u00fcbariz \u00a0Z.<\/td>\n<td>Meksika<\/td>\n<td>\u00a0<\/td>\n<td>\u00a0<\/td>\n<\/tr>\n<tr>\n<td>3.<\/td>\n<td>H\u00fcseyn-zad\u0259 Sabir<\/td>\n<td>Rusiya<\/td>\n<td>\u00a0<\/td>\n<td>\u00a0<\/td>\n<\/tr>\n<tr>\n<td>4.<\/td>\n<td>\u018ff\u0259ndiyev M\u0259sud<\/td>\n<td>Almaniya<\/td>\n<td>\u00a0<\/td>\n<td>\u00a0<\/td>\n<\/tr>\n<tr>\n<td>5.<\/td>\n<td>Natiq Ataki\u015fiyev<\/td>\n<td>Meksika<\/td>\n<td><a href=\"mailto:natiq_atakishiyev@hotmail.com\"><br \/>natiq_atakishiyev@hotmail.com<br \/><\/a><\/td>\n<td>\u00a0<\/td>\n<\/tr>\n<tr>\n<td>6.<\/td>\n<td>M\u0259h\u0259rr\u0259mov Musa<\/td>\n<td>Avstraliya<\/td>\n<td>\u00a0<\/td>\n<td>\u00a0<\/td>\n<\/tr>\n<tr>\n<td>7.<\/td>\n<td>Mirz\u0259yev Qaraxan<\/td>\n<td>Rusiya<\/td>\n<td>\u00a0<\/td>\n<td>\u00a0<\/td>\n<\/tr>\n<tr>\n<td>8.<\/td>\n<td>M\u00fcr\u015f\u00fcdov Q\u0259rib<\/td>\n<td>UK<\/td>\n<td>\u00a0<\/td>\n<td>\u00a0<\/td>\n<\/tr>\n<tr>\n<td>9.<\/td>\n<td>V\u0259liyev Eldar<\/td>\n<td>Ukrayna<\/td>\n<td>\u00a0<\/td>\n<td>\u00a0<\/td>\n<\/tr>\n<tr>\n<td>10.<\/td>\n<td>Vladimir Vasilyev<\/td>\n<td>Rusiya<\/td>\n<td>\u00a0<\/td>\n<td>\u00a0<\/td>\n<\/tr>\n<tr>\n<td>11.<\/td>\n<td>Abdullayev F\u0259xr\u0259ddin<\/td>\n<td>T\u00fcrkiy\u0259, Mersin Universiteti<\/td>\n<td><a href=\"mailto:fabdul@mersin.edu.tr\"><br \/>fabdul@mersin.edu.tr<br \/><\/a><\/td>\n<td>(+90533) 3641764<\/td>\n<\/tr>\n<tr>\n<td>12.<\/td>\n<td>\u018fliyev Ilham<\/td>\n<td>T\u00fcrkiy\u0259<\/td>\n<td><a href=\"mailto:ialiev@akdeniz.edu.tr\"><br \/>ialiev@akdeniz.edu.tr<br \/><\/a><\/td>\n<td>\u00a0<\/td>\n<\/tr>\n<tr>\n<td>13.<\/td>\n<td>Dosiev Anar (Dosi Anar)<\/td>\n<td>T\u00fcrkiy\u0259<\/td>\n<td><a href=\"mailto:dosiev@yahoo.com\"><br \/>dosiev@yahoo.com<br \/><\/a><\/td>\n<td>\u00a0<\/td>\n<\/tr>\n<tr>\n<td>14.<\/td>\n<td>Qas\u0131mb\u0259yli Rafael<\/td>\n<td>T\u00fcrkiy\u0259<\/td>\n<td>\u00a0<\/td>\n<td>\u00a0<\/td>\n<\/tr>\n<tr>\n<td>15.<\/td>\n<td>H\u00fcseynov H\u00fcseyn<\/td>\n<td>T\u00fcrkiy\u0259<\/td>\n<td>\u00a0<\/td>\n<td>\u00a0<\/td>\n<\/tr>\n<tr>\n<td>16.<\/td>\n<td>H\u0259s\u0259nov \u018fl\u0259mdar<\/td>\n<td>T\u00fcrkiy\u0259<\/td>\n<td>\u00a0<\/td>\n<td>\u00a0<\/td>\n<\/tr>\n<tr>\n<td>17.<\/td>\n<td>H\u00fcseynov F\u0259rhad<\/td>\n<td>T\u00fcrkiy\u0259<\/td>\n<td>\u00a0<\/td>\n<td>\u00a0<\/td>\n<\/tr>\n<tr>\n<td>18.<\/td>\n<td>\u0130srafil Daniyel<\/td>\n<td>T\u00fcrkiy\u0259<\/td>\n<td><a href=\"mailto:misrafilov@yahoo.com\"><br \/>misrafilov@yahoo.com<br \/><\/a><br \/><a href=\"mailto:disrafilov@gmail.com\"><br \/>disrafilov@gmail.com<\/a><\/td>\n<td>\u00a0<\/td>\n<\/tr>\n<tr>\n<td>19.<\/td>\n<td>Kalantarov Varga<\/td>\n<td>T\u00fcrkiy\u0259<\/td>\n<td><a href=\"mailto:VKalantarov@ku.edu.tr\"><br \/>VKalantarov@ku.edu.tr<br \/><\/a><\/td>\n<td>i\u015f: (+90212) 3381538<\/td>\n<\/tr>\n<tr>\n<td>20.<\/td>\n<td>Qarayev M\u00fcbariz<\/td>\n<td>T\u00fcrkiy\u0259<\/td>\n<td><a href=\"mailto:garayev@fef.sdu.edu.tr\"><br \/>garayev@fef.sdu.edu.tr<br \/><\/a><\/td>\n<td>\u00a0<\/td>\n<\/tr>\n<tr>\n<td>21.<\/td>\n<td>K\u0259rimov Nazim<\/td>\n<td>T\u00fcrkiy\u0259<\/td>\n<td><a href=\"mailto:nazimkerimov@yahoo.com\"><br \/>nazimkerimov@yahoo.com<br \/><\/a><\/td>\n<td>\u00a0<\/td>\n<\/tr>\n<tr>\n<td>22.<\/td>\n<td>Xan\u0131yev Tahir<\/td>\n<td>T\u00fcrkiy\u0259<\/td>\n<td>\u00a0<\/td>\n<td>\u00a0<\/td>\n<\/tr>\n<tr>\n<td>23.<\/td>\n<td>M\u0259mm\u0259dov Xanlar<\/td>\n<td>T\u00fcrkiy\u0259<\/td>\n<td>\u00a0<\/td>\n<td>(+90537) 4537201<\/td>\n<\/tr>\n<tr>\n<td>24.<\/td>\n<td>Manafov Manaf<\/td>\n<td>T\u00fcrkiy\u0259<\/td>\n<td>\u00a0<\/td>\n<td>\u00a0<\/td>\n<\/tr>\n<tr>\n<td>25.<\/td>\n<td>Mustafaev Heybetqulu<\/td>\n<td>T\u00fcrkiy\u0259<\/td>\n<td><a href=\"mailto:hsmustafayev@yahoo.com\"><br \/>hsmustafayev@yahoo.com<br \/><\/a><\/td>\n<td>(+90537) 4537201<\/td>\n<\/tr>\n<tr>\n<td>26.<\/td>\n<td>Oruvov \u018f\u015fr\u0259f<\/td>\n<td>T\u00fcrkiy\u0259<\/td>\n<td>\u00a0<\/td>\n<td>\u00a0<\/td>\n<\/tr>\n<tr>\n<td>27.<\/td>\n<td>S\u0259limov Arif<\/td>\n<td>T\u00fcrkiy\u0259<\/td>\n<td>\u00a0<\/td>\n<td>\u00a0<\/td>\n<\/tr>\n<tr>\n<td>28.<\/td>\n<td>\u015eahmurov V\u0259li<\/td>\n<td>T\u00fcrkiy\u0259<\/td>\n<td>\u00a0<\/td>\n<td>\u00a0<\/td>\n<\/tr>\n<tr>\n<td>29.<\/td>\n<td>Soltanov Kamal<\/td>\n<td>T\u00fcrkiy\u0259<\/td>\n<td><a href=\"mailto:soltanov@hacettepe.edu.tr\"><br \/>soltanov@hacettepe.edu.tr<br \/><\/a><\/td>\n<td>\u00a0<\/td>\n<\/tr>\n<tr>\n<td>30.<\/td>\n<td>V\u0259liyev Oktay<\/td>\n<td>T\u00fcrkiy\u0259<\/td>\n<td>\u00a0<\/td>\n<td>\u00a0<\/td>\n<\/tr>\n<tr>\n<td>31.<\/td>\n<td>Yaqubov Qabil<\/td>\n<td>T\u00fcrkiy\u0259<\/td>\n<td>\u00a0<\/td>\n<td>\u00a0<\/td>\n<\/tr>\n<tr>\n<td>32.<\/td>\n<td>Dosiyev Adigoz\u0259l<\/td>\n<td>T\u00fcrkiy\u0259<\/td>\n<td>\u00a0<\/td>\n<td>\u00a0<\/td>\n<\/tr>\n<tr>\n<td>33.<\/td>\n<td>Bayramov S\u0259di<\/td>\n<td>T\u00fcrkiy\u0259, Kars Kavkaz Universiteti, matematik b\u00f6l\u00fcm\u00fcm<\/td>\n<td><a href=\"mailto:baysadi@gmail.com\"><br \/>baysadi@gmail.com<br \/><\/a><\/td>\n<td>(+90539) 5015477<\/td>\n<\/tr>\n<tr>\n<td>34.<\/td>\n<td>\u015eamilov \u018fl\u0259ddin<\/td>\n<td>T\u00fcrkiy\u0259, \u018fsgi \u015f\u0259h\u0259r, Anadolu Universiteti<\/td>\n<td>\u00a0<\/td>\n<td>\u00a0<\/td>\n<\/tr>\n<tr>\n<td>35.<\/td>\n<td>Mustafayev Nizami<\/td>\n<td>T\u00fcrkiy\u0259<\/td>\n<td>\u00a0<\/td>\n<td>\u00a0<\/td>\n<\/tr>\n<tr>\n<td>36.<\/td>\n<td>Allahverdiyev Bil\u0259nd\u0259r<\/td>\n<td>T\u00fcrkiy\u0259, S\u00fcleyman Demirel Universitesi<\/td>\n<td><a href=\"mailto:bilenderpasaoglu@sdu.edu.tr\"><br \/>bilenderpasaoglu@sdu.edu.tr<br \/><\/a><\/td>\n<td>(+90542) 7879574<\/td>\n<\/tr>\n<tr>\n<td>37.<\/td>\n<td>Muxtarov Oktay<\/td>\n<td>T\u00fcrkiy\u0259<\/td>\n<td>\u00a0<\/td>\n<td>\u00a0<\/td>\n<\/tr>\n<tr>\n<td>38.<\/td>\n<td>Q\u0259dimov Vahid<\/td>\n<td>T\u00fcrkiy\u0259<\/td>\n<td>\u00a0<\/td>\n<td>\u00a0<\/td>\n<\/tr>\n<tr>\n<td>39.<\/td>\n<td>\u018fmirov Rauf<\/td>\n<td>T\u00fcrkiy\u0259<\/td>\n<td>\u00a0<\/td>\n<td>\u00a0<\/td>\n<\/tr>\n<tr>\n<td>40.<\/td>\n<td>Mahmudov Nazim<\/td>\n<td>T\u00fcrkiy\u0259<\/td>\n<td>\u00a0<\/td>\n<td>\u00a0<\/td>\n<\/tr>\n<tr>\n<td>41.<\/td>\n<td>\u018fliyev Tahir<\/td>\n<td>T\u00fcrkiy\u0259<\/td>\n<td><a href=\"mailto:aliyev@gyte.edu.tr\"><br \/>aliyev@gyte.edu.tr<br \/><\/a><\/td>\n<td>\u00a0<\/td>\n<\/tr>\n<tr>\n<td>42.<\/td>\n<td>P\u0259nahov Etibar<\/td>\n<td>T\u00fcrkiy\u0259<\/td>\n<td><a href=\"mailto:epenahov@firat.edu.tr\"><br \/>epenahov@firat.edu.tr<br \/><\/a><\/td>\n<td>\u00a0<\/td>\n<\/tr>\n<tr>\n<td>43.<\/td>\n<td>Abdullayev U\u011fur G.<\/td>\n<td>AB\u015e<\/td>\n<td>\u00a0<\/td>\n<td>\u00a0<\/td>\n<\/tr>\n<tr>\n<td>44.<\/td>\n<td>Az\u0259r K\u0259rimov<\/td>\n<td>T\u00fcrkiy\u0259, Bilk\u0259nd Universiteti, matematik b\u00f6l\u00fcm\u00fc<\/td>\n<td>\u00a0<\/td>\n<td>\u00a0<\/td>\n<\/tr>\n<tr>\n<td>45.<\/td>\n<td>Alxutov Yuriy<\/td>\n<td>\u00a0<\/td>\n<td>\u00a0<\/td>\n<td>\u00a0<\/td>\n<\/tr>\n<tr>\n<td>46.<\/td>\n<td>Yakubov Sasun<\/td>\n<td>\u00a0<\/td>\n<td>\u00a0<\/td>\n<td>\u00a0<\/td>\n<\/tr>\n<tr>\n<td>47.<\/td>\n<td>Yakubov Yakub<\/td>\n<td>\u00a0<\/td>\n<td>\u00a0<\/td>\n<td>\u00a0<\/td>\n<\/tr>\n<tr>\n<td>48.<\/td>\n<td>Yura Dom\u015fvart<\/td>\n<td>\u00a0<\/td>\n<td>\u00a0<\/td>\n<td>\u00a0<\/td>\n<\/tr>\n<tr>\n<td>49.<\/td>\n<td>Quliyev Valeh<\/td>\n<td>Rusiya<\/td>\n<td>\u00a0<\/td>\n<td>\u00a0<\/td>\n<\/tr>\n<tr>\n<td height=\"24\">50.<\/td>\n<td>Allahverdiyev \u018fl\u0259ddin<\/td>\n<td>Rusiya<\/td>\n<td>\u00a0<\/td>\n<td>\u00a0<\/td>\n<\/tr>\n<tr>\n<td>51.<\/td>\n<td>\u015eahverdiyev \u018fziza\u011fa<\/td>\n<td>Rusiya<\/td>\n<td>\u00a0<\/td>\n<td>\u00a0<\/td>\n<\/tr>\n<tr>\n<td>52.<\/td>\n<td>\u018fkb\u0259rov Surxay<\/td>\n<td>T\u00fcrkiy\u0259<\/td>\n<td>\u00a0<\/td>\n<td>\u00a0<\/td>\n<\/tr>\n<tr>\n<td>53.<\/td>\n<td>\u0130smaylov M\u0259nsur<\/td>\n<td>T\u00fcrkiy\u0259<\/td>\n<td>\u00a0<\/td>\n<td>\u00a0<\/td>\n<\/tr>\n<tr>\n<td>54.<\/td>\n<td>Hac\u0131larov Eldar<\/td>\n<td>Avstraliya<\/td>\n<td>\u00a0<\/td>\n<td>\u00a0<\/td>\n<\/tr>\n<tr>\n<td>55.<\/td>\n<td>Soltanova S\u0259ad\u0259t<\/td>\n<td>\u0130sve\u00e7<\/td>\n<td>\u00a0<\/td>\n<td>\u00a0<\/td>\n<\/tr>\n<tr>\n<td>56.<\/td>\n<td>** Kamilla<\/td>\n<td>Rusiya<\/td>\n<td>\u00a0<\/td>\n<td>\u00a0<\/td>\n<\/tr>\n<tr>\n<td>57.<\/td>\n<td>Xanm\u0259mm\u0259dov Az\u0259r<\/td>\n<td>T\u00fcrkiy\u0259<\/td>\n<td>\u00a0<\/td>\n<td>\u00a0<\/td>\n<\/tr>\n<tr>\n<td>58.<\/td>\n<td>B\u0259xtiyarov Siyavu\u015f<\/td>\n<td>AB\u015e<\/td>\n<td>\u00a0<\/td>\n<td>\u00a0<\/td>\n<\/tr>\n<tr>\n<td>59.<\/td>\n<td>Seyfullayev R\u00fcst\u0259m<\/td>\n<td>AB\u015e<\/td>\n<td>\u00a0<\/td>\n<td>\u00a0<\/td>\n<\/tr>\n<tr>\n<td>60.<\/td>\n<td>Babayev Cahangir<\/td>\n<td>AB\u015e<\/td>\n<td>\u00a0<\/td>\n<td>\u00a0<\/td>\n<\/tr>\n<tr>\n<td>61.<\/td>\n<td>H\u00fcseynov Zakir<\/td>\n<td>Almaniya<\/td>\n<td>\u00a0<\/td>\n<td>\u00a0<\/td>\n<\/tr>\n<tr>\n<td>62.<\/td>\n<td>\u0130brahimov Akif<\/td>\n<td>AB\u015e<\/td>\n<td>\u00a0<\/td>\n<td>\u00a0<\/td>\n<\/tr>\n<tr>\n<td>63.<\/td>\n<td>Bayramov Elgiz<\/td>\n<td>T\u00fcrkiy\u0259<\/td>\n<td>\u00a0<\/td>\n<td>\u00a0<\/td>\n<\/tr>\n<tr>\n<td>64.<\/td>\n<td>\u018fhm\u0259dov Mahmud<\/td>\n<td>AB\u015e<\/td>\n<td>\u00a0<\/td>\n<td>\u00a0<\/td>\n<\/tr>\n<tr>\n<td>65.<\/td>\n<td>Axundov \u0130lham<\/td>\n<td>Kanada<\/td>\n<td>\u00a0<\/td>\n<td>\u00a0<\/td>\n<\/tr>\n<tr>\n<td>66.<\/td>\n<td>\u018fzizov Xubali<\/td>\n<td>Rusiya<\/td>\n<td>\u00a0<\/td>\n<td>\u00a0<\/td>\n<\/tr>\n<tr>\n<td>67.<\/td>\n<td>\u018flizad\u0259 Rafael<\/td>\n<td>T\u00fcrkiy\u0259 (C\u0259br)<\/td>\n<td>\u00a0<\/td>\n<td>\u00a0<\/td>\n<\/tr>\n<tr>\n<td>68.<\/td>\n<td>\u018ff\u0259ndiyev Riyad<\/td>\n<td>AB\u015e<\/td>\n<td>\u00a0<\/td>\n<td>\u00a0<\/td>\n<\/tr>\n<tr>\n<td>69.<\/td>\n<td>L\u00fctfi Zad\u0259<\/td>\n<td>AB\u015e<\/td>\n<td>\u00a0<\/td>\n<td>\u00a0<\/td>\n<\/tr>\n<tr>\n<td>70.<\/td>\n<td>Mahmudov A\u011fab\u0259y<\/td>\n<td>Rusiya, Moskva<\/td>\n<td>\u00a0<\/td>\n<td>\u00a0<\/td>\n<\/tr>\n<tr>\n<td>71.<\/td>\n<td>K\u0259s\u0259m\u0259nski F\u0259h\u0259m<\/td>\n<td>Rusiya, Sankt-Peterburq, Texniki Universitetin professoru, Fizik.<\/td>\n<td>\u00a0<\/td>\n<td>\u00a0<\/td>\n<\/tr>\n<tr>\n<td>72.<\/td>\n<td>Aslanov \u018ffqan<\/td>\n<td>T\u00fcrkiy\u0259, \u0130stanbul Beykent Universitetinin Riyaziyyat v\u0259 Kompyuter b\u00f6l\u00fcm\u00fcnd\u0259 professor.<\/td>\n<td><a href=\"mailto:afganaslanov@beykent.edu.tr\" target=\"_blank\" rel=\"noopener noreferrer\">afganaslanov@beykent.edu.tr<\/a><\/td>\n<td>\u00a0<\/td>\n<\/tr>\n<tr>\n<td>73.<\/td>\n<td>Prof. Dr. C\u0259mal\u0259ddin \u0130smay\u0131lov<\/td>\n<td>T\u00fcrkiy\u0259, Gazi Osmanpa\u015fa Universiteti<\/td>\n<td>\u00a0<\/td>\n<td>\u00a0<\/td>\n<\/tr>\n<tr>\n<td>74.<\/td>\n<td>Prof. Dr. B\u0259xtiyar Xan\u0131yev<\/td>\n<td>T\u00fcrkiy\u0259, Gazi Osmanpa\u015fa Universiteti<\/td>\n<td>\u00a0<\/td>\n<td>\u00a0<\/td>\n<\/tr>\n<tr>\n<td>75.<\/td>\n<td>Prof.Dr. Nazim K\u0259rimov<\/td>\n<td>T\u00fcrkiy\u0259, Mersin Universiteti<\/td>\n<td>\u00a0<\/td>\n<td>\u00a0<\/td>\n<\/tr>\n<tr>\n<td>76.<\/td>\n<td>Prof. Dr. Daniyel M\u0259h\u0259mm\u0259do\u011flu \u0130srafilov<\/td>\n<td>Bal\u0131k\u0259sir Universiteti<\/td>\n<td>\u00a0<\/td>\n<td>\u00a0<\/td>\n<\/tr>\n<tr>\n<td>77.<\/td>\n<td>Prof. Dr. \u018fsg\u0259r\u0259li \u018fbiyev<\/td>\n<td>T\u00fcrkiy\u0259, Qaziantep\u00a0 Universiteti<\/td>\n<td>\u00a0<\/td>\n<td>\u00a0<\/td>\n<\/tr>\n<tr>\n<td>78.<\/td>\n<td>Prof. Dr. Tahir Xano\u011flu<\/td>\n<td>T\u00fcrkiy\u0259, Ankara, T\u00fcrkiy\u0259 Odalar v\u0259 Borsalar Birliyind\u0259 TOBB<\/td>\n<td>\u00a0<\/td>\n<td>\u00a0<\/td>\n<\/tr>\n<tr>\n<td>79.<\/td>\n<td>Prof. Dr. Mahir R\u0259sulov<\/td>\n<td>T\u00fcrkiy\u0259, \u0130stanbul Beyk\u0259nd Universiteti<\/td>\n<td>\u00a0<\/td>\n<td>\u00a0<\/td>\n<\/tr>\n<tr>\n<td>80.<\/td>\n<td>Prof. Dr. Gabil Adilov<\/td>\n<td>T\u00fcrkiy\u0259, Akdeniz Universiteti<\/td>\n<td>\u00a0<\/td>\n<td>\u00a0<\/td>\n<\/tr>\n<tr>\n<td>81.<\/td>\n<td>Prof. Dr. Anar Nebiyev<\/td>\n<td>T\u00fcrkiy\u0259, Sivas, Cumhuriyet Universiteti<\/td>\n<td>\u00a0<\/td>\n<td>\u00a0<\/td>\n<\/tr>\n<tr>\n<td>82.<\/td>\n<td>Prof. Dr. S\u0259dulla C\u0259f\u0259rov<\/td>\n<td>T\u00fcrkiy\u0259, Mu\u015f, Mu\u015f Alparslan \u00dcniversiteti<\/td>\n<td>\u00a0s.jafarov@alparslan.edu.tr<\/td>\n<td>\u00a0<\/td>\n<\/tr>\n<tr>\n<td>83.<\/td>\n<td>Nizami Mustafayev<\/td>\n<td>T\u00fcrkiy\u0259, Kars, Qafqaz Universiteti<\/td>\n<td>\u00a0<\/td>\n<td>\u00a0<\/td>\n<\/tr>\n<tr>\n<td>84.<\/td>\n<td>Prof. Dr. Zameddin \u0130smay\u0131lov<\/td>\n<td>T\u00fcrkiy\u0259, Trabzon, Qaradeniz Teknik Universiteti<\/td>\n<td>\u00a0<\/td>\n<td>\u00a0<\/td>\n<\/tr>\n<tr>\n<td>85.<\/td>\n<td>Prof. Dr. Yaqub Hac\u0131yev<\/td>\n<td>T\u00fcrkiy\u0259, \u00c7anakkele \u00dcniversitesi<\/td>\n<td>\u00a0<\/td>\n<td>\u00a0<\/td>\n<\/tr>\n<tr>\n<td>86.<\/td>\n<td>Prof. Dr. Urfat Nuriyev<\/td>\n<td>T\u00fcrkiy\u0259, \u0130zmir, Ege \u00dcniversitesi<\/td>\n<td>\u00a0<\/td>\n<td>\u00a0<\/td>\n<\/tr>\n<tr>\n<td>87.<\/td>\n<td>Elman H. \u018fliyev<\/td>\n<td>T\u00fcrkiy\u0259, \u0130\u011fd\u0131r \u00dcniversitesi<\/td>\n<td><a href=\"mailto:ealiyev@sakarya.edu.az\">ealiyev@sakarya.edu.az<\/a><\/td>\n<td>\u00a0<\/td>\n<\/tr>\n<\/tbody>\n<\/table>\n<\/div>\n\n\n<p><\/p>\n","protected":false},"excerpt":{"rendered":"<p>S\u0131ra n\u00f6mr\u0259si Soyad v\u0259 ad F\u0259aliyy\u0259t g\u00f6st\u0259rdiyi d\u00f6vl\u0259t v\u0259 universitet E-mail \u00fcnvan Telefon n\u00f6mr\u0259si 1. Ba\u011f\u0131rov Adil Avstraliya \u00a0 \u00a0 2. Qarayev M\u00fcbariz \u00a0Z. Meksika \u00a0 \u00a0 3. H\u00fcseyn-zad\u0259 Sabir Rusiya \u00a0 \u00a0 4. \u018ff\u0259ndiyev M\u0259sud Almaniya \u00a0 \u00a0 5. Natiq Ataki\u015fiyev Meksika natiq_atakishiyev@hotmail.com \u00a0 6. M\u0259h\u0259rr\u0259mov Musa Avstraliya \u00a0 \u00a0 7. Mirz\u0259yev Qaraxan Rusiya [&hellip;]<\/p>\n","protected":false},"author":6,"featured_media":0,"parent":0,"menu_order":0,"comment_status":"open","ping_status":"open","template":"","meta":{"footnotes":""},"_links":{"self":[{"href":"https:\/\/www.imm.az\/exp\/wp-json\/wp\/v2\/pages\/155"}],"collection":[{"href":"https:\/\/www.imm.az\/exp\/wp-json\/wp\/v2\/pages"}],"about":[{"href":"https:\/\/www.imm.az\/exp\/wp-json\/wp\/v2\/types\/page"}],"author":[{"embeddable":true,"href":"https:\/\/www.imm.az\/exp\/wp-json\/wp\/v2\/users\/6"}],"replies":[{"embeddable":true,"href":"https:\/\/www.imm.az\/exp\/wp-json\/wp\/v2\/comments?post=155"}],"version-history":[{"count":5,"href":"https:\/\/www.imm.az\/exp\/wp-json\/wp\/v2\/pages\/155\/revisions"}],"predecessor-version":[{"id":32835,"href":"https:\/\/www.imm.az\/exp\/wp-json\/wp\/v2\/pages\/155\/revisions\/32835"}],"wp:attachment":[{"href":"https:\/\/www.imm.az\/exp\/wp-json\/wp\/v2\/media?parent=155"}],"curies":[{"name":"wp","href":"https:\/\/api.w.org\/{rel}","templated":true}]}}