{"id":17774,"date":"2018-03-09T17:59:51","date_gmt":"2018-03-09T13:59:51","guid":{"rendered":"http:\/\/www.imm.az\/exp\/?page_id=17774"},"modified":"2018-03-09T17:59:51","modified_gmt":"2018-03-09T13:59:51","slug":"siqnallarin-emalinin-riyazi-probleml%c9%99ri-laboratoriyasi","status":"publish","type":"page","link":"https:\/\/www.imm.az\/exp\/siqnallarin-emalinin-riyazi-probleml%c9%99ri-laboratoriyasi\/","title":{"rendered":"Siqnallar\u0131n emal\u0131n\u0131n riyazi probleml\u0259ri laboratoriyas\u0131"},"content":{"rendered":"<table style=\"border: none;\" border=\"0\" width=\"100%\" cellspacing=\"0\" cellpadding=\"0\">\n<tbody>\n<tr>\n<td valign=\"top\" width=\"193\"><strong>Struktur b\u00f6lm\u0259nin r\u0259hb\u0259ri:<\/strong><\/td>\n<td>S\u0259bin\u0259 Rahib q\u0131z\u0131 Sad\u0131qova<br \/>\nRiyaziyyat \u00fczr\u0259 f\u0259ls\u0259f\u0259 doktoru, dosent<\/td>\n<\/tr>\n<tr>\n<td valign=\"top\"><\/td>\n<td><\/td>\n<\/tr>\n<tr>\n<td valign=\"top\"><strong>Tel:<\/strong><\/td>\n<td>(+994 12) 538 72 50<\/td>\n<\/tr>\n<tr>\n<td valign=\"top\"><strong>E-mail:<\/strong><\/td>\n<td>sabina.sadigova@imm.az , s_sadigova@mail.ru<\/td>\n<\/tr>\n<tr>\n<td valign=\"top\"><strong>\u0130\u015f\u00e7il\u0259rin \u00fcmumi say\u0131:<\/strong><\/td>\n<td>5<\/td>\n<\/tr>\n<tr>\n<td valign=\"top\"><\/td>\n<td><\/td>\n<\/tr>\n<tr>\n<td valign=\"top\"><strong>Struktur b\u00f6lm\u0259nin \u0259sas f\u0259aliyy\u0259t istiqam\u0259tl\u0259ri:<\/strong><\/td>\n<td style=\"text-align: justify;\">Freym n\u0259z\u0259riyy\u0259si-veyvlet analiz v\u0259 t\u0259tbiql\u0259ri; maliyy\u0259 (risk v\u0259 ya aktuar) riyaziyyat\u0131, obrazlar\u0131n tan\u0131nmas\u0131n\u0131n v\u0259 identifikasiyas\u0131n\u0131n riyazi metodlar\u0131.<\/td>\n<\/tr>\n<tr>\n<td valign=\"top\"><\/td>\n<td><\/td>\n<\/tr>\n<tr>\n<td valign=\"top\"><strong>\u015e\u00f6b\u0259nin \u0259sas i\u015f prinsipl\u0259ri:<\/strong><\/td>\n<td style=\"text-align: justify;\">\n<ul>\n<li>veyvlet metodun t\u0259tbiq sah\u0259l\u0259rinin ara\u015fd\u0131r\u0131lmas\u0131 v\u0259 respublika \u00fc\u00e7\u00fcn \u0259h\u0259miyy\u0259tli t\u0259tbiq sah\u0259l\u0259rinin se\u00e7ilm\u0259si;<\/li>\n<li>t\u0259tbiq sah\u0259l\u0259rind\u0259n as\u0131l\u0131 veyvletl\u0259rin se\u00e7im metodlar\u0131;<\/li>\n<li>t\u0259tbiq sah\u0259l\u0259rind\u0259n as\u0131l\u0131 siqnallar\u0131 xarakteriz\u0259 ed\u0259n atributlar\u0131n t\u0259yini v\u0259 ya se\u00e7imi;<\/li>\n<li>identifikasiya v\u0259 obrazlar\u0131n tan\u0131nmas\u0131 metodlar\u0131n\u0131n m\u0259nims\u0259nilm\u0259si;<\/li>\n<li>klaster analiz v\u0259 proqnozla\u015fd\u0131rman\u0131n riyazi metodlar\u0131;<\/li>\n<li>siqnallar\u0131n riyazi modell\u0259rinin qurulmas\u0131;<\/li>\n<li>t\u0259svirl\u0259rin riyazi modell\u0259rinin (hiperspektral, \u00e7oxkanall\u0131, monoxromatik, binar) formala\u015fd\u0131r\u0131lmas\u0131 v\u0259 r\u0259q\u0259msal emal\u0131;<\/li>\n<li>t\u0259svirl\u0259rin tan\u0131nmas\u0131, k\u00fcyd\u0259n t\u0259mizl\u0259nm\u0259si, s\u0131x\u0131lmas\u0131;<\/li>\n<li>\u0259traf m\u00fchitl\u0259 ba\u011fl\u0131 informasiyan\u0131n ara\u015fd\u0131r\u0131lmas\u0131;<\/li>\n<li>siqnallar\u0131n emal\u0131 zaman\u0131 informasiya itkisinin ara\u015fd\u0131r\u0131lmas\u0131;<\/li>\n<li>siqnallar\u0131 emal ed\u0259n m\u00f6vcud proqram modullar\u0131n\u0131n i\u015fl\u0259nm\u0259si.<\/li>\n<\/ul>\n<\/td>\n<\/tr>\n<\/tbody>\n<\/table>\n","protected":false},"excerpt":{"rendered":"<p>Struktur b\u00f6lm\u0259nin r\u0259hb\u0259ri: S\u0259bin\u0259 Rahib q\u0131z\u0131 Sad\u0131qova Riyaziyyat \u00fczr\u0259 f\u0259ls\u0259f\u0259 doktoru, dosent Tel: (+994 12) 538 72 50 E-mail: sabina.sadigova@imm.az , s_sadigova@mail.ru \u0130\u015f\u00e7il\u0259rin \u00fcmumi say\u0131: 5 Struktur b\u00f6lm\u0259nin \u0259sas f\u0259aliyy\u0259t istiqam\u0259tl\u0259ri: Freym n\u0259z\u0259riyy\u0259si-veyvlet analiz v\u0259 t\u0259tbiql\u0259ri; maliyy\u0259 (risk v\u0259 ya aktuar) riyaziyyat\u0131, obrazlar\u0131n tan\u0131nmas\u0131n\u0131n v\u0259 identifikasiyas\u0131n\u0131n riyazi metodlar\u0131. \u015e\u00f6b\u0259nin \u0259sas i\u015f prinsipl\u0259ri: veyvlet metodun t\u0259tbiq [&hellip;]<\/p>\n","protected":false},"author":6,"featured_media":0,"parent":0,"menu_order":0,"comment_status":"closed","ping_status":"closed","template":"","meta":{"footnotes":""},"_links":{"self":[{"href":"https:\/\/www.imm.az\/exp\/wp-json\/wp\/v2\/pages\/17774"}],"collection":[{"href":"https:\/\/www.imm.az\/exp\/wp-json\/wp\/v2\/pages"}],"about":[{"href":"https:\/\/www.imm.az\/exp\/wp-json\/wp\/v2\/types\/page"}],"author":[{"embeddable":true,"href":"https:\/\/www.imm.az\/exp\/wp-json\/wp\/v2\/users\/6"}],"replies":[{"embeddable":true,"href":"https:\/\/www.imm.az\/exp\/wp-json\/wp\/v2\/comments?post=17774"}],"version-history":[{"count":1,"href":"https:\/\/www.imm.az\/exp\/wp-json\/wp\/v2\/pages\/17774\/revisions"}],"predecessor-version":[{"id":17775,"href":"https:\/\/www.imm.az\/exp\/wp-json\/wp\/v2\/pages\/17774\/revisions\/17775"}],"wp:attachment":[{"href":"https:\/\/www.imm.az\/exp\/wp-json\/wp\/v2\/media?parent=17774"}],"curies":[{"name":"wp","href":"https:\/\/api.w.org\/{rel}","templated":true}]}}