{"id":1873,"date":"2014-05-13T13:13:03","date_gmt":"2014-05-13T08:13:03","guid":{"rendered":"http:\/\/www.imm.az\/exp\/?page_id=1873"},"modified":"2014-05-13T13:13:03","modified_gmt":"2014-05-13T08:13:03","slug":"requirements-for-dissertation","status":"publish","type":"page","link":"https:\/\/www.imm.az\/exp\/members-of-the-dissertation-council\/requirements-for-dissertation\/","title":{"rendered":"Requirements for Dissertation"},"content":{"rendered":"<p style=\"text-align: center;\"><strong>2.1. The main requisitions<\/strong><\/p>\n<p style=\"text-align: left;\">2.11\u00a0\u00a0\u00a0\u00a0 The text is typed in computer and printed. The text should be printed on one side of \u00a0\u00a0a white standard size A4 (210&#215;297) paper \u00a0and the distance between the symbols should be 1.5 interval.<br \/>\n2.12\u00a0\u00a0\u00a0\u00a0 The text of the dissertation in the Azerbaijan language should be typed in computer with the letters of latin alphabet, in Russian language in Kirill alphabet, in the English language in English (USA) alphabet by Times New Roman 14 print.<br \/>\nThe figures and tables may be performed in A3 (297&#215;420)<br \/>\n2.13 \u00a0\u00a0\u00a0 The text of the dissertation should be typed with regard to fields: 30mm from the left, 10 from the left, 20mm from the top and bottom.<br \/>\n2.14 \u00a0\u00a0\u00a0 Taking into account the interval between the words, the amount of symbols shouldn\u2019t be less than 60-65. The amount of lines in the page must be 29-31.<br \/>\n2.15 \u00a0\u00a0\u00a0 All the lines, letters, number and symbols should be bold typed.<br \/>\n2.16\u00a0\u00a0\u00a0\u00a0 Separate words, formulas, symbols may be inserted into the printed text with a black indian ink, and the density of the inserted text should be at most brought closer to the density of the main text.<br \/>\n2.17 \u00a0\u00a0\u00a0 Misprints, slips or graphical errors may be corrected. Each page may have at most two corrections.<br \/>\n2.18\u00a0\u00a0\u00a0\u00a0 The volume of the doctor\u2019s dissertation should be 100-150 pages (with the exception of figures, tables, graphs, supplements and references), the volume of dissertation on humanities may be larger by 20-30%.<br \/>\n2.19\u00a0\u00a0\u00a0\u00a0 The main text of the dissertation is divided into the chapters, paragraphs and items.<br \/>\n2.1.10 The headings should be symmetric to the text and printed with capital letters, the heading of paragraphs should begin from indention and written with small letter (with the exception of the first letter). There is no a full stop at the end of the heading. If the heading consists of two sentences, they should be separated one from another by a full stop.<br \/>\n2.1.11 \u201cContents\u201d, \u201c Introduction\u201d, \u201c Conclusion\u201d, \u201c References\u201d, \u201cSupplements\u201d are the headings of structural elements of the dissertation.<br \/>\n2.1.12 The sub. sections of headings begin from indention, are printed with a capital letter without a full stop at the end and are not underlined. The distance between the headings and the text should be 2 interval.<br \/>\n2.1.13 Each chapter should begin from a new page.<\/p>\n<p style=\"text-align: center;\"><strong>2.2. Numbering<\/strong><\/p>\n<p style=\"text-align: left;\">2.2.1 \u00a0\u00a0\u00a0The pages of the dissertation in numbered with arabic numerals.<br \/>\nBy numbering the pages the title-page is also taken into account. So, page 1 is the title-page, the number of the page is as the top right side. The pages (supplements, references, statements and etc) are sequentially numbered.<br \/>\n2.2.2 \u00a0\u00a0 The list of references should be numbered with arabic numerals.<br \/>\n2.2.3 \u00a0\u00a0 The chapters are numbered with Roman numerals. (For example: Chapter I). The content, introduction and conclusion are not numbered.<br \/>\n2.2.4 \u00a0\u00a0 The number of sub-chapter consists of the number of the chapter and sub-chapter separated from one another by a full-stop. For example: 2.5 (the fifth sub-chapter of chapter 2.)<br \/>\n2.2.5 \u00a0\u00a0 The items of the sub-chapters are numbered with arabic numerals. The number of the item consists of the numbers of the chapter, sub-chapter and item. At the end of the number the full-stop is put. For example 2.5.1 (item 1 of sub-chapter 5 of chapter 2)<br \/>\n2.2.6 \u00a0\u00a0 The illustrations in the separate pages (tables, schemes, graphs) are also numbered as the pages of the dissertation. The tables, figures, schemes with sizes greater than A4 are accepted as a page and are arranged at the end of the dissertation after conclusion with the next numbering.<br \/>\n2.2.7 \u00a0\u00a0 The text of the dissertation, references to tables and remarks should bee numbered with arabic numerals. One remark is not numbered. If the number of the remarks are more than one, after the word \u201cRemark\u201d the colon is given and the remarks are numbered. For example: Remark. Remarks:\u00a0 1. \u2026 2. \u2026<br \/>\nFor printing the remarks the size of the print should be 12, and interval between the lines 1.<\/p>\n<p style=\"text-align: center;\"><strong>3. Illustrations<\/strong><\/p>\n<p style=\"text-align: left;\">3.1\u00a0\u00a0\u00a0\u00a0\u00a0\u00a0\u00a0\u00a0\u00a0The illustrations should be qualitatively. The figures may be drawn in indian ink or black ink, and may be coloured. In the dissertation work, the figures produced in a computer and original photographs may be used. The photographs of the size less than A4 should be pasted to standard white paper. In the first and second copy of the dissertation the photographs should be original.<br \/>\n3.2 \u00a0\u00a0\u00a0\u00a0\u00a0 The illustrations should be arranged so that it was convenient to see them without turning the dissertation by clockwise. The illustrations are located immediately after the text where it is mentioned for the first time.<br \/>\n3.3 \u00a0\u00a0\u00a0\u00a0\u00a0 All the illustrations in the dissertation are denoted by the word \u201cfig.\u201d and within the chapter it is numbered by arabic numerals. The number of the figure consists of the number of the chapter and the number of figure separated one from another by a full stop. For example: 1.2 (figure 2 of chapter1)<br \/>\nThe number and the name of the illustration is arranged under the illustration.<\/p>\n<p style=\"text-align: center;\"><strong>4. Tables<\/strong><\/p>\n<p style=\"text-align: left;\">4.1 \u00a0\u00a0\u00a0\u00a0\u00a0 The materials with numbers are usually put into shape as a table. Each table has its heading. The word \u201ctable\u201d should begin with capital letter. The heading shouldn\u2019t be underlined.<br \/>\n4.2 \u00a0\u00a0\u00a0\u00a0\u00a0 The table should be arranged in the dissertation immediately after the text where it is first mentioned. The table should be arranged so that one can see it conveniently without turning the dissertation or by turning it clockwise. If the lines and column are beyond the size of the paper, the tables are divided into parts and are arranged on other papers.<br \/>\n4.3 \u00a0\u00a0\u00a0\u00a0\u00a0 The tables should be numbered with arabic numerals within the document or section (with the exception of additional tables). The number of the table consists of the number of the chapter and the number of the table separated one from another by a full stop. For example: Table 1.2 (table 2 of chapter 1).\u00a0 If the dissertation has only one table, it should not be numbered and the word \u201ctable\u201d shouldn\u2019t be written.<br \/>\n4.4\u00a0\u00a0\u00a0\u00a0\u00a0\u00a0 If the table is arranged on two or more pages, the word \u201ctable\u201d and its number is shown once at the top of the first page of the table, at the appropriate places of the remaining parts of the table the word \u201ccontinuation\u201d is written. If the dissertation has several tables, then before the word \u201ccontinuation\u201d the number of the table is written. For example: continuation of table 1.2<br \/>\nThe name and the number of the table are located on the table.<br \/>\nThe name and number of the table is located on the top of table. The number in printed at the right angle.<br \/>\n4.5 \u00a0\u00a0\u00a0\u00a0\u00a0 Size of the print for the headings of lines and columns of tables is 12. The interval between lines should be 1 interval.<\/p>\n<p style=\"text-align: center;\"><strong>5. Formulas<\/strong><\/p>\n<p style=\"text-align: left;\">5.1 \u00a0\u00a0\u00a0\u00a0\u00a0 The formulas in the text (if they are more than one) should be numbered by arabic numerals. The number of the formula consists of the number of the chapter and formula separated one from another by a full stop. The number of the formula is written on the same level with the formula at the right side of the page. For example: (3.1), i.e. formula 1 of chapter 3.<br \/>\n5.2 \u00a0\u00a0\u00a0\u00a0\u00a0 The meaning of the symbols and explanation of number coefficients met in the formula are given under the formula. The meaning of each symbol and explanation of number coefficient should be located on a new line. The first line of the explanation should begin with \u201cthere\u201d.<br \/>\n5.3 \u00a0\u00a0\u00a0\u00a0\u00a0 The equations and formulas should be separated from the text to another line. At the top and bottom, each formula should have one or two empty lines. If an equation can\u2019t be written on a line, it should be transferred to a new line after one of the signs of equality (=), plus (+), minus (-), multiplication (x) or division (:).<\/p>\n<p style=\"text-align: center;\"><strong>6. References<\/strong><\/p>\n<p style=\"text-align: left;\">6.1 \u00a0\u00a0\u00a0\u00a0\u00a0 The lists of references mentioned in the text should be written in alphabetical order and be numbered.<br \/>\n6.2 \u00a0\u00a0\u00a0\u00a0\u00a0 By using information from the reference with great number of pages, this reference is shown only once, but after reference in the text the number, volume (for multi-volume books) and appropriate pages of the work in the list are shown. For example: [39, p.250-252], [153.vol.2, p.106] and in another place of the text [39.p.156] [153.vol.1, p.86-91] and etc.<\/p>\n<p style=\"text-align: center;\"><strong>7. Title list<\/strong><\/p>\n<p style=\"text-align: left;\">The title list is the first page of the dissertation, it is not numbered and is set up according to supplement 1.5 in regulations \u201cabout the dissertation Councils\u201d<\/p>\n<p style=\"text-align: center;\"><strong>8. Contents<\/strong><\/p>\n<p style=\"text-align: left;\">The content includes the names of all the chapters, sub-chapters, sections with their pages in the dissertation.<\/p>\n<p style=\"text-align: center;\"><strong>9. The list of conventional symbols, units and terms.<\/strong><\/p>\n<p style=\"text-align: left;\">9.1 \u00a0\u00a0\u00a0\u00a0\u00a0 If in the dissertation special terms, not widely used abbreviations, new symbols and etc are used, their list is given at the beginning of the dissertation in a separate paper under the heading \u201clist of abbreviations\u201d.<br \/>\n9.2 \u00a0\u00a0\u00a0\u00a0\u00a0 The list is written in the form of a column, the abbreviations are given on the left side of the column (in alphabetical order), its exact decipher in the right side.<br \/>\n9.3\u00a0\u00a0\u00a0\u00a0\u00a0\u00a0 If in the dissertation the special terms, abbreviations, symbols, signs are repeated less than three times, then the list is not set up and their decipher is cited as they were mentioned for the first time.<\/p>\n<p style=\"text-align: center;\"><strong>10. The used literature.<\/strong><\/p>\n<p>10.1 \u00a0\u00a0\u00a0 The sources used in the dissertation work are given in alphabetical order in the language they were published (at first Azerbaijani, then turkic, russian, french, english, arabic and etc.) and are numbered.<br \/>\n10.2 \u00a0\u00a0\u00a0 In the list of the used references there should be also noted the literature of the last 5-10 years.<br \/>\n10.3 \u00a0\u00a0\u00a0 By describing bibliographic sources the following punctuation marks are used:<br \/>\n. full stop<br \/>\n, comma<br \/>\n: colon<br \/>\n\\ oblique stroke<br \/>\n\/\/ two oblique strokes<br \/>\n( ) parentheses<br \/>\n[ ] square brackets<\/p>\n<p>10.4\u00a0\u00a0\u00a0\u00a0 Bibliographic description is given according to the type of source. Information about the sources included into the list should be as follows.<br \/>\n10.4.1 The bibliographic description of the book ( monograph, text. books and etc.) is composed by the name of the author or the book. If the authors are no more than four, the surname and initials of the author or authors are given. For example:<\/p>\n<p>Qeybullayev Q.\u018f. Az\u0259rbaycan t\u00fcrkl\u0259rinin t\u0259\u015f\u0259kk\u00fcl\u00fc tarixind\u0259n. Bak\u0131: Az\u0259rn\u0259\u015fr, 1994, 284 s.<br \/>\n\u041c\u0430\u043c\u0435\u0434\u043e\u0432 \u041c.\u0413., \u041a\u0440\u0435\u0431\u0441 \u0420.\u0418. \u0418\u043c\u043c\u0443\u043d\u043e\u0444\u0435\u0440\u043c\u0435\u043d\u0442\u043d\u044b\u0439 \u0430\u043d\u0430\u043b\u0438\u0437: \u0442\u0435\u043e\u0440\u0438\u044f \u0438 \u043f\u0440\u0430\u043a\u0442\u0438\u043a\u0430. \u041c.: \u041a\u0440\u0438\u0441\u0442\u0430\u043b\u043b,<br \/>\n1999,109 \u0441.<br \/>\n\u041f\u0440\u0438\u0445\u043e\u0436\u0430\u043d \u0410.\u041c. \u041f\u0441\u0438\u0445\u043e\u043b\u043e\u0433\u0438\u0447\u0435\u0441\u043a\u0438\u0439 \u0441\u043f\u0440\u0430\u0432\u043e\u0447\u043d\u0438\u043a, \u0438\u043b\u0438 \u043a\u0430\u043a \u043e\u0431\u0440\u0435\u0441\u0442\u0438 \u0443\u0432\u0435\u0440\u0435\u043d\u043d\u043e\u0441\u0442\u044c \u0432 \u0441\u0435\u0431\u0435, \u041a\u043d.<br \/>\n\u0434\u043b\u044f \u0443\u0447\u0430\u0449\u0438\u0445\u0441\u044f. \u041c.: \u041f\u0440\u043e\u0441\u0432\u0435\u0449\u0435\u043d\u0438\u0435, 1994,191 \u0441.<br \/>\nFriemel H. History of agriculture development in Europe. Berlin: Springer<br \/>\nVerlag, 2000, 242 p.<br \/>\nIf the authors are not indicated, if they are more than four, then only the name of the book is given. For example:<br \/>\n\u041d\u0430\u043f\u0440.: \u041a\u0440\u0438\u043c\u0438\u043d\u0430\u043b\u0438\u0441\u0442\u0438\u043a\u0430: Ali m\u0259kt\u0259bl\u0259r \u00fc\u00e7\u00fcn d\u0259rslik \/ K.Q. Sar\u0131canlinskayan\u0131n redakt\u0259si<br \/>\nil\u0259. Bak\u0131: H\u00fcquq \u0259d\u0259biyyat\u0131, 1999, 715 s.<br \/>\n\u0423\u043c\u0441\u0442\u0432\u0435\u043d\u043d\u043e\u0435 \u0432\u043e\u0441\u043f\u0438\u0442\u0430\u043d\u0438\u0435 \u0434\u043e\u0448\u043a\u043e\u043b\u044c\u043d\u0438\u043a\u0430. \u041f\u043e\u0434 \u0440\u0435\u0434. \u041d. \u0420. \u041f\u043e\u0434\u0434\u044c\u044f\u043a\u043e\u0432\u0430. \u041c.: \u041f\u0435\u0434\u0430\u0433\u043e\u0433\u0438\u043a\u0430, 1972,<br \/>\n288 \u0441.<br \/>\n\u041e\u043f\u0435\u0440\u0430\u0442\u0438\u0432\u043d\u043e-\u0440\u043e\u0437\u044b\u0441\u043a\u043d\u0430\u044f \u0434\u0435\u044f\u0442\u0435\u043b\u044c\u043d\u043e\u0441\u0442\u044c: \u0423\u0447\u0435\u0431\u043d\u0438\u043a \/ \u041f\u043e\u0434 \u0440\u0435\u0434. \u041a. \u041a.. \u0413\u043e\u0440\u044f-\u0438\u043d\u043e\u0432\u0430, \u0412. \u0421.<br \/>\n\u041e\u0432\u0447\u0438\u043d\u0441\u043a\u043e\u0433\u043e, \u0410. \u042e. \u0428\u0443\u043c\u0438\u043b\u043e\u0432\u0430 \/ \u041c.: \u0418\u043d\u0444\u0440\u0430-\u041c, 2001, 794 \u0441.<br \/>\nThe many volume editions are indicated as follows:<br \/>\nAz\u0259rbaycan tarixi: 7 cildd\u0259, IV c., Bak\u0131: Elm, 2000, 456 s.<br \/>\n\u0413\u043e\u0434\u0444\u0440\u0443\u0430 \u0416. \u0427\u0442\u043e \u0442\u0430\u043a\u043e\u0435 \u043f\u0441\u0438\u0445\u043e\u043b\u043e\u0433\u0438\u044f: \u0432 2-\u0445 \u0442. \u0422.1, \u041c.: \u041c\u0438\u0440, 1992, 496 \u0441.<\/p>\n<p>&nbsp;<\/p>\n<p>10.4.2 Bibliographic description of the paper consists of two parts:<br \/>\n1. Information on the paper 2. Information on the publishing house. These parts are separated\u00a0\u00a0\u00a0\u00a0 from each other by an oblique stroke \u201c\/\/\u201d with an interval to and after.<br \/>\nIn the papers with up to four authors the surname and initials of all the authors are indicated. In references in azerbaijan and russian languages the both initials of the authors, in the sources in West European language sources only the first letter of the initial is indicated. For example:<\/p>\n<p>V\u0259lixanl\u0131 N.M.X \u0259srin ikinci yar\u0131s\u0131 \u2013 XI \u0259srd\u0259 Az\u0259rbaycan feodal d\u00f6vl\u0259tl\u0259rinin qar\u015f\u0131l\u0131ql\u0131 m\u00fcnasib\u0259tl\u0259ri \u00a0\u00a0\u00a0\u00a0\u00a0\u00a0\u00a0 v\u0259 bir daha \u201cNax\u00e7\u0131van\u015fahl\u0131q\u201d haqq\u0131nda \/\/ AMEA-n\u0131n X\u0259b\u0259rl\u0259ri. Tarix, f\u0259ls\u0259f\u0259, h\u00fcquq seriyas\u0131, \u00a0 2001, \u2116 3, s 120-129<br \/>\nBax\u015f\u0259liyev V. B., Q\u0259dirzad\u0259 Q. \u0130. G\u0259miqaya r\u0259sml\u0259rind\u0259 \u00d6n Asiya motivl\u0259rinin izl\u0259ri \/\/ Nax\u00e7\u0131van D\u00f6vl\u0259t \u00a0\u00a0\u00a0\u00a0\u00a0\u00a0\u00a0\u00a0\u00a0\u00a0\u00a0 Universitetinin Elmi \u0259s\u0259rl\u0259ri, 2002, \u2116 9, s.37-40<br \/>\nR\u0259hmani S.\u018f., \u018fhm\u0259dov M.A., H\u0259mi\u015f\u0259yev U. \u015e., Baba\u015fovaN.M. Plazmoferez zaman\u0131 hemoreoloji g\u00f6st\u0259ricil\u0259rin dinamikas\u0131 \/\/ Az\u0259rbaycan Tibbi Jurnal\u0131, 1993, \u2116 9-10, s.30-33<br \/>\n\u041a\u0440\u0430\u0441\u043d\u043e\u043f\u043e\u043b\u044c\u0441\u043a\u0438\u0439 \u0412.\u0418., \u0411\u0443\u044f\u043d\u043e\u0432\u0430 \u0421.\u041d., \u0418\u043e\u0441\u0435\u043b\u0438\u0430\u043d\u0438 \u041c. \u041d., \u041f\u0435\u0442\u0440\u043e\u0432\u0430 \u0412.\u0414., \u0414\u0438\u0430\u0433\u043d\u043e\u0441\u0442\u0438\u043a\u0430 \u0438 \u0432\u044b\u0431\u043e\u0440 \u00a0\u00a0\u00a0\u00a0 \u0445\u0438\u0440\u0443\u0440\u0433\u0438\u0447\u0435\u0441\u043a\u043e\u0439 \u043a\u043e\u0440\u0440\u0435\u043a\u0446\u0438\u0438 \u043d\u0435\u0434\u0435\u0440\u0436\u0430\u043d\u0438\u0435 \u043c\u043e\u0447\u0438 \u043f\u0440\u0438 \u043f\u0440\u043e-\u043b\u0430\u043f\u0441\u0435 \u0433\u0435\u043d\u0438\u0442\u0430\u043b\u0438\u0439 \u0443 \u0436\u0435\u043d\u0449\u0438\u043d \/\/ \u00a0\u00a0\u00a0\u00a0\u00a0\u00a0\u00a0\u00a0 \u0410\u043a\u0443\u0448\u0435\u0440\u0441\u0442\u0432\u043e \u0438 \u0433\u0438\u043d\u0435\u043a\u043e\u043b\u043e\u0433\u0438\u044f, 2000, \u2116 1, \u0441.29-32<br \/>\nLiang C., Kriman S. An IR \u2013 spectroscopic study of the effect of ionzing irradiation on the structure of \u00a0\u00a0\u00a0\u00a0\u00a0\u00a0\u00a0\u00a0\u00a0\u00a0\u00a0 polybutadiene (akrilonitril) \/\/ Polymer Science., 1999, v.31, NO 123, pp.51-60<\/p>\n<p>In the papers with more than four authors the surname and initials of the first three authors then one of the following abbreviations are given:<\/p>\n<p>\u201c v\u0259 b\u201d in editions in the Azerbaijan language<br \/>\n\u201c \u0438 \u0434\u0440\u201d in editions in Russian language<br \/>\n\u201cet al\u201d in West European editions. For example:<\/p>\n<p>M\u0259mm\u0259dov F.X., Mahmudov T.Q., Sad\u0131xova Z.\u0130. v\u0259 b. Armourianum n\u00f6v\u00fc v\u0259 onun seleksiya \u0259h\u0259miyy\u0259ti\u00a0\u00a0 \/\/ Az\u0259rbaycan Aqrar elmi, 2003, \u2116 1-3, s.78<br \/>\n\u0416\u0435\u043b\u0443\u0434\u043a\u043e\u0432\u043e \u041e.\u0413., \u0420\u0443\u0441\u0430\u043d\u043e\u0432\u0430 \u041c.\u0413., \u0418\u0448\u043a\u043e\u0432\u0430 \u0422.\u0410. \u0438 \u0434\u0440. \u0420\u0435\u0437\u0443\u043b\u044c\u0442\u0430\u0442\u044b \u043b\u0435\u0447\u0435\u043d\u0438\u044f \u0445\u0440\u043e\u043d\u0438\u0447\u0435\u0441\u043a\u043e\u0433\u043e \u0433\u0435\u043f\u0430\u0442\u0438\u0442\u0430 \u0443 \u00a0\u00a0\u00a0\u00a0\u00a0\u00a0 \u0434\u0435\u0442\u0435\u0439 \u0441\u043e \u0437\u043b\u043e\u043a\u0430\u0447\u0435\u0441\u0442\u0432\u0435\u043d\u043d\u044b\u043c\u0438 \u043e\u043f\u0443\u0445\u043e\u043b\u044f\u043c\u0438 \/\/ \u0412\u0438\u0440\u0443\u0441\u043d\u044b\u0435 \u0433\u0435\u043f\u0430\u0442\u0438\u0442\u044b, 1999, \u21162, \u0441.11-14<br \/>\nIger D., Mollis A., Knight A. et. Al. Automatized programmed synthesis of peptides \/\/ Journal of \u00a0\u00a0\u00a0\u00a0 Applicational Biochemistry, 2001, v.48, p.p. 326-329<\/p>\n<p>&nbsp;<\/p>\n<p>10.4.3 The bibliographic description of the source in the collection of papers and proceedings of Conferences consists of two parts and they are separated one from another with an oblique stroke \u201c\/\u201d<br \/>\nFor Example: M\u0259mm\u0259dova G.H. Az\u0259rbaycan memarl\u0131\u011f\u0131n\u0131n inki\u015faf\u0131nda Heyd\u0259r \u018fliyevin rolu \/ \u00a0\u00a0\u00a0\u00a0\u00a0\u00a0\u00a0 Az\u0259rbaycan Respublikas\u0131n\u0131n Prezidenti H.\u018f. \u018fliyevin 80 illik yubileyin\u0259 h\u0259sr olunmu\u015f elmi- \u00a0\u00a0\u00a0\u00a0\u00a0 praktiki konfrans\u0131n materiallar\u0131. Bak\u0131: Nurlan, 2003, s.3-10<br \/>\n\u041c\u0430\u0433\u043e\u043c\u0435\u0434\u043e\u0432 \u0410.\u0413. \u0428\u0435\u0439\u0445 \u0428\u0430\u043c\u0438\u043b \u0438 \u043e\u0441\u0432\u043e\u0431\u043e\u0434\u0438\u0442\u0435\u043b\u044c\u043d\u043e\u0435 \u0434\u0432\u0438\u0436\u0435\u043d\u0438\u0435 \u0432 \u0414\u0430\u0433\u0435\u0441\u0442\u0430\u043d\u0435 \/ \u041c\u0430\u0442\u0435\u0440\u0438\u0430\u043b\u044b \u043d\u0430\u0443\u0447\u043d\u043e\u0439 \u00a0\u00a0\u00a0\u00a0\u00a0\u00a0\u00a0\u00a0\u00a0\u00a0 \u0441\u0435\u0441\u0441\u0438\u0438 \u0418\u043d\u0441\u0442\u0438\u0442\u0443\u0442\u0430 \u043e\u0431\u0449\u0435\u0439 \u0438\u0441\u0442\u043e\u0440\u0438\u0438 \u0420\u0410\u041d. \u0421\u041f\u0411.: \u0422\u0435\u0437\u0430, 2002, \u0441.135-147<br \/>\nDadasheva A., Mamedov M., Mikhailov M. et al. Influence of hepatotropic carcinogens to cytokines level in serum of rats. \/ Hepatocyte transplantation International Symposium.:<br \/>\nProgress in gastroenterology and hepotology. Hannover, 2001, p.12<br \/>\n10.4.4 By referring to dissertations at first the surname, initials of the author, the name of the dissertation are given, and after colon the scientific degree, city, editor year and volume are indicated. For example:<br \/>\nS\u00fcleymanov S.Y. Xlorofil-z\u00fclal kompleksl\u0259ri, xloroplastlar\u0131n tilakoid membran\u0131nda onlar\u0131n strukturu-\u00a0\u00a0\u00a0\u00a0\u00a0\u00a0\u00a0\u00a0 molekulyar t\u0259\u015fkili v\u0259 formala\u015fmas\u0131n\u0131n t\u0259nziml\u0259nm\u0259si: Biol.elm.dok. &#8230;.dis. Bak\u0131, 2003, 222 s.<br \/>\n\u041f\u0430\u0432\u043b\u0438\u0447\u043a\u043e\u0432\u0430 \u0413.\u041b. \u0418\u043d\u0434\u0438\u0432\u0438\u0434\u0443\u0430\u043b\u0438\u0437\u0430\u0447\u0438\u044f \u043f\u0435\u0434\u0430\u0433\u043e\u0433\u0438\u0447\u0435\u0441\u043a\u043e\u0439 \u043f\u043e\u043c\u043e\u0449\u0438 \u043d\u0430 \u043e\u0441\u043d\u043e\u0432\u0435 \u0443\u0447\u0435\u0442\u0430 \u0430\u043a\u0446\u0435\u043d\u0442\u0443\u0430\u0446\u0438\u0439 \u00a0\u00a0\u00a0\u00a0 \u0445\u0430\u0440\u0430\u043a\u0442\u0435\u0440\u043e\u0432: \u0414\u0438\u0441. \u2026. \u043a\u0430\u043d\u0434. \u043f\u0435\u0434. \u043d\u0430\u0443\u043a. \u0412\u043b\u0430\u0434\u0438\u043c\u0438\u0440, 1992, 141 \u0441.<br \/>\nThe authors abstract in referred in the same way adding the word \u201cthe authors abstract\u201d. For example:<br \/>\nFeyziyev F.G. \u0130kilik canal\u0131 sisteml\u0259rd\u0259 diskret prosesl\u0259rin kvadratik optimalla\u015fd\u0131r\u0131lmas\u0131 \u00a0\u00a0\u00a0\u00a0\u00a0\u00a0\u00a0\u00a0\u00a0\u00a0\u00a0\u00a0\u00a0\u00a0\u00a0\u00a0\u00a0\u00a0\u00a0\u00a0\u00a0\u00a0\u00a0\u00a0\u00a0\u00a0\u00a0\u00a0\u00a0\u00a0 \u00fcs\u00fcllar, alqoritml\u0259r, proqramlar): Fiz-riyaz. elm. dok. &#8230;.avtoref. Bak\u0131, 2003, 41 s<br \/>\n\u0412\u043b\u0435\u0433\u0436\u0430\u043d\u0438\u043d \u0410.\u041d. \u041c\u0443\u0436\u0434\u0443\u043d\u0430\u0440\u043e\u0434\u043d\u043e-\u043f\u0440\u0430\u0432\u043e\u0432\u044b\u0435 \u043e\u0441\u043d\u043e\u0432\u044b \u043f\u0440\u0438\u0440\u043e\u0434\u043e\u0440\u0435\u0441\u0443\u0440\u0441\u043d\u043e\u0439 \u0434\u0435\u044f\u0442\u0435\u043b\u044c\u043d\u043e\u0441\u0442\u0438 \u00a0\u00a0\u00a0\u00a0\u00a0\u00a0\u00a0\u00a0\u00a0\u00a0\u00a0\u00a0\u00a0\u00a0\u00a0\u00a0\u00a0\u00a0\u00a0\u00a0\u00a0\u00a0\u00a0\u00a0\u00a0\u00a0\u00a0\u00a0 \u0433\u043e\u0441\u0443\u0434\u0430\u0440\u0441\u0442\u0432 \u0432 \u041c\u0438\u0440\u043e\u0432\u043e\u043c \u043e\u043a\u0435\u0430\u043d\u0435: \u0410\u0432\u0442\u043e\u0440\u0435\u0444. \u0434\u0438\u0441. \u2026 \u0434\u043e\u043a\u0442. \u044e\u0440. \u043d\u0430\u0443\u043a. \u0414\u0438\u043f. \u0410\u043a\u0430\u0434\u0435\u043c\u0438\u044f \u00a0\u041c\u0418\u0414 \u0420\u0424, \u00a0 \u041c., 2002, 39\u0441.<br \/>\n10.4.5 By referring the newspaper materials, at first the surname and initials of the author, then the name \u00a0\u00a0 of the source, name of the newspaper, the name of the city where it is published, year, day, month \u00a0\u00a0\u00a0\u00a0\u00a0\u00a0\u00a0\u00a0\u00a0\u00a0 or the number are indicated. For example:<br \/>\nM\u0259mm\u0259dov M.A. Faci\u0259 janr\u0131n\u0131n t\u0259dqiqi. \u201c\u018fd\u0259biyyat v\u0259 inc\u0259s\u0259sn\u0259t\u201d q\u0259z., Bak\u0131, 1966,14 may<br \/>\n\u0417\u043e\u0442\u043e\u0432 \u0413.\u0411.\u0422\u0438\u0431\u0435\u0442\u0441\u043a\u0438\u0435 \u0442\u0430\u0439\u043d\u044b \u0413\u0438\u0442\u043b\u0435\u0440\u0430. \u0413\u0430\u0437. \u00ab\u0410\u0440\u0433\u0443\u043c\u0435\u043d\u0442\u044b \u0438 \u0444\u0430\u043a\u0442\u044b \u00bb, \u041c\u043e\u0441\u043a\u0432\u0430, 2004, \u0438\u044e\u043d\u044c, \u2116 24<br \/>\n10.4.6 Archives materials are referred as follows:<\/p>\n<p>&nbsp;<\/p>\n<p>Az\u0259rbaycan Respublikasi D\u00f6vl\u0259t Tarix Arxivi: F.44, siy.2, i\u015f 26, v.3-5<br \/>\n\u0426\u0413\u0418\u0410 \u0420\u043e\u0441\u0441\u0438\u0439\u0441\u043a\u043e\u0439 \u0424\u0435\u0434\u0435\u0440\u0430\u0446\u0438\u0438: \u0424.19, \u043e\u043f. 3, \u0434. 101, \u043b.1<\/p>\n","protected":false},"excerpt":{"rendered":"<p>2.1. The main requisitions 2.11\u00a0\u00a0\u00a0\u00a0 The text is typed in computer and printed. The text should be printed on one side of \u00a0\u00a0a white standard size A4 (210&#215;297) paper \u00a0and the distance between the symbols should be 1.5 interval. 2.12\u00a0\u00a0\u00a0\u00a0 The text of the dissertation in the Azerbaijan language should be typed in computer with [&hellip;]<\/p>\n","protected":false},"author":6,"featured_media":0,"parent":1860,"menu_order":0,"comment_status":"open","ping_status":"open","template":"","meta":{"footnotes":""},"_links":{"self":[{"href":"https:\/\/www.imm.az\/exp\/wp-json\/wp\/v2\/pages\/1873"}],"collection":[{"href":"https:\/\/www.imm.az\/exp\/wp-json\/wp\/v2\/pages"}],"about":[{"href":"https:\/\/www.imm.az\/exp\/wp-json\/wp\/v2\/types\/page"}],"author":[{"embeddable":true,"href":"https:\/\/www.imm.az\/exp\/wp-json\/wp\/v2\/users\/6"}],"replies":[{"embeddable":true,"href":"https:\/\/www.imm.az\/exp\/wp-json\/wp\/v2\/comments?post=1873"}],"version-history":[{"count":2,"href":"https:\/\/www.imm.az\/exp\/wp-json\/wp\/v2\/pages\/1873\/revisions"}],"predecessor-version":[{"id":1875,"href":"https:\/\/www.imm.az\/exp\/wp-json\/wp\/v2\/pages\/1873\/revisions\/1875"}],"up":[{"embeddable":true,"href":"https:\/\/www.imm.az\/exp\/wp-json\/wp\/v2\/pages\/1860"}],"wp:attachment":[{"href":"https:\/\/www.imm.az\/exp\/wp-json\/wp\/v2\/media?parent=1873"}],"curies":[{"name":"wp","href":"https:\/\/api.w.org\/{rel}","templated":true}]}}