{"id":189,"date":"2014-02-09T08:41:42","date_gmt":"2014-02-09T08:41:42","guid":{"rendered":"http:\/\/centralbaku.com\/imm\/?page_id=189"},"modified":"2024-05-03T15:14:59","modified_gmt":"2024-05-03T11:14:59","slug":"elmi-sura","status":"publish","type":"page","link":"https:\/\/www.imm.az\/exp\/elmi-sura\/","title":{"rendered":"Elmi \u015fura"},"content":{"rendered":"<table style=\"border: none; height: 638px;\" border=\"0\" width=\"704\" cellspacing=\"1\" cellpadding=\"0\" align=\"center\">\n<tbody>\n<tr>\n<td style=\"text-align: center;\"><strong>\u2116<\/strong><\/td>\n<td style=\"text-align: center;\"><strong>Ad\u0131, atas\u0131n\u0131n ad\u0131, soyad\u0131<\/strong><\/td>\n<td style=\"text-align: left;\"><strong>Alimlik d\u0259r\u0259c\u0259si<\/strong><\/td>\n<\/tr>\n<tr>\n<td>1.<\/td>\n<td>M\u0259rdanov Misir Cumail o\u011flu <strong>s\u0259dr<\/strong><\/td>\n<td>AMEA-n\u0131n m\u00fcxbir \u00fczv\u00fc, prof.<\/td>\n<\/tr>\n<tr>\n<td>2.<\/td>\n<td>Axundov \u018fdal\u0259t Yavuz o\u011flu <strong>s\u0259dr m\u00fcavini<\/strong><\/td>\n<td>r.e.d., prof.<\/td>\n<\/tr>\n<tr>\n<td>3.<\/td>\n<td>H\u0259s\u0259nova Tamilla Xav\u0259r\u0259n q\u0131z\u0131 <strong>elmi katib<\/strong><\/td>\n<td>f-r.e.n., dos.<\/td>\n<\/tr>\n<tr>\n<td>4.<\/td>\n<td>Aslanov H\u0259midulla \u0130srafil o\u011flu<\/td>\n<td>f-r.e.d., prof.<\/td>\n<\/tr>\n<tr>\n<td>5.<\/td>\n<td>Abbasov Eldar Mehdi o\u011flu<\/td>\n<td>t.e.n., dos.<\/td>\n<\/tr>\n<tr>\n<td>6.<\/td>\n<td>Abbasov Elxan M\u0259cid o\u011flu<\/td>\n<td>m.e.d., dos.<\/td>\n<\/tr>\n<tr>\n<td>7.<\/td>\n<td>Bayramo\u011flu M\u0259mm\u0259d<\/td>\n<td>f-r.e.d., prof.<\/td>\n<\/tr>\n<tr>\n<td>8.<\/td>\n<td>Bilalov Bilal Telman o\u011flu<\/td>\n<td>AMEA-n\u0131n m\u00fcxbir \u00fczv\u00fc, prof.<\/td>\n<\/tr>\n<tr>\n<td>9.<\/td>\n<td>Babayev\u00a0 \u018fli \u018fv\u0259z o\u011flu<\/td>\n<td>f-r.e.n., dos.<\/td>\n<\/tr>\n<tr>\n<td>10.<\/td>\n<td>\u018fliyev Soltan \u018fli o\u011flu<\/td>\n<td>f-r.e.d., prof.<\/td>\n<\/tr>\n<tr>\n<td>11.<\/td>\n<td>\u0130smay\u0131lov V\u00fcqar Elman o\u011flu<\/td>\n<td>r.e.d., prof.<\/td>\n<\/tr>\n<tr>\n<td>12.<\/td>\n<td>\u0130brahimov Elman Cavan\u015fir o\u011flu<\/td>\n<td>r.e.d., dos.<\/td>\n<\/tr>\n<tr>\n<td>13.<\/td>\n<td>Quliyev Vaqif Sabir o\u011flu<\/td>\n<td>AMEA-n\u0131n m\u00fcxbir \u00fczv\u00fc, prof.<\/td>\n<\/tr>\n<tr>\n<td>14.<\/td>\n<td>Quliyev \u018fbd\u00fcrr\u0259him F\u0259rman o\u011flu<\/td>\n<td>f-r.e.n.<\/td>\n<\/tr>\n<tr>\n<td>15.<\/td>\n<td>Mirz\u0259zad\u0259 \u0130rad\u0259 H\u0259t\u0259m q\u0131z\u0131<\/td>\n<td>t.\u00fc.f.d., dos. H\u0130K s\u0259dri<\/td>\n<\/tr>\n<tr>\n<td>16.<\/td>\n<td>M\u0259likov Telman Qulu o\u011flu<\/td>\n<td>f-r.e.d., prof.<\/td>\n<\/tr>\n<tr>\n<td>17.<\/td>\n<td>M\u0259mm\u0259dov F\u0259rman \u0130mran o\u011flu<\/td>\n<td>f-r.e.d., prof.<\/td>\n<\/tr>\n<tr>\n<td>18.<\/td>\n<td>M\u00fcseyibli P\u0259rviz Tofiq o\u011flu<\/td>\n<td>m.\u00fc.f.d. G\u0259nc aliml\u0259r \u015furas\u0131n\u0131n s\u0259dri<\/td>\n<\/tr>\n<tr>\n<td>19.<\/td>\n<td>M\u0259mm\u0259dov Mehdi Abbas o\u011flu<\/td>\n<td>ba\u015f menecer<\/td>\n<\/tr>\n<tr>\n<td>20.<\/td>\n<td>P\u0259nahov Qeylani Minhac o\u011flu<\/td>\n<td>AMEA-n\u0131n m\u00fcxbir \u00fczv\u00fc, prof.<\/td>\n<\/tr>\n<tr>\n<td>21.<\/td>\n<td>R\u0259sulova Nazil\u0259 Bilal q\u0131z\u0131<\/td>\n<td>f-r.e.d., dos.<\/td>\n<\/tr>\n<tr>\n<td>22.<\/td>\n<td>Sad\u0131qova S\u0259bin\u0259 Rahib q\u0131z\u0131<\/td>\n<td>r.\u00fc.f.d., dos.<\/td>\n<\/tr>\n<tr>\n<td>23.<\/td>\n<td>Tal\u0131bl\u0131 L\u0259tif X\u0259lil o\u011flu<\/td>\n<td>f-r.e.d., prof.<\/td>\n<\/tr>\n<\/tbody>\n<\/table>\n\n\n<p><\/p>\n","protected":false},"excerpt":{"rendered":"<p>\u2116 Ad\u0131, atas\u0131n\u0131n ad\u0131, soyad\u0131 Alimlik d\u0259r\u0259c\u0259si 1. M\u0259rdanov Misir Cumail o\u011flu s\u0259dr AMEA-n\u0131n m\u00fcxbir \u00fczv\u00fc, prof. 2. Axundov \u018fdal\u0259t Yavuz o\u011flu s\u0259dr m\u00fcavini r.e.d., prof. 3. H\u0259s\u0259nova Tamilla Xav\u0259r\u0259n q\u0131z\u0131 elmi katib f-r.e.n., dos. 4. Aslanov H\u0259midulla \u0130srafil o\u011flu f-r.e.d., prof. 5. Abbasov Eldar Mehdi o\u011flu t.e.n., dos. 6. Abbasov Elxan M\u0259cid o\u011flu m.e.d., [&hellip;]<\/p>\n","protected":false},"author":6,"featured_media":0,"parent":0,"menu_order":0,"comment_status":"open","ping_status":"open","template":"","meta":{"footnotes":""},"_links":{"self":[{"href":"https:\/\/www.imm.az\/exp\/wp-json\/wp\/v2\/pages\/189"}],"collection":[{"href":"https:\/\/www.imm.az\/exp\/wp-json\/wp\/v2\/pages"}],"about":[{"href":"https:\/\/www.imm.az\/exp\/wp-json\/wp\/v2\/types\/page"}],"author":[{"embeddable":true,"href":"https:\/\/www.imm.az\/exp\/wp-json\/wp\/v2\/users\/6"}],"replies":[{"embeddable":true,"href":"https:\/\/www.imm.az\/exp\/wp-json\/wp\/v2\/comments?post=189"}],"version-history":[{"count":5,"href":"https:\/\/www.imm.az\/exp\/wp-json\/wp\/v2\/pages\/189\/revisions"}],"predecessor-version":[{"id":213594,"href":"https:\/\/www.imm.az\/exp\/wp-json\/wp\/v2\/pages\/189\/revisions\/213594"}],"wp:attachment":[{"href":"https:\/\/www.imm.az\/exp\/wp-json\/wp\/v2\/media?parent=189"}],"curies":[{"name":"wp","href":"https:\/\/api.w.org\/{rel}","templated":true}]}}