{"id":191,"date":"2020-01-31T08:42:17","date_gmt":"2020-01-31T04:42:17","guid":{"rendered":"http:\/\/centralbaku.com\/imm\/?page_id=191"},"modified":"2024-05-03T14:50:14","modified_gmt":"2024-05-03T10:50:14","slug":"dissertasiya-surasinin-t%c9%99rkibi","status":"publish","type":"page","link":"https:\/\/www.imm.az\/exp\/dissertasiya-surasinin-t%c9%99rkibi\/","title":{"rendered":"Dissertasiya \u015furas\u0131n\u0131n t\u0259rkibi"},"content":{"rendered":"<div class=\"table-responsive\">\n<table>\n<thead>\n<tr>\n<th>\u2116<\/th>\n<th>Ad\u0131, atas\u0131n\u0131n ad\u0131, soyad\u0131<\/th>\n<th>Elmi d\u0259r\u0259c\u0259si, \u015eurada ixtisas\u0131n\u0131n \u015fifri<\/th>\n<\/tr>\n<\/thead>\n<tbody>\n<tr>\n<td>1<\/td>\n<td>M\u0259rdanov Misir Cumail o\u011flu<br \/>s\u0259dr<\/td>\n<td>AMEA-n\u0131n m\u00fcxbir \u00fczv\u00fc,<br \/>prof. 1214.01<\/td>\n<\/tr>\n<tr>\n<td>2<\/td>\n<td>Axundov \u018fdal\u0259t Yavuz o\u011flu<br \/>s\u0259dr m\u00fcavini<\/td>\n<td>r.e.d., prof. 1211.01<\/td>\n<\/tr>\n<tr>\n<td>3<\/td>\n<td>Quliyev \u018fbd\u00fcrr\u0259him F\u0259rman o\u011flu<br \/>elmi katib<\/td>\n<td>f-r.e.n. 1211.01<\/td>\n<\/tr>\n<tr>\n<td>4<\/td>\n<td>Aslanov H\u0259midulla \u0130srafil o\u011flu<\/td>\n<td>f-r.e.d., prof. 1202.01<\/td>\n<\/tr>\n<tr>\n<td>5<\/td>\n<td>Aydazad\u0259 Kamil R\u0259c\u0259b o\u011flu<\/td>\n<td>AMEA-n\u0131n m\u00fcxbir \u00fczv\u00fc,<br \/>prof. 1214.01<\/td>\n<\/tr>\n<tr>\n<td>6<\/td>\n<td>Bilalov Bilal Telman o\u011flu<\/td>\n<td>AMEA-n\u0131n m\u00fcxbir \u00fczv\u00fc,<br \/>prof. 1202.01<\/td>\n<\/tr>\n<tr>\n<td>7<\/td>\n<td>B\u0259nd\u0259liyev R\u00f6v\u015f\u0259n \u018flifa\u011fa o\u011flu<\/td>\n<td>r.e.d., dos. 1202.01<\/td>\n<\/tr>\n<tr>\n<td>8<\/td>\n<td>Mustafayev Heyb\u0259tqulu S\u0259f\u0259r o\u011flu<\/td>\n<td>f-r.e.d., prof. 1202.01<\/td>\n<\/tr>\n<tr>\n<td>9<\/td>\n<td>H\u00fcseynov Hiday\u0259t M\u0259h\u0259mm\u0259d o\u011flu<\/td>\n<td>f-r.e.d., prof. 1202.01<\/td>\n<\/tr>\n<tr>\n<td>10<\/td>\n<td>\u0130sg\u0259nd\u0259rov Nizam\u0259ddin \u015eirin o\u011flu<\/td>\n<td>f-r.e.d., prof. 1211.01<\/td>\n<\/tr>\n<tr>\n<td>11<\/td>\n<td>K\u0259rimov Nazim Bax\u0131\u015f o\u011flu<\/td>\n<td>f-r.e.d., prof. 1211.01<\/td>\n<\/tr>\n<tr>\n<td>12<\/td>\n<td>M\u0259mm\u0259dov Yusif \u018fb\u00fclf\u0259t o\u011flu<\/td>\n<td>AMEA-n\u0131n h\u0259qiqi \u00fczv\u00fc,<br \/>prof. 1211.01<\/td>\n<\/tr>\n<tr>\n<td>13<\/td>\n<td>N\u0259c\u0259fov Alik Malik o\u011flu<\/td>\n<td>f-r.e.d., prof. 1202.01<\/td>\n<\/tr>\n<tr>\n<td>14<\/td>\n<td>Quliyev Hamlet F\u0259rman o\u011flu<\/td>\n<td>f-r.e.d., prof. 1214.01<\/td>\n<\/tr>\n<tr>\n<td>15<\/td>\n<td>Qas\u0131mov Yusif Soltan o\u011flu<\/td>\n<td>r.e.d. 1214.01<\/td>\n<\/tr>\n<tr>\n<td>16<\/td>\n<td>Qurbanov V\u0259li M\u0259h\u0259rr\u0259m o\u011flu<\/td>\n<td>f-r.e.d., prof. 1211.01<\/td>\n<\/tr>\n<tr>\n<td>17<\/td>\n<td>Sad\u0131qov Misr\u0259ddin Allahverdi o\u011flu<\/td>\n<td>f-r.e.d., prof. 1214.01<\/td>\n<\/tr>\n<tr>\n<td>18<\/td>\n<td>Yusubov \u015eakir \u015e\u0131x\u0131 o\u011flu<\/td>\n<td>r.e.d, dosent 1214.01<\/td>\n<\/tr>\n<\/tbody>\n<\/table>\n<\/div>\n\n\n<p><\/p>\n","protected":false},"excerpt":{"rendered":"<p>\u2116 Ad\u0131, atas\u0131n\u0131n ad\u0131, soyad\u0131 Elmi d\u0259r\u0259c\u0259si, \u015eurada ixtisas\u0131n\u0131n \u015fifri 1 M\u0259rdanov Misir Cumail o\u011flus\u0259dr AMEA-n\u0131n m\u00fcxbir \u00fczv\u00fc,prof. 1214.01 2 Axundov \u018fdal\u0259t Yavuz o\u011flus\u0259dr m\u00fcavini r.e.d., prof. 1211.01 3 Quliyev \u018fbd\u00fcrr\u0259him F\u0259rman o\u011fluelmi katib f-r.e.n. 1211.01 4 Aslanov H\u0259midulla \u0130srafil o\u011flu f-r.e.d., prof. 1202.01 5 Aydazad\u0259 Kamil R\u0259c\u0259b o\u011flu AMEA-n\u0131n m\u00fcxbir \u00fczv\u00fc,prof. 1214.01 6 Bilalov [&hellip;]<\/p>\n","protected":false},"author":6,"featured_media":0,"parent":0,"menu_order":0,"comment_status":"open","ping_status":"open","template":"","meta":{"footnotes":""},"_links":{"self":[{"href":"https:\/\/www.imm.az\/exp\/wp-json\/wp\/v2\/pages\/191"}],"collection":[{"href":"https:\/\/www.imm.az\/exp\/wp-json\/wp\/v2\/pages"}],"about":[{"href":"https:\/\/www.imm.az\/exp\/wp-json\/wp\/v2\/types\/page"}],"author":[{"embeddable":true,"href":"https:\/\/www.imm.az\/exp\/wp-json\/wp\/v2\/users\/6"}],"replies":[{"embeddable":true,"href":"https:\/\/www.imm.az\/exp\/wp-json\/wp\/v2\/comments?post=191"}],"version-history":[{"count":5,"href":"https:\/\/www.imm.az\/exp\/wp-json\/wp\/v2\/pages\/191\/revisions"}],"predecessor-version":[{"id":212700,"href":"https:\/\/www.imm.az\/exp\/wp-json\/wp\/v2\/pages\/191\/revisions\/212700"}],"wp:attachment":[{"href":"https:\/\/www.imm.az\/exp\/wp-json\/wp\/v2\/media?parent=191"}],"curies":[{"name":"wp","href":"https:\/\/api.w.org\/{rel}","templated":true}]}}