{"id":195,"date":"2014-02-09T08:43:54","date_gmt":"2014-02-09T08:43:54","guid":{"rendered":"http:\/\/centralbaku.com\/imm\/?page_id=195"},"modified":"2014-05-12T10:08:12","modified_gmt":"2014-05-12T05:08:12","slug":"t%c9%99qdim-edil%c9%99n-s%c9%99n%c9%99dl%c9%99rin-siyahisi","status":"publish","type":"page","link":"https:\/\/www.imm.az\/exp\/dissertasiya-surasinin-t%c9%99rkibi\/t%c9%99qdim-edil%c9%99n-s%c9%99n%c9%99dl%c9%99rin-siyahisi\/","title":{"rendered":"T\u0259qdim edil\u0259n s\u0259n\u0259dl\u0259rin siyah\u0131s\u0131"},"content":{"rendered":"<p style=\"text-align: justify;\">1.\u00a0 \u0130ddia\u00e7\u0131n\u0131n \u0259riz\u0259si<br \/>\n2.\u00a0 \u0130\u015f yerind\u0259 t\u0259sdiq olunmu\u015f, \u00fcz\u0259rind\u0259 foto\u015f\u0259kil olan kadrlar\u0131n \u015f\u0259xsi u\u00e7ot v\u0259r\u0259qi &#8211; 1 n\u00fcsx\u0259<br \/>\n3. Dissertasiya m\u00f6vzusunun v\u0259 elmi r\u0259hb\u0259rin (m\u0259sl\u0259h\u0259t\u00e7inin) t\u0259sdiq olunmas\u0131 haqq\u0131nda protokoldan \u00e7\u0131xar\u0131\u015f \u2013 2 n\u00fcsx\u0259;<br \/>\nDissertasiya m\u00f6vzusunun m\u00fcvafiq elm sah\u0259si \u00fczr\u0259 problem \u015furas\u0131nda qeyd\u0259 al\u0131nmas\u0131 haqq\u0131nda protokoldan \u00e7\u0131xar\u0131\u015f \u2013 2 n\u00fcsx\u0259;<br \/>\n4.\u00a0 Doktorluq imtahanlar\u0131n\u0131n verilm\u0259si haqq\u0131nda v\u0259siq\u0259- 2 n\u00fcsx\u0259;<br \/>\n4.1. F\u0259ls\u0259f\u0259 doktoru v\u0259 elml\u0259r doktoru elmi d\u0259r\u0259c\u0259si iddia\u00e7\u0131s\u0131n\u0131n dissertasiyas\u0131n\u0131n profili \u00fczr\u0259 ali t\u0259hsili olmad\u0131qda h\u0259min elm sah\u0259sinin \u00fcmumelmi \u0259saslar\u0131ndan \u0259lav\u0259 doktorluq imtahan\u0131n\u0131n verilm\u0259si haqq\u0131nda v\u0259siq\u0259- 2 n\u00fcsx\u0259;<br \/>\n4.2 Pedaqoqika \u00fczr\u0259\u00a0 f\u0259ls\u0259f\u0259 doktoru elmi d\u0259r\u0259c\u0259si iddia\u00e7\u0131s\u0131n\u0131n pedaqoji staj\u0131 haqq\u0131nda aray\u0131\u015f- 2 n\u00fcsx\u0259.<br \/>\n5.\u00a0 Dissertasiyan\u0131n cildl\u0259nmi\u015f n\u00fcsx\u0259l\u0259ri- z\u0259ruri sayda;<br \/>\n6. Avtoreferat\u0131n \u0259lyazmas\u0131 (dissertasiyan\u0131n b\u00fct\u00fcn n\u00fcsx\u0259l\u0259rinin titul v\u0259r\u0259qini (<a href=\"http:\/\/imm.az\/Disertasiya_senedleri\/Elave-1.5.pdf\" target=\"_blank\">\u018flav\u0259 1.5<\/a>) v\u0259 avtoreferat\u0131n \u0259lyazmas\u0131n\u0131n \u00fcz qab\u0131\u011f\u0131n\u0131 (<a href=\"http:\/\/imm.az\/Disertasiya_senedleri\/Elave-1.7.pdf\" target=\"_blank\">\u018flav\u0259 1.7<\/a>) iddia\u00e7\u0131 imzalay\u0131r);<br \/>\n7. F\u0259ls\u0259f\u0259 doktoru elmi d\u0259r\u0259c\u0259si iddia\u00e7\u0131lar\u0131 \u00fc\u00e7\u00fcn ali t\u0259hsil haqq\u0131nda diplomun (xaricd\u0259, o c\u00fcml\u0259d\u0259n MDB \u00f6lk\u0259l\u0259rind\u0259 t\u0259hsil alm\u0131\u015f \u015f\u0259xsl\u0259r \u00fc\u00e7\u00fcn \u0259lav\u0259 olaraq, Az\u0259rbaycan Respublikas\u0131 T\u0259hsil Nazirliyind\u0259n verilmi\u015f ekvivalentlik haqq\u0131nda \u015f\u0259had\u0259tnam\u0259nin) t\u0259sdiq edilmi\u015f sur\u0259ti \u2013 2 n\u00fcsx\u0259;<br \/>\nElml\u0259r doktoru elmi d\u0259r\u0259c\u0259sin\u0259 iddia ed\u0259n \u015f\u0259xsl\u0259r \u00fc\u00e7\u00fcn f\u0259ls\u0259f\u0259 doktoru\u00a0 diplomunun (elmi d\u0259r\u0259c\u0259sini xaricd\u0259, o c\u00fcml\u0259d\u0259n MDB \u00f6lk\u0259l\u0259rind\u0259 alm\u0131\u015f \u015f\u0259xsl\u0259r \u00fc\u00e7\u00fcn \u0259lav\u0259 olaraq, Komissiya t\u0259r\u0259find\u0259n verilmi\u015f ekvivalentlik haqq\u0131nda s\u0259n\u0259din &#8211; diplomun) t\u0259sdiq edilmi\u015f sur\u0259ti \u2013 2 n\u00fcsx\u0259;<br \/>\n8.\u00a0 Dissertasiya i\u015finin yerin\u0259 yetirildiyi v\u0259 ya iddia\u00e7\u0131n\u0131n t\u0259hkim olundu\u011fu t\u0259\u015fkilat\u0131n r\u0259yi v\u0259 h\u0259min r\u0259yin q\u0259bul\u00a0 olundu\u011fu iclas\u0131n protokolu &#8211; 2 n\u00fcsx\u0259;<br \/>\nResenzentl\u0259rin yaz\u0131l\u0131 r\u0259yl\u0259ri (h\u0259r birind\u0259n iki\u00a0 n\u00fcsx\u0259) v\u0259 dissertasiya i\u015finin ilkin m\u00fczakir\u0259sinin gedi\u015finin video\u00e7\u0259kili\u015fi yaz\u0131lm\u0131\u015f kompakt diskl\u0259r;<br \/>\nR\u0259y kafedra (laboratoriya, b\u00f6lm\u0259, \u015f\u00f6b\u0259) iclas\u0131n\u0131n v\u0259 ya seminar\u0131n protokolundan \u00e7\u0131xar\u0131\u015f \u015f\u0259klind\u0259 t\u0259rtib edilir, t\u0259\u015fkilat r\u0259hb\u0259ri t\u0259r\u0259find\u0259n t\u0259sdiq olunur v\u0259 ona t\u0259\u015fkilat\u0131n m\u00f6h\u00fcr\u00fc vurulur.<br \/>\nProtokol iclas\u0131n s\u0259dri v\u0259 katibi t\u0259r\u0259find\u0259n imzalan\u0131r, onlar\u0131n imzas\u0131 t\u0259\u015fkilat\u0131n elmi katibi t\u0259r\u0259find\u0259n m\u00fcvafiq qaydada t\u0259sdiq olunur.<br \/>\n9.\u00a0 \u0130ddia\u00e7\u0131n\u0131n elmi-pedaqoji v\u0259 istehsalat f\u0259aliyy\u0259ti haqq\u0131nda xasiyy\u0259tnam\u0259 &#8211; 1 n\u00fcsx\u0259;<br \/>\nXasiyy\u0259tnam\u0259 \u0259sas i\u015f yerind\u0259n verilir, t\u0259\u015fkilat\u0131n (m\u00fc\u0259ssis\u0259nin) r\u0259hb\u0259ri t\u0259r\u0259find\u0259n imzalan\u0131r, gerbli m\u00f6h\u00fcrl\u0259 t\u0259sdiql\u0259nib, tarix qoyulur.<br \/>\n10. Elmi r\u0259hb\u0259rin (m\u0259sl\u0259h\u0259t\u00e7inin) r\u0259yi \u2013 2 n\u00fcsx\u0259;<br \/>\n11. Dissertasiyan\u0131n m\u00f6vzusuna dair d\u0259rc olunmu\u015f elmi v\u0259 t\u0259dris-metodiki i\u015fl\u0259rin siyah\u0131s\u0131 (<a href=\"http:\/\/imm.az\/Disertasiya_senedleri\/Elave-1.8.pdf\" target=\"_blank\">\u018flav\u0259 1.8<\/a>), onlar\u0131n sur\u0259tl\u0259ri v\u0259 elektron variant\u00a0 (monoqrafiya \u00f6z\u00fc t\u0259qdim olunur). Monoqrafiya v\u0259 kitablar ayr\u0131ca qovluqda t\u0259qdim edilir.<br \/>\n12.\u00a0\u00a0 \u015e\u0259xsiyy\u0259t v\u0259siq\u0259sinin sur\u0259ti<\/p>\n","protected":false},"excerpt":{"rendered":"<p>1.\u00a0 \u0130ddia\u00e7\u0131n\u0131n \u0259riz\u0259si 2.\u00a0 \u0130\u015f yerind\u0259 t\u0259sdiq olunmu\u015f, \u00fcz\u0259rind\u0259 foto\u015f\u0259kil olan kadrlar\u0131n \u015f\u0259xsi u\u00e7ot v\u0259r\u0259qi &#8211; 1 n\u00fcsx\u0259 3. Dissertasiya m\u00f6vzusunun v\u0259 elmi r\u0259hb\u0259rin (m\u0259sl\u0259h\u0259t\u00e7inin) t\u0259sdiq olunmas\u0131 haqq\u0131nda protokoldan \u00e7\u0131xar\u0131\u015f \u2013 2 n\u00fcsx\u0259; Dissertasiya m\u00f6vzusunun m\u00fcvafiq elm sah\u0259si \u00fczr\u0259 problem \u015furas\u0131nda qeyd\u0259 al\u0131nmas\u0131 haqq\u0131nda protokoldan \u00e7\u0131xar\u0131\u015f \u2013 2 n\u00fcsx\u0259; 4.\u00a0 Doktorluq imtahanlar\u0131n\u0131n verilm\u0259si haqq\u0131nda v\u0259siq\u0259- [&hellip;]<\/p>\n","protected":false},"author":6,"featured_media":0,"parent":191,"menu_order":0,"comment_status":"open","ping_status":"open","template":"","meta":{"footnotes":""},"_links":{"self":[{"href":"https:\/\/www.imm.az\/exp\/wp-json\/wp\/v2\/pages\/195"}],"collection":[{"href":"https:\/\/www.imm.az\/exp\/wp-json\/wp\/v2\/pages"}],"about":[{"href":"https:\/\/www.imm.az\/exp\/wp-json\/wp\/v2\/types\/page"}],"author":[{"embeddable":true,"href":"https:\/\/www.imm.az\/exp\/wp-json\/wp\/v2\/users\/6"}],"replies":[{"embeddable":true,"href":"https:\/\/www.imm.az\/exp\/wp-json\/wp\/v2\/comments?post=195"}],"version-history":[{"count":1,"href":"https:\/\/www.imm.az\/exp\/wp-json\/wp\/v2\/pages\/195\/revisions"}],"predecessor-version":[{"id":1738,"href":"https:\/\/www.imm.az\/exp\/wp-json\/wp\/v2\/pages\/195\/revisions\/1738"}],"up":[{"embeddable":true,"href":"https:\/\/www.imm.az\/exp\/wp-json\/wp\/v2\/pages\/191"}],"wp:attachment":[{"href":"https:\/\/www.imm.az\/exp\/wp-json\/wp\/v2\/media?parent=195"}],"curies":[{"name":"wp","href":"https:\/\/api.w.org\/{rel}","templated":true}]}}