{"id":1952,"date":"2014-05-15T12:28:48","date_gmt":"2014-05-15T07:28:48","guid":{"rendered":"http:\/\/www.imm.az\/exp\/?page_id=1952"},"modified":"2019-03-14T14:50:26","modified_gmt":"2019-03-14T10:50:26","slug":"%d0%be%d1%82%d0%b4%d0%b5%d0%bb-%d1%82%d0%b5%d0%be%d1%80%d0%b8%d1%8f-%d1%83%d0%bf%d1%80%d1%83%d0%b3%d0%be%d1%81%d1%82%d0%b8-%d0%b8-%d0%bf%d0%bb%d0%b0%d1%81%d1%82%d0%b8%d1%87%d0%bd%d0%be%d1%81%d1%82","status":"publish","type":"page","link":"https:\/\/www.imm.az\/exp\/%d0%be%d1%82%d0%b4%d0%b5%d0%bb%d1%8b\/%d0%be%d1%82%d0%b4%d0%b5%d0%bb-%d1%82%d0%b5%d0%be%d1%80%d0%b8%d1%8f-%d1%83%d0%bf%d1%80%d1%83%d0%b3%d0%be%d1%81%d1%82%d0%b8-%d0%b8-%d0%bf%d0%bb%d0%b0%d1%81%d1%82%d0%b8%d1%87%d0%bd%d0%be%d1%81%d1%82\/","title":{"rendered":"\u041e\u0442\u0434\u0435\u043b \u0422\u0435\u043e\u0440\u0438\u044f \u0443\u043f\u0440\u0443\u0433\u043e\u0441\u0442\u0438 \u0438 \u043f\u043b\u0430\u0441\u0442\u0438\u0447\u043d\u043e\u0441\u0442\u0438"},"content":{"rendered":"<p><img loading=\"lazy\" decoding=\"async\" class=\"alignleft size-full wp-image-3846\" src=\"https:\/\/www.imm.az\/exp\/wp-content\/uploads\/2014\/02\/Elastiklik_ve_plastiklik_ne.jpg\" alt=\"Elastiklik_ve_plastiklik_ne\" width=\"600\" height=\"400\" srcset=\"https:\/\/www.imm.az\/exp\/wp-content\/uploads\/2014\/02\/Elastiklik_ve_plastiklik_ne.jpg 600w, https:\/\/www.imm.az\/exp\/wp-content\/uploads\/2014\/02\/Elastiklik_ve_plastiklik_ne-300x200.jpg 300w\" sizes=\"(max-width: 600px) 100vw, 600px\" \/><\/p>\n<table style=\"border: none;\" border=\"0\" width=\"100%\" cellspacing=\"0\" cellpadding=\"0\">\n<tbody>\n<tr>\n<td valign=\"top\" width=\"193\"><strong>\u0420\u0443\u043a\u043e\u0432\u043e\u0434\u0438\u0442\u0435\u043b\u044c \u043e\u0442\u0434\u0435\u043b\u0430:<\/strong><\/td>\n<td>\u0412\u0430\u0433\u0438\u0444 \u0414\u0436\u0430\u043c\u0430\u043b \u043e\u0433\u043b\u044b \u0413\u0430\u0434\u0436\u0438\u0435\u0432<br \/>\n\u0434\u043e\u043a\u0442\u043e\u0440 \u0444\u0438\u0437\u0438\u043a\u043e-\u043c\u0430\u0442\u0435\u043c\u0430\u0442\u0438\u0447\u0435\u0441\u043a\u0438\u0445 \u043d\u0430\u0443\u043a, \u043f\u0440\u043e\u0444\u0435\u0441\u0441\u043e\u0440<\/td>\n<\/tr>\n<tr>\n<td valign=\"top\"><\/td>\n<td><\/td>\n<\/tr>\n<tr>\n<td valign=\"top\"><strong>\u0422\u0435\u043b.:<\/strong><\/td>\n<td>323-89-33<\/td>\n<\/tr>\n<tr>\n<td valign=\"top\"><strong>E-mail:<\/strong><\/td>\n<td><a href=\"mailto:vagif.haciyev@imm.az\">vagif.haciyev@imm.az<\/a>,\u00a0<a href=\"mailto:shnikav@gmail.com\">shnikav@gmail.com<\/a><\/td>\n<\/tr>\n<tr>\n<td valign=\"top\"><strong>\u041a\u043e\u043b\u0438\u0447\u0435\u0441\u0442\u0432\u043e \u0441\u043e\u0442\u0440\u0443\u0434\u043d\u0438\u043a\u043e\u0432:<\/strong><\/td>\n<td>10<\/td>\n<\/tr>\n<tr>\n<td valign=\"top\"><\/td>\n<td><\/td>\n<\/tr>\n<tr>\n<td valign=\"top\"><strong>\u041e\u0441\u043d\u043e\u0432\u043d\u043e\u0435 \u043d\u0430\u0443\u0447\u043d\u043e\u0435 \u043d\u0430\u043f\u0440\u0430\u0432\u043b\u0435\u043d\u0438\u0435 \u043e\u0442\u0434\u0435\u043b\u0430:<\/strong><\/td>\n<td style=\"text-align: justify;\">\u041e\u0441\u043d\u043e\u0432\u043d\u044b\u0435 \u043d\u0430\u0443\u0447\u043d\u044b\u0435 \u043d\u0430\u043f\u0440\u0430\u0432\u043b\u0435\u043d\u0438\u044f \u043e\u0442\u0434\u0435\u043b\u0430 \u0441\u0432\u044f\u0437\u0430\u043d\u044b \u0441 \u0442\u0435\u043e\u0440\u0438\u0435\u0439 \u043f\u0440\u043e\u0447\u043d\u043e\u0441\u0442\u0438, \u043a\u043e\u043b\u0435\u0431\u0430\u043d\u0438\u044f \u0438 \u0443\u0441\u0442\u043e\u0439\u0447\u0438\u0432\u043e\u0441\u0442\u0438 \u0442\u043e\u043d\u043a\u043e\u0441\u0442\u0435\u043d\u043d\u044b\u0445 \u043f\u043b\u0430\u0441\u0442\u0438\u043d, \u043e\u0431\u043e\u043b\u043e\u0447\u0435\u043a, \u043c\u0435\u043c\u0431\u0440\u0430\u043d \u043f\u0440\u0438 \u0431\u043e\u043b\u044c\u0448\u0438\u0445 \u0434\u0435\u0444\u043e\u0440\u043c\u0430\u0446\u0438\u044f\u0445.<br \/>\n\u041e\u0441\u043d\u043e\u0432\u043d\u043e\u0439 \u043f\u0440\u0438\u0447\u0438\u043d\u043e\u0439 \u0443\u043a\u0430\u0437\u0430\u043d\u043d\u044b\u0445 \u043d\u0430\u043f\u0440\u0430\u0432\u043b\u0435\u043d\u0438\u0439 \u044f\u0432\u043b\u044f\u0435\u0442\u0441\u044f \u0442\u043e, \u0447\u0442\u043e \u044d\u0442\u0438 \u043a\u043e\u043d\u0441\u0442\u0440\u0443\u043a\u0446\u0438\u0438 \u0434\u043e\u0432\u043e\u043b\u044c\u043d\u043e \u0448\u0438\u0440\u043e\u043a\u043e \u0438\u0441\u043f\u043e\u043b\u044c\u0437\u0443\u044e\u0442\u0441\u044f \u0432 \u0441\u043e\u0432\u0440\u0435\u043c\u0435\u043d\u043d\u043e\u043c \u043c\u0430\u0448\u0438\u043d\u043e\u0441\u0442\u0440\u043e\u0435\u043d\u0438\u0438 \u043f\u0440\u0438 \u0441\u0442\u0440\u043e\u0438\u0442\u0435\u043b\u044c\u0441\u0442\u0432\u0435 \u043a\u0440\u0443\u043f\u043d\u044b\u0445 \u0438\u043d\u0436\u0435\u043d\u0435\u0440\u043d\u044b\u0445 \u0441\u043e\u043e\u0440\u0443\u0436\u0435\u043d\u0438\u0439, \u043f\u0440\u0438 \u0440\u0430\u0441\u0447\u0435\u0442\u0430\u0445 \u043c\u043e\u0440\u0441\u043a\u0438\u0445 \u044d\u0441\u0442\u0430\u043a\u0430\u0434, \u043c\u0430\u0433\u0438\u0441\u0442\u0440\u0430\u043b\u044c\u043d\u044b\u0445 \u0436\u0435\u043b\u0435\u0437\u043d\u044b\u0445 \u0434\u043e\u0440\u043e\u0433\u0430\u0445 \u0438 \u0440\u044f\u0434\u0430 \u0434\u0440\u0443\u0433\u0438\u0445 \u043e\u0442\u0440\u0430\u0441\u043b\u044f\u0445.<\/td>\n<\/tr>\n<tr>\n<td valign=\"top\"><\/td>\n<td><\/td>\n<\/tr>\n<tr>\n<td valign=\"top\"><strong>\u041f\u043e\u043b\u0443\u0447\u0435\u043d\u043d\u044b\u0435 \u043e\u0441\u043d\u043e\u0432\u043d\u044b\u0435 \u0440\u0435\u0437\u0443\u043b\u044c\u0442\u0430\u0442\u044b:<\/strong><\/td>\n<td>\n<ul>\n<li style=\"text-align: justify;\">\u0420\u0430\u0437\u0440\u0430\u0431\u043e\u0442\u0430\u043d\u0430 \u0442\u0435\u043e\u0440\u0438\u044f \u0443\u0441\u0442\u043e\u0439\u0447\u0438\u0432\u043e\u0441\u0442\u0438 \u0443\u043f\u0440\u0443\u0433\u043e\u043f\u043b\u0430\u0441\u0442\u0438\u0447\u0435\u0441\u043a\u0438\u0445 \u044d\u043b\u0435\u043c\u0435\u043d\u0442\u043e\u0432 \u043a\u043e\u043d\u0441\u0442\u0440\u0443\u043a\u0446\u0438\u0438, \u0438\u043c\u0435\u044e\u0449\u0438\u0435 \u043d\u0430\u0447\u0430\u043b\u044c\u043d\u044b\u0435 \u043d\u0430\u043f\u0440\u044f\u0436\u0435\u043d\u0438\u044f. \u041f\u043e\u043b\u0443\u0447\u0435\u043d\u044b \u043e\u0441\u043d\u043e\u0432\u043d\u044b\u0435 \u0441\u043e\u043e\u0442\u043d\u043e\u0448\u0435\u043d\u0438\u044f \u0438 \u0432\u0432\u0435\u0434\u0435\u043d\u044b \u0443\u0440\u0430\u0432\u043d\u0435\u043d\u0438\u044f \u0443\u0441\u0442\u043e\u0439\u0447\u0438\u0432\u043e\u0441\u0442\u0438.<\/li>\n<li style=\"text-align: justify;\">\u041f\u043e\u0441\u0442\u0440\u043e\u0435\u043d\u0430 \u0442\u0435\u043e\u0440\u0438\u044f \u0443\u0441\u0442\u043e\u0439\u0447\u0438\u0432\u043e\u0441\u0442\u0438 \u0431\u0440\u0443\u0441\u044c\u0435\u0432, \u043f\u043b\u0430\u0441\u0442\u0438\u043d \u0438 \u043e\u0431\u043e\u043b\u043e\u0447\u0435\u043a \u0438\u0437\u0433\u043e\u0442\u043e\u0432\u043b\u0435\u043d\u043d\u044b\u0445 \u0438\u0437 \u0440\u0430\u0437\u043d\u043e \u0441\u043e\u043f\u0440\u043e\u0442\u0438\u0432\u043b\u044f\u044e\u0449\u0438\u0445\u0441\u044f \u043c\u0430\u0442\u0435\u0440\u0438\u0430\u043b\u043e\u0432. \u0420\u0435\u0448\u0435\u043d\u044b \u043c\u043d\u043e\u0433\u043e\u0447\u0438\u0441\u043b\u0435\u043d\u043d\u044b\u0435 \u0437\u0430\u0434\u0430\u0447\u0438.<\/li>\n<li>\u0420\u0430\u0437\u0440\u0430\u0431\u043e\u0442\u0430\u043d\u0430 \u044d\u0444\u0444\u0435\u043a\u0442\u0438\u0432\u043d\u0430\u044f \u0442\u0435\u043e\u0440\u0438\u044f \u0443\u0441\u0442\u043e\u0439\u0447\u0438\u0432\u043e\u0441\u0442\u0438 \u043f\u0440\u0438 \u0441\u043b\u043e\u0436\u043d\u043e\u043c \u043d\u0430\u0433\u0440\u0443\u0436\u0435\u043d\u0438\u0438. \u0420\u0435\u0448\u0435\u043d\u044b \u043a\u043e\u043d\u043a\u0440\u0435\u0442\u043d\u044b\u0435 \u0437\u0430\u0434\u0430\u0447\u0438.<\/li>\n<li style=\"text-align: justify;\">\u041f\u043e\u0441\u0442\u0440\u043e\u0435\u043d\u0430 \u043c\u0435\u0442\u043e\u0434\u0438\u043a\u0430 \u0440\u0430\u0441\u0447\u0435\u0442\u0430 \u043d\u0430 \u0443\u0441\u0442\u043e\u0439\u0447\u0438\u0432\u043e\u0441\u0442\u044c \u0438 \u043a\u043e\u043b\u0435\u0431\u0430\u043d\u0438\u0435 \u043e\u0440\u0442\u043e\u0442\u0440\u043e\u043f\u043d\u043e \u043d\u0435\u043e\u0434\u043d\u043e\u0440\u043e\u0434\u043d\u044b\u0445 \u043f\u043b\u0430\u0441\u0442\u0438\u043d \u0438 \u043e\u0431\u043e\u043b\u043e\u0447\u0435\u043a \u0441 \u0443\u0447\u0435\u0442\u043e\u043c \u0432\u043b\u0438\u044f\u043d\u0438\u044f \u0440\u0430\u0437\u043b\u0438\u0447\u043d\u044b\u0445 \u0432\u0438\u0434\u043e\u0432 \u043e\u0441\u043d\u043e\u0432\u0430\u043d\u0438\u044f.<\/li>\n<li style=\"text-align: justify;\">\u041f\u043e\u0441\u0442\u0440\u043e\u0435\u043d \u043c\u0435\u0442\u043e\u0434 \u0440\u0435\u0448\u0435\u043d\u0438\u044f \u043f\u043b\u043e\u0441\u043a\u0438\u0445 \u0431\u0440\u0443\u0441\u044c\u0435\u0432 \u0438 \u043a\u0440\u0443\u0433\u043e\u0432\u044b\u0445 \u043c\u0435\u043c\u0431\u0440\u0430\u043d \u043f\u0440\u0438 \u0443\u0441\u043b\u043e\u0432\u0438\u0438 \u0431\u043e\u043b\u044c\u0448\u0438\u0445 \u0434\u0435\u0444\u043e\u0440\u043c\u0430\u0446\u0438\u0439. \u041f\u0440\u0435\u0434\u043f\u043e\u043b\u0430\u0433\u0430\u0435\u043c\u044b\u0439 \u043a\u043e\u043d\u0442\u0443\u0440 \u044f\u0432\u043b\u044f\u0435\u0442\u0441\u044f \u0437\u0430\u043c\u043a\u043d\u0443\u0442\u044b\u043c \u043f\u0440\u043e\u0444\u0438\u043b\u0435\u043c, \u043e\u0431\u043b\u0430\u0434\u0430\u044e\u0449\u0438\u043c \u0430\u0431\u0441\u043e\u043b\u044e\u0442\u043d\u043e\u0439 \u0433\u0438\u0431\u043a\u043e\u0441\u0442\u044c\u044e. \u0412 \u0440\u044f\u0434\u0435 \u0441\u043b\u0443\u0447\u0430\u0435\u0432 \u043f\u0440\u0438 \u043e\u043f\u0440\u0435\u0434\u0435\u043b\u0435\u043d\u043d\u044b\u0445 \u0443\u0441\u043b\u043e\u0432\u0438\u044f\u0445 \u043f\u043e\u043b\u0443\u0447\u0435\u043d\u044b \u0430\u043d\u0430\u043b\u0438\u0442\u0438\u0447\u0435\u0441\u043a\u0438\u0435 \u0443\u0440\u0430\u0432\u043d\u0435\u043d\u0438\u044f \u0432 \u043f\u0430\u0440\u0430\u043c\u0435\u0442\u0440\u0438\u0447\u0435\u0441\u043a\u043e\u0439 \u0444\u043e\u0440\u043c\u0435.<\/li>\n<li style=\"text-align: justify;\">\u0420\u0430\u0437\u0440\u0430\u0431\u043e\u0442\u0430\u043d \u043c\u0435\u0442\u043e\u0434 \u0440\u0435\u0448\u0435\u043d\u0438\u0439 \u043d\u0430 \u043e\u0441\u043d\u043e\u0432\u0435 \u0442\u0435\u043e\u0440\u0438\u0438 \u0441\u043f\u043b\u043e\u0448\u043d\u043e\u0439 \u0441\u0440\u0435\u0434\u044b. \u0412 \u0447\u0430\u0441\u0442\u043d\u043e\u0441\u0442\u0438 \u0440\u0435\u0448\u0435\u043d\u044b \u0432\u0430\u0436\u043d\u044b\u0435 \u0437\u0430\u0434\u0430\u0447\u0438, \u043e\u0442\u043d\u043e\u0441\u044f\u0449\u0438\u0435\u0441\u044f \u0443\u0441\u0442\u043e\u0439\u0447\u0438\u0432\u043e\u0441\u0442\u0438 \u043a\u043e\u043b\u0435\u0431\u0430\u043d\u0438\u044f \u0441\u0442\u0435\u0440\u0436\u043d\u0435\u0439, \u043f\u043b\u0430\u0441\u0442\u0438\u043d \u0438 \u043e\u0431\u043e\u043b\u043e\u0447\u0435\u043a, \u0438\u0437\u0433\u043e\u0442\u043e\u0432\u043b\u0435\u043d\u043d\u044b\u0445 \u0438\u0437 \u0432\u044f\u0437\u043a\u043e\u0443\u043f\u0440\u0443\u0433\u0438\u0445 \u043c\u0430\u0442\u0435\u0440\u0438\u0430\u043b\u043e\u0432. \u041e\u0431\u043e\u0431\u0449\u0435\u043d\u044b \u043c\u0435\u0442\u043e\u0434\u044b \u0434\u0438\u0432\u0435\u0440\u0433\u0435\u043d\u0446\u0438\u0438.<\/li>\n<li style=\"text-align: justify;\">\u041f\u043e\u0441\u0442\u0440\u043e\u0435\u043d\u0430 \u0442\u0435\u043e\u0440\u0438\u044f \u043a\u043e\u043c\u043f\u043e\u0437\u0438\u0442\u043d\u044b\u0445 \u043f\u043b\u0430\u0441\u0442\u0438\u0447\u0435\u0441\u043a\u0438\u0445 \u043f\u043b\u0430\u0441\u0442\u0438\u043d \u0438 \u043e\u0431\u043e\u043b\u043e\u0447\u0435\u043a. \u041f\u043e\u0434\u0440\u043e\u0431\u043d\u043e \u0438\u0441\u0441\u043b\u0435\u0434\u043e\u0432\u0430\u043d\u044b \u0437\u0430\u0434\u0430\u0447\u0438 \u043e\u043f\u0442\u0438\u043c\u0438\u0437\u0430\u0446\u0438\u0438 \u0434\u043b\u044f \u043a\u0440\u0443\u0433\u043e\u0432\u044b\u0445 \u0438 \u043a\u043e\u043b\u044c\u0446\u0435\u0432\u044b\u0445 \u043f\u043b\u0430\u0441\u0442\u0438\u043d.<\/li>\n<li>\u0418cc\u0441\u043b\u0435\u0434\u043e\u0432\u0430\u043d\u0438\u0435 \u043f\u0440\u043e\u0446\u0435\u0441\u0441\u0430 \u0440\u0430\u0441\u043f\u0440\u043e\u0441\u0442\u0440\u0430\u043d\u0435\u043d\u0438\u044f \u043d\u0435\u0441\u0442\u0430\u0446\u0438\u043e\u043d\u0430\u0440\u043d\u044b\u0445 \u0432\u043e\u043b\u043d \u0432 \u043f\u0440\u044f\u043c\u043e\u0443\u0433\u043e\u043b\u044c\u043d\u044b\u0445 \u043f\u0440\u0438\u0437\u043c\u0430\u0445 \u0438 \u0446\u0438\u043b\u0438\u043d\u0434\u0440\u0430\u0445.<\/li>\n<\/ul>\n<p>&nbsp;<\/td>\n<\/tr>\n<tr>\n<td><\/td>\n<td><\/td>\n<\/tr>\n<tr>\n<td valign=\"top\"><strong>\u041b\u0438\u0442\u0435\u0440\u0430\u0442\u0443\u0440\u0430:<\/strong><\/td>\n<td>\n<ol>\n<li>\u0412.\u0414. \u0413\u0430\u0434\u0436\u0438\u0435\u0432. \u041d\u0435\u043a\u043e\u0442\u043e\u0440\u044b\u0435 \u0437\u0430\u0434\u0430\u0447\u0438 \u0443\u0441\u0442\u043e\u0439\u0447\u0438\u0432\u043e\u0441\u0442\u0438 \u043f\u043b\u0430\u0441\u0442\u0438\u043d \u0438 \u043e\u0431\u043e\u043b\u043e\u0447\u0435\u043a \u043f\u0440\u0438 \u043d\u0430\u043b\u0438\u0447\u0438\u0438 \u043d\u0430\u0447\u0430\u043b\u044c\u043d\u044b\u0445 \u043d\u0430\u043f\u0440\u044f\u0436\u0435\u043d\u0438\u0439. \u0422\u0440\u0443\u0434\u044b XIV \u0432\u0441\u0435\u0441\u043e\u044e\u0437\u043d\u043e\u0439 \u043a\u043e\u043d\u0444. \u043f\u043e \u0442\u0435\u043e\u0440\u0438\u0438 \u043e\u0431\u043e\u043b\u043e\u0447\u0435\u043a \u0438 \u043f\u043b\u0430\u0441\u0442\u0438\u043d. \u041c. \u041d\u0430\u0443\u043a\u0430, 1966.<\/li>\n<li>\u0412.\u0414. \u0413\u0430\u0434\u0436\u0438\u0435\u0432. \u0412\u043b\u0438\u044f\u043d\u0438\u0435 \u0438\u0441\u0442\u043e\u0440\u0438\u0438 \u043d\u0430\u0433\u0440\u0443\u0436\u0435\u043d\u0438\u044f \u043d\u0430 \u0443\u0441\u0442\u043e\u0439\u0447\u0438\u0432\u043e\u0441\u0442\u044c \u0438 \u0437\u0430\u043a\u0440\u0438\u0442\u0438\u0447\u0435\u0441\u043a\u043e\u0435 \u043f\u043e\u0432\u0435\u0434\u0435\u043d\u0438\u0435 \u044d\u043b\u0435\u043c\u0435\u043d\u0442\u043e\u0432 \u043a\u043e\u043d\u0441\u0442\u0440\u0443\u043a\u0446\u0438\u0438. \u0412\u0441\u0435\u0441\u043e\u044e\u0437. \u0421\u0438\u0442\u0440\u043e\u0437. \u00ab \u0423\u0441\u0442\u043e\u0439\u0447\u0438\u0432\u043e\u0441\u0442\u044c \u0432 \u043c\u0435\u0445\u0430\u043d\u0438\u043a\u0435 \u0434\u0435\u0444\u043e\u0440\u043c. \u0422\u0432\u0435\u0440\u0434\u043e\u0433\u043e \u0442\u0435\u043b\u0430\u00bb, \u041a\u0430\u043b\u0438\u043d\u0438\u043d, 1986.<\/li>\n<li>\u0412.\u0414. \u0413\u0430\u0434\u0436\u0438\u0435\u0432. \u041e\u0431 \u0443\u0441\u0442\u043e\u0439\u0447\u0438\u0432\u043e\u0441\u0442\u0438 \u0438 \u043a\u043e\u043b\u0435\u0431\u0430\u043d\u0438\u0438 \u0433\u0438\u0431\u043a\u0438\u0445 \u043d\u0435\u043e\u0434\u043d\u043e\u0440\u043e\u0434\u043d\u044b\u0445 \u043f\u043b\u0430\u0441\u0442\u0438\u043d \u0438 \u043e\u0431\u043e\u043b\u043e\u0447\u0435\u043a. \u0412\u041a\u041d. \u00ab\u0422\u0440\u0443\u0434\u044b XV \u0412\u041a \u043f\u043e \u0442\u0435\u043e\u0440\u0438\u0438 \u043f\u043b\u0430\u0441\u0442\u0438\u043d \u0438 \u043e\u0431\u043e\u043b\u043e\u0447\u0435\u043a \u00bb, \u041a\u0430\u0437\u0430\u043d, 1989.<\/li>\n<li>V.D. Haciyev. On stability of the non homogeneous elastic plastic plate under redial compression. Processediss of the Baku international congres. E.E.E. Baku. 2002.<\/li>\n<li>V.D. Haciyev. Stability of continuously nonhomogencos orthotropic rectangular plate under in plane compressions. International symposium on engineering and architectural sciences of Balkan, Caucasus and Turkic Republics. 2009 Turkey, p.74.<\/li>\n<li>\u0412.\u0414. \u0413\u0430\u0434\u0436\u0438\u0435\u0432, \u0413.\u041c. \u0413\u0430\u0441\u044b\u043c\u043e\u0432. \u041e \u043f\u043e\u0442\u0435\u0440\u0438 \u0443\u0441\u0442\u043e\u0439\u0447\u0438\u0432\u043e\u0441\u0442\u0438 \u0438 \u0441\u043e\u0431\u0441\u0442\u0432\u0435\u043d\u043d\u043e\u0439 \u043a\u043e\u043b\u0435\u0431\u0430\u043d\u0438\u0438 \u043d\u0435\u043e\u0434\u043d\u043e\u0440\u043e\u0434\u043d\u043e\u0439 \u0446\u0438\u043b\u0438\u043d\u0434\u0440\u0438\u0447\u0435\u0441\u043a\u043e\u0439 \u043e\u0431\u043e\u043b\u043e\u0447\u043a\u0438 \u043a\u0440\u0443\u0433\u043e\u0432\u043e\u0433\u043e \u043f\u043e\u043f\u0435\u0440\u0435\u0447\u043d\u043e\u0439 \u0441\u0435\u0447\u0435\u043d\u0438\u044f. \u0418\u0437\u0432\u0435\u0441\u0442\u0438\u044f \u041d\u0410\u041d\u0410, 2011,\u0422\u21161.<\/li>\n<li>\u0418.\u0421. \u041c\u0430\u043c\u0435\u0434\u043e\u0432. \u041d\u0430\u043f\u0440\u044f\u0436\u0435\u043d\u043d\u043e\u0435 \u0441\u043e\u0441\u0442\u043e\u044f\u043d\u0438\u0435 \u043a\u043e\u043b\u044c\u0446\u0435\u043e\u0431\u0440\u0430\u0437\u043d\u043e\u0439 \u043c\u0435\u043c\u0431\u0440\u0430\u043d\u044b \u043f\u0440\u0438 \u0431\u043e\u043b\u044c\u0448\u0438\u0445 \u0434\u0435\u0444\u043e\u0440\u043c\u0430\u0446\u0438\u044f\u0445. \u0418\u043d\u0436. \u0436\u0443\u0440\u043d. \u0424\u041d \u0421\u0421\u0421\u0420, 1969, \u0415.5, \u0432\u044b\u043f.5, \u0441. 927-935.<\/li>\n<li>\u0422.\u042e. \u0417\u0435\u0439\u043d\u0430\u043b\u043e\u0432\u0430., \u0428\u0435\u0441\u0442\u0435\u0440\u0438\u043a\u043e\u0432 \u0421.\u0410., \u041c\u0430\u043b\u0438\u043d\u0438\u043d \u041d.\u0418. G\u0440\u0438\u043b\u043e\u0436\u0435\u043d\u0438\u044f \u0442\u0435\u043e\u0440\u0438\u0438 \u0443\u0441\u0442\u043e\u0439\u0447\u0438\u0432\u043e\u0441\u0442\u0438 \u043f\u0440\u0438 \u043f\u043e\u043b\u0437\u0443\u0447\u0435\u0441\u0442\u0438 \u043a \u043f\u043e\u043b\u0438\u043c\u0435\u0440\u043d\u044b\u043c \u043c\u0430\u0442\u0435\u0440\u0438\u0430\u043b\u0430\u043c. \u0418\u0437\u0434\u0430\u0442\u0435\u043b\u044c\u0441\u0442\u0432\u043e \u00ab\u0417\u0438\u043d\u0430\u0442\u0438\u0435\u00bb \u0410\u041d \u041b\u0430\u0442\u0432. \u0421\u0421\u0420 \u00ab\u041c\u0435\u0445\u0430\u043d\u0438\u043a\u0430 \u043f\u043e\u043b\u0438\u043c\u0435\u0440\u043e\u0432\u00bb \u21161, 1972 \u0433. \u0441. 98-104.<\/li>\n<li>X.\u0130.Musayev Yat\u0131q \u00f6rt\u00fckl\u0259rd\u0259 sistem t\u0259nliyin h\u0259lli \u00fcsulu. Elmi \u0259s\u0259rl\u0259r. Fundamental \u0259s\u0259rl\u0259r. Texniki Universitet. 2013, \u21161, s\u0259h.87-89.<\/li>\n<li>V.D. Haciyev. Effect of the two-parameter elastic foundation on the critical parameters of nonhomeceneous orthotropic shells. International journal of structural stability and Dynamics. Vol.12. N: 5 (2012), 1250041 (24) pages.<\/li>\n<\/ol>\n<\/td>\n<\/tr>\n<\/tbody>\n<\/table>\n","protected":false},"excerpt":{"rendered":"<p>\u0420\u0443\u043a\u043e\u0432\u043e\u0434\u0438\u0442\u0435\u043b\u044c \u043e\u0442\u0434\u0435\u043b\u0430: \u0412\u0430\u0433\u0438\u0444 \u0414\u0436\u0430\u043c\u0430\u043b \u043e\u0433\u043b\u044b \u0413\u0430\u0434\u0436\u0438\u0435\u0432 \u0434\u043e\u043a\u0442\u043e\u0440 \u0444\u0438\u0437\u0438\u043a\u043e-\u043c\u0430\u0442\u0435\u043c\u0430\u0442\u0438\u0447\u0435\u0441\u043a\u0438\u0445 \u043d\u0430\u0443\u043a, \u043f\u0440\u043e\u0444\u0435\u0441\u0441\u043e\u0440 \u0422\u0435\u043b.: 323-89-33 E-mail: vagif.haciyev@imm.az,\u00a0shnikav@gmail.com \u041a\u043e\u043b\u0438\u0447\u0435\u0441\u0442\u0432\u043e \u0441\u043e\u0442\u0440\u0443\u0434\u043d\u0438\u043a\u043e\u0432: 10 \u041e\u0441\u043d\u043e\u0432\u043d\u043e\u0435 \u043d\u0430\u0443\u0447\u043d\u043e\u0435 \u043d\u0430\u043f\u0440\u0430\u0432\u043b\u0435\u043d\u0438\u0435 \u043e\u0442\u0434\u0435\u043b\u0430: \u041e\u0441\u043d\u043e\u0432\u043d\u044b\u0435 \u043d\u0430\u0443\u0447\u043d\u044b\u0435 \u043d\u0430\u043f\u0440\u0430\u0432\u043b\u0435\u043d\u0438\u044f \u043e\u0442\u0434\u0435\u043b\u0430 \u0441\u0432\u044f\u0437\u0430\u043d\u044b \u0441 \u0442\u0435\u043e\u0440\u0438\u0435\u0439 \u043f\u0440\u043e\u0447\u043d\u043e\u0441\u0442\u0438, \u043a\u043e\u043b\u0435\u0431\u0430\u043d\u0438\u044f \u0438 \u0443\u0441\u0442\u043e\u0439\u0447\u0438\u0432\u043e\u0441\u0442\u0438 \u0442\u043e\u043d\u043a\u043e\u0441\u0442\u0435\u043d\u043d\u044b\u0445 \u043f\u043b\u0430\u0441\u0442\u0438\u043d, \u043e\u0431\u043e\u043b\u043e\u0447\u0435\u043a, \u043c\u0435\u043c\u0431\u0440\u0430\u043d \u043f\u0440\u0438 \u0431\u043e\u043b\u044c\u0448\u0438\u0445 \u0434\u0435\u0444\u043e\u0440\u043c\u0430\u0446\u0438\u044f\u0445. \u041e\u0441\u043d\u043e\u0432\u043d\u043e\u0439 \u043f\u0440\u0438\u0447\u0438\u043d\u043e\u0439 \u0443\u043a\u0430\u0437\u0430\u043d\u043d\u044b\u0445 \u043d\u0430\u043f\u0440\u0430\u0432\u043b\u0435\u043d\u0438\u0439 \u044f\u0432\u043b\u044f\u0435\u0442\u0441\u044f \u0442\u043e, \u0447\u0442\u043e \u044d\u0442\u0438 \u043a\u043e\u043d\u0441\u0442\u0440\u0443\u043a\u0446\u0438\u0438 \u0434\u043e\u0432\u043e\u043b\u044c\u043d\u043e \u0448\u0438\u0440\u043e\u043a\u043e \u0438\u0441\u043f\u043e\u043b\u044c\u0437\u0443\u044e\u0442\u0441\u044f \u0432 \u0441\u043e\u0432\u0440\u0435\u043c\u0435\u043d\u043d\u043e\u043c \u043c\u0430\u0448\u0438\u043d\u043e\u0441\u0442\u0440\u043e\u0435\u043d\u0438\u0438 \u043f\u0440\u0438 [&hellip;]<\/p>\n","protected":false},"author":6,"featured_media":0,"parent":1915,"menu_order":0,"comment_status":"open","ping_status":"open","template":"","meta":{"footnotes":""},"_links":{"self":[{"href":"https:\/\/www.imm.az\/exp\/wp-json\/wp\/v2\/pages\/1952"}],"collection":[{"href":"https:\/\/www.imm.az\/exp\/wp-json\/wp\/v2\/pages"}],"about":[{"href":"https:\/\/www.imm.az\/exp\/wp-json\/wp\/v2\/types\/page"}],"author":[{"embeddable":true,"href":"https:\/\/www.imm.az\/exp\/wp-json\/wp\/v2\/users\/6"}],"replies":[{"embeddable":true,"href":"https:\/\/www.imm.az\/exp\/wp-json\/wp\/v2\/comments?post=1952"}],"version-history":[{"count":5,"href":"https:\/\/www.imm.az\/exp\/wp-json\/wp\/v2\/pages\/1952\/revisions"}],"predecessor-version":[{"id":23987,"href":"https:\/\/www.imm.az\/exp\/wp-json\/wp\/v2\/pages\/1952\/revisions\/23987"}],"up":[{"embeddable":true,"href":"https:\/\/www.imm.az\/exp\/wp-json\/wp\/v2\/pages\/1915"}],"wp:attachment":[{"href":"https:\/\/www.imm.az\/exp\/wp-json\/wp\/v2\/media?parent=1952"}],"curies":[{"name":"wp","href":"https:\/\/api.w.org\/{rel}","templated":true}]}}