{"id":1976,"date":"2014-05-15T12:57:57","date_gmt":"2014-05-15T07:57:57","guid":{"rendered":"http:\/\/www.imm.az\/exp\/?page_id=1976"},"modified":"2016-11-24T11:15:01","modified_gmt":"2016-11-24T07:15:01","slug":"department-of-applied-mathematics","status":"publish","type":"page","link":"https:\/\/www.imm.az\/exp\/departments\/department-of-applied-mathematics\/","title":{"rendered":"Department of &#8220;Applied mathematics&#8221;"},"content":{"rendered":"<p><img loading=\"lazy\" decoding=\"async\" class=\"alignleft size-full wp-image-3874\" src=\"https:\/\/www.imm.az\/exp\/wp-content\/uploads\/2014\/02\/Tetbiqi_riyaziyyat.jpg\" alt=\"Tetbiqi_riyaziyyat\" width=\"600\" height=\"400\" srcset=\"https:\/\/www.imm.az\/exp\/wp-content\/uploads\/2014\/02\/Tetbiqi_riyaziyyat.jpg 600w, https:\/\/www.imm.az\/exp\/wp-content\/uploads\/2014\/02\/Tetbiqi_riyaziyyat-300x200.jpg 300w\" sizes=\"(max-width: 600px) 100vw, 600px\" \/><\/p>\n<table style=\"border: none;\" border=\"0\" width=\"100%\" cellspacing=\"0\" cellpadding=\"0\">\n<tbody>\n<tr>\n<td valign=\"top\" width=\"193\"><strong>Head of the department:<\/strong><\/td>\n<td>Gabil Garibkhan oglu Aliyev<br \/>\nDoctor of physico-mathematical sciences, professor<\/td>\n<\/tr>\n<tr>\n<td valign=\"top\"><\/td>\n<td><\/td>\n<\/tr>\n<tr>\n<td valign=\"top\"><strong>Tel:<\/strong><\/td>\n<td>(012) 594-61-73<\/td>\n<\/tr>\n<tr>\n<td valign=\"top\"><strong>E-mail:<\/strong><\/td>\n<td><a href=\"mailto:gabil_aliyev@yahoo.com\">gabil_aliyev@yahoo.com<\/a><\/td>\n<\/tr>\n<tr>\n<td valign=\"top\"><strong>Number of employees:<\/strong><\/td>\n<td>5<\/td>\n<\/tr>\n<tr>\n<td valign=\"top\"><\/td>\n<td><\/td>\n<\/tr>\n<tr>\n<td valign=\"top\"><strong>The basic scientific direction of the department:<\/strong><\/td>\n<td align=\"justify\">Investigation of wave propagation process in deformable solids. Impact and failure problems. Elaboration of new solution methods.<\/td>\n<\/tr>\n<tr>\n<td valign=\"top\"><\/td>\n<td><\/td>\n<\/tr>\n<tr>\n<td valign=\"top\"><strong>The obtained basic scientific results:- At medical diagnostics, choice of the poisoning degree estimation, and choice of the algorithm of treatment on the basis of statistical model.\u00a0<\/strong><\/td>\n<td align=\"justify\"><span style=\"text-decoration: underline;\">On the first problem<\/span>, a mechanism of interaction forces between the structural elements of the composite, that allows to reveal new mechanical effects in composite materials was shown. Refined basic conjectures of the mechanics of rein forced bodies and composite materials were suggested. On their base, the theory of strength, stability and vibration of multi-layer reinforced thick-shelled pipes and thin-walled shells were created. The scientific-engineering problem: theoretical bases of design of flexible non-metallic pipes on the base of fibrons structures and their application was worked out on this basis.<br \/>\nOn the first problem there were published 100 scientific works, among them 7 monographs (6 of them abroad); 17 international patents in 8 leading countries (USA, England, France, Germany, Italy, Sveden, Japan, India), and also 30 certificates of authorship.<br \/>\n<span style=\"text-decoration: underline;\">On the second problem<\/span>, theory of strength of laminated and reinforced structures made of polymer materials with regard to changeability of physico-chemical properties, was developed.\u00a0 An experimental-theoretical method on definition of physical-mechanical properties of polymers composite materials and also polymerized bundles made of fibres with regard to change of physico-chemical properties of the material is suggested. On this basis, Hooke\u2019s generalized law with regard to changeability of physico-chemical properties of a polymeric material was suggested; a criterion on adhesive strength of laminated and sandwich-reinforced pipes with regard to physico-chemical changeability of the constructions layers, is suggested; a stability criterion of one-dimensional structural elements with regard to swelling effects of materials is suggested. New mechanical effects have been revealed: changeability of mass force of a polymer material with regard to swelling effect of the material; bulging of bars under the action of only swelling effect of the material; mechanical effect-the dependence of joint deformability of some polymer materials on the character of layers swelling was established experimentally and theoretically.<br \/>\nOn the second problem there published 4 monographs (2 of them in the USA and Turkey); 15 papers includinq 5, abroad (2 in the USA, 1 in Russia, 2 in Turkey).<br \/>\n<span style=\"text-decoration: underline;\">On the third problem<\/span>, mechanism of change of electromagnetic properties in chemically changing media was studied. Mathematical dependence of electromagnetic characteristics\u00a0 (\u03b5, \u03bc, \u03bb) on the character of chemical changeability of two- component liquid was established. Maxwells generalized eduation, i.e. the equation of electromagnetic waves propagation in chemically changeable media was suggested.<br \/>\nOn the third problem there were published 2 papers, one of them in Turkey.<\/p>\n<p>At medical diagnostics, choice of the poisoning degree estimation, and choice of the algorithm of treatment on the basis of statistical model.<\/td>\n<\/tr>\n<tr>\n<td><\/td>\n<td><\/td>\n<\/tr>\n<tr>\n<td valign=\"top\"><strong>Publication on the themes:<\/strong><\/td>\n<td align=\"justify\"><strong>1.\u0410\u043b\u0438\u0435\u0432 \u0413.\u0413.\u00a0<\/strong><em>\u041e\u0441\u043d\u043e\u0432\u044b \u043c\u0435\u0445\u0430\u043d\u0438\u043a\u0438 \u0430\u0440\u043c\u0438\u0440\u043e\u0432\u0430\u043d\u043d\u044b\u0445 \u0433\u0438\u0431\u043a\u0438\u0445 \u0442\u0440\u0443\u0431,<\/em>\u00a0\u041c\u043e\u043d\u043e\u0433\u0440\u0430\u0444\u0438\u044f. \u0418\u0437\u0434. \u00ab\u042d\u043b\u043c\u00bb \u0410\u041d \u0410\u0437\u0435\u0440\u0431. \u0421\u0421\u0420, \u0411\u0430\u043a\u0443, 1987\u0433, 263 \u0441.<br \/>\n<strong>2. Aliyev<\/strong>\u00a0<strong>G.G.<\/strong>\u00a0<em>Polimer ve Kompozit Malzemelerin Diren\u00e7lerinin Fiziko-Kimyasal \u00d6zellikleriyle De\u011fi\u015fimi Teorisi.<\/em>\u00a0Monoqrafiya. Milli E\u011fitim Bakanl\u0131\u011f\u0131 Yay\u0131nlar\u0131:2963, \u201cBilim ve K\u00fclt\u00fcr Eserleri Dizisi:871\u201d, E\u011fitim Dizisi \u21165, \u0130SBN 975.11.1046-7, \u0130stanbul, 1995, 119s.<br \/>\n<strong>3.\u00a0<\/strong><strong>Aliyev G.G<\/strong>.\u00a0<em>Kompozit Maddeler Mekani\u011finin Matematik Temelleri.<\/em>\u00a0Monoqrafiya. N\u00dc Fen-Edebiyat Fak\u00fcltesi Yay\u0131nlar\u0131 \u21162, Matematik B\u00f6l\u00fcm\u00fc Yay\u0131nlar\u0131, \u21162, \u0130SBN 975.8062-03-4, \u0130stanbul, 1998, 563s.<br \/>\n<strong>4.\u00a0<\/strong><strong>Gabil G. Aliyev.\u00a0<\/strong><em>Experimental-Theoretical Metod for Defining Physical-Mechanical Properties of Polymer Materials with Regard to Change of Their Phisical-Chemical Properties.\u00a0<\/em>USA, International Journal of Chemoinformatics and Chemical Engineering (IJCCE), 2(1), Lanuary-June, 12-24, 2012.<br \/>\n<strong>5.<\/strong>\u00a0<strong>Gabil G. Aliyev.\u00a0<\/strong><em>Physical-Mechanical Model of Fibrous Polymerized Bar Deformation at the Neck Zone.<\/em>USA, International Journal of Chemoinformatics and Chemical Engineering (IJCCE), 3(1), Lanuary-June, 37-45, 2013.<br \/>\n<strong>6. Gabil G. Aliyev, Faik B. Naqiyev.\u00a0<\/strong><em>Engineering Mechanics of Polymeric Materials.<\/em><strong>\u00a0<\/strong>Monoqraph. USA, CPC Press, Taylor and Frencis Group. ISBN hard: 978-1-926895-55-0. Cat # \u211610868, 402 p., 2013.<br \/>\n<strong>7. \u0413<\/strong><strong>.\u0413.\u0410\u043b\u0438\u0435\u0432.\u00a0<\/strong><em>\u041e\u0441\u043d\u043e\u0432\u044b \u043c\u0435\u0445\u0430\u043d\u0438\u043a\u0438 \u043f\u043e\u043b\u0438\u043c\u0435\u0440\u043d\u044b\u0445 \u0438 \u043a\u043e\u043c\u043f\u043e\u0437\u0438\u0446\u0438\u043e\u043d\u043d\u044b\u0445 \u043c\u0430\u0442\u0435\u0440\u0438\u0430\u043b\u043e\u0432 \u0441 \u0443\u0447\u0435\u0442\u043e\u043c \u0438\u0437\u043c\u0435\u043d\u0435\u043d\u0438\u044f \u0444\u0438\u0437\u0438\u043a\u043e-\u0445\u0438\u043c\u0438\u0447\u0435\u0441\u043a\u0438\u0445 \u0441\u0432\u043e\u0439\u0441\u0442\u0432.\u00a0<\/em>\u041c\u043e\u043d\u043e\u0433\u0440\u0430\u0444\u0438\u044f. \u0418\u0437\u0434. \u00ab\u042d\u043b\u043c\u00bb \u041d\u0410\u041d\u0410,\u00a0 ISBN 978-9952-13-3, \u0433.\u0411\u0430\u043a\u0443, 2012 \u0433., 288 \u0441\u0442\u0440.<br \/>\n<strong>8. \u0410\u043b\u0438\u0435\u0432 \u0413.\u0413.<\/strong>\u00a0<em>\u0413\u0438\u0431\u043a\u0430\u044f \u0442\u0440\u0443\u0431\u0430 \u0438 \u0441\u043f\u043e\u0441\u043e\u0431 \u0435\u0435 \u0438\u0437\u0433\u043e\u0442\u043e\u0432\u043b\u0435\u043d\u0438\u044f.<\/em>\u00a0\u0422\u0440\u0443\u0434\u044b \u0430\u043a\u0430\u0434\u0435\u043c\u0438\u043a\u0430 \u0410.\u0410.\u0418\u043b\u044c\u044e\u0448\u0438\u043d\u0430, \u0442.4, \u0441\u0442\u0440. 244-251. \u0418\u0437\u0434. \u0420\u043e\u0441\u0441\u0438\u0439\u0441\u043a\u043e\u0439 \u0410\u043a\u0430\u0434\u0435\u043c\u0438\u0438 \u041d\u0430\u0443\u043a,\u00a0 \u0424\u0418\u0417\u041c\u0410\u0422\u041b\u0418\u0417, 2009\u0433.<br \/>\n<strong>9<\/strong><strong>. \u0410\u043b\u0438\u0435\u0432 \u0413.\u0413.<\/strong>\u00a0<em>\u041e\u0431 \u043e\u0434\u043d\u043e\u0439 \u043c\u0435\u0445\u0430\u043d\u0438\u0447\u0435\u0441\u043a\u043e\u0439 \u043c\u043e\u0434\u0435\u043b\u0438 \u0434\u0435\u0444\u043e\u0440\u043c\u0438\u0440\u043e\u0432\u0430\u043d\u0438\u044f \u0437\u0430\u043f\u043e\u043b\u0438\u043c\u0435\u0440\u0438\u0437\u043e\u0432\u0430\u043d\u043d\u043e\u0433\u043e \u043f\u0443\u0447\u043a\u0430 \u0438\u0437 \u0432\u043e\u043b\u043e\u043a\u043e\u043d \u0432 \u0437\u043e\u043d\u0435 \u0448\u0435\u0439\u043a\u0438.<\/em>\u00a0\u0422\u0440\u0443\u0434\u044b \u041c\u0435\u0436\u0434\u0443\u043d\u0430\u0440\u043e\u0434\u043d\u043e\u0433\u043e \u0421\u0438\u043c\u043f\u043e\u0437\u0438\u0443\u043c\u0430, \u041c\u0413\u0423 \u0438\u043c.\u041b\u043e\u043c\u043e\u043d\u043e\u0441\u043e\u0432\u0430, \u041c\u043e\u0441\u043a\u0432\u0430-2011, 291-295\u0441.<br \/>\n<strong>10. Aliyev Q.Q.<\/strong>\u00a0<em>Distribution of electromagnetic waves to chemically changing environments<\/em>. Azerbaijan national Academy of Sciences, Transactions issue mathematics and mechanics series of physical-technical and mathematical sciece, (X\u0259b\u0259rl\u0259r), \u21161, \u00abELM\u00bb, Baku-2008, 141-155pp.<strong><a href=\"http:\/\/www.imm.az\/Qabil_Aliyev-Engineering_Mechanics_of_Polymeric_Materials.pdf\">Below we represent the monograph of doctor of phys.-math. sci., prof. Aliyev G.G. published in the USA in 2013.<\/a><\/strong><\/td>\n<\/tr>\n<\/tbody>\n<\/table>\n","protected":false},"excerpt":{"rendered":"<p>Head of the department: Gabil Garibkhan oglu Aliyev Doctor of physico-mathematical sciences, professor Tel: (012) 594-61-73 E-mail: gabil_aliyev@yahoo.com Number of employees: 5 The basic scientific direction of the department: Investigation of wave propagation process in deformable solids. Impact and failure problems. Elaboration of new solution methods. The obtained basic scientific results:- At medical diagnostics, choice [&hellip;]<\/p>\n","protected":false},"author":6,"featured_media":0,"parent":1913,"menu_order":0,"comment_status":"open","ping_status":"open","template":"","meta":{"footnotes":""},"_links":{"self":[{"href":"https:\/\/www.imm.az\/exp\/wp-json\/wp\/v2\/pages\/1976"}],"collection":[{"href":"https:\/\/www.imm.az\/exp\/wp-json\/wp\/v2\/pages"}],"about":[{"href":"https:\/\/www.imm.az\/exp\/wp-json\/wp\/v2\/types\/page"}],"author":[{"embeddable":true,"href":"https:\/\/www.imm.az\/exp\/wp-json\/wp\/v2\/users\/6"}],"replies":[{"embeddable":true,"href":"https:\/\/www.imm.az\/exp\/wp-json\/wp\/v2\/comments?post=1976"}],"version-history":[{"count":3,"href":"https:\/\/www.imm.az\/exp\/wp-json\/wp\/v2\/pages\/1976\/revisions"}],"predecessor-version":[{"id":9614,"href":"https:\/\/www.imm.az\/exp\/wp-json\/wp\/v2\/pages\/1976\/revisions\/9614"}],"up":[{"embeddable":true,"href":"https:\/\/www.imm.az\/exp\/wp-json\/wp\/v2\/pages\/1913"}],"wp:attachment":[{"href":"https:\/\/www.imm.az\/exp\/wp-json\/wp\/v2\/media?parent=1976"}],"curies":[{"name":"wp","href":"https:\/\/api.w.org\/{rel}","templated":true}]}}