{"id":199,"date":"2014-02-09T08:44:49","date_gmt":"2014-02-09T08:44:49","guid":{"rendered":"http:\/\/centralbaku.com\/imm\/?page_id=199"},"modified":"2014-05-13T13:23:24","modified_gmt":"2014-05-13T08:23:24","slug":"tovsiyy%c9%99-edil%c9%99n-elmi-n%c9%99srl%c9%99r","status":"publish","type":"page","link":"https:\/\/www.imm.az\/exp\/dissertasiya-surasinin-t%c9%99rkibi\/tovsiyy%c9%99-edil%c9%99n-elmi-n%c9%99srl%c9%99r\/","title":{"rendered":"T\u00f6vsiyy\u0259 edil\u0259n elmi n\u0259\u015frl\u0259r"},"content":{"rendered":"<div>\n<table style=\"border:none; width=\"100%\" border=\"0\" cellspacing=\"0\" cellpadding=\"0\">\n<tbody>\n<tr>\n<td align=\"center\" valign=\"top\" width=\"31\">1<\/td>\n<td valign=\"top\" width=\"429\">AMEA-n\u0131n M\u0259ruz\u0259l\u0259ri<\/td>\n<td valign=\"top\" width=\"195\">AMEA<\/td>\n<\/tr>\n<tr>\n<td align=\"center\" valign=\"top\" width=\"31\">2<\/td>\n<td valign=\"top\" width=\"429\">AMEA-n\u0131n X\u0259b\u0259rl\u0259ri. Fizika-texnika v\u0259 riyaziyyat elml\u0259ri seriyas\u0131. Riyaziyyat v\u0259 mexanika\u00a0 burax\u0131l\u0131\u015f\u0131 (ingilis dilind\u0259)<\/td>\n<td valign=\"top\" width=\"195\">AMEA<\/td>\n<\/tr>\n<tr>\n<td align=\"center\" valign=\"top\" width=\"31\">3<\/td>\n<td valign=\"top\" width=\"429\">\n<p align=\"left\">Applied and Computational Mathematics (ingilis dilind\u0259)<\/p>\n<\/td>\n<td valign=\"top\" width=\"195\">\n<p align=\"left\">AMEA, Az\u0259rbaycan Respublikas\u0131 Rabit\u0259 v\u0259 \u0130nformasiya Texnologiyalar\u0131 Nazirliyi, Bak\u0131 D\u00f6vl\u0259t Universitetinin T\u0259tbiqi Riyaziyyat \u0130nstitutu<\/p>\n<\/td>\n<\/tr>\n<tr>\n<td align=\"center\" valign=\"top\" width=\"31\">4<\/td>\n<td valign=\"top\" width=\"429\">Bak\u0131 Universitetinin X\u0259b\u0259rl\u0259ri. Fizika-riyaziyyat elml\u0259ri seriyas\u0131<\/td>\n<td valign=\"top\" width=\"195\">Bak\u0131 D\u00f6vl\u0259t Universiteti<\/td>\n<\/tr>\n<tr>\n<td align=\"center\" valign=\"top\" width=\"31\">5<\/td>\n<td valign=\"top\" width=\"429\">AMEA Riyaziyyat v\u0259 Mexanika \u0130nstitutunun \u018fs\u0259rl\u0259ri (ingilis dilind\u0259)<\/td>\n<td valign=\"top\" width=\"195\">AMEA Riyaziyyat v\u0259 Mexanika \u0130nstitutu<\/td>\n<\/tr>\n<tr>\n<td align=\"center\" valign=\"top\" width=\"31\">6<\/td>\n<td valign=\"top\" width=\"429\">Az\u0259rbaycan M\u00fch\u0259ndislik Akademiyas\u0131n\u0131n X\u0259b\u0259rl\u0259ri<\/td>\n<td valign=\"top\" width=\"195\">\u201cAz\u0259rbaycan M\u00fch\u0259ndislik Akademiyas\u0131\u201d \u0130ctimai Birliyi<\/td>\n<\/tr>\n<tr>\n<td align=\"center\" valign=\"top\" width=\"31\">7<\/td>\n<td valign=\"top\" width=\"429\">Khazar Journal of Mathematics (ingilis dilind\u0259)<\/td>\n<td valign=\"top\" width=\"195\">X\u0259z\u0259r\u00a0 Universiteti<\/td>\n<\/tr>\n<tr>\n<td align=\"center\" valign=\"top\" width=\"31\">8<\/td>\n<td valign=\"top\" width=\"429\">Odlar Yurdu Universitetinin Elmi v\u0259 Pedaqoji X\u0259b\u0259rl\u0259ri<\/td>\n<td valign=\"top\" width=\"195\">Odlar Yurdu Universiteti<\/td>\n<\/tr>\n<tr>\n<td align=\"center\" valign=\"top\" width=\"31\">9<\/td>\n<td valign=\"top\" width=\"429\">Pedaqoji Universitet X\u0259b\u0259rl\u0259ri<\/td>\n<td valign=\"top\" width=\"195\">Az\u0259rbaycan D\u00f6vl\u0259t Pedaqoji Universiteti<\/td>\n<\/tr>\n<tr>\n<td align=\"center\" valign=\"top\" width=\"31\">10<\/td>\n<td valign=\"top\" width=\"429\">Nax\u00e7\u0131van D\u00f6vl\u0259t Universiteti. Elmi \u018fs\u0259rl\u0259r. Fizika-riyaziyyat v\u0259 texnika elml\u0259ri seriyas\u0131.<\/td>\n<td valign=\"top\" width=\"195\">Nax\u00e7\u0131van D\u00f6vl\u0259t<br \/>\nUniversiteti<\/td>\n<\/tr>\n<tr>\n<td align=\"center\" valign=\"top\" width=\"31\">11<\/td>\n<td valign=\"top\" width=\"429\">Journal of Qafqaz University. Mathematics and Informatics (riyaziyyat elml\u0259ri \u00fczr\u0259)<\/td>\n<td valign=\"top\" width=\"195\">Qafqaz Universiteti<\/td>\n<\/tr>\n<tr>\n<td align=\"center\" valign=\"top\" width=\"31\">12<\/td>\n<td valign=\"top\" width=\"429\">Elmi \u018fs\u0259rl\u0259r. Fundamental Elml\u0259r<\/td>\n<td valign=\"top\" width=\"195\">Az\u0259rbaycan Texniki Universiteti<\/td>\n<\/tr>\n<tr>\n<td align=\"center\" valign=\"top\" width=\"31\">13<\/td>\n<td valign=\"top\" width=\"429\">L\u0259nk\u0259ran D\u00f6vl\u0259t Universitetinin X\u0259b\u0259rl\u0259ri. Riyaziyyat v\u0259 t\u0259bi\u0259t elml\u0259ri seriyas\u0131 (riyaziyyat elml\u0259ri \u00fczr\u0259)<\/td>\n<td valign=\"top\" width=\"195\">L\u0259nk\u0259ran D\u00f6vl\u0259t<br \/>\nUniversiteti<\/td>\n<\/tr>\n<tr>\n<td align=\"center\" width=\"31\">14<\/td>\n<td width=\"429\">Azerbaijan Journal of Mathematics (ingilis dilind\u0259)<\/td>\n<td width=\"195\">Az\u0259rbaycan Riyaziyyat C\u0259miyy\u0259ti<\/td>\n<\/tr>\n<tr>\n<td align=\"center\" width=\"31\">15<\/td>\n<td width=\"429\">TWMS Journal of\u00a0 Pure and Applied Mathematics (ingilis dilind\u0259)<\/td>\n<td width=\"195\">T\u00fcrk D\u00fcnyas\u0131 Riyaziyyat C\u0259miyy\u0259ti<\/td>\n<\/tr>\n<tr>\n<td align=\"center\" valign=\"top\" width=\"31\">16<\/td>\n<td valign=\"top\" width=\"429\">G\u0259nc Aliml\u0259rin \u018fs\u0259rl\u0259ri<\/td>\n<td width=\"195\">AMEA G\u0259ncl\u0259rin \u0130ntellektual \u0130nki\u015faf M\u0259rk\u0259zi, Az\u0259rbaycan Respublikas\u0131 G\u0259ncl\u0259r v\u0259 \u0130dman Nazirliyi, Az\u0259rbaycan G\u0259nc Alim, Doktorant v\u0259 Magistrl\u0259r C\u0259miyy\u0259ti<\/td>\n<\/tr>\n<\/tbody>\n<\/table>\n<\/div>\n<p>&nbsp;<\/p>\n","protected":false},"excerpt":{"rendered":"","protected":false},"author":6,"featured_media":0,"parent":191,"menu_order":0,"comment_status":"open","ping_status":"open","template":"","meta":{"footnotes":""},"_links":{"self":[{"href":"https:\/\/www.imm.az\/exp\/wp-json\/wp\/v2\/pages\/199"}],"collection":[{"href":"https:\/\/www.imm.az\/exp\/wp-json\/wp\/v2\/pages"}],"about":[{"href":"https:\/\/www.imm.az\/exp\/wp-json\/wp\/v2\/types\/page"}],"author":[{"embeddable":true,"href":"https:\/\/www.imm.az\/exp\/wp-json\/wp\/v2\/users\/6"}],"replies":[{"embeddable":true,"href":"https:\/\/www.imm.az\/exp\/wp-json\/wp\/v2\/comments?post=199"}],"version-history":[{"count":3,"href":"https:\/\/www.imm.az\/exp\/wp-json\/wp\/v2\/pages\/199\/revisions"}],"predecessor-version":[{"id":1887,"href":"https:\/\/www.imm.az\/exp\/wp-json\/wp\/v2\/pages\/199\/revisions\/1887"}],"up":[{"embeddable":true,"href":"https:\/\/www.imm.az\/exp\/wp-json\/wp\/v2\/pages\/191"}],"wp:attachment":[{"href":"https:\/\/www.imm.az\/exp\/wp-json\/wp\/v2\/media?parent=199"}],"curies":[{"name":"wp","href":"https:\/\/api.w.org\/{rel}","templated":true}]}}