{"id":201,"date":"2014-02-09T08:45:10","date_gmt":"2014-02-09T04:45:10","guid":{"rendered":"http:\/\/centralbaku.com\/imm\/?page_id=201"},"modified":"2017-09-11T15:10:08","modified_gmt":"2017-09-11T11:10:08","slug":"%c9%99laq%c9%99","status":"publish","type":"page","link":"https:\/\/www.imm.az\/exp\/dissertasiya-surasinin-t%c9%99rkibi\/%c9%99laq%c9%99\/","title":{"rendered":"\u018flaq\u0259"},"content":{"rendered":"<div>\n<p><strong>\u00dcnvan:<\/strong>\u00a0AZ1141, Az\u0259rbaycan Respublikas\u0131, Bak\u0131 \u015f., B.Vahabzad\u0259 k\u00fc\u00e7., 9<\/p>\n<p><strong>Telefon:<\/strong>\u00a0(994 12) 5382444<\/p>\n<p><strong>Faks:<\/strong> (994 12) 5390102<\/p>\n<p><strong>E-mail: <\/strong>tamilla.hasanova@imm.az<strong>,\u00a0<\/strong>q.tamilla@gmail.com<\/p>\n<\/div>\n","protected":false},"excerpt":{"rendered":"<p>\u00dcnvan:\u00a0AZ1141, Az\u0259rbaycan Respublikas\u0131, Bak\u0131 \u015f., B.Vahabzad\u0259 k\u00fc\u00e7., 9 Telefon:\u00a0(994 12) 5382444 Faks: (994 12) 5390102 E-mail: tamilla.hasanova@imm.az,\u00a0q.tamilla@gmail.com<\/p>\n","protected":false},"author":6,"featured_media":0,"parent":191,"menu_order":0,"comment_status":"open","ping_status":"closed","template":"","meta":{"footnotes":""},"_links":{"self":[{"href":"https:\/\/www.imm.az\/exp\/wp-json\/wp\/v2\/pages\/201"}],"collection":[{"href":"https:\/\/www.imm.az\/exp\/wp-json\/wp\/v2\/pages"}],"about":[{"href":"https:\/\/www.imm.az\/exp\/wp-json\/wp\/v2\/types\/page"}],"author":[{"embeddable":true,"href":"https:\/\/www.imm.az\/exp\/wp-json\/wp\/v2\/users\/6"}],"replies":[{"embeddable":true,"href":"https:\/\/www.imm.az\/exp\/wp-json\/wp\/v2\/comments?post=201"}],"version-history":[{"count":8,"href":"https:\/\/www.imm.az\/exp\/wp-json\/wp\/v2\/pages\/201\/revisions"}],"predecessor-version":[{"id":14313,"href":"https:\/\/www.imm.az\/exp\/wp-json\/wp\/v2\/pages\/201\/revisions\/14313"}],"up":[{"embeddable":true,"href":"https:\/\/www.imm.az\/exp\/wp-json\/wp\/v2\/pages\/191"}],"wp:attachment":[{"href":"https:\/\/www.imm.az\/exp\/wp-json\/wp\/v2\/media?parent=201"}],"curies":[{"name":"wp","href":"https:\/\/api.w.org\/{rel}","templated":true}]}}