{"id":20201,"date":"2018-09-10T14:40:13","date_gmt":"2018-09-10T10:40:13","guid":{"rendered":"http:\/\/www.imm.az\/exp\/?page_id=20201"},"modified":"2018-12-11T12:38:51","modified_gmt":"2018-12-11T08:38:51","slug":"doktorantura","status":"publish","type":"page","link":"https:\/\/www.imm.az\/exp\/doktorantura\/","title":{"rendered":"Doktorantura"},"content":{"rendered":"<p style=\"text-align: justify;\">AMEA Riyaziyyat v\u0259 Mexanika \u0130nstitutu a\u015fa\u011f\u0131dak\u0131 ixtisaslar \u00fczr\u0259 doktorantura v\u0259 dissertantura yolu il\u0259 elmi kadrlar haz\u0131rlay\u0131r.<\/p>\n<p style=\"text-align: justify;\"><em><strong>Riyaziyyat \u00fczr\u0259<\/strong><\/em> ( <a href=\"http:\/\/www.imm.az\/news_files\/AMEA Riyaziyyat v\u0259 Mexanika \u0130nstitutunun doktoranturas\u0131na q\u0259bul \u00fc\u00e7\u00fcn riyaziyyat \u00fczr\u0259 proqram.pdf\" data-wplink-url-error=\"true\"><strong>Proqram \u0259lav\u0259 olunur<\/strong><\/a> ):<\/p>\n<p style=\"text-align: justify;\"><strong>1201.01- &#8220;C\u0259br&#8221;<\/strong><\/p>\n<p style=\"text-align: justify;\"><strong>1202.01 &#8211; &#8220;Analiz v\u0259 funksional analiz&#8221; <\/strong><\/p>\n<p style=\"text-align: justify;\"><strong>1211.01- &#8220;Diferensial t\u0259nlikl\u0259r&#8221;<\/strong><\/p>\n<p style=\"text-align: justify;\"><strong>1212.01- &#8220;Riyazi fizika t\u0259nlikl\u0259ri&#8221;<\/strong><\/p>\n<p style=\"text-align: justify;\"><strong>1214.01- &#8220;Dinamik sisteml\u0259r v\u0259 optimal idar\u0259etm\u0259&#8221;<\/strong><\/p>\n<p style=\"text-align: justify;\"><strong>3338.01- &#8220;Sistemli analiz, idar\u0259etm\u0259 v\u0259 informasiyan\u0131n i\u015fl\u0259nm\u0259si&#8221;<\/strong><\/p>\n<p style=\"text-align: justify;\"><strong><em>Mexanika \u00fczr\u0259<\/em> ( Proqram \u0259lav\u0259 olunur ): <\/strong><\/p>\n<p style=\"text-align: justify;\"><strong>2002.01-&#8220;Deformasiya olunan b\u0259rk cism mexanikas\u0131&#8221;<\/strong><\/p>\n<p style=\"text-align: justify;\"><strong>2003.01- &#8220;Maye,qaz v\u0259 plazma mexanikas\u0131&#8221;<\/strong><\/p>\n<p style=\"text-align: justify;\">Doktoranturaya f\u0259ls\u0259f\u0259 doktoru haz\u0131rl\u0131\u011f\u0131 \u00fczr\u0259 q\u0259bul qaydalar\u0131:<\/p>\n<p style=\"text-align: justify;\">\u018fyani doktoranturaya tam ali t\u0259hsilli (ali t\u0259hsil pill\u0259sinin magistratura pill\u0259sini bitir\u0259n, yaxud t\u0259hsili ona b\u0259rab\u0259r tutulan) Az\u0259rbaycan Respublikas\u0131n\u0131n v\u0259t\u0259nda\u015flar\u0131 m\u00fcsabiq\u0259 \u0259sas\u0131nda q\u0259bul olunurlar.<br \/>\nG\u0259nc m\u00fct\u0259x\u0259ssisl\u0259r ancaq ali t\u0259hsil m\u00fc\u0259ssis\u0259si (fak\u00fclt\u0259) Elmi \u015euras\u0131n\u0131n z\u0259man\u0259ti il\u0259 bilavasit\u0259 ali t\u0259hsil m\u00fc\u0259ssis\u0259sini (magistraturan\u0131) bitirdikd\u0259n sonra imtahanlarda i\u015ftirak etm\u0259y\u0259 burax\u0131l\u0131rlar.<\/p>\n<p style=\"text-align: justify;\">Doktoranturaya q\u0259bul \u00fc\u00e7\u00fcn a\u015fa\u011f\u0131dak\u0131 s\u0259n\u0259dl\u0259r t\u0259qdim edilir:<\/p>\n<p style=\"text-align: justify;\">&#8211; \u0259riz\u0259 (doktoranturan\u0131n f\u0259aliyy\u0259t g\u00f6st\u0259rdiyi m\u00fc\u0259ssis\u0259nin v\u0259 yaxud t\u0259\u015fkilat\u0131n<br \/>\nr\u0259hb\u0259rinin ad\u0131na);<\/p>\n<p style=\"text-align: justify;\">&#8211; kadrlar\u0131n \u015f\u0259xsi-qeydiyyat v\u0259r\u0259qi (3&#215;4 sm \u00f6l\u00e7\u00fcd\u0259 4 \u0259d\u0259d foto\u015f\u0259kil il\u0259 birlikd\u0259);<\/p>\n<p style=\"text-align: justify;\">&#8211; t\u0259rc\u00fcmeyi-hal;<\/p>\n<p style=\"text-align: justify;\">&#8211; i\u015f yerind\u0259n xasiyy\u0259tnam\u0259;<\/p>\n<p style=\"text-align: justify;\">&#8211; i\u015f staj\u0131 olanlar \u00fc\u00e7\u00fcn \u0259m\u0259k kitab\u00e7as\u0131ndan \u00e7\u0131xar\u0131\u015f;<\/p>\n<p style=\"text-align: justify;\">&#8211; \u00e7ap olunmu\u015f elmi i\u015fl\u0259rin siyah\u0131s\u0131 v\u0259 ya se\u00e7ilmi\u015f ixtisas \u00fczr\u0259 referat;<\/p>\n<p style=\"text-align: justify;\">&#8211; ali t\u0259hsil m\u00fc\u0259ssis\u0259sini bitirm\u0259k haqq\u0131nda diplomun m\u00fcvafiq qaydada t\u0259sdiq edilmi\u015f sur\u0259ti ( xarici \u00f6lk\u0259l\u0259rd\u0259 t\u0259hsil alm\u0131\u015f Az\u0259rbaycan Respublikas\u0131n\u0131n v\u0259t\u0259nda\u015flar\u0131 \u00fc\u00e7\u00fcn t\u0259hsil haqq\u0131nda s\u0259n\u0259dl\u0259rin tan\u0131nmas\u0131 haqq\u0131nda \u015f\u0259had\u0259tnam\u0259);<\/p>\n<p style=\"text-align: justify;\">&#8211; xarici dil bilikl\u0259ri \u00fczr\u0259 beyn\u0259lxalq sertifikat (\u0259g\u0259r varsa);<\/p>\n<p style=\"text-align: justify;\">&#8211; \u015f\u0259xsiyy\u0259ti t\u0259sdiq ed\u0259n s\u0259n\u0259din sur\u0259ti.<\/p>\n<p style=\"text-align: justify;\">Doktoranturaya q\u0259bul olmaq ist\u0259y\u0259nl\u0259r ixtisas f\u0259nnind\u0259n, xarici dild\u0259n v\u0259 f\u0259ls\u0259f\u0259d\u0259n ali t\u0259hsil pill\u0259sinin magistratura s\u0259viyy\u0259si \u00fc\u00e7\u00fcn q\u00fcvv\u0259d\u0259 olan t\u0259dris proqramlar\u0131 h\u0259cmind\u0259 q\u0259bul imtahanlar\u0131 verirl\u0259r.<\/p>\n<p style=\"text-align: justify;\">Doktoranturaya s\u0259n\u0259dl\u0259r elan d\u0259rc olundu\u011fu g\u00fcnd\u0259n bir ay m\u00fcdd\u0259tind\u0259 h\u0259r g\u00fcn q\u0259bul edil\u0259c\u0259kdir.<\/p>\n<p style=\"text-align: justify;\">Doktoranturaya q\u0259bul imtahanlar\u0131na burax\u0131lm\u0131\u015f \u015f\u0259xsl\u0259r\u0259 Az\u0259rbaycan Respublikas\u0131n\u0131n \u018fm\u0259k M\u0259c\u0259ll\u0259sin\u0259 uy\u011fun olaraq i\u015f yerind\u0259n 30 t\u0259qvim g\u00fcn\u00fc m\u00fcdd\u0259tind\u0259 \u00f6d\u0259ni\u015fli m\u0259zuniyy\u0259t verilir.<\/p>\n<p style=\"text-align: justify;\">\u0130stehsalatdan ayr\u0131lmaqla t\u0259hsil alan b\u00fct\u00fcn doktorantlar t\u0259min olunurlar.<br \/>\nQ\u0259bul olunanlar yataqxana il\u0259 t\u0259min olunmurlar.<\/p>\n<p style=\"text-align: justify;\">\u0130xtisas \u00fczr\u0259 ayr\u0131lm\u0131\u015f yerl\u0259rin say\u0131 elmi m\u00fc\u0259ssis\u0259l\u0259r \u00fczr\u0259 t\u0259sdiq olunmu\u015f planlarda g\u00f6st\u0259rilir.<\/p>\n<p><strong>Dissertanturaya f\u0259ls\u0259f\u0259 doktoru v\u0259 elml\u0259r doktoru <\/strong><strong>haz\u0131rl\u0131\u011f\u0131 \u00fczr\u0259 q\u0259bul qaydalar\u0131:<\/strong><\/p>\n<p style=\"text-align: justify;\">Dissertantl\u0131q yolu il\u0259 f\u0259ls\u0259f\u0259 doktoru elmi d\u0259r\u0259c\u0259si almaq \u00fc\u00e7un dissertanturaya ali t\u0259hsilli (ali t\u0259hsilin magistratura s\u0259viyy\u0259sini bitir\u0259n, yaxud t\u0259hsili ona b\u0259rab\u0259r tutulan), m\u00fcvafiq t\u0259dqiqat sah\u0259sind\u0259 m\u00fc\u0259yy\u0259n m\u00fcv\u0259ff\u0259qiyy\u0259tl\u0259ri olan, ali t\u0259hsil m\u00fc\u0259ssis\u0259l\u0259rinin, elmi v\u0259 dig\u0259r t\u0259\u015fkilatlar\u0131n elmi v\u0259 elmi-pedaqoji kadrlar\u0131 s\u0259n\u0259d t\u0259qdim ed\u0259 bil\u0259rl\u0259r.<\/p>\n<p style=\"text-align: justify;\">Dissertantl\u0131q yolu il\u0259 t\u0259hsil m\u00fcdd\u0259tini ba\u015fa vuran \u015f\u0259xsl\u0259r eyni ixtisas \u00fczr\u0259 t\u0259krar dissertant ola bilm\u0259zl\u0259r.<\/p>\n<p style=\"text-align: justify;\">Doktoranturada tam t\u0259hsil m\u00fcdd\u0259tini ba\u015fa vurmu\u015f \u015f\u0259xsl\u0259r eyni ixtisas \u00fczr\u0259 dissertantl\u0131q yolu il\u0259 t\u0259hsil ala bilm\u0259zl\u0259r.<\/p>\n<p style=\"text-align: justify;\">Dissertant kimi t\u0259hkim olunmaq ist\u0259y\u0259n \u015f\u0259xsl\u0259r, bir qayda olaraq, elmi v\u0259 elmi-pedagoji i\u015f staj\u0131na malik olmal\u0131d\u0131rlar.<\/p>\n<p style=\"text-align: justify;\">F\u0259ls\u0259f\u0259 doktoru elmi d\u0259r\u0259c\u0259si almaq m\u0259qs\u0259dil\u0259 dissertanturaya q\u0259bul \u00fc\u015f\u00fcn a\u015fa\u011f\u0131dak\u0131 s\u0259n\u0259dl\u0259r AMEA-n\u0131n RM\u0130 institutuna t\u0259qdim olunmal\u0131d\u0131r:<\/p>\n<p style=\"text-align: justify;\">&#8211; \u0259riz\u0259 (doktoranturan\u0131n f\u0259aliyy\u0259t g\u00f6st\u0259rdiyi m\u00fc\u0259ssis\u0259nin v\u0259 yaxud t\u0259\u015fkilat\u0131n<br \/>\nr\u0259hb\u0259rinin ad\u0131na);<\/p>\n<p style=\"text-align: justify;\">&#8211; kadrlar\u0131n \u015f\u0259xsi-qeydiyyat v\u0259r\u0259qi (3&#215;4 sm \u00f6l\u00e7\u00fcd\u0259 4 \u0259d\u0259d foto\u015f\u0259kil il\u0259 birlikd\u0259);<\/p>\n<p style=\"text-align: justify;\">&#8211; t\u0259rc\u00fcmeyi-hal;<\/p>\n<p style=\"text-align: justify;\">&#8211; i\u015f yerind\u0259n xasiyy\u0259tnam\u0259;<\/p>\n<p style=\"text-align: justify;\">&#8211; elmi i\u015fl\u0259r, ixtiralar v\u0259 elmi-t\u0259dqiqat i\u015fl\u0259ri \u00fczr\u0259 hesabatlar\u0131n siyah\u0131s\u0131; \u00e7ap olunmu\u015f elmi i\u015fl\u0259ri v\u0259 ixtiralar\u0131 olmayan \u015f\u0259xsl\u0259r se\u00e7dikl\u0259ri ixtisas \u00fczr\u0259 elmi<br \/>\nm\u0259ruz\u0259(referat) t\u0259qdim edirl\u0259r;<\/p>\n<p style=\"text-align: justify;\">&#8211; ali t\u0259hsil m\u00fc\u0259ssis\u0259sini bitirm\u0259k haqq\u0131nda diplomun sur\u0259ti v\u0259 qiym\u0259t c\u0259dv\u0259lind\u0259n \u00e7\u0131xar\u0131\u015f ;<\/p>\n<p style=\"text-align: justify;\">&#8211; \u0259m\u0259k kitab\u00e7as\u0131n\u0131n s\u00fcr\u0259ti;<\/p>\n<p style=\"text-align: justify;\">&#8211; \u015f\u0259xsiyy\u0259ti t\u0259sdiq ed\u0259n s\u0259n\u0259din sur\u0259ti.<\/p>\n<p style=\"text-align: justify;\">Dissertantl\u0131q yolu il\u0259 elml\u0259r doktoru elmi d\u0259r\u0259c\u0259si almaq \u00fc\u00e7\u00fcn f\u0259ls\u0259f\u0259 doktoru elmi d\u0259r\u0259c\u0259sinin olmas\u0131 \u0259sas \u015f\u0259rtdir.<\/p>\n<p style=\"text-align: justify;\">Elml\u0259r doktoru elmi d\u0259r\u0259c\u0259si almaq m\u0259qs\u0259dil\u0259 dissertanturaya q\u0259bul \u00fc\u00e7\u00fcn a\u015fa\u011f\u0131dak\u0131 s\u0259n\u0259dl\u0259r AMEA-n\u0131n RM\u0130-na t\u0259qdim olunmal\u0131d\u0131r:<\/p>\n<p style=\"text-align: justify;\">&#8211; \u0259riz\u0259 (doktoranturan\u0131n f\u0259aliyy\u0259t g\u00f6st\u0259rdiyi m\u00fc\u0259ssis\u0259nin v\u0259 yaxud t\u0259\u015fkilat\u0131n<br \/>\nr\u0259hb\u0259rinin ad\u0131na);<\/p>\n<p style=\"text-align: justify;\">&#8211; kadrlar\u0131n \u015f\u0259xsi-qeydiyyat v\u0259r\u0259qi (3&#215;4 sm \u00f6l\u00e7\u00fcd\u0259 4 \u0259d\u0259d foto\u015f\u0259kil il\u0259 birlikd\u0259);<\/p>\n<p style=\"text-align: justify;\">&#8211; t\u0259rc\u00fcmeyi-hal;<\/p>\n<p style=\"text-align: justify;\">&#8211; i\u015f yerind\u0259n xasiyy\u0259tnam\u0259;<\/p>\n<p style=\"text-align: justify;\">&#8211; \u00e7ap olunmu\u015f elmi \u0259s\u0259rl\u0259rin siyah\u0131s\u0131 ( elml\u0259r doktoru haz\u0131rl\u0131\u011f\u0131 \u00fczr\u0259 );<\/p>\n<p style=\"text-align: justify;\">&#8211; f\u0259ls\u0259f\u0259 doktoru ( elml\u0259r namiz\u0259di ) diplomunun m\u00fcvafiq qaydada t\u0259stiq edilmi\u015f sur\u0259ti;<\/p>\n<p style=\"text-align: justify;\">&#8211; ali t\u0259hsil m\u00fc\u0259ssis\u0259sini bitirm\u0259k haqq\u0131nda diplomun m\u00fcvafiq qaydada t\u0259stiq<br \/>\nedilmi\u015f sur\u0259ti;<\/p>\n<p style=\"text-align: justify;\">&#8211; \u0259m\u0259k kitab\u00e7as\u0131n\u0131n s\u00fcr\u0259ti;<\/p>\n<p style=\"text-align: justify;\">&#8211; \u015f\u0259xsiyy\u0259ti t\u0259sdiq ed\u0259n s\u0259n\u0259din sur\u0259ti.<\/p>\n<p style=\"text-align: justify;\">Az\u0259rbaycan Milli Elml\u0259r Akademiyas\u0131n\u0131n elmi-t\u0259dqiqat m\u00fc\u0259ssis\u0259l\u0259rinin doktorant v\u0259 dissertant haz\u0131rl\u0131\u011f\u0131 \u00fczr\u0259 q\u0259bul PLANLARI<\/p>\n<p style=\"text-align: justify;\">Tel: (994 12) 5382444. E-mail: doktoranturarmi@yahoo.com<\/p>\n","protected":false},"excerpt":{"rendered":"<p>AMEA Riyaziyyat v\u0259 Mexanika \u0130nstitutu a\u015fa\u011f\u0131dak\u0131 ixtisaslar \u00fczr\u0259 doktorantura v\u0259 dissertantura yolu il\u0259 elmi kadrlar haz\u0131rlay\u0131r. Riyaziyyat \u00fczr\u0259 ( Proqram \u0259lav\u0259 olunur ): 1201.01- &#8220;C\u0259br&#8221; 1202.01 &#8211; &#8220;Analiz v\u0259 funksional analiz&#8221; 1211.01- &#8220;Diferensial t\u0259nlikl\u0259r&#8221; 1212.01- &#8220;Riyazi fizika t\u0259nlikl\u0259ri&#8221; 1214.01- &#8220;Dinamik sisteml\u0259r v\u0259 optimal idar\u0259etm\u0259&#8221; 3338.01- &#8220;Sistemli analiz, idar\u0259etm\u0259 v\u0259 informasiyan\u0131n i\u015fl\u0259nm\u0259si&#8221; Mexanika \u00fczr\u0259 ( Proqram [&hellip;]<\/p>\n","protected":false},"author":6,"featured_media":0,"parent":0,"menu_order":0,"comment_status":"closed","ping_status":"closed","template":"","meta":{"footnotes":""},"_links":{"self":[{"href":"https:\/\/www.imm.az\/exp\/wp-json\/wp\/v2\/pages\/20201"}],"collection":[{"href":"https:\/\/www.imm.az\/exp\/wp-json\/wp\/v2\/pages"}],"about":[{"href":"https:\/\/www.imm.az\/exp\/wp-json\/wp\/v2\/types\/page"}],"author":[{"embeddable":true,"href":"https:\/\/www.imm.az\/exp\/wp-json\/wp\/v2\/users\/6"}],"replies":[{"embeddable":true,"href":"https:\/\/www.imm.az\/exp\/wp-json\/wp\/v2\/comments?post=20201"}],"version-history":[{"count":4,"href":"https:\/\/www.imm.az\/exp\/wp-json\/wp\/v2\/pages\/20201\/revisions"}],"predecessor-version":[{"id":22448,"href":"https:\/\/www.imm.az\/exp\/wp-json\/wp\/v2\/pages\/20201\/revisions\/22448"}],"wp:attachment":[{"href":"https:\/\/www.imm.az\/exp\/wp-json\/wp\/v2\/media?parent=20201"}],"curies":[{"name":"wp","href":"https:\/\/api.w.org\/{rel}","templated":true}]}}