{"id":203,"date":"2014-02-09T08:46:11","date_gmt":"2014-02-09T08:46:11","guid":{"rendered":"http:\/\/centralbaku.com\/imm\/?page_id=203"},"modified":"2023-02-08T14:07:22","modified_gmt":"2023-02-08T10:07:22","slug":"sob%c9%99l%c9%99r","status":"publish","type":"page","link":"https:\/\/www.imm.az\/exp\/sob%c9%99l%c9%99r\/","title":{"rendered":"\u015e\u00f6b\u0259l\u0259r"},"content":{"rendered":"<div class=\"page-content\">\n<p>\u2022 <a href=\"http:\/\/imm.az\/exp\/?page_id=205\">Funksional analiz \u015f\u00f6b\u0259si<\/a><\/p>\n<p>\u2022 <a href=\"http:\/\/imm.az\/exp\/?page_id=207\">Riyazi analiz \u015f\u00f6b\u0259si<\/a><\/p>\n<p>\u2022 <a href=\"http:\/\/imm.az\/exp\/?page_id=209\">Funksiyalar n\u0259z\u0259riyy\u0259si \u015f\u00f6b\u0259si<\/a><\/p>\n<p>\u2022 <a href=\"http:\/\/imm.az\/exp\/?page_id=211\">Diferensial t\u0259nlikl\u0259r \u015f\u00f6b\u0259si<\/a><\/p>\n<p>\u2022 <a href=\"http:\/\/imm.az\/exp\/?page_id=213\">Riyazi fizika t\u0259nlikl\u0259ri \u015f\u00f6b\u0259si<\/a><\/p>\n<p>\u2022 <a href=\"http:\/\/imm.az\/exp\/?page_id=215\">Qeyri harmonik analiz \u015f\u00f6b\u0259si<\/a><\/p>\n<p>\u2022 <a href=\"http:\/\/imm.az\/exp\/?page_id=217\">Elastiklik v\u0259 plastiklik n\u0259z\u0259riyy\u0259si \u015f\u00f6b\u0259si<\/a><\/p>\n<p>\u2022 <a href=\"http:\/\/imm.az\/exp\/?page_id=219\">Dal\u011fa dinamikasi \u015f\u00f6b\u0259si<\/a><\/p>\n<p>\u2022 <a href=\"http:\/\/imm.az\/exp\/?page_id=221\">Deformasiya olunan b\u0259rk cisim mexanikas\u0131 \u015f\u00f6b\u0259si<\/a><\/p>\n<p>\u2022 <a href=\"http:\/\/imm.az\/exp\/?page_id=223\">Maye v\u0259 qaz mexanikasi \u015f\u00f6b\u0259si<\/a><\/p>\n<p>\u2022 <a href=\"http:\/\/imm.az\/exp\/?page_id=225\">Komp\u00fcter texnologiyalar\u0131 v\u0259 riyazi statistika \u015f\u00f6b\u0259si<\/a><\/p>\n<p>\u2022 <a href=\"http:\/\/imm.az\/exp\/?page_id=227\">C\u0259br v\u0259 riyazi m\u0259ntiq \u015f\u00f6b\u0259si<\/a><\/p>\n<p>\u2022 <a href=\"http:\/\/imm.az\/exp\/?page_id=229\">T\u0259tbiqi riyaziyyat \u015f\u00f6b\u0259si<\/a><\/p>\n<p>\u2022 <a href=\"\/exp\/?page_id=7144\">Optimal idar\u0259etm\u0259 \u015f\u00f6b\u0259si<\/a><\/p>\n<p>\u2022 <a href=\"\/exp\/?page_id=7512\">Beyn\u0259lxalq \u0259laq\u0259l\u0259r \u015f\u00f6b\u0259si<\/a><\/p>\n<p>\u2022 <a title=\"\u0130ctimaiyy\u0259tl\u0259 \u0259laq\u0259l\u0259r \u015f\u00f6b\u0259si\" href=\"\/exp\/?page_id=14931\">\u0130ctimaiyy\u0259tl\u0259 \u0259laq\u0259l\u0259r \u015f\u00f6b\u0259si<\/a><\/p>\n<p>\u2022 <a href=\"http:\/\/imm.az\/exp\/?page_id=234\">AMEA-n\u0131n X\u0259b\u0259rl\u0259ri v\u0259 RM\u0130-nin \u018fs\u0259rl\u0259ri jurnallar\u0131n\u0131n redaksiyas\u0131<\/a><\/p>\n<p>\u2022\u00a0<a href=\"\/exp\/?page_id=8216\">T\u0259hsil \u015f\u00f6b\u0259si<\/a><\/p>\n<p>\u2022 <a title=\"Elmi-Texniki \u0130nformasiya \u015f\u00f6b\u0259si\" href=\"\/exp\/?page_id=11858\">Elmi-texniki informasiya \u015f\u00f6b\u0259si<\/a><\/p>\n<p>\u2022 <a href=\"\/exp\/?page_id=17774\">Siqnallar\u0131n emal\u0131n\u0131n riyazi probleml\u0259ri laboratoriyas\u0131<\/a><\/p>\n<\/div>\n","protected":false},"excerpt":{"rendered":"<p>\u2022 Funksional analiz \u015f\u00f6b\u0259si \u2022 Riyazi analiz \u015f\u00f6b\u0259si \u2022 Funksiyalar n\u0259z\u0259riyy\u0259si \u015f\u00f6b\u0259si \u2022 Diferensial t\u0259nlikl\u0259r \u015f\u00f6b\u0259si \u2022 Riyazi fizika t\u0259nlikl\u0259ri \u015f\u00f6b\u0259si \u2022 Qeyri harmonik analiz \u015f\u00f6b\u0259si \u2022 Elastiklik v\u0259 plastiklik n\u0259z\u0259riyy\u0259si \u015f\u00f6b\u0259si \u2022 Dal\u011fa dinamikasi \u015f\u00f6b\u0259si \u2022 Deformasiya olunan b\u0259rk cisim mexanikas\u0131 \u015f\u00f6b\u0259si \u2022 Maye v\u0259 qaz mexanikasi \u015f\u00f6b\u0259si \u2022 Komp\u00fcter texnologiyalar\u0131 v\u0259 riyazi statistika [&hellip;]<\/p>\n","protected":false},"author":6,"featured_media":0,"parent":0,"menu_order":0,"comment_status":"open","ping_status":"open","template":"","meta":{"footnotes":""},"_links":{"self":[{"href":"https:\/\/www.imm.az\/exp\/wp-json\/wp\/v2\/pages\/203"}],"collection":[{"href":"https:\/\/www.imm.az\/exp\/wp-json\/wp\/v2\/pages"}],"about":[{"href":"https:\/\/www.imm.az\/exp\/wp-json\/wp\/v2\/types\/page"}],"author":[{"embeddable":true,"href":"https:\/\/www.imm.az\/exp\/wp-json\/wp\/v2\/users\/6"}],"replies":[{"embeddable":true,"href":"https:\/\/www.imm.az\/exp\/wp-json\/wp\/v2\/comments?post=203"}],"version-history":[{"count":5,"href":"https:\/\/www.imm.az\/exp\/wp-json\/wp\/v2\/pages\/203\/revisions"}],"predecessor-version":[{"id":43146,"href":"https:\/\/www.imm.az\/exp\/wp-json\/wp\/v2\/pages\/203\/revisions\/43146"}],"wp:attachment":[{"href":"https:\/\/www.imm.az\/exp\/wp-json\/wp\/v2\/media?parent=203"}],"curies":[{"name":"wp","href":"https:\/\/api.w.org\/{rel}","templated":true}]}}