{"id":205,"date":"2014-02-09T08:46:35","date_gmt":"2014-02-09T08:46:35","guid":{"rendered":"http:\/\/centralbaku.com\/imm\/?page_id=205"},"modified":"2023-02-07T11:50:26","modified_gmt":"2023-02-07T07:50:26","slug":"funksional-analiz-sob%c9%99si","status":"publish","type":"page","link":"https:\/\/www.imm.az\/exp\/sob%c9%99l%c9%99r\/funksional-analiz-sob%c9%99si\/","title":{"rendered":"Funksional analiz \u015f\u00f6b\u0259si"},"content":{"rendered":"<p><img loading=\"lazy\" decoding=\"async\" class=\"alignleft wp-image-3818 size-full\" src=\"https:\/\/www.imm.az\/exp\/wp-content\/uploads\/2014\/02\/Funksional_analiz.jpg\" alt=\"Funksional_analiz\" width=\"600\" height=\"403\" srcset=\"https:\/\/www.imm.az\/exp\/wp-content\/uploads\/2014\/02\/Funksional_analiz.jpg 600w, https:\/\/www.imm.az\/exp\/wp-content\/uploads\/2014\/02\/Funksional_analiz-300x201.jpg 300w\" sizes=\"(max-width: 600px) 100vw, 600px\" \/><\/p>\n<table style=\"border: none;\" border=\"0\" width=\"100%\" cellspacing=\"0\" cellpadding=\"0\">\n<tbody>\n<tr>\n<td valign=\"top\" width=\"193\"><strong>Struktur b\u00f6lm\u0259nin r\u0259hb\u0259ri:<\/strong><\/td>\n<td>H\u0259midulla \u0130srafil o\u011flu Aslanov<br \/>\nFizika-riyaziyyat elml\u0259ri doktoru, professor.<\/td>\n<\/tr>\n<tr>\n<td valign=\"top\"><\/td>\n<td><\/td>\n<\/tr>\n<tr>\n<td valign=\"top\"><strong>Tel:<\/strong><\/td>\n<td>(012) 563-25-76, 050-637-09-02<\/td>\n<\/tr>\n<tr>\n<td valign=\"top\"><strong>E-mail:<\/strong><\/td>\n<td><a href=\"mailto:aslanov.50@mail.ru\">aslanov.50@mail.ru<\/a><\/td>\n<\/tr>\n<tr>\n<td valign=\"top\"><strong>\u0130\u015f\u00e7il\u0259rin \u00fcmumi say\u0131:<\/strong><\/td>\n<td>20<\/td>\n<\/tr>\n<tr>\n<td valign=\"top\"><\/td>\n<td><\/td>\n<\/tr>\n<tr>\n<td valign=\"top\"><strong>Struktur b\u00f6lm\u0259nin \u0259sas f\u0259aliyy\u0259t istiqam\u0259tl\u0259ri:<\/strong><\/td>\n<td>Diferensial operatorlar\u0131n spektral n\u0259z\u0259riyy\u0259sinin v\u0259 spektral analizin d\u00fcz v\u0259 t\u0259rs m\u0259s\u0259l\u0259l\u0259rinin t\u0259dqiqi<\/td>\n<\/tr>\n<tr>\n<td valign=\"top\"><\/td>\n<td><\/td>\n<\/tr>\n<tr>\n<td valign=\"top\"><strong>Struktur b\u00f6lm\u0259nin \u0259sas elmi n\u0259tic\u0259l\u0259ri:<\/strong><\/td>\n<td style=\"text-align: justify;\">Banax f\u0259zalar\u0131nda operatorlar\u0131n spektrinin v\u0259 \u0259d\u0259di oblast\u0131n\u0131n qurulu\u015funun t\u0259dqiqi. Birt\u0259rtibli hiperbolik t\u0259nlikl\u0259r sistemi \u00fc\u00e7\u00fcn yar\u0131moxda v\u0259 b\u00fct\u00fcn oxda s\u0259pilm\u0259nin d\u00fcz v\u0259 t\u0259rs m\u0259s\u0259l\u0259l\u0259rinin h\u0259lli. K\u0259sil\u0259n \u0259msall\u0131 diferensial operatorlar\u0131n m\u0259xsusi funksiyalar sisteminin bazislik xass\u0259sinin \u00f6yr\u0259nilm\u0259si.Qeyri-requlyar s\u0259rh\u0259d m\u0259s\u0259l\u0259l\u0259rinin m\u0259xsusi v\u0259 qo\u015fulmu\u015f funksiyalar sisteminin \u00e7oxqat taml\u0131\u011f\u0131n\u0131n t\u0259dqiqi. S\u0259rh\u0259d \u015f\u0259rtl\u0259rind\u0259 k\u0259silm\u0259 oldu\u011fu halda \u015eturum-Liuvill operatorunun t\u0259dqiqi. Normall\u0131 c\u0259brl\u0259rd\u0259 Tenzor radikallar\u0131n\u0131n qurulmas\u0131. Operator-diferensial t\u0259nlikl\u0259rin Qrin funksiyas\u0131n\u0131n t\u0259dqiqi. Elliptik operator diferensial t\u0259nlikl\u0259r \u00fc\u00e7\u00fcn s\u0259rh\u0259d m\u0259s\u0259l\u0259l\u0259rinin h\u0259ll oluna bilm\u0259si. Qallton-Vatson \u015fax\u0259l\u0259n\u0259n prosesl\u0259ri \u00fc\u00e7\u00fcn limit teoreml\u0259rinin al\u0131nmas\u0131. Markov prosesl\u0259ri \u00fc\u00e7\u00fcn qeyri-x\u0259tti s\u0259rh\u0259d m\u0259s\u0259l\u0259l\u0259rinin t\u0259dqiqi. \u00c7evr\u0259 \u00fczr\u0259 ixtiyari parametrl\u0259rl\u0259 h\u0259r\u0259k\u0259t ed\u0259n hiss\u0259cikl\u0259rin riyazi modelinin qurulmas\u0131.<\/td>\n<\/tr>\n<tr>\n<td><\/td>\n<td><\/td>\n<\/tr>\n<tr>\n<td valign=\"top\"><strong>T\u0259dqiq edilmi\u015f probleml\u0259r\u0259 uy\u011fun \u00e7ap edilmi\u015f \u0259sas elmi \u0259s\u0259rl\u0259r:<\/strong><\/td>\n<td>\n<ul>\n<li><strong><a href=\"https:\/\/www.imm.az\/exp\/n%C9%99srl%C9%99r-2021\/\">N\u0259\u015frl\u0259r &#8211; 2021<\/a><\/strong><\/li>\n<li><strong><a href=\"https:\/\/www.imm.az\/exp\/n%c9%99srl%c9%99r-2020\/\">N\u0259\u015frl\u0259r &#8211; 2020<\/a><\/strong><\/li>\n<li><strong><a href=\"https:\/\/www.imm.az\/exp\/n%C9%99srl%C9%99r-2019\/\">N\u0259\u015frl\u0259r &#8211; 2019<\/a><\/strong><\/li>\n<li><strong><a href=\"https:\/\/www.imm.az\/exp\/n%C9%99srl%C9%99r-2018\/\">N\u0259\u015frl\u0259r &#8211; 2018<\/a><\/strong><\/li>\n<li><a href=\"\/exp\/?page_id=15700\"><strong>N\u0259\u015frl\u0259r \u2013 2017<\/strong><\/a><\/li>\n<li><a href=\"\/exp\/?page_id=9642\"><strong>N\u0259\u015frl\u0259r \u2013 2016<\/strong><\/a><\/li>\n<li><a href=\"\/exp\/?page_id=4830\"><strong>N\u0259\u015frl\u0259r \u2013 2015<\/strong><\/a><\/li>\n<li><a href=\"\/exp\/?page_id=4420\"><strong>N\u0259\u015frl\u0259r \u2013 2014<\/strong><\/a><\/li>\n<li><strong>Camidulla I.Aslanov<\/strong>. On the resolvent of Strum-Liouville operator-differential equation on the limite seqment. Mathematical Analysis, Differential equations and Applications Bulgaria, 2011, p.101-108 (with Cunay I. Kasumova)<\/li>\n<li><strong>Camidulla I.Aslanov.<\/strong>\u00a0The third reqularized formula for second order differential equations with selfadjoint nuclear class operator coefficients.Mathematica Aeterna, Vol.2, 2012, no.5, p.409-422 (with Kenul.G.Badalova)<\/li>\n<li><strong>H\u0259midulla Aslanov.<\/strong>\u00a0Funksional analiz \u201cMBM\u201d, Bak\u0131. 2012<\/li>\n<li><strong>\u0421.\u0421. \u041c\u0438\u0440\u0437\u043e\u0435\u0432.<\/strong>\u00a0\u041e \u0440\u0430\u0437\u0440\u0438\u0435\u0448\u0438\u043c\u043e\u0441\u0442\u0438 \u043a\u0440\u0430\u0435\u0432\u043e\u0439 \u0437\u0430\u0434\u0430\u0447\u0438 \u0434\u043b\u044f \u0443\u0440\u0430\u0432\u043d\u0435\u043d\u0438\u044f \u0432\u0442\u043e\u0440\u043e\u0433\u043e \u043f\u0430\u0440\u044f\u0434\u043a\u0430 \u0432 \u0433\u0438\u043b\u044c\u0431\u0435\u0440\u0442\u043e\u0432\u043e\u043c \u043f\u0440\u043e\u0441\u0442\u0440\u0430\u043d\u0441\u0442\u0432\u0435 \u0441 \u043e\u043f\u0435\u0440\u0430\u0442\u043e\u0440\u043d\u044b\u043c \u043a\u043e\u044d\u0444\u0444\u0438\u0446\u0438\u0435\u043d\u0442\u043e\u043c \u0432 \u043a\u0440\u0430\u0435\u0432\u043e\u043c \u0443\u0441\u043b\u043e\u0432\u0438\u0438. \u041c\u0430\u0442. \u0417\u0430\u043c\u0435\u0442\u043a\u0438. \u0422\u043e\u043c.31, \u0412.6 (2012) \u0441\u0442\u0440.861-869 (\u0441\u043e\u0432\u043c \u041c.\u042e. \u0421\u0430\u043b\u0438\u043c\u043e\u0432\u044b\u043c)<\/li>\n<li><strong>\u0421.\u0421. \u041c\u0438\u0440\u0437\u043e\u0435\u0432.<\/strong>\u00a0\u0421\u043f\u0435\u043a\u0442\u0440\u0430\u043b\u043d\u044b\u0439 \u0430\u043d\u0430\u043b\u0438\u0437 \u043e\u0434\u043d\u043e\u0433\u043e \u0434\u0438\u0444\u0444\u0435\u0440\u0435\u043d\u0446\u0438\u0430\u043b\u044c\u043d\u043e\u0433\u043e \u043f\u0443\u0447\u043a\u0430 \u0447\u0435\u0442\u0432\u0435\u0440\u0442\u043e\u0433\u043e \u043f\u043e\u0440\u044f\u0434\u043a\u0430 \u043d\u0430 \u0432\u0441\u0435\u0439 \u043e\u0441\u0438. \u0414\u043e\u043a\u043b\u0430\u0434\u044b \u0420\u0410\u041d, \u0422.442, \u21163. (2012) \u0441\u0442\u0440.312-314 (\u0441\u043e\u0432\u043c.\u042d.\u0413.\u041e\u0440\u0443\u0434\u0436\u043e\u0432, \u0410.\u0420.\u0410\u043b\u0438\u0435\u0432)<\/li>\n<li><strong>\u0413.\u041c.\u0413\u0443\u0441\u0435\u0439\u043d\u043e\u0432<\/strong>. \u0421\u0432\u043e\u0439\u0441\u0442\u0432\u0430 \u0441\u043e\u0431\u0441\u0442\u0432\u0435\u043d\u043d\u044b\u0445 \u0437\u043d\u0430\u0447\u0435\u043d\u044b\u0445 \u043e\u043f\u0435\u0440\u0430\u0442\u0440\u0430 \u0428\u0442\u0443\u0440\u043c\u0430-\u041b\u0438\u0443\u0432\u0438\u043b\u043b\u044f \u0441\u00a0 \u0443\u0441\u043b\u043e\u0432\u0438\u044f\u043c\u0438 \u0440\u0430\u0437\u0440\u044b\u0432\u0430 \u0432\u043d\u0443\u0442\u0440\u0438\u00a0 \u0438\u043d\u0442\u0435\u0440\u0432\u0430\u043b\u0430 \u00ab\u0412\u0435\u0441\u0442\u043d\u0438\u043a \u0411\u0413\u0423\u00bb, \u21163, (2012) \u0441\u0442\u0440.21-28. (\u0441\u043e\u0432\u043c. \u041b.\u0418.\u041c\u0430\u043c\u043c\u0430\u0434\u043e\u0432\u0430)<\/li>\n<li><strong>\u0412.\u041c.\u041a\u0443\u0440\u0431\u0430\u043d\u043e\u0432<\/strong>. \u041d\u0435\u0440\u0430\u0432\u0435\u043d\u0441\u0442\u0432\u0430 \u0420\u0438\u0441\u0441\u0430 \u0434\u043b\u044f \u0441\u0438\u0441\u0442\u0435\u043c \u043a\u043e\u0440\u043d\u0435\u0432\u044b\u0445 \u0432\u0435\u043a\u0442\u043e\u0440-\u0444\u0443\u043d\u043a\u0446\u0438\u0439 \u043e\u043f\u0435\u0440\u0430\u0442\u0440\u0430 \u0414\u0438\u0440\u0430\u043a\u0430 \u0414\u0438\u0444\u0444\u0435\u0440\u0435\u043d\u0446\u00a0 \u0443\u0440\u0430\u0432\u043d\u0435\u043d\u0438\u044f, \u0422.48 \u21163 (2012), \u0441\u0442\u0440.334-340. (\u0441\u043e\u0432\u043c. \u0410.\u0418.\u0418\u0441\u043c\u0430\u0439\u043b\u043e\u0432\u0430).<\/li>\n<li><strong>\u0412.\u041c.\u041a\u0443\u0440\u0431\u0430\u043d\u043e\u0432<\/strong>. \u0414\u0432\u0443\u0441\u0442\u043e\u0440\u043e\u043d\u043d\u0438\u0435 \u043e\u0446\u0435\u043d\u043a\u0438 \u0434\u043b\u044f\u00a0 \u043a\u043e\u0440\u043d\u0435\u0432\u044b\u0445 \u0432\u0435\u043a\u0442\u043e\u0440\u043e\u0432 \u043e\u043f\u0435\u0440\u0430\u0442\u0440\u0430 \u0414\u0438\u0440\u0430\u043a\u0430. \u0414\u0438\u0444\u0444\u0435\u0440\u0435\u043d\u0446\u00a0 \u0443\u0440\u0430\u0432\u043d\u0435\u043d\u0438\u044f, \u0422.48 \u21164 (2012), \u0441\u0442\u0440.487-497.<\/li>\n<li><strong>U.V.Turovski<\/strong>. Topological radicals and Frattini theory of banach Lie alqebras. \u0130nteq. Equation operator theory 74 (2012) p.51-121<\/li>\n<li><strong>\u042e.\u0412.\u0422\u0443\u0440\u043e\u0432\u0441\u043a\u0438\u0439<\/strong>. \u0422\u043e\u043f\u043e\u043b\u043e\u0433\u0438\u0447\u0435\u0441\u043a\u0438\u0435 \u0440\u0430\u0434\u0438\u043a\u0430\u043b\u044b \u0438 \u0441\u043e\u0432\u043c\u0435\u0441\u0442\u043d\u044b\u0439 \u0441\u043f\u0435\u043a\u0442\u0440\u0430\u043b\u044c\u043d\u044b\u0439 \u0440\u0430\u0434\u0438\u0443\u0441. \u0424\u0443\u043d\u043a\u0446\u0438\u043e\u043d\u0430\u043b\u044c\u043d\u044b\u0439 \u0430\u043d\u0430\u043b\u0438\u0437 \u0438 \u0435\u0433\u043e \u043f\u0440\u0438\u043b\u043e\u0436\u0435\u043d\u0438\u044f. \u0422\u043e\u043c 46 (2012) \u0441\u0442\u0440.183-185<\/li>\n<li><strong>\u0418.\u041c.\u041d\u0430\u0431\u0438\u0435\u0432<\/strong>. \u0412\u043e\u0441\u0442\u0430\u043d\u043e\u0432\u043b\u0435\u043d\u0438\u0435 \u043f\u0443\u0447\u043a\u0430 \u0438 \u0441\u0438\u0441\u0442\u0435\u043c\u044b \u0434\u0438\u0444\u0444\u0435\u0440\u0435\u043d\u0446\u0438\u0430\u043b\u044c\u043d\u044b\u0445 \u0443\u0440\u0430\u0432\u043d\u0435\u043d\u0438\u0439 \u043d\u0430 \u043e\u043f\u0435\u0440\u0435\u0434\u043a\u0435 LAP.-Lambert Akad.Publ. (2012) 252p. (\u043c\u043e\u043d\u043e\u0433\u0440\u0430\u0444\u0438\u044f)<\/li>\n<li><strong>\u0424.\u0425. \u0420\u0430\u0433\u0438\u043c\u043e\u0432<\/strong>. \u0418\u043d\u0442\u0435\u0433\u0440\u0430\u043b\u044c\u043d\u044b\u0435 \u043f\u0440\u0435\u0434\u0435\u043b\u044c\u043d\u044b\u0435\u00a0 \u0442\u0435\u043e\u0440\u0435\u043c\u044b \u0434\u043b\u044f \u043c\u043e\u043c\u0435\u043d\u0442\u0430 \u043f\u0435\u0440\u0432\u043e\u0433\u043e \u0432\u044b\u0445\u043e\u0434\u0430 \u0446\u0435\u043d\u0438 \u043c\u0430\u0440\u043a\u043e\u0432\u0430 \u0437\u0430 \u043d\u0435\u043b\u0438\u043d\u0435\u0439\u043d\u0443\u044e \u0433\u0440\u0430\u043d\u0438\u0446\u0443. \u0422\u0412\u041f \u0438\u043c. \u0410.\u041d.\u041a\u043e\u043b\u043c\u043e\u0433\u043e\u0440\u043e\u0432\u0430 \u0422.54, \u0432.1(2012) \u0441.178-185 (\u0441\u043e\u0432\u043c. \u0424.\u0414\u0436. \u0410\u0437\u0438\u0437\u043e\u0432)<\/li>\n<li><strong>\u0410.\u041d.\u0414\u0436\u0430<\/strong><strong>\u0431<\/strong><strong>\u0440\u0430\u0438\u043b\u043e\u0432\u0430<\/strong>. On vector-valued analogy of Riezis-Fisher, Hardi and Littlewood \u00a0theory. Journal of Math. Analysis, vol.6, N.50, (2012) pp,2467-2472<\/li>\n<li><strong>A.S.Shukurov.\u00a0<\/strong>Necessery condition for Kostyuchenko type systems to be a basis in Lebesgue Spaces. Colloquium Mathematicum. 127(2012) pp.105-109.<\/li>\n<li><strong>A.H.Huseinov<\/strong>. Time evalution of the spectral data associated with the finite\u00a0 complex Toda Lattice Dinamical Systems and Methods, (2012), september 29, p.323-334, Spriuger.<\/li>\n<\/ul>\n<\/td>\n<\/tr>\n<\/tbody>\n<\/table>\n","protected":false},"excerpt":{"rendered":"<p>Struktur b\u00f6lm\u0259nin r\u0259hb\u0259ri: H\u0259midulla \u0130srafil o\u011flu Aslanov Fizika-riyaziyyat elml\u0259ri doktoru, professor. Tel: (012) 563-25-76, 050-637-09-02 E-mail: aslanov.50@mail.ru \u0130\u015f\u00e7il\u0259rin \u00fcmumi say\u0131: 20 Struktur b\u00f6lm\u0259nin \u0259sas f\u0259aliyy\u0259t istiqam\u0259tl\u0259ri: Diferensial operatorlar\u0131n spektral n\u0259z\u0259riyy\u0259sinin v\u0259 spektral analizin d\u00fcz v\u0259 t\u0259rs m\u0259s\u0259l\u0259l\u0259rinin t\u0259dqiqi Struktur b\u00f6lm\u0259nin \u0259sas elmi n\u0259tic\u0259l\u0259ri: Banax f\u0259zalar\u0131nda operatorlar\u0131n spektrinin v\u0259 \u0259d\u0259di oblast\u0131n\u0131n qurulu\u015funun t\u0259dqiqi. Birt\u0259rtibli hiperbolik t\u0259nlikl\u0259r [&hellip;]<\/p>\n","protected":false},"author":6,"featured_media":0,"parent":203,"menu_order":0,"comment_status":"open","ping_status":"open","template":"","meta":{"footnotes":""},"_links":{"self":[{"href":"https:\/\/www.imm.az\/exp\/wp-json\/wp\/v2\/pages\/205"}],"collection":[{"href":"https:\/\/www.imm.az\/exp\/wp-json\/wp\/v2\/pages"}],"about":[{"href":"https:\/\/www.imm.az\/exp\/wp-json\/wp\/v2\/types\/page"}],"author":[{"embeddable":true,"href":"https:\/\/www.imm.az\/exp\/wp-json\/wp\/v2\/users\/6"}],"replies":[{"embeddable":true,"href":"https:\/\/www.imm.az\/exp\/wp-json\/wp\/v2\/comments?post=205"}],"version-history":[{"count":5,"href":"https:\/\/www.imm.az\/exp\/wp-json\/wp\/v2\/pages\/205\/revisions"}],"predecessor-version":[{"id":43049,"href":"https:\/\/www.imm.az\/exp\/wp-json\/wp\/v2\/pages\/205\/revisions\/43049"}],"up":[{"embeddable":true,"href":"https:\/\/www.imm.az\/exp\/wp-json\/wp\/v2\/pages\/203"}],"wp:attachment":[{"href":"https:\/\/www.imm.az\/exp\/wp-json\/wp\/v2\/media?parent=205"}],"curies":[{"name":"wp","href":"https:\/\/api.w.org\/{rel}","templated":true}]}}