{"id":211594,"date":"2024-02-28T10:55:34","date_gmt":"2024-02-28T06:55:34","guid":{"rendered":"https:\/\/www.imm.az\/exp\/?page_id=211594"},"modified":"2024-07-17T14:43:29","modified_gmt":"2024-07-17T10:43:29","slug":"sob%c9%99l%c9%99rin-illik-hesabati-2023","status":"publish","type":"page","link":"https:\/\/www.imm.az\/exp\/sob%c9%99l%c9%99rin-illik-hesabati-2023\/","title":{"rendered":"\u015e\u00f6b\u0259l\u0259rin illik hesabat\u0131 \u2013 2023"},"content":{"rendered":"\n<p>2023 | <a href=\"https:\/\/www.imm.az\/exp\/sob%C9%99l%C9%99rin-illik-hesabati-2022\/\">2022<\/a> | <a href=\"https:\/\/www.imm.az\/exp\/sob%c9%99l%c9%99rin-illik-hesabati-2021\/\">2021<\/a> | <a href=\"https:\/\/www.imm.az\/exp\/sob%C9%99l%C9%99rin-illik-hesabati-2020\/\">2020<\/a> |&nbsp;<a href=\"https:\/\/www.imm.az\/exp\/sob%c9%99l%c9%99rin-illik-hesabati-2019\/\">2019&nbsp;<\/a>|&nbsp;<a href=\"https:\/\/www.imm.az\/exp\/?page_id=21756\">2018<\/a>&nbsp;|&nbsp;<a href=\"https:\/\/www.imm.az\/exp\/?page_id=15381\">2017<\/a>&nbsp;|&nbsp;<a href=\"https:\/\/www.imm.az\/exp\/?page_id=9495\">2016<\/a>&nbsp;|&nbsp;<a href=\"https:\/\/www.imm.az\/exp\/?page_id=2893\">2015<\/a>&nbsp;|&nbsp;<a href=\"https:\/\/www.imm.az\/exp\/?page_id=6201\">2014<\/a>&nbsp;|<\/p>\n\n\n\n<p>\u015e\u00f6b\u0259l\u0259r<\/p>\n\n\n\n<ul>\n<li><a href=\"https:\/\/www.imm.az\/exp\/wp-content\/uploads\/2023\/02\/yeni-illik-2022-hesabat-yeni.pdf\">Funksional analiz \u015f\u00f6b\u0259s<\/a><a href=\"https:\/\/www.imm.az\/exp\/wp-content\/uploads\/2024\/02\/2023-illik-hesabat.pdf\">i<\/a><\/li>\n\n\n\n<li><a href=\"https:\/\/www.imm.az\/exp\/wp-content\/uploads\/2024\/07\/AzRA-hesabat-Illik2023-4-\u2014QISA.pdf\">Riyazi analiz \u015f\u00f6b\u0259si<\/a><\/li>\n\n\n\n<li><a href=\"https:\/\/www.imm.az\/exp\/wp-content\/uploads\/2024\/02\/Hesabat-2023.pdf\">Funksiyalar n\u0259z\u0259riyy\u0259si \u015f\u00f6b\u0259si<\/a><\/li>\n\n\n\n<li><a href=\"https:\/\/www.imm.az\/exp\/wp-content\/uploads\/2024\/02\/Hesabat-diftenlik-2023-az.pdf\">Diferensial t\u0259nlikl\u0259r \u015f\u00f6b\u0259si<\/a><\/li>\n\n\n\n<li><a href=\"https:\/\/www.imm.az\/exp\/wp-content\/uploads\/2024\/03\/Illik-Hesabat-2023-az..pdf\">Riyazi fizika t\u0259nlikl\u0259ri \u015f\u00f6b\u0259si<\/a><\/li>\n\n\n\n<li><a href=\"https:\/\/www.imm.az\/exp\/wp-content\/uploads\/2024\/02\/Qisa_QHA_Azerb_illik_2023-yeni.pdf\">Qeyri-harmonik analiz \u015f\u00f6b\u0259si<\/a><\/li>\n\n\n\n<li><a href=\"https:\/\/www.imm.az\/exp\/wp-content\/uploads\/2024\/02\/illik-hesabat-2023.pdf\">Dal\u011fa dinamikas\u0131 \u015f\u00f6b\u0259si<\/a><\/li>\n\n\n\n<li><a href=\"https:\/\/www.imm.az\/exp\/wp-content\/uploads\/2024\/02\/Deformasiya_olunan_b\u0259rk_cisim_mexanikasi_2023_hasabat_illik_azerb.pdf\">Deformasiya olunan b\u0259rk cism mexanikas\u0131<\/a><\/li>\n\n\n\n<li><a href=\"https:\/\/www.imm.az\/exp\/wp-content\/uploads\/2024\/02\/HESABAT_ILLIK_PANAHOV_2023_FINAL_AZ_31_10_23_AZ.pdf\">Maye v\u0259 qaz mexanikas\u0131 \u015f\u00f6b\u0259si<\/a><\/li>\n\n\n\n<li><a href=\"https:\/\/www.imm.az\/exp\/wp-content\/uploads\/2024\/02\/Komp-tex-v\u0259-riyazi-stat-2023-illik-AZE.pdf\">Komp\u00fcter texnologiyalar\u0131 v\u0259 riyazi statistika<\/a><\/li>\n\n\n\n<li><a href=\"https:\/\/www.imm.az\/exp\/wp-content\/uploads\/2024\/02\/hesabat-illik-2023.pdf\">C\u0259br v\u0259 riyazi m\u0259ntiq \u015f\u00f6b\u0259si<\/a><\/li>\n\n\n\n<li><a href=\"https:\/\/www.imm.az\/exp\/wp-content\/uploads\/2024\/03\/Hesabat-2023-T\u0259tbiqi-riyaziyyat-3-dild\u0259.pdf\">T\u0259tbiqi riyaziyyat \u015f\u00f6b\u0259si<\/a><\/li>\n\n\n\n<li><a href=\"https:\/\/www.imm.az\/exp\/wp-content\/uploads\/2024\/02\/1.-Optimal-illik-hesabat-2023.pdf\">Optimal idar\u0259etm\u0259 \u015f\u00f6b\u0259si<\/a><\/li>\n\n\n\n<li><a href=\"https:\/\/www.imm.az\/exp\/wp-content\/uploads\/2024\/02\/Hesabat_BES_2023_Illik_AZ.pdf\">Beyn\u0259lxalq \u0259laq\u0259l\u0259r \u015f\u00f6b\u0259si<\/a><\/li>\n\n\n\n<li><a href=\"https:\/\/www.imm.az\/exp\/wp-content\/uploads\/2024\/06\/Ictimaiyyetle-elaqeler-sob\u0259si-2023-Az..pdf\">\u0130ctimaiyy\u0259tl\u0259 \u0259laq\u0259l\u0259r \u015f\u00f6b\u0259si<\/a><\/li>\n\n\n\n<li>Elmi \u2013texniki informasiya \u015f\u00f6b\u0259si<\/li>\n\n\n\n<li><a href=\"https:\/\/www.imm.az\/exp\/wp-content\/uploads\/2024\/03\/illik-hesabar-az.pdf\">T\u0259hsil \u015f\u00f6b\u0259si<\/a><\/li>\n\n\n\n<li><a href=\"https:\/\/www.imm.az\/exp\/wp-content\/uploads\/2024\/03\/Hesabat_Lab_2023_illik.pdf\">Siqnallar\u0131n emal\u0131n\u0131n riyazi probleml\u0259ri laboratoriyas\u0131<\/a><\/li>\n<\/ul>\n\n\n\n<p><strong>Jurnallar<\/strong><\/p>\n\n\n\n<ul>\n<li><a href=\"https:\/\/www.imm.az\/exp\/wp-content\/uploads\/2024\/05\/TRANSMECH_HESABAT_2023_AZ.docx\">Az\u0259rbaycan Milli Elml\u0259r Akademiyas\u0131n\u0131n X\u0259b\u0259rl\u0259ri, Mexanika\u00a0burax\u0131l\u0131\u015f\u0131, fizika-texnika v\u0259 riyaziyyat elml\u0259ri<\/a><\/li>\n\n\n\n<li><a href=\"https:\/\/www.imm.az\/exp\/wp-content\/uploads\/2024\/03\/Az-Illik-Hesabat_TRANSACTIONS-2023.pdf\">Az\u0259rbaycan Milli Elml\u0259r Akademiyas\u0131n\u0131n X\u0259b\u0259rl\u0259ri, Riyaziyyat burax\u0131l\u0131\u015f\u0131, fizika \u2013 riyaziyyat v\u0259 texnika eml\u0259ri b\u00f6lm\u0259si<\/a><\/li>\n\n\n\n<li><a href=\"https:\/\/www.imm.az\/exp\/wp-content\/uploads\/2024\/02\/PIMM-azer-2023-illik.pdf\">Riyaziyyat v\u0259 M\u0259xanika \u0130nstitutunun\u00a0\u018fs\u0259rl\u0259ri jurnal\u0131<\/a><\/li>\n\n\n\n<li><a href=\"https:\/\/www.imm.az\/exp\/wp-content\/uploads\/2024\/02\/Az_Azerbaijan-Journal-of-Mathematics_2023.pdf\">Az\u0259rbaycan Riyaziyyat jurnal\u0131<\/a><\/li>\n<\/ul>\n","protected":false},"excerpt":{"rendered":"<p>2023 | 2022 | 2021 | 2020 |&nbsp;2019&nbsp;|&nbsp;2018&nbsp;|&nbsp;2017&nbsp;|&nbsp;2016&nbsp;|&nbsp;2015&nbsp;|&nbsp;2014&nbsp;| \u015e\u00f6b\u0259l\u0259r Jurnallar<\/p>\n","protected":false},"author":6,"featured_media":0,"parent":0,"menu_order":0,"comment_status":"closed","ping_status":"closed","template":"","meta":{"footnotes":""},"_links":{"self":[{"href":"https:\/\/www.imm.az\/exp\/wp-json\/wp\/v2\/pages\/211594"}],"collection":[{"href":"https:\/\/www.imm.az\/exp\/wp-json\/wp\/v2\/pages"}],"about":[{"href":"https:\/\/www.imm.az\/exp\/wp-json\/wp\/v2\/types\/page"}],"author":[{"embeddable":true,"href":"https:\/\/www.imm.az\/exp\/wp-json\/wp\/v2\/users\/6"}],"replies":[{"embeddable":true,"href":"https:\/\/www.imm.az\/exp\/wp-json\/wp\/v2\/comments?post=211594"}],"version-history":[{"count":5,"href":"https:\/\/www.imm.az\/exp\/wp-json\/wp\/v2\/pages\/211594\/revisions"}],"predecessor-version":[{"id":213642,"href":"https:\/\/www.imm.az\/exp\/wp-json\/wp\/v2\/pages\/211594\/revisions\/213642"}],"wp:attachment":[{"href":"https:\/\/www.imm.az\/exp\/wp-json\/wp\/v2\/media?parent=211594"}],"curies":[{"name":"wp","href":"https:\/\/api.w.org\/{rel}","templated":true}]}}