{"id":213,"date":"2014-02-09T08:48:20","date_gmt":"2014-02-09T08:48:20","guid":{"rendered":"http:\/\/centralbaku.com\/imm\/?page_id=213"},"modified":"2023-02-07T11:56:13","modified_gmt":"2023-02-07T07:56:13","slug":"riyazi-fizika-t%c9%99nlikl%c9%99ri-sob%c9%99si","status":"publish","type":"page","link":"https:\/\/www.imm.az\/exp\/sob%c9%99l%c9%99r\/riyazi-fizika-t%c9%99nlikl%c9%99ri-sob%c9%99si\/","title":{"rendered":"Riyazi fizika t\u0259nlikl\u0259ri \u015f\u00f6b\u0259si"},"content":{"rendered":"<p><img loading=\"lazy\" decoding=\"async\" class=\"alignleft size-full wp-image-3837\" src=\"https:\/\/www.imm.az\/exp\/wp-content\/uploads\/2014\/02\/Riyazi_fizika_tenlikleri.jpg\" alt=\"Riyazi_fizika_tenlikleri\" width=\"600\" height=\"400\" srcset=\"https:\/\/www.imm.az\/exp\/wp-content\/uploads\/2014\/02\/Riyazi_fizika_tenlikleri.jpg 600w, https:\/\/www.imm.az\/exp\/wp-content\/uploads\/2014\/02\/Riyazi_fizika_tenlikleri-300x200.jpg 300w\" sizes=\"(max-width: 600px) 100vw, 600px\" \/><\/p>\n<table style=\"border: none;\" border=\"0\" width=\"100%\" cellspacing=\"0\" cellpadding=\"0\">\n<tbody>\n<tr>\n<td valign=\"top\" width=\"193\"><strong>Struktur b\u00f6lm\u0259nin r\u0259hb\u0259ri:<\/strong><\/td>\n<td>Rauf V\u0259li o\u011flu H\u00fcseynov Fizika-riyaziyyat elml\u0259ri doktoru, professor, AMEA-n\u0131n m\u00fcxbir \u00fczv\u00fc<\/td>\n<\/tr>\n<tr>\n<td valign=\"top\"><\/td>\n<td><\/td>\n<\/tr>\n<tr>\n<td valign=\"top\"><strong>Tel:<\/strong><\/td>\n<td>(+994 12) 5387250<\/td>\n<\/tr>\n<tr>\n<td valign=\"top\"><strong>E-mail:<\/strong><\/td>\n<td><a href=\"mailto:Riyazi_fizika@rmi.science.az\">r<\/a><a href=\"mailto:auf.huseynov@imm.az\">auf.huseynov@imm.az<\/a><\/td>\n<\/tr>\n<tr>\n<td valign=\"top\"><strong>\u0130\u015f\u00e7il\u0259rin \u00fcmumi say\u0131:<\/strong><\/td>\n<td>12<\/td>\n<\/tr>\n<tr>\n<td valign=\"top\"><\/td>\n<td><\/td>\n<\/tr>\n<tr>\n<td valign=\"top\"><strong>Struktur b\u00f6lm\u0259nin \u0259sas f\u0259aliyy\u0259t istiqam\u0259tl\u0259ri:<\/strong><\/td>\n<td>\n<ul>\n<li>\u00a0Divergent v\u0259 qeyri-divergent strukturlu x\u0259tti v\u0259 qeyri-x\u0259tti kvazielliptik t\u0259nlikl\u0259r v\u0259 kvazielliptik hiss\u0259li qeyri stasionar t\u0259nlikl\u0259r \u00fc\u00e7\u00fcn m\u00fcxt\u0259lif s\u0259rh\u0259d m\u0259s\u0259l\u0259l\u0259rinin birqiym\u0259tli h\u0259ll olunmas\u0131;<\/li>\n<li>Qeyri-x\u0259tti psevdohiperbolik t\u0259nlikl\u0259rin h\u0259ll\u0259rinin keyfiyy\u0259t xass\u0259l\u0259rinin t\u0259dqiqi;<\/li>\n<li>D\u00fcz v\u0259 t\u0259rs m\u0259s\u0259l\u0259l\u0259rin ara\u015fd\u0131r\u0131lmas\u0131.<\/li>\n<\/ul>\n<\/td>\n<\/tr>\n<tr>\n<td valign=\"top\"><\/td>\n<td><\/td>\n<\/tr>\n<tr>\n<td valign=\"top\"><strong>Struktur b\u00f6lm\u0259nin \u0259sas elmi n\u0259tic\u0259l\u0259ri:<\/strong><\/td>\n<td>\n<ul>\n<li>Kvazielliptik t\u0259nlikl\u0259rin m\u0259nfi spektrl\u0259ri t\u0259dqiq olunmu\u015f v\u0259 onlar\u0131n say\u0131 qiym\u0259tl\u0259ndirilmi\u015f;<\/li>\n<li>divergent v\u0259 qeyri-divergent strukturlu ikinci t\u0259rtib c\u0131rla\u015fan v\u0259 c\u0131rla\u015fmayan elliptik v\u0259 parabolik t\u0259nlikl\u0259rin keyfiyy\u0259t xass\u0259l\u0259rini \u0259ks etdir\u0259n n\u0259tic\u0259l\u0259r al\u0131nm\u0131\u015f;<\/li>\n<li>parabolik t\u0259nlikl\u0259r \u00fc\u00e7\u00fcn s\u0259rh\u0259d n\u00f6qt\u0259sinin requlyarl\u0131\u011f\u0131n\u0131n Viner v\u0259 Petrovski tip kriteriyalar\u0131n\u0131n ekvivalentl\u0131yi isbat edilmi\u015f;<\/li>\n<li>qeyri-divergent strukturlu k\u0259sil\u0259n \u0259msall\u0131 parabolik t\u0259nlikl\u0259rin h\u0259ll\u0259rinin keyfiyy\u0259t xass\u0259l\u0259ri ara\u015fd\u0131r\u0131lm\u0131\u015f;<\/li>\n<li>x\u0259tti, yar\u0131mx\u0259tti, kvazix\u0259tti parabolik t\u0259nlikl\u0259r v\u0259 t\u0259nlikl\u0259r sistemi \u00fc\u00e7\u00fcn \u0259msall\u0131 t\u0259rs m\u0259s\u0259l\u0259l\u0259rin &#8220;\u015f\u0259rti&#8221; korrektliyi ara\u015fd\u0131r\u0131lm\u0131\u015f;<\/li>\n<li>bir sinif psevdohiperbolik v\u0259 psevdoparabolik t\u0259nlikl\u0259rin h\u0259ll\u0259rinin keyfiyy\u0259t xass\u0259l\u0259ri \u00f6yr\u0259nilmi\u015f;<\/li>\n<li>parabolik potensiallar m\u0259xsusi oblastlarda qiym\u0259tl\u0259ndirilmi\u015f;<\/li>\n<li>c\u0131rla\u015fan qeyri-x\u0259tti t\u0259nlikl\u0259rin h\u0259ll\u0259rinin m\u0259xsusi n\u00f6qt\u0259 \u0259traf\u0131nda asimptotikas\u0131 t\u0259dqiq olunmu\u015f;<\/li>\n<li>ikinci t\u0259rtib kvazix\u0259tti elliptik t\u0259nlikl\u0259r \u00fc\u00e7\u00fcn Puankare b\u0259rab\u0259rsizliyi isbat edilmi\u015f;<\/li>\n<li>k\u0259sil\u0259n \u0259msall\u0131 Kordes tipli x\u0259tti v\u0259 kvazix\u0259tti elliptik t\u0259nlikl\u0259r \u00fc\u00e7\u00fcn qoyulmu\u015f Dirixle v\u0259 Neyman m\u0259s\u0259l\u0259sinin h\u0259llinin varl\u0131q v\u0259 yegan\u0259lik m\u0259s\u0259l\u0259l\u0259ri t\u0259dqiq olunmu\u015f;<\/li>\n<li>c\u0131rla\u015fan t\u0259nlikl\u0259r \u00fc\u00e7\u00fcn Karleson tipli aradan qald\u0131r\u0131la bil\u0259n m\u0259xsusiyy\u0259t teoreml\u0259ri isbat edilmi\u015f;<\/li>\n<li>ba\u015f hiss\u0259si c\u0131rla\u015fan p-Laplasian tipli kvazix\u0259tti t\u0259nlikl\u0259r \u00fc\u00e7\u00fcn keyfiyy\u0259t xass\u0259l\u0259rini \u0259ks etdir\u0259n v\u0259 aradan qald\u0131r\u0131la bil\u0259n m\u0259xsusiyy\u0259t teoreml\u0259ri isbat edilmi\u015f;<\/li>\n<li>Puankare-Sobolev v\u0259 Hardi tipli m\u00fcnt\u0259z\u0259m v\u0259 qeyri-m\u00fcnt\u0259z\u0259m b\u0259rab\u0259rsizlikl\u0259ri isbat olunmu\u015f;<\/li>\n<li>d\u0259yi\u015f\u0259n eksponent Lebeq f\u0259zalar\u0131nda \u00e7\u0259kili Hardi b\u0259rab\u0259rsizlikl\u0259ri isbat edilmi\u015f;<\/li>\n<li>yar\u0131mx\u0259tti elliptik v\u0259 parabolik tip t\u0259nlikl\u0259rin qlobal h\u0259ll\u0259rinin varl\u0131\u011f\u0131 m\u0259s\u0259l\u0259si t\u0259dqiq edilmi\u015f, h\u0259ll\u0259rin varl\u0131\u011f\u0131 \u00fc\u00e7\u00fcn d\u0259qiq qiym\u0259tl\u0259ndirilm\u0259l\u0259r tap\u0131lm\u0131\u015f;<\/li>\n<li>bircins Neyman \u015f\u0259rtini \u00f6d\u0259y\u0259n h\u0259ll\u0259rin sonsuzlu\u011fun \u0259traf\u0131nda asimptotikas\u0131 \u00f6yr\u0259nilmi\u015f;<\/li>\n<li>x\u0259tti adi diferensial v\u0259 x\u00fcsusi t\u00f6r\u0259m\u0259li t\u0259nlikl\u0259rin s\u0259rh\u0259d \u015f\u0259rtsiz h\u0259llinin yegan\u0259liyi ara\u015fd\u0131r\u0131lm\u0131\u015f;<\/li>\n<\/ul>\n<p>ikinci t\u0259rtib c\u0131rla\u015fan elliptik t\u0259nlikl\u0259r \u00fc\u00e7\u00fcn Zaremba m\u0259s\u0259l\u0259sinin h\u0259llinin s\u0259rh\u0259dd\u0259 \u00f6z\u00fcn\u00fc aparmas\u0131 \u00f6yr\u0259nilmi\u015f, x\u00fcsusi sferik laylarda uzla\u015fma n\u00f6qt\u0259sinin requlyarl\u0131\u011f\u0131 ara\u015fd\u0131r\u0131lm\u0131\u015fd\u0131r.<\/p>\n<ul>\n<li><strong><a href=\"https:\/\/www.imm.az\/exp\/n%C9%99srl%C9%99r-2021\/\">N\u0259\u015frl\u0259r &#8211; 2021<\/a><\/strong><\/li>\n<li><strong><a href=\"https:\/\/www.imm.az\/exp\/n%c9%99srl%c9%99r-2020\/\">N\u0259\u015frl\u0259r &#8211; 2020<\/a><\/strong><\/li>\n<li><strong><a href=\"https:\/\/www.imm.az\/exp\/n%C9%99srl%C9%99r-2019\/\">N\u0259\u015frl\u0259r &#8211; 2019<\/a><\/strong><\/li>\n<li><strong><a href=\"https:\/\/www.imm.az\/exp\/n%C9%99srl%C9%99r-2018\/\">N\u0259\u015frl\u0259r &#8211; 2018<\/a><\/strong><\/li>\n<li><a href=\"\/exp\/?page_id=15700\"><strong>N\u0259\u015frl\u0259r \u2013 2017<\/strong><\/a><\/li>\n<li><a href=\"\/exp\/?page_id=9642\"><strong>N\u0259\u015frl\u0259r \u2013 2016<\/strong><\/a><\/li>\n<li><a href=\"\/exp\/?page_id=4830\"><strong>N\u0259\u015frl\u0259r \u2013 2015<\/strong><\/a><\/li>\n<li><a href=\"\/exp\/?page_id=4420\"><strong>N\u0259\u015frl\u0259r \u2013 2014<\/strong><\/a><\/li>\n<\/ul>\n<\/td>\n<\/tr>\n<\/tbody>\n<\/table>\n","protected":false},"excerpt":{"rendered":"<p>Struktur b\u00f6lm\u0259nin r\u0259hb\u0259ri: Rauf V\u0259li o\u011flu H\u00fcseynov Fizika-riyaziyyat elml\u0259ri doktoru, professor, AMEA-n\u0131n m\u00fcxbir \u00fczv\u00fc Tel: (+994 12) 5387250 E-mail: rauf.huseynov@imm.az \u0130\u015f\u00e7il\u0259rin \u00fcmumi say\u0131: 12 Struktur b\u00f6lm\u0259nin \u0259sas f\u0259aliyy\u0259t istiqam\u0259tl\u0259ri: \u00a0Divergent v\u0259 qeyri-divergent strukturlu x\u0259tti v\u0259 qeyri-x\u0259tti kvazielliptik t\u0259nlikl\u0259r v\u0259 kvazielliptik hiss\u0259li qeyri stasionar t\u0259nlikl\u0259r \u00fc\u00e7\u00fcn m\u00fcxt\u0259lif s\u0259rh\u0259d m\u0259s\u0259l\u0259l\u0259rinin birqiym\u0259tli h\u0259ll olunmas\u0131; Qeyri-x\u0259tti psevdohiperbolik t\u0259nlikl\u0259rin h\u0259ll\u0259rinin [&hellip;]<\/p>\n","protected":false},"author":6,"featured_media":0,"parent":203,"menu_order":0,"comment_status":"open","ping_status":"open","template":"","meta":{"footnotes":""},"_links":{"self":[{"href":"https:\/\/www.imm.az\/exp\/wp-json\/wp\/v2\/pages\/213"}],"collection":[{"href":"https:\/\/www.imm.az\/exp\/wp-json\/wp\/v2\/pages"}],"about":[{"href":"https:\/\/www.imm.az\/exp\/wp-json\/wp\/v2\/types\/page"}],"author":[{"embeddable":true,"href":"https:\/\/www.imm.az\/exp\/wp-json\/wp\/v2\/users\/6"}],"replies":[{"embeddable":true,"href":"https:\/\/www.imm.az\/exp\/wp-json\/wp\/v2\/comments?post=213"}],"version-history":[{"count":5,"href":"https:\/\/www.imm.az\/exp\/wp-json\/wp\/v2\/pages\/213\/revisions"}],"predecessor-version":[{"id":43055,"href":"https:\/\/www.imm.az\/exp\/wp-json\/wp\/v2\/pages\/213\/revisions\/43055"}],"up":[{"embeddable":true,"href":"https:\/\/www.imm.az\/exp\/wp-json\/wp\/v2\/pages\/203"}],"wp:attachment":[{"href":"https:\/\/www.imm.az\/exp\/wp-json\/wp\/v2\/media?parent=213"}],"curies":[{"name":"wp","href":"https:\/\/api.w.org\/{rel}","templated":true}]}}