{"id":213431,"date":"2024-06-24T21:20:00","date_gmt":"2024-06-24T17:20:00","guid":{"rendered":"https:\/\/www.imm.az\/exp\/?page_id=213431"},"modified":"2024-06-24T21:20:01","modified_gmt":"2024-06-24T17:20:01","slug":"riyaziyyat-v%c9%99-mexanika-institutunun-aparici-elmi-iscisi-f-r-e-n-dosent-guls%c9%99n-agayevanin-70-yasi-tamam-olur","status":"publish","type":"page","link":"https:\/\/www.imm.az\/exp\/riyaziyyat-v%c9%99-mexanika-institutunun-aparici-elmi-iscisi-f-r-e-n-dosent-guls%c9%99n-agayevanin-70-yasi-tamam-olur\/","title":{"rendered":"Riyaziyyat v\u0259 Mexanika \u0130nstitutunun apar\u0131c\u0131 elmi i\u015f\u00e7isi, f-r.e.n., dosent \u00a0G\u00fcl\u015f\u0259n A\u011fayevan\u0131n 70 ya\u015f\u0131 tamam olur!"},"content":{"rendered":"\n<div class=\"wp-block-image\"><figure class=\"alignleft size-full is-resized\"><a href=\"https:\/\/www.imm.az\/exp\/wp-content\/uploads\/2024\/06\/Gulshen-A..jpg\"><img loading=\"lazy\" decoding=\"async\" src=\"https:\/\/www.imm.az\/exp\/wp-content\/uploads\/2024\/06\/Gulshen-A..jpg\" alt=\"\" class=\"wp-image-213430\" width=\"315\" height=\"148\"\/><\/a><\/figure><\/div>\n\n\n\n<p>Elm v\u0259 T\u0259hsil nazirliyi Riyaziyyat v\u0259 Mexanika \u0130nstitutunun apar\u0131c\u0131 elmi i\u015f\u00e7isi, f-r.e.n., dosent &nbsp;G\u00fcl\u015f\u0259n A\u011fayevan\u0131n 70 ya\u015f\u0131 tamam olur.<\/p>\n\n\n\n<p>G\u00fcl\u015f\u0259n Ramiz q\u0131z\u0131 A\u011fayeva 10 fevral 1954-c\u00fc ild\u0259 Bak\u0131 \u015f\u0259h\u0259rind\u0259 anadan olub.&nbsp;&nbsp; G. A\u011fayeva 1980-c\u0131 ild\u0259 M. \u018fzizb\u0259yov ad\u0131na Az\u0259rbaycan Neft v\u0259 Kimya Institutun (indiki Az\u0259rbaycan D\u00f6vl\u0259t Neft v\u0259 S\u0259naye Universiteti) neft-m\u0259d\u0259n fak\u00fclt\u0259sini bitirib. 1973-1987-ci ill\u0259rd\u0259 h\u0259min institutda akademik A.X.Mirz\u0259canzad\u0259 r\u0259hb\u0259rlik etdiyi \u201cNeft yataqlar\u0131n i\u015fl\u0259nm\u0259si v\u0259 istismar\u0131 \u201d kafedras\u0131nda \u00e7al\u0131\u015f\u0131b.<\/p>\n\n\n\n<p>G.A\u011fayeva 1987-ci ild\u0259n is\u0259 Az\u0259rbaycan EA (AMEA) Riyaziyyat v\u0259 Mexanika \u0130nstitutunda ki\u00e7ik elmi i\u015f\u00e7i, elmi i\u015f\u00e7i, b\u00f6y\u00fck elmi i\u015f\u00e7i, apar\u0131c\u0131 elmi i\u015f\u00e7i v\u0259zif\u0259sind\u0259 i\u015fl\u0259yir. 2008-ci ild\u0259&#8221;Heterogen sisteml\u0259rin ax\u0131nlar\u0131nda \u00e7\u0259tinl\u0259\u015fdirici faktorlar\u0131 n\u0259z\u0259r\u0259 almaqla qeyri m\u00fcnt\u0259z\u0259m x\u00fcsusiyy\u0259tl\u0259rin t\u0259tqiqi v\u0259 t\u0259nziml\u0259nm\u0259si&#8221; m\u00f6vzusunda 2003.01-Maye,qaz v\u0259 plazma mexanikas\u0131 ixtisas\u0131 \u00fczr\u0259 fizika-riyaziyyat elml\u0259ri namiz\u0259di d\u0259r\u0259c\u0259sini almaq \u00fc\u00e7\u00fcn Bak\u0131 D\u00f6vl\u0259t Universitetind\u0259 dissertasiya i\u015fini m\u00fcdafi\u0259 etmi\u015fdir.<\/p>\n\n\n\n<p>G\u00fcl\u015f\u0259n A\u011fayeva 32 elmi i\u015fin m\u00fc\u0259llifidir. O,h\u0259m\u00e7inin 2010-2013-c\u00fc ill\u0259rd\u0259 Elmin \u0130nki\u015faf Fondu t\u0259r\u0259find\u0259n t\u0259sis edilmi\u015f v\u0259 Neft \u015firk\u0259tinin elm\u0259 d\u0259st\u0259k qrant layih\u0259l\u0259rin yerin\u0259 yetirilm\u0259sind\u0259 i\u015ftirak etmi\u015fdir.&nbsp; &nbsp; &nbsp; &nbsp; &nbsp; &nbsp; Hal -haz\u0131rda &#8220;Hedrogen sisteml\u0259rin birg\u0259 ax\u0131nlar\u0131nda yaranan qeyri stasionar,qeyri tarazl\u0131q prosesl\u0259rin n\u0259z\u0259ri v\u0259 t\u0259tbiqi \u0259saslar\u0131n\u0131n i\u015fl\u0259nm\u0259si&#8221;m\u00f6vzusunda elmi t\u0259dqiqat i\u015fl\u0259rinin apar\u0131lmas\u0131nda f\u0259al i\u015ftirak edir.<\/p>\n\n\n\n<p>G\u00fcl\u015f\u0259n &nbsp;A\u011fayeva 2014-c\u00fc ild\u0259 \u201c\u018fm\u0259k veteran\u0131\u201d il\u0259 t\u0259ltif olunub.<\/p>\n\n\n\n<p><em>\u0130nstitutun kollektivi G\u00fcl\u015f\u0259n xan\u0131m\u0131 70 ya\u015f\u0131 tamam olmas\u0131 m\u00fcnasib\u0259til\u0259 t\u0259brik edir, ona uzun \u00f6m\u00fcr, can sa\u011fl\u0131\u011f\u0131, elmi yarad\u0131c\u0131l\u0131\u011f\u0131nda, \u015f\u0259xsi v\u0259 i\u015f h\u0259yat\u0131nda yeni u\u011furlar arzulay\u0131r\u0131q!<\/em><\/p>\n","protected":false},"excerpt":{"rendered":"<p>Elm v\u0259 T\u0259hsil nazirliyi Riyaziyyat v\u0259 Mexanika \u0130nstitutunun apar\u0131c\u0131 elmi i\u015f\u00e7isi, f-r.e.n., dosent &nbsp;G\u00fcl\u015f\u0259n A\u011fayevan\u0131n 70 ya\u015f\u0131 tamam olur. G\u00fcl\u015f\u0259n Ramiz q\u0131z\u0131 A\u011fayeva 10 fevral 1954-c\u00fc ild\u0259 Bak\u0131 \u015f\u0259h\u0259rind\u0259 anadan olub.&nbsp;&nbsp; G. A\u011fayeva 1980-c\u0131 ild\u0259 M. \u018fzizb\u0259yov ad\u0131na Az\u0259rbaycan Neft v\u0259 Kimya Institutun (indiki Az\u0259rbaycan D\u00f6vl\u0259t Neft v\u0259 S\u0259naye Universiteti) neft-m\u0259d\u0259n fak\u00fclt\u0259sini bitirib. 1973-1987-ci ill\u0259rd\u0259 [&hellip;]<\/p>\n","protected":false},"author":6,"featured_media":0,"parent":0,"menu_order":0,"comment_status":"closed","ping_status":"closed","template":"","meta":{"footnotes":""},"_links":{"self":[{"href":"https:\/\/www.imm.az\/exp\/wp-json\/wp\/v2\/pages\/213431"}],"collection":[{"href":"https:\/\/www.imm.az\/exp\/wp-json\/wp\/v2\/pages"}],"about":[{"href":"https:\/\/www.imm.az\/exp\/wp-json\/wp\/v2\/types\/page"}],"author":[{"embeddable":true,"href":"https:\/\/www.imm.az\/exp\/wp-json\/wp\/v2\/users\/6"}],"replies":[{"embeddable":true,"href":"https:\/\/www.imm.az\/exp\/wp-json\/wp\/v2\/comments?post=213431"}],"version-history":[{"count":1,"href":"https:\/\/www.imm.az\/exp\/wp-json\/wp\/v2\/pages\/213431\/revisions"}],"predecessor-version":[{"id":213432,"href":"https:\/\/www.imm.az\/exp\/wp-json\/wp\/v2\/pages\/213431\/revisions\/213432"}],"wp:attachment":[{"href":"https:\/\/www.imm.az\/exp\/wp-json\/wp\/v2\/media?parent=213431"}],"curies":[{"name":"wp","href":"https:\/\/api.w.org\/{rel}","templated":true}]}}