{"id":213433,"date":"2024-06-24T21:21:22","date_gmt":"2024-06-24T17:21:22","guid":{"rendered":"https:\/\/www.imm.az\/exp\/?page_id=213433"},"modified":"2024-06-24T21:21:23","modified_gmt":"2024-06-24T17:21:23","slug":"funksional-analiz-sob%c9%99sinin-bas-elmi-iscisi-riyaziyyat-uzr%c9%99-elml%c9%99r-doktoru-elsad-eyvazovu-75-yas-munasib%c9%99til%c9%99-t%c9%99brik-edirik","status":"publish","type":"page","link":"https:\/\/www.imm.az\/exp\/funksional-analiz-sob%c9%99sinin-bas-elmi-iscisi-riyaziyyat-uzr%c9%99-elml%c9%99r-doktoru-elsad-eyvazovu-75-yas-munasib%c9%99til%c9%99-t%c9%99brik-edirik\/","title":{"rendered":"\u201cFunksional analiz\u201d \u015f\u00f6b\u0259sinin ba\u015f elmi i\u015f\u00e7isi, riyaziyyat \u00fczr\u0259 elml\u0259r doktoru El\u015fad Eyvazovu 75 ya\u015f m\u00fcnasib\u0259til\u0259 t\u0259brik edirik!"},"content":{"rendered":"\n<div class=\"wp-block-image\"><figure class=\"alignleft size-full is-resized\"><a href=\"https:\/\/www.imm.az\/exp\/wp-content\/uploads\/2024\/06\/Elshad-m..jpg\"><img loading=\"lazy\" decoding=\"async\" src=\"https:\/\/www.imm.az\/exp\/wp-content\/uploads\/2024\/06\/Elshad-m..jpg\" alt=\"\" class=\"wp-image-213434\" width=\"207\" height=\"278\"\/><\/a><\/figure><\/div>\n\n\n\n<p>El\u015fad H\u0259t\u0259m o\u011flu Eyvazov 01 aprel 1949-cu ild\u0259 \u015eamax\u0131 rayonunun B\u0259kl\u0259 k\u0259ndind\u0259 anadan olub. 1966-c\u0131 ild\u0259 \u015eamax\u0131 rayonunun N\u0259rimank\u0259nd orta m\u0259kt\u0259bini m\u00fcv\u0259ff\u0259qiyy\u0259tl\u0259 bitirib. 1967-ci ild\u0259 S.M.Kirov ad\u0131na Az\u0259rbaycan D\u00f6vl\u0259t Universitetinin (indiki BDU-nun) \u201cMexanika-riyaziyyat fak\u00fclt\u0259sinin \u201cRiyaziyyat\u201d \u015f\u00f6b\u0259sin\u0259 daxil olub. 1972-ci ild\u0259 h\u0259min fak\u00fclt\u0259ni f\u0259rql\u0259nm\u0259 diplomu il\u0259 bitirib.1974-c\u00fc ild\u0259 Az\u0259rbaycan SSR EA-n\u0131n Riyaziyyat v\u0259 Mexanika \u0130nstitutunda ba\u015f laborant,ki\u00e7ik elmi i\u015f\u00e7i,ba\u015f elmi i\u015f\u00e7i v\u0259zif\u0259l\u0259rind\u0259 \u00e7al\u0131\u015f\u0131b. Halhaz\u0131rda RM\u0130-nun \u201cFunksional analiz\u201d \u015f\u00f6b\u0259sind\u0259 ba\u015f elmi i\u015f\u00e7isi v\u0259zif\u0259sind\u0259 \u00e7al\u0131\u015f\u0131r.<\/p>\n\n\n\n<p>2016-c\u0131 ild\u0259 \u201cKvant mexanikas\u0131n\u0131n b\u0259zi diferensial operatorlar\u0131n\u0131n spektral xass\u0259l\u0259ri haqq\u0131nda\u201d m\u00f6vzusu il\u0259 doktorluq dissertasiyas\u0131n\u0131 m\u00fcdafi\u0259 etmi\u015fdir. El\u015fad Eyvazov 70-\u0259 yax\u0131n elmi m\u0259qal\u0259l\u0259rin m\u00fc\u0259llifidir. M\u0259qal\u0259l\u0259ri Rusiya Federasiyas\u0131, Ukrayna, \u0130ngilt\u0259r\u0259 v\u0259 AB\u015e-n\u0131n n\u00fcfuzlu jurnallar\u0131nda \u00e7ap olunub.<\/p>\n\n\n\n<p><strong>&nbsp;<em>\u0130nstitutun kollektivi&nbsp;<\/em><\/strong><em><strong>El\u015fad Eyvazovu 75<\/strong><\/em> <strong><em>ya\u015f\u0131 tamam olmas\u0131 m\u00fcnasib\u0259til\u0259 t\u0259brik edir, ona insan h\u0259yat\u0131 \u00fc\u00e7\u00fcn \u0259n d\u0259y\u0259rli nem\u0259t olan can sa\u011fl\u0131\u011f\u0131, uzun \u00f6m\u00fcr, elmi-pedaqoji, ictimai f\u0259aliyy\u0259tind\u0259 m\u00fcv\u0259ff\u0259qiyy\u0259tl\u0259r arzulay\u0131r.<\/em><\/strong><\/p>\n","protected":false},"excerpt":{"rendered":"<p>El\u015fad H\u0259t\u0259m o\u011flu Eyvazov 01 aprel 1949-cu ild\u0259 \u015eamax\u0131 rayonunun B\u0259kl\u0259 k\u0259ndind\u0259 anadan olub. 1966-c\u0131 ild\u0259 \u015eamax\u0131 rayonunun N\u0259rimank\u0259nd orta m\u0259kt\u0259bini m\u00fcv\u0259ff\u0259qiyy\u0259tl\u0259 bitirib. 1967-ci ild\u0259 S.M.Kirov ad\u0131na Az\u0259rbaycan D\u00f6vl\u0259t Universitetinin (indiki BDU-nun) \u201cMexanika-riyaziyyat fak\u00fclt\u0259sinin \u201cRiyaziyyat\u201d \u015f\u00f6b\u0259sin\u0259 daxil olub. 1972-ci ild\u0259 h\u0259min fak\u00fclt\u0259ni f\u0259rql\u0259nm\u0259 diplomu il\u0259 bitirib.1974-c\u00fc ild\u0259 Az\u0259rbaycan SSR EA-n\u0131n Riyaziyyat v\u0259 Mexanika \u0130nstitutunda ba\u015f [&hellip;]<\/p>\n","protected":false},"author":6,"featured_media":0,"parent":0,"menu_order":0,"comment_status":"closed","ping_status":"closed","template":"","meta":{"footnotes":""},"_links":{"self":[{"href":"https:\/\/www.imm.az\/exp\/wp-json\/wp\/v2\/pages\/213433"}],"collection":[{"href":"https:\/\/www.imm.az\/exp\/wp-json\/wp\/v2\/pages"}],"about":[{"href":"https:\/\/www.imm.az\/exp\/wp-json\/wp\/v2\/types\/page"}],"author":[{"embeddable":true,"href":"https:\/\/www.imm.az\/exp\/wp-json\/wp\/v2\/users\/6"}],"replies":[{"embeddable":true,"href":"https:\/\/www.imm.az\/exp\/wp-json\/wp\/v2\/comments?post=213433"}],"version-history":[{"count":1,"href":"https:\/\/www.imm.az\/exp\/wp-json\/wp\/v2\/pages\/213433\/revisions"}],"predecessor-version":[{"id":213435,"href":"https:\/\/www.imm.az\/exp\/wp-json\/wp\/v2\/pages\/213433\/revisions\/213435"}],"wp:attachment":[{"href":"https:\/\/www.imm.az\/exp\/wp-json\/wp\/v2\/media?parent=213433"}],"curies":[{"name":"wp","href":"https:\/\/api.w.org\/{rel}","templated":true}]}}