{"id":213649,"date":"2024-07-17T22:24:29","date_gmt":"2024-07-17T18:24:29","guid":{"rendered":"https:\/\/www.imm.az\/exp\/?page_id=213649"},"modified":"2024-11-09T20:24:47","modified_gmt":"2024-11-09T16:24:47","slug":"yarimillik-hesabat-2024","status":"publish","type":"page","link":"https:\/\/www.imm.az\/exp\/yarimillik-hesabat-2024\/","title":{"rendered":"Yar\u0131millik hesabat \u2013 2024"},"content":{"rendered":"\n<p>2024 | <a href=\"https:\/\/www.imm.az\/exp\/yarimillik-hesabat-2023\/\">2023<\/a> | <a href=\"https:\/\/www.imm.az\/exp\/yarimillik-hesabat-2022\/\">2022<\/a> |&nbsp;<a href=\"https:\/\/www.imm.az\/exp\/yarimillik-hesabat-2021\/\">2021<\/a>&nbsp;|&nbsp;<a href=\"https:\/\/www.imm.az\/exp\/yarimillik-hesabat-2020\/\">2020&nbsp;<\/a>|&nbsp;<a href=\"https:\/\/www.imm.az\/exp\/yarimillik-hesabat-2019\/\">2019&nbsp;<\/a>|&nbsp;<a href=\"https:\/\/www.imm.az\/exp\/?page_id=19785\">2018<\/a>&nbsp;|&nbsp;<a href=\"https:\/\/www.imm.az\/exp\/?page_id=13736\">2017<\/a>&nbsp;|&nbsp;<a href=\"https:\/\/www.imm.az\/exp\/?page_id=8664\">2016<\/a>&nbsp;|&nbsp;<a href=\"https:\/\/www.imm.az\/exp\/?page_id=2891\">2015<\/a>&nbsp;|&nbsp;<a href=\"https:\/\/www.imm.az\/exp\/?page_id=5285\">2014<\/a>&nbsp;|<\/p>\n\n\n\n<p>\u015e\u00f6b\u0259l\u0259r<\/p>\n\n\n\n<ul>\n<li><a href=\"https:\/\/www.imm.az\/exp\/wp-content\/uploads\/2024\/09\/2024-yarimillik-hesabat.Az_.pdf\">Funksional analiz \u015f\u00f6b\u0259si<\/a><\/li>\n\n\n\n<li><a href=\"https:\/\/www.imm.az\/exp\/wp-content\/uploads\/2024\/11\/AzRA-hesabat-II-Rub2024.pdf\">Riyazi analiz \u015f\u00f6b\u0259si<\/a><\/li>\n\n\n\n<li><a href=\"https:\/\/www.imm.az\/exp\/wp-content\/uploads\/2024\/09\/Hesabat-2024-I.pdf\">Funksiyalar n\u0259z\u0259riyy\u0259si \u015f\u00f6b\u0259si<\/a><\/li>\n\n\n\n<li><a href=\"https:\/\/www.imm.az\/exp\/wp-content\/uploads\/2024\/09\/Hesabat-diftenlik-2024_6AY-az.pdf\">Diferensial t\u0259nlikl\u0259r \u015f\u00f6b\u0259si<\/a><\/li>\n\n\n\n<li><a href=\"https:\/\/www.imm.az\/exp\/wp-content\/uploads\/2024\/09\/Yarimillik-hesabat-2024-az.pdf\">Riyazi fizika t\u0259nlikl\u0259ri \u015f\u00f6b\u0259si<\/a><\/li>\n\n\n\n<li><a href=\"https:\/\/www.imm.az\/exp\/wp-content\/uploads\/2024\/11\/Qisa_QHA_Azerb_yarimillik_2024-yeni.pdf\">Qeyri harmonik analiz \u015f\u00f6b\u0259si<\/a><\/li>\n\n\n\n<li>Dal\u011fa dinamikas\u0131 \u015f\u00f6b\u0259si<\/li>\n\n\n\n<li><a href=\"https:\/\/www.imm.az\/exp\/wp-content\/uploads\/2024\/09\/DBCM_2024_hasabat_yarimillik_azerb.pdf\">Deformasiya olunan b\u0259rk cisim mexanikas\u0131 \u015f\u00f6b\u0259si<\/a><\/li>\n\n\n\n<li><a href=\"https:\/\/www.imm.az\/exp\/wp-content\/uploads\/2024\/07\/HESABAT_YARIMILLIK_PANAHOV_2024_FINAL_AZ.pdf\">Maye v\u0259 qaz mexanikas\u0131 \u015f\u00f6b\u0259si<\/a><\/li>\n\n\n\n<li><a href=\"https:\/\/www.imm.az\/exp\/wp-content\/uploads\/2024\/09\/Hesabat-yarimillik-2024-az.pdf\">C\u0259br v\u0259 riyazi m\u0259ntiq \u015f\u00f6b\u0259si<\/a><\/li>\n\n\n\n<li><a href=\"https:\/\/www.imm.az\/exp\/wp-content\/uploads\/2024\/11\/Hesabat-2024.pdf\">T\u0259tbiqi riyaziyyat \u015f\u00f6b\u0259si<\/a><\/li>\n\n\n\n<li><a href=\"https:\/\/www.imm.az\/exp\/wp-content\/uploads\/2024\/09\/2024-Optimal-yarimillik-hesabat-Azerbaycan.pdf\">Optimal idar\u0259etm\u0259 \u015f\u00f6b\u0259si<\/a><\/li>\n\n\n\n<li><a href=\"https:\/\/www.imm.az\/exp\/wp-content\/uploads\/2024\/09\/Hesabat_BES_2024_Yarimillik_Az.pdf\">Beyn\u0259lxalq \u0259laq\u0259l\u0259r \u015f\u00f6b\u0259si<\/a><\/li>\n\n\n\n<li>Elmi \u2013texniki informasiya \u015f\u00f6b\u0259si<\/li>\n\n\n\n<li><a href=\"https:\/\/www.imm.az\/exp\/wp-content\/uploads\/2024\/09\/yarim-illik-hesabat-2024-az.pdf\">\u0130ctimaiyy\u0259tl\u0259 \u0259laq\u0259l\u0259r \u015f\u00f6b\u0259si<\/a><\/li>\n\n\n\n<li><a href=\"https:\/\/www.imm.az\/exp\/wp-content\/uploads\/2024\/07\/2024-yarimillik.pdf\">T\u0259hsil \u015f\u00f6b\u0259si<\/a><\/li>\n\n\n\n<li><a href=\"https:\/\/www.imm.az\/exp\/wp-content\/uploads\/2024\/11\/Yarimillik_Laboratoriya_-2024.pdf\">\u201cSiqnallar\u0131n emal\u0131n\u0131n riyazi probleml\u0259ri\u201d laboratoriyas\u0131<\/a><\/li>\n<\/ul>\n\n\n\n<p>Jurnallar<\/p>\n\n\n\n<ul>\n<li><a href=\"https:\/\/www.imm.az\/exp\/wp-content\/uploads\/2024\/09\/Az-Yarimillik-Hesabat_TRANSACTIONS-2024.pdf\">Az\u0259rbaycan Milli Elml\u0259r Akademiyas\u0131n\u0131n X\u0259b\u0259rl\u0259ri, Riyaziyyat burax\u0131l\u0131\u015f\u0131,&nbsp; fizika-riyaziyyat v\u0259 texnika elml\u0259ri b\u00f6lm\u0259si<\/a><\/li>\n\n\n\n<li><a href=\"https:\/\/www.imm.az\/exp\/wp-content\/uploads\/2024\/09\/PIMM-2024-I-az.pdf\">Riyaziyyat v\u0259 M\u0259xanika \u0130nstitutunun&nbsp;\u018fs\u0259rl\u0259ri jurnal\u0131<\/a><\/li>\n\n\n\n<li><a href=\"https:\/\/www.imm.az\/exp\/wp-content\/uploads\/2024\/11\/Az_Azerbaijan-Journal-of-Mathematics_2024.pdf\">Az\u0259rbaycan Riyaziyyat jurnal\u0131<\/a><\/li>\n\n\n\n<li>Az\u0259rbaycan Milli Elml\u0259r Akademiyas\u0131n\u0131n X\u0259b\u0259rl\u0259ri, Mexanika&nbsp;burax\u0131l\u0131\u015f\u0131,<br>fizika-riyaziyyat v\u0259 texnika elml\u0259ri b\u00f6lm\u0259si<\/li>\n<\/ul>\n\n\n<p>\u00a9 B\u00fct\u00fcn h\u00fcquqlar qorunur. X\u0259b\u0259rl\u0259rd\u0259n istifad\u0259 ed\u0259rk\u0259n www.imm.az sayt\u0131na istinad z\u0259ruridir.<\/p>","protected":false},"excerpt":{"rendered":"<p>2024 | 2023 | 2022 |&nbsp;2021&nbsp;|&nbsp;2020&nbsp;|&nbsp;2019&nbsp;|&nbsp;2018&nbsp;|&nbsp;2017&nbsp;|&nbsp;2016&nbsp;|&nbsp;2015&nbsp;|&nbsp;2014&nbsp;| \u015e\u00f6b\u0259l\u0259r Jurnallar \u00a9 B\u00fct\u00fcn h\u00fcquqlar qorunur. X\u0259b\u0259rl\u0259rd\u0259n istifad\u0259 ed\u0259rk\u0259n www.imm.az sayt\u0131na istinad z\u0259ruridir.<\/p>\n","protected":false},"author":6,"featured_media":0,"parent":0,"menu_order":0,"comment_status":"closed","ping_status":"closed","template":"","meta":{"footnotes":""},"_links":{"self":[{"href":"https:\/\/www.imm.az\/exp\/wp-json\/wp\/v2\/pages\/213649"}],"collection":[{"href":"https:\/\/www.imm.az\/exp\/wp-json\/wp\/v2\/pages"}],"about":[{"href":"https:\/\/www.imm.az\/exp\/wp-json\/wp\/v2\/types\/page"}],"author":[{"embeddable":true,"href":"https:\/\/www.imm.az\/exp\/wp-json\/wp\/v2\/users\/6"}],"replies":[{"embeddable":true,"href":"https:\/\/www.imm.az\/exp\/wp-json\/wp\/v2\/comments?post=213649"}],"version-history":[{"count":3,"href":"https:\/\/www.imm.az\/exp\/wp-json\/wp\/v2\/pages\/213649\/revisions"}],"predecessor-version":[{"id":214636,"href":"https:\/\/www.imm.az\/exp\/wp-json\/wp\/v2\/pages\/213649\/revisions\/214636"}],"wp:attachment":[{"href":"https:\/\/www.imm.az\/exp\/wp-json\/wp\/v2\/media?parent=213649"}],"curies":[{"name":"wp","href":"https:\/\/api.w.org\/{rel}","templated":true}]}}