{"id":213651,"date":"2024-07-17T22:28:32","date_gmt":"2024-07-17T18:28:32","guid":{"rendered":"https:\/\/www.imm.az\/exp\/?page_id=213651"},"modified":"2024-11-09T20:27:12","modified_gmt":"2024-11-09T16:27:12","slug":"semi-year-report-of-the-departments-2024","status":"publish","type":"page","link":"https:\/\/www.imm.az\/exp\/semi-year-report-of-the-departments-2024\/","title":{"rendered":"Semi-year report of the departments \u2013 2024"},"content":{"rendered":"\n<p>2024 | <a href=\"https:\/\/www.imm.az\/exp\/semi-year-report-of-the-departments-2023\/\">2023<\/a> | <a href=\"https:\/\/www.imm.az\/exp\/semi-year-report-of-the-departments-2022-2\/\">2022<\/a> |&nbsp;<a href=\"https:\/\/www.imm.az\/exp\/semi-year-report-of-the-departments-2021\/\">2021<\/a>&nbsp;|&nbsp;<a href=\"https:\/\/www.imm.az\/exp\/semi-year-report-of-the-departments-2020\/\">2020&nbsp;<\/a>|&nbsp;<a href=\"https:\/\/www.imm.az\/exp\/semi-year-report-of-the-departments-2019-2\/\">2019<\/a>&nbsp;|&nbsp;<a href=\"https:\/\/www.imm.az\/exp\/semi-year-report%E2%80%A6departments-2018\/?lang=en\">2018<\/a>&nbsp;|&nbsp;<a href=\"https:\/\/www.imm.az\/exp\/?page_id=13740&amp;lang=en\">2017<\/a>&nbsp;|&nbsp;<a href=\"https:\/\/www.imm.az\/exp\/?page_id=8733&amp;lang=en\">2016<\/a>&nbsp;|&nbsp;<a href=\"https:\/\/www.imm.az\/exp\/?page_id=2943&amp;lang=en\">2015&nbsp;<\/a>|&nbsp;<a href=\"https:\/\/www.imm.az\/exp\/?page_id=5295&amp;lang=en\">2014&nbsp;<\/a>|<\/p>\n\n\n\n<p>Departments<\/p>\n\n\n\n<ul>\n<li><a href=\"https:\/\/www.imm.az\/exp\/wp-content\/uploads\/2024\/09\/2024-yarimillik-hesabat-eng.pdf\">Department of \u201cFunctional analysis\u201d<\/a><\/li>\n\n\n\n<li><a href=\"https:\/\/www.imm.az\/exp\/wp-content\/uploads\/2024\/11\/EngRA-hesabat-II-Rub2024.pdf\">Department of \u201cMathematical analysis\u201d<\/a><\/li>\n\n\n\n<li><a href=\"https:\/\/www.imm.az\/exp\/wp-content\/uploads\/2024\/09\/Report-2024-I.pdf\">Department of \u201cTheory of functions\u201d<\/a><\/li>\n\n\n\n<li><a href=\"https:\/\/www.imm.az\/exp\/wp-content\/uploads\/2024\/09\/Hesabat-diftenlik-2024_6AY-eng.pdf\">Department of \u201cDifferential equations\u201d<\/a><\/li>\n\n\n\n<li><a href=\"https:\/\/www.imm.az\/exp\/wp-content\/uploads\/2024\/09\/Yarimillik-hesabat-2024-eng.pdf\">Department of \u201cEquations of mathematical physics\u201d<\/a><\/li>\n\n\n\n<li><a href=\"https:\/\/www.imm.az\/exp\/wp-content\/uploads\/2024\/11\/DNHA-Annual-Report-2024_ENGLISH-yeni.pdf\">Department of \u201cNon-harmonic analysis\u201d<\/a><\/li>\n\n\n\n<li><a href=\"https:\/\/www.imm.az\/exp\/wp-content\/uploads\/2024\/11\/semi-annual-report-2024.pdf\">Department of \u201cWave dynamics\u201d<\/a><\/li>\n\n\n\n<li><a href=\"https:\/\/www.imm.az\/exp\/wp-content\/uploads\/2024\/09\/DBCM_2024_hesabat_yarimillik_ingilis.pdf\">Department of \u201cMechanics of deformable solids\u201d<\/a><\/li>\n\n\n\n<li><a href=\"https:\/\/www.imm.az\/exp\/wp-content\/uploads\/2024\/07\/HESABAT_YARIMILLIK_PANAHOV_2024_FINAL_ENG.pdf\">Department of \u201cFluid Mechanics\u201d<\/a><\/li>\n\n\n\n<li><a href=\"https:\/\/www.imm.az\/exp\/wp-content\/uploads\/2024\/09\/Hesabat-yarimillik-2024-ing.pdf\">Department of \u201cAlgebra and mathematical logic\u201d<\/a><\/li>\n\n\n\n<li><a href=\"https:\/\/www.imm.az\/exp\/wp-content\/uploads\/2024\/11\/Ministry-of-Science-and-Education-Republic-of-Azerbaijan.pdf\">Department of \u201cApplied mathematics\u201d<\/a><\/li>\n\n\n\n<li><a href=\"https:\/\/www.imm.az\/exp\/wp-content\/uploads\/2024\/09\/2024-Optimal-yarimillik-Ingilis.pdf\">Department of \u201cOptimal control\u201d<\/a><\/li>\n\n\n\n<li><a href=\"https:\/\/www.imm.az\/exp\/wp-content\/uploads\/2024\/09\/Hesabat_BES_2024_Yarimillik_ENG.pdf\">Department of \u201cInternational relations\u201d<\/a><\/li>\n\n\n\n<li>Department of \u201cScientific-Technical information\u201d<\/li>\n\n\n\n<li><a href=\"https:\/\/www.imm.az\/exp\/wp-content\/uploads\/2024\/09\/Ing.pdf\">Department \u201cPublic relations\u201d<\/a><\/li>\n\n\n\n<li><a href=\"https:\/\/www.imm.az\/exp\/wp-content\/uploads\/2024\/07\/yarimillik-inglish.pdf\">Department of \u201cEducation\u201d<\/a><\/li>\n\n\n\n<li><a href=\"https:\/\/www.imm.az\/exp\/wp-content\/uploads\/2024\/11\/ENGLISH_Lab_Elmi-Teshkilati-Fealiyyet_2024.pdf\">Laboratory of Mathematical Problems of Signal Processing<\/a><\/li>\n<\/ul>\n\n\n\n<p>Journals<\/p>\n\n\n\n<ul>\n<li><a href=\"https:\/\/www.imm.az\/exp\/wp-content\/uploads\/2024\/09\/Eng-Yarimillik-Hesabat_TRANSACTIONS-2024.pdf\" data-type=\"link\" data-id=\"https:\/\/www.imm.az\/exp\/wp-content\/uploads\/2024\/09\/Eng-Yarimillik-Hesabat_TRANSACTIONS-2024.pdf\">Transactions of Azerbaijan National Academy of Science, issue mathematics, series of physico -technical and mathematical sciences<\/a><\/li>\n\n\n\n<li><a href=\"https:\/\/www.imm.az\/exp\/wp-content\/uploads\/2024\/09\/PIMM2024-I-eng.pdf\">\u201cProceedings of the Institute of Mathematics and Mechanics of ANAS\u201d&nbsp;&nbsp;journal<\/a><\/li>\n\n\n\n<li><a href=\"https:\/\/www.imm.az\/exp\/wp-content\/uploads\/2024\/11\/Eng_Azerbaijan-Journal-of-Mathematics_2024.pdf\">Azerbaijan Journal of Mathematics<\/a><\/li>\n\n\n\n<li>Transactions of Azerbaijan National Academy of Science, issue mechanics, series of physico -technical and mathematical sciences<\/li>\n<\/ul>\n\n\n<p>\u00a9 B\u00fct\u00fcn h\u00fcquqlar qorunur. X\u0259b\u0259rl\u0259rd\u0259n istifad\u0259 ed\u0259rk\u0259n www.imm.az sayt\u0131na istinad z\u0259ruridir.<\/p>","protected":false},"excerpt":{"rendered":"<p>2024 | 2023 | 2022 |&nbsp;2021&nbsp;|&nbsp;2020&nbsp;|&nbsp;2019&nbsp;|&nbsp;2018&nbsp;|&nbsp;2017&nbsp;|&nbsp;2016&nbsp;|&nbsp;2015&nbsp;|&nbsp;2014&nbsp;| Departments Journals \u00a9 B\u00fct\u00fcn h\u00fcquqlar qorunur. X\u0259b\u0259rl\u0259rd\u0259n istifad\u0259 ed\u0259rk\u0259n www.imm.az sayt\u0131na istinad z\u0259ruridir.<\/p>\n","protected":false},"author":6,"featured_media":0,"parent":0,"menu_order":0,"comment_status":"closed","ping_status":"closed","template":"","meta":{"footnotes":""},"_links":{"self":[{"href":"https:\/\/www.imm.az\/exp\/wp-json\/wp\/v2\/pages\/213651"}],"collection":[{"href":"https:\/\/www.imm.az\/exp\/wp-json\/wp\/v2\/pages"}],"about":[{"href":"https:\/\/www.imm.az\/exp\/wp-json\/wp\/v2\/types\/page"}],"author":[{"embeddable":true,"href":"https:\/\/www.imm.az\/exp\/wp-json\/wp\/v2\/users\/6"}],"replies":[{"embeddable":true,"href":"https:\/\/www.imm.az\/exp\/wp-json\/wp\/v2\/comments?post=213651"}],"version-history":[{"count":3,"href":"https:\/\/www.imm.az\/exp\/wp-json\/wp\/v2\/pages\/213651\/revisions"}],"predecessor-version":[{"id":214643,"href":"https:\/\/www.imm.az\/exp\/wp-json\/wp\/v2\/pages\/213651\/revisions\/214643"}],"wp:attachment":[{"href":"https:\/\/www.imm.az\/exp\/wp-json\/wp\/v2\/media?parent=213651"}],"curies":[{"name":"wp","href":"https:\/\/api.w.org\/{rel}","templated":true}]}}