{"id":219,"date":"2014-02-09T08:49:49","date_gmt":"2014-02-09T08:49:49","guid":{"rendered":"http:\/\/centralbaku.com\/imm\/?page_id=219"},"modified":"2023-02-09T19:47:03","modified_gmt":"2023-02-09T15:47:03","slug":"dalga-dinamikasi-sob%c9%99si","status":"publish","type":"page","link":"https:\/\/www.imm.az\/exp\/sob%c9%99l%c9%99r\/dalga-dinamikasi-sob%c9%99si\/","title":{"rendered":"Dal\u011fa dinamikasi \u015f\u00f6b\u0259si"},"content":{"rendered":"<p><img loading=\"lazy\" decoding=\"async\" class=\"alignleft size-full wp-image-3850\" src=\"https:\/\/www.imm.az\/exp\/wp-content\/uploads\/2014\/02\/Dalga_dinamikasi.jpg\" alt=\"Dalga_dinamikasi\" width=\"600\" height=\"400\" srcset=\"https:\/\/www.imm.az\/exp\/wp-content\/uploads\/2014\/02\/Dalga_dinamikasi.jpg 600w, https:\/\/www.imm.az\/exp\/wp-content\/uploads\/2014\/02\/Dalga_dinamikasi-300x200.jpg 300w\" sizes=\"(max-width: 600px) 100vw, 600px\" \/><\/p>\n<table style=\"border: none;\" border=\"0\" width=\"100%\" cellspacing=\"0\" cellpadding=\"0\">\n<tbody>\n<tr>\n<td valign=\"top\" width=\"193\"><strong>Struktur b\u00f6lm\u0259nin r\u0259hb\u0259ri:<\/strong><\/td>\n<td>Nazil\u0259 Bilal q\u0131z\u0131 R\u0259suiova<br \/>\nFizika-riyaziyyat elml\u0259ri doktoru, dosent<\/td>\n<\/tr>\n<tr>\n<td valign=\"top\"><\/td>\n<td><\/td>\n<\/tr>\n<tr>\n<td valign=\"top\"><strong>Tel:<\/strong><\/td>\n<td>(+994 12) 4938314, (+994 50) 6240818<\/td>\n<\/tr>\n<tr>\n<td valign=\"top\"><strong>E-mail:<\/strong><\/td>\n<td><a href=\"mailto:nazila.rasulova@imm.az\">nazila.rasulova@imm.az<\/a>,\u00a0<a href=\"mailto:%20rasulova@gmail.com\"> rasulova@gmail.com<\/a><\/td>\n<\/tr>\n<tr>\n<td valign=\"top\"><strong>\u0130\u015f\u00e7il\u0259rin \u00fcmumi say\u0131:<\/strong><\/td>\n<td>7<\/td>\n<\/tr>\n<tr>\n<td valign=\"top\"><\/td>\n<td><\/td>\n<\/tr>\n<tr>\n<td valign=\"top\"><strong>Struktur b\u00f6lm\u0259nin \u0259sas f\u0259aliyy\u0259t istiqam\u0259tl\u0259ri:<\/strong><\/td>\n<td style=\"text-align: justify;\">Deformasiya olunan b\u0259rk cisiml\u0259rd\u0259 (izotrop v\u0259 anizotrop v\u0259 qeyri bircins) dal\u011falar\u0131n yay\u0131lma hadis\u0259sinin t\u0259dqiqi. Z\u0259rb\u0259 v\u0259 da\u011f\u0131lma m\u0259s\u0259l\u0259l\u0259ri. Yeni h\u0259ll metodlar\u0131n\u0131n yarad\u0131lmas\u0131.<\/td>\n<\/tr>\n<tr>\n<td valign=\"top\"><\/td>\n<td><\/td>\n<\/tr>\n<tr>\n<td valign=\"top\"><strong>Struktur b\u00f6lm\u0259nin \u0259sas elmi n\u0259tic\u0259l\u0259ri:<\/strong><\/td>\n<td style=\"text-align: justify;\">\u0130p, membran v\u0259 torlar\u0131n dinamikas\u0131 n\u0259z\u0259riyy\u0259si yarad\u0131lm\u0131\u015f, \u00e7evik rabit\u0259l\u0259rd\u0259 dal\u011fa hadis\u0259sinin eksperimental t\u0259dqiqi metodlar\u0131 v\u0259 materiallar\u0131n dinamik xass\u0259l\u0259rinin t\u0259yin edilm\u0259si \u00fcsullar\u0131 i\u015fl\u0259nib haz\u0131rlanm\u0131\u015fd\u0131r. Z\u0259rb\u0259 v\u0259 konstruksiya elementl\u0259rinin da\u011f\u0131lmas\u0131na dair, o c\u00fcml\u0259d\u0259n m\u00fcr\u0259kk\u0259b strukturlu materiallar \u00fc\u00e7\u00fcn, \u00e7oxlu sayda bir v\u0259 \u00e7ox\u00f6l\u00e7\u00fcl\u00fc m\u0259s\u0259l\u0259l\u0259r h\u0259ll edilmi\u015fdir. D\u00fcnya elmi praktikas\u0131nda ilk hesab oluna bil\u0259c\u0259k bir ne\u00e7\u0259 n\u0259z\u0259ri v\u0259 eksperimental i\u015fl\u0259r yaln\u0131z bu \u015f\u00f6b\u0259d\u0259 h\u0259ll edilmi\u015fdir. Bu \u00a0i\u015fl\u0259r a\u015fa\u011f\u0131dak\u0131lard\u0131r:<\/p>\n<ol>\n<li>D\u00fczbucaql\u0131 prizmalarda qeyri-stasionar dal\u011falar\u0131n yay\u0131lmas\u0131 hadis\u0259si d\u0259qiq, \u00fc\u00e7\u00f6l\u00e7\u00fcl\u00fc n\u0259z\u0259riyy\u0259 bazas\u0131nda t\u0259dqiq edilm\u0131\u015f v\u0259 uy\u011fun analitik h\u0259ll\u0259r al\u0131nm\u0131\u015fd\u0131r;<\/li>\n<li>dinamik da\u011f\u0131lma hadis\u0259si d\u0259 h\u0259m\u00e7inin ilk d\u0259f\u0259 olaraq, eyni x\u0259tt \u00fcz\u0259rind\u0259 olmayan, m\u00fcxt\u0259lif istiqam\u0259tli da\u011f\u0131lmalar \u00fc\u00e7\u00fcn n\u0259z\u0259ri v\u0259 eksperimental olaraq t\u0259dqiq edilmi\u015f v\u0259 real n\u0259tic\u0259l\u0259r al\u0131nm\u0131\u015fd\u0131r;<\/li>\n<li>\u00a0maye v\u0259 elastiki m\u00fchitl\u0259 doldurulmu\u015f silindrik v\u0259 sferik \u00f6rt\u00fckl\u0259rin b\u00fct\u00f6v m\u00fchitd\u0259 stasionar v\u0259 qeyri stasinar h\u0259r\u0259k\u0259tl\u0259ri t\u0259dqiq olunmu\u015f, bu kontruksiyalar\u0131n m\u0259xsusi tezlikl\u0259rinin yeni t\u0259yin\u00a0 metodu i\u015fl\u0259nmi\u015f v\u0259 bir \u00e7ox hal \u00fc\u00e7\u00fcn h\u0259yata ke\u015firilmi\u015fdir;<\/li>\n<li>qeyri dair\u0259vi l\u00f6vh\u0259 v\u0259 membran\u0131n h\u0259r\u0259k\u0259tl\u0259ri, tamamil\u0259 yeni metodlarla i\u015fl\u0259nmi\u015f v\u0259 m\u00fcst\u0259vi dinamika m\u0259s\u0259l\u0259sinin h\u0259ll\u0259ri \u00a0\u00a0kompleks d\u0259yi\u015f\u0259nli analitik funksiyalar \u00fc\u00e7\u00fcn s\u0259rh\u0259d m\u0259s\u0259l\u0259l\u0259rinin h\u0259llin\u0259 g\u0259tirilmi\u015f v\u0259 bir \u00e7ox h\u0259ll\u0259r tap\u0131lm\u0131\u015fd\u0131r.<\/li>\n<li>\u00dc\u00e7\u00f6l\u00e7\u00fcl\u00fc elastikodinamika m\u0259s\u0259l\u0259l\u0259rinin \u00fcmumi h\u0259ll tap\u0131lmas\u0131 \u00fc\u00e7\u00fcn tamamil\u0259 yeni h\u0259ll medodu i\u015fl\u0259nmi\u015f, v\u0259 indiy\u0259 q\u0259d\u0259r h\u0259lli m\u00fcmk\u00fcn olmayan bir \u00e7ox m\u0259s\u0259l\u0259l\u0259rin h\u0259lli d\u00fcnya elmi ictimaiyy\u0259tin\u0259 t\u0259qdim olunmu\u015fdur.<\/li>\n<li>Dal\u011fa t\u0259nliyinin, m\u00fcst\u0259vi h\u0259r\u0259k\u0259t \u00fc\u00e7\u00fcn, indiy\u0259 q\u0259d\u0259r m\u0259lum olmayan, yeni (-1) t\u0259rtibli bircins h\u0259lli k\u0259\u015ff edilmi\u015fdir ki bu da bir \u00e7ox m\u0259s\u0259l\u0259l\u0259rin h\u0259llini m\u00fcmk\u00fcn edir.<\/li>\n<\/ol>\n<\/td>\n<\/tr>\n<tr>\n<td><\/td>\n<td><\/td>\n<\/tr>\n<tr>\n<td valign=\"top\"><strong>\u018fsas elmi n\u0259tic\u0259l\u0259r\u0259 aid \u00e7ap olunmu\u015f \u00e7ox m\u00fch\u00fcm i\u015fl\u0259r a\u015fa\u011f\u0131da qeyd olunmu\u015fdur.<\/strong><\/td>\n<td>\n<ul>\n<li><strong><a href=\"https:\/\/www.imm.az\/exp\/n%C9%99srl%C9%99r-2021\/\">N\u0259\u015frl\u0259r &#8211; 2021<\/a><\/strong><\/li>\n<li><strong><a href=\"https:\/\/www.imm.az\/exp\/n%c9%99srl%c9%99r-2020\/\">N\u0259\u015frl\u0259r &#8211; 2020<\/a><\/strong><\/li>\n<li><strong><a href=\"https:\/\/www.imm.az\/exp\/n%C9%99srl%C9%99r-2019\/\">N\u0259\u015frl\u0259r &#8211; 2019<\/a><\/strong><\/li>\n<li><strong><a href=\"https:\/\/www.imm.az\/exp\/n%C9%99srl%C9%99r-2018\/\">N\u0259\u015frl\u0259r &#8211; 2018<\/a><\/strong><\/li>\n<li><a href=\"\/exp\/?page_id=15700\"><strong>N\u0259\u015frl\u0259r \u2013 2017<\/strong><\/a><\/li>\n<li><a href=\"\/exp\/?page_id=9642\"><strong>N\u0259\u015frl\u0259r \u2013 2016<\/strong><\/a><\/li>\n<li><a href=\"\/exp\/?page_id=4830\"><strong>N\u0259\u015frl\u0259r \u2013 2015<\/strong><\/a><\/li>\n<li><a href=\"\/exp\/?page_id=4420\"><strong>N\u0259\u015frl\u0259r \u2013 2014<\/strong><\/a><\/li>\n<li>\u0410\u0433\u0430\u043b\u0430\u0440\u043e\u0432 \u0414\u0436.\u0413., \u041c\u0443\u0442\u0430\u043b\u043b\u0438\u043c\u043e\u0432 \u0428.\u041c.\u041e \u0441\u043e\u0443\u0434\u0430\u0440\u0435\u043d\u0438\u0439 \u0433\u0438\u0431\u043a\u043e\u0439 \u0441\u0432\u044f\u0437\u0438 \u0438 \u0442\u0435\u043b\u0430 \u043a\u043e\u043d\u0435\u0447\u043d\u043e\u0439 \u043c\u0430\u0441\u0441\u044b. \u041c\u0435\u0445\u0430\u043d\u0438\u043a\u0430 \u0442\u0432\u0435\u0440\u0434\u043e\u0433\u043e \u0442\u0435\u043b\u0430. \u041c\u043e\u0441\u043a\u0432\u0430 1974, \u21164<\/li>\n<li>\u0410\u0433\u0430\u043b\u0430\u0440\u043e\u0432 \u0414\u0436.\u0413., \u041c\u0443\u0442\u0430\u043b\u043b\u0438\u043c\u043e\u0432 \u0428.\u041c. \u041d\u043e\u0440\u043c\u0430\u043b\u044c\u043d\u044b\u0439 \u0443\u0434\u0430\u0440 \u043a\u043e\u043d\u0443\u0441\u043e\u043c \u043f\u043e \u043d\u0435\u043b\u0438\u043d\u0435\u0439\u043d\u043e-\u0443\u043f\u0440\u0443\u0433\u043e\u0439 \u043c\u0435\u043c\u0431\u0440\u0430\u043d\u0435. \u041f\u0440\u0438\u043a\u043b\u0430\u0434\u043d\u0430\u044f \u043c\u0435\u0445\u0430\u043d\u0438\u043a\u0430. \u041a\u0438\u0435\u0432 1974,\u0442.10,\u0432\u044b\u043f.5<\/li>\n<li>\u0410\u0433\u0430\u043b\u0430\u0440\u043e\u0432 \u0414\u0436.\u0413., \u0420\u0430\u0445\u043c\u0430\u0442\u0443\u043b\u043b\u0438\u043d \u0425.\u0410., \u041d\u0443\u0440\u0438\u0435\u0432 \u0411.\u0420.\u00a0 \u0423\u0434\u0430\u0440 \u043a\u043e\u043d\u0443\u0441\u043e\u043c \u043f\u043e \u0434\u0435\u0444\u043e\u0440\u043c\u0438\u0440\u0443\u0435\u043c\u043e\u0439 \u043d\u0438\u0442\u0438. \u041f\u0440\u0438\u043a\u043b\u0430\u0434\u043d\u0430\u044f \u043c\u0430\u0442\u0435\u043c\u0430\u0442\u0438\u043a\u0430 \u0438 \u043c\u0435\u0445\u0430\u043d\u0438\u043a\u0430. \u041c\u043e\u0441\u043a\u0432\u0430 1981,\u0442.45,\u21162<\/li>\n<li>\u0420\u0430\u0441\u0443\u043b\u043e\u0432\u0430 \u041d.\u0411. \u0420\u0430\u0441\u043f\u0440\u043e\u0441\u0442\u0440\u0430\u043d\u0435\u043d\u0438\u0435 \u0432\u043e\u043b\u043d \u0432 \u043f\u0440\u0438\u0437\u043c\u0430\u0442\u0438\u0447\u0435\u0441\u043a\u043e\u043c \u0431\u0440\u0443\u0441\u0435 \u043f\u043e\u0434\u0432\u0435\u0440\u0436\u0435\u043d\u043d\u043e\u043c \u0434\u0435\u0439\u0441\u0442\u0432\u0438\u0438 \u043e\u0441\u0435\u0432\u044b\u0445 \u0441\u0438\u043b. \u0418\u0437\u0432. \u0410\u041d \u0420\u0424, \u0436\u0443\u0440\u043d. \u00ab\u041c\u0435\u0445\u0430\u043d\u0438\u043a\u0430 \u0442\u0432\u0435\u0440\u0434\u043e\u0433\u043e \u0442\u0435\u043b\u0430\u00bb, 1997, \u21166, \u0441.171-176<\/li>\n<li>Rasulova N.B. On dynamic of bar of rectangular cross section. Trans. of ASME, Journal of Appl. v.68, July, 2001, p.662-666<\/li>\n<li>Mammadova G.A. Determination of mowing of cylindrical inclusion with elastically \u2013 fixed mass in elastic medium.\u00a0 Proc. of Ins. of Math. And Mech.NAS of Azerb. \u2013 2002.vol. 17(25) \u2013p.150-153<\/li>\n<li>Rustamova M.A. Tension of a rectangular net fastened from two adjacent sides,\u00a0 Proceedings of Institute of Mathematics and Mechanics of NAS of Azerbaijan, v. XVI (XXIV), 2002, \u0440.156-160<\/li>\n<li>Rasulova N.B. The Propagation of Star-Shaped Brittle Cracks Trans. of ASME, Journal of Appl. v. 77, July 2010, p. 044502-1 to 044502-5<\/li>\n<li>\u0414\u0436.\u0413.\u0410\u0433\u0430\u043b\u0430\u0440\u043e\u0432, \u041c\u0430\u043c\u0435\u0434\u043e\u0432\u0430 \u0413.\u0410., \u0415.\u0410.\u0422\u0430\u0445\u0435\u0440\u0438.\u00a0 \u0418\u0441\u0441\u043b\u0435\u0434\u043e\u0432\u0430\u043d\u0438\u0435 \u0441\u0432\u043e\u0431\u043e\u0434\u043d\u044b\u0445 \u043a\u043e\u043b\u0435\u0431\u0430\u043d\u0438\u0439 \u0443\u043f\u0440\u0443\u0433\u043e-\u0437\u0430\u043a\u0440\u0435\u043f\u043b\u0435\u043d\u043d\u044b\u0445 \u0438 \u0432 \u043f\u0440\u043e\u043c\u0435\u0436\u0443\u0442\u043a\u0435 \u0437\u0430\u043f\u043e\u043b\u043d\u0435\u043d\u043d\u044b\u043c\u0438 \u0436\u0438\u0434\u043a\u043e\u0441\u0442\u044c\u044e \u043a\u043e\u043d\u0446\u0435\u043d\u0442\u0440\u0438\u0447\u0435\u0441\u043a\u0438\u0445 \u0446\u0438\u043b\u0438\u043d\u0434\u0440\u043e\u0432 \u0410\u0437\u044f\u0440\u0431\u0430\u0439\u0436\u0430\u043d \u0422\u0435\u0445\u043d\u0438\u043a\u0438 \u0423\u043d\u0438\u0432\u0435\u0440\u0441\u0438\u0442\u0435\u0442\u0438, \u0415\u043b\u043c\u0438 \u042f\u0441\u044f\u0440\u043b\u044f\u0440 \u0424\u0443\u043d\u0434\u0430\u043c\u0435\u043d\u0442\u0430\u043b \u0415\u043b\u043c\u043b\u044f\u0440, \u21162, \u0436\u0438\u043b\u0434 \u0425I(42), \u0411\u0430\u043a\u0443-2012,\u0441.102-107<\/li>\n<li>\u0421\u0435\u0439\u0444\u0443\u043b\u043b\u0430\u0435\u0432 \u0410. \u0418.,\u041c\u0430\u043c\u0435\u0434\u043e\u0432\u0430 \u0413.\u0410. \u0420\u0443\u0441\u0442\u0430\u043c\u043e\u0432\u0430 \u041c. \u0410. \u042e\u0437\u0431\u0430\u0448\u0438\u0435\u0432\u0430 \u0410.\u041e. \u0410\u043d\u0430\u043b\u0438\u0437 \u0441\u0432\u043e\u0431\u043e\u0434\u043d\u044b\u0445 \u043a\u043e\u043b\u0435\u0431\u0430\u043d\u0438\u0439 \u0442\u043e\u043d\u043a\u043e\u0441\u0442\u0435\u043d\u043d\u044b\u0445 \u0446\u0438\u043b\u0438\u043d\u0434\u0440\u0438\u0447\u0435\u0441\u043a\u0438\u0445 \u043e\u0431\u043e\u043b\u043e\u0447\u0435\u043a \u0441\u043e\u0434\u0435\u0440\u0436\u0430\u0449\u0438\u0445 \u0441\u0436\u0438\u043c\u0430\u0435\u043c\u0443\u044e \u0436\u0438\u0434\u043a\u043e\u0441\u0442\u044c\/\/\u0418\u043d\u0436\u0435\u043d\u0435\u0440\u043d\u043e-\u0444\u0438\u0437\u0438\u0447\u0435\u0441\u043a\u0438\u0439 \u0436\u0443\u0440\u043d\u0430\u043b, \u0422\u043e\u043c.85, \u21166, 2012. \u041c\u0438\u043d\u0441\u043a<\/li>\n<li>\u0410\u0445\u0443\u043d\u0434\u043e\u0432 \u041c.\u0411., \u0421\u0435\u0439\u0444\u0443\u043b\u043b\u0430\u0435\u0432 \u0410.\u0418., \u0413\u0430\u0441\u0430\u043d\u043e\u0432\u0430 \u041b.\u0410. \u041f\u0440\u043e\u0433\u043d\u043e\u0437\u0438\u0440\u043e\u0432\u0430\u043d\u0438\u0435 \u0434\u043b\u0438\u0442\u0435\u043b\u044c\u043d\u043e\u0439 \u043f\u0440\u043e\u0447\u043d\u043e\u0441\u0442\u0438 \u043f\u0440\u0438 \u0446\u0438\u043a\u043b\u0438\u0447\u0435\u0441\u043a\u043e\u043c \u043d\u0430\u0433\u0440\u0443\u0436\u0435\u043d\u0438\u0438 \u0410\u0437\u044f\u0440\u0431\u0430\u0439\u0436\u0430\u043d \u0422\u0435\u0445\u043d\u0438\u043a\u0438 \u0423\u043d\u0438\u0432\u0435\u0440\u0441\u0438\u0442\u0435\u0442\u0438, \u0415\u043b\u043c\u0438 \u042f\u0441\u044f\u0440\u043b\u044f\u0440 \u0424\u0443\u043d\u0434\u0430\u043c\u0435\u043d\u0442\u0430\u043b \u0415\u043b\u043c\u043b\u044f\u0440, \u21161, \u0436\u0438\u043b\u0434 \u0425I(41), \u0411\u0430\u043a\u0443-2012<\/li>\n<li>D. Zamanov, T.R. Suleymanov \u00abDynamical strained condition of a bi-la\u00ad\u00adyer plate on a rigid foundation\u00bb \/\/\u00a0 XVII \u0130nternational Conference Mechanics of Com\u00adposite Materials May 28 \u2013 June 1, 2012 p.233, Riga, Latvia.<\/li>\n<li>D. Zamanov, S.A. Gahramanov \u00abBeam bending with consideration of cor\u00adro\u00adsion wear\u00bb \/\/ XVII International Conference Mechanics of Composite Ma\u00adte\u00adrials May 28 \u2013 June 1, 2012 p.234, Riga, Latvia.<\/li>\n<li>B.Rasulova. A metod for solving self similar problems in membrane dynamics. Journal of Applied Mathematics and Mechanics. 77(6), 916-921, 2013.<\/li>\n<li>B.Rasulova, G.R.Shamilova. Stress wave propagation in a rectangular bar. Mechanics of Solids.51,494-500, 2016.<\/li>\n<li>B.Rasulova, M.B.Rasulov. A new class of homogeneous solutions for plane elastodynamic problems. Mechanics of Solids. 55(7), 1057-1061.<\/li>\n<li><\/li>\n<\/ul>\n<\/td>\n<\/tr>\n<\/tbody>\n<\/table>\n","protected":false},"excerpt":{"rendered":"<p>Struktur b\u00f6lm\u0259nin r\u0259hb\u0259ri: Nazil\u0259 Bilal q\u0131z\u0131 R\u0259suiova Fizika-riyaziyyat elml\u0259ri doktoru, dosent Tel: (+994 12) 4938314, (+994 50) 6240818 E-mail: nazila.rasulova@imm.az,\u00a0 rasulova@gmail.com \u0130\u015f\u00e7il\u0259rin \u00fcmumi say\u0131: 7 Struktur b\u00f6lm\u0259nin \u0259sas f\u0259aliyy\u0259t istiqam\u0259tl\u0259ri: Deformasiya olunan b\u0259rk cisiml\u0259rd\u0259 (izotrop v\u0259 anizotrop v\u0259 qeyri bircins) dal\u011falar\u0131n yay\u0131lma hadis\u0259sinin t\u0259dqiqi. Z\u0259rb\u0259 v\u0259 da\u011f\u0131lma m\u0259s\u0259l\u0259l\u0259ri. Yeni h\u0259ll metodlar\u0131n\u0131n yarad\u0131lmas\u0131. Struktur b\u00f6lm\u0259nin \u0259sas [&hellip;]<\/p>\n","protected":false},"author":6,"featured_media":0,"parent":203,"menu_order":0,"comment_status":"open","ping_status":"open","template":"","meta":{"footnotes":""},"_links":{"self":[{"href":"https:\/\/www.imm.az\/exp\/wp-json\/wp\/v2\/pages\/219"}],"collection":[{"href":"https:\/\/www.imm.az\/exp\/wp-json\/wp\/v2\/pages"}],"about":[{"href":"https:\/\/www.imm.az\/exp\/wp-json\/wp\/v2\/types\/page"}],"author":[{"embeddable":true,"href":"https:\/\/www.imm.az\/exp\/wp-json\/wp\/v2\/users\/6"}],"replies":[{"embeddable":true,"href":"https:\/\/www.imm.az\/exp\/wp-json\/wp\/v2\/comments?post=219"}],"version-history":[{"count":5,"href":"https:\/\/www.imm.az\/exp\/wp-json\/wp\/v2\/pages\/219\/revisions"}],"predecessor-version":[{"id":43189,"href":"https:\/\/www.imm.az\/exp\/wp-json\/wp\/v2\/pages\/219\/revisions\/43189"}],"up":[{"embeddable":true,"href":"https:\/\/www.imm.az\/exp\/wp-json\/wp\/v2\/pages\/203"}],"wp:attachment":[{"href":"https:\/\/www.imm.az\/exp\/wp-json\/wp\/v2\/media?parent=219"}],"curies":[{"name":"wp","href":"https:\/\/api.w.org\/{rel}","templated":true}]}}