{"id":219231,"date":"2026-01-10T08:24:35","date_gmt":"2026-01-10T04:24:35","guid":{"rendered":"https:\/\/www.imm.az\/exp\/?page_id=219231"},"modified":"2026-01-10T08:31:54","modified_gmt":"2026-01-10T04:31:54","slug":"sob%c9%99l%c9%99rin-illik-hesabati-2025","status":"publish","type":"page","link":"https:\/\/www.imm.az\/exp\/sob%c9%99l%c9%99rin-illik-hesabati-2025\/","title":{"rendered":"\u015e\u00f6b\u0259l\u0259rin illik hesabat\u0131 \u2013 2025"},"content":{"rendered":"\n<p>2025 | <a href=\"https:\/\/www.imm.az\/exp\/sob%c9%99l%c9%99rin-illik-hesabati-2024\/\">2024<\/a> | <a href=\"https:\/\/www.imm.az\/exp\/sob%c9%99l%c9%99rin-illik-hesabati-2023\/\">2023<\/a> | <a href=\"https:\/\/www.imm.az\/exp\/sob%C9%99l%C9%99rin-illik-hesabati-2022\/\">2022<\/a> | <a href=\"https:\/\/www.imm.az\/exp\/sob%c9%99l%c9%99rin-illik-hesabati-2021\/\">2021<\/a> | <a href=\"https:\/\/www.imm.az\/exp\/sob%C9%99l%C9%99rin-illik-hesabati-2020\/\">2020<\/a> |\u00a0<a href=\"https:\/\/www.imm.az\/exp\/sob%c9%99l%c9%99rin-illik-hesabati-2019\/\">2019\u00a0<\/a>|\u00a0<a href=\"https:\/\/www.imm.az\/exp\/?page_id=21756\">2018<\/a>\u00a0|\u00a0<a href=\"https:\/\/www.imm.az\/exp\/?page_id=15381\">2017<\/a>\u00a0|\u00a0<a href=\"https:\/\/www.imm.az\/exp\/?page_id=9495\">2016<\/a>\u00a0|\u00a0<a href=\"https:\/\/www.imm.az\/exp\/?page_id=2893\">2015<\/a>\u00a0|\u00a0<a href=\"https:\/\/www.imm.az\/exp\/?page_id=6201\">2014<\/a>\u00a0|<\/p>\n\n\n\n<p>\u015e\u00f6b\u0259l\u0259r<\/p>\n\n\n\n<ul>\n<li><a href=\"https:\/\/www.imm.az\/exp\/wp-content\/uploads\/2026\/01\/ILLIK-funkanaliz-2025-ILLIK-HESABAT.pdf\">Funksional analiz \u015f\u00f6b\u0259si<\/a><\/li>\n\n\n\n<li><a href=\"https:\/\/www.imm.az\/exp\/wp-content\/uploads\/2026\/01\/Riyazi-analiz-AzRA-hesabat_Illik_2025-Yekun.pdf\">Riyazi analiz \u015f\u00f6b\u0259si<\/a><\/li>\n\n\n\n<li><a href=\"https:\/\/www.imm.az\/exp\/wp-content\/uploads\/2026\/01\/Funksiyalar-n\u0259z\u0259riyy\u0259si-sob\u0259sinin-2025-ci-il-illik-hesabat.pdf\">Funksiyalar n\u0259z\u0259riyy\u0259si \u015f\u00f6b\u0259si<\/a><\/li>\n\n\n\n<li><a href=\"https:\/\/www.imm.az\/exp\/wp-content\/uploads\/2026\/01\/Hesabat-diftenlik_az-2025.pdf\">Diferensial t\u0259nlikl\u0259r \u015f\u00f6b\u0259si<\/a><\/li>\n\n\n\n<li><a href=\"https:\/\/www.imm.az\/exp\/wp-content\/uploads\/2026\/01\/Riyazi-fizika-t\u0259nlikl\u0259ri-Hesabat-2025-Illik-az.pdf\">Riyazi fizika t\u0259nlikl\u0259ri \u015f\u00f6b\u0259si<\/a><\/li>\n\n\n\n<li><a href=\"https:\/\/www.imm.az\/exp\/wp-content\/uploads\/2026\/01\/QHA_Azerb_illik_2025-yeni_Qisa.pdf\">Qeyri-harmonik analiz \u015f\u00f6b\u0259si<\/a><\/li>\n\n\n\n<li><a href=\"https:\/\/www.imm.az\/exp\/wp-content\/uploads\/2026\/01\/Dalga-Dinamikasi-sob\u0259sinin-2025-cu-il.pdf\">Dal\u011fa dinamikas\u0131 \u015f\u00f6b\u0259si<\/a><\/li>\n\n\n\n<li><a href=\"https:\/\/www.imm.az\/exp\/wp-content\/uploads\/2026\/01\/DBCM_2025_hasabat_illik_azerb.pdf\">Deformasiya olunan b\u0259rk cism mexanikas\u0131<\/a><\/li>\n\n\n\n<li><a href=\"https:\/\/www.imm.az\/exp\/wp-content\/uploads\/2026\/01\/HESABAT_ILLIK_Maye_Qaz_Mex_PANAHOV_2025_AZ.pdf\">Maye v\u0259 qaz mexanikas\u0131 \u015f\u00f6b\u0259si<\/a><\/li>\n\n\n\n<li>Komp\u00fcter texnologiyalar\u0131 v\u0259 riyazi statistika<\/li>\n\n\n\n<li><a href=\"https:\/\/www.imm.az\/exp\/wp-content\/uploads\/2026\/01\/C\u0259br-v\u0259-riyazi-m\u0259ntiq-sob\u0259sinin-2025-ci-ilik-hesabat.pdf\">C\u0259br v\u0259 riyazi m\u0259ntiq \u015f\u00f6b\u0259si<\/a><\/li>\n\n\n\n<li>T\u0259tbiqi riyaziyyat \u015f\u00f6b\u0259si<\/li>\n\n\n\n<li><a href=\"https:\/\/www.imm.az\/exp\/wp-content\/uploads\/2026\/01\/1.-Optimal-illik-hesabat-2025.pdf\">Optimal idar\u0259etm\u0259 \u015f\u00f6b\u0259si<\/a><\/li>\n\n\n\n<li><a href=\"https:\/\/www.imm.az\/exp\/wp-content\/uploads\/2026\/01\/Hesabat_BES_2025_Illik_Hesabati_AZ.pdf\">Beyn\u0259lxalq \u0259laq\u0259l\u0259r \u015f\u00f6b\u0259si<\/a><\/li>\n\n\n\n<li><a href=\"https:\/\/www.imm.az\/exp\/wp-content\/uploads\/2026\/01\/Ictiaiyy\u0259tl\u0259-Elaq\u0259l\u0259r-2025-ci-ilin-illik-HESABATI.pdf\">\u0130ctimaiyy\u0259tl\u0259 \u0259laq\u0259l\u0259r \u015f\u00f6b\u0259si<\/a><\/li>\n\n\n\n<li>Elmi \u2013texniki informasiya \u015f\u00f6b\u0259si<\/li>\n\n\n\n<li><a href=\"https:\/\/www.imm.az\/exp\/wp-content\/uploads\/2026\/01\/T\u0259hsil-sob\u0259si-2025-illik-az.pdf\">T\u0259hsil \u015f\u00f6b\u0259si<\/a><\/li>\n\n\n\n<li><a href=\"https:\/\/www.imm.az\/exp\/wp-content\/uploads\/2026\/01\/AZ_Illik_Laboratoriya_-2025.pdf\">Siqnallar\u0131n emal\u0131n\u0131n riyazi probleml\u0259ri laboratoriyas\u0131<\/a><\/li>\n<\/ul>\n\n\n\n<p><strong>Jurnallar<\/strong><\/p>\n\n\n\n<ul>\n<li>Az\u0259rbaycan Milli Elml\u0259r Akademiyas\u0131n\u0131n X\u0259b\u0259rl\u0259ri, Mexanika&nbsp;burax\u0131l\u0131\u015f\u0131, fizika-texnika v\u0259 riyaziyyat elml\u0259ri<\/li>\n\n\n\n<li>Az\u0259rbaycan Milli Elml\u0259r Akademiyas\u0131n\u0131n X\u0259b\u0259rl\u0259ri, Riyaziyyat burax\u0131l\u0131\u015f\u0131, fizika \u2013 riyaziyyat v\u0259 texnika eml\u0259ri b\u00f6lm\u0259si<\/li>\n\n\n\n<li>Riyaziyyat v\u0259 M\u0259xanika \u0130nstitutunun&nbsp;\u018fs\u0259rl\u0259ri jurnal\u0131<\/li>\n\n\n\n<li>Az\u0259rbaycan Riyaziyyat jurnal\u0131<\/li>\n<\/ul>\n\n\n<p>\u00a9 B\u00fct\u00fcn h\u00fcquqlar qorunur. X\u0259b\u0259rl\u0259rd\u0259n istifad\u0259 ed\u0259rk\u0259n www.imm.az sayt\u0131na istinad z\u0259ruridir.<\/p>","protected":false},"excerpt":{"rendered":"<p>2025 | 2024 | 2023 | 2022 | 2021 | 2020 |\u00a02019\u00a0|\u00a02018\u00a0|\u00a02017\u00a0|\u00a02016\u00a0|\u00a02015\u00a0|\u00a02014\u00a0| \u015e\u00f6b\u0259l\u0259r Jurnallar \u00a9 B\u00fct\u00fcn h\u00fcquqlar qorunur. X\u0259b\u0259rl\u0259rd\u0259n istifad\u0259 ed\u0259rk\u0259n www.imm.az sayt\u0131na istinad z\u0259ruridir.<\/p>\n","protected":false},"author":6,"featured_media":0,"parent":0,"menu_order":0,"comment_status":"closed","ping_status":"closed","template":"","meta":{"footnotes":""},"_links":{"self":[{"href":"https:\/\/www.imm.az\/exp\/wp-json\/wp\/v2\/pages\/219231"}],"collection":[{"href":"https:\/\/www.imm.az\/exp\/wp-json\/wp\/v2\/pages"}],"about":[{"href":"https:\/\/www.imm.az\/exp\/wp-json\/wp\/v2\/types\/page"}],"author":[{"embeddable":true,"href":"https:\/\/www.imm.az\/exp\/wp-json\/wp\/v2\/users\/6"}],"replies":[{"embeddable":true,"href":"https:\/\/www.imm.az\/exp\/wp-json\/wp\/v2\/comments?post=219231"}],"version-history":[{"count":2,"href":"https:\/\/www.imm.az\/exp\/wp-json\/wp\/v2\/pages\/219231\/revisions"}],"predecessor-version":[{"id":219249,"href":"https:\/\/www.imm.az\/exp\/wp-json\/wp\/v2\/pages\/219231\/revisions\/219249"}],"wp:attachment":[{"href":"https:\/\/www.imm.az\/exp\/wp-json\/wp\/v2\/media?parent=219231"}],"curies":[{"name":"wp","href":"https:\/\/api.w.org\/{rel}","templated":true}]}}