{"id":219250,"date":"2026-01-10T08:37:37","date_gmt":"2026-01-10T04:37:37","guid":{"rendered":"https:\/\/www.imm.az\/exp\/?page_id=219250"},"modified":"2026-01-10T08:37:37","modified_gmt":"2026-01-10T04:37:37","slug":"annual-report-of-the-departments-2025","status":"publish","type":"page","link":"https:\/\/www.imm.az\/exp\/annual-report-of-the-departments-2025\/","title":{"rendered":"Annual report of the departments \u2013 2025"},"content":{"rendered":"\n<p>2025 | <a href=\"https:\/\/www.imm.az\/exp\/annual-report-of-the-departments-2024\/\">2024<\/a> |\u00a0<a href=\"https:\/\/www.imm.az\/exp\/annual-report-of-the-departments-2023\/\">2023<\/a>\u00a0|\u00a0<a href=\"https:\/\/www.imm.az\/exp\/annual-report-of-the-departments-2022\/\">2022<\/a>\u00a0|\u00a0<a href=\"https:\/\/www.imm.az\/exp\/annual-report-of-the-departments-2021-3\/\">2021<\/a>\u00a0|\u00a0<a href=\"https:\/\/www.imm.az\/exp\/annual-report-of-the-departments-2020\/\">2020<\/a>\u00a0|\u00a0<a href=\"https:\/\/www.imm.az\/exp\/annual-report-of-the-departments-2019-2\">2019<\/a>\u00a0|\u00a0<a href=\"https:\/\/www.imm.az\/exp\/annual-report-of-the-departments-2018\/?lang=en\">2018<\/a>\u00a0|\u00a0<a href=\"https:\/\/www.imm.az\/exp\/annual-report-of-the-departments-2017\/?lang=en\">2017<\/a>\u00a0|\u00a0<a href=\"https:\/\/www.imm.az\/exp\/annual-report-of-the-departments-2016\/?lang=en\">2016<\/a>\u00a0|\u00a0<a href=\"https:\/\/www.imm.az\/exp\/annual-report-of-the-departments-2015\/?lang=en\">2015<\/a>\u00a0|\u00a0<a href=\"https:\/\/www.imm.az\/exp\/annual-report-of-the-departments-2014\/?lang=en\">2014<\/a>\u00a0|<\/p>\n\n\n\n<ul>\n<li><a href=\"https:\/\/www.imm.az\/exp\/wp-content\/uploads\/2026\/01\/Funk-analiz-2025-illik-eng.pdf\">Department of \u201cFunctional analysis\u201d<\/a><\/li>\n\n\n\n<li><a href=\"https:\/\/www.imm.az\/exp\/wp-content\/uploads\/2026\/01\/Riyazi-analiz-EngRA-hesabat-Illik_2025-Yekun.pdf\">Department of \u201cMathematical analysis\u201d<\/a><\/li>\n\n\n\n<li>Department of \u201cTheory of functions\u201d<\/li>\n\n\n\n<li><a href=\"https:\/\/www.imm.az\/exp\/wp-content\/uploads\/2026\/01\/Hesabat-diftenlik_eng-2025.pdf\">Department of \u201cDifferential equations\u201d<\/a><\/li>\n\n\n\n<li><a href=\"https:\/\/www.imm.az\/exp\/wp-content\/uploads\/2026\/01\/Riyazi-fizika-t\u0259nlikl\u0259riHesabat-2025-illik-eng.pdf\">Department of \u201cEquations of mathematical physics\u201d<\/a><\/li>\n\n\n\n<li><a href=\"https:\/\/www.imm.az\/exp\/wp-content\/uploads\/2026\/01\/DEPARTMENT-OF-NON-Hamonic-Analysis_2025_Annual.pdf\">Department of \u201cNon-harmonic analysis\u201d<\/a><\/li>\n\n\n\n<li>Department of \u201cWave dynamics\u201d<\/li>\n\n\n\n<li>Department of \u201cMechanics of deformable solids\u201d<\/li>\n\n\n\n<li><a href=\"https:\/\/www.imm.az\/exp\/wp-content\/uploads\/2026\/01\/HESABAT_ILLIK_Maye_Qaz_Mex_PANAHOV_2025_ENG.pdf\">Department of \u201cFluid Mechanics\u201d<\/a><\/li>\n\n\n\n<li>Department of \u201cComputer Technologies and Mathematical Statistics\u201d<\/li>\n\n\n\n<li>Department of \u201cAlgebra and mathematical logic\u201d<\/li>\n\n\n\n<li>Department of \u201cApplied mathematics\u201d<\/li>\n\n\n\n<li><a href=\"https:\/\/www.imm.az\/exp\/wp-content\/uploads\/2026\/01\/2.-Optimal-illik-ing.-2025.pdf\">Department of \u201cOptimal control\u201d<\/a><\/li>\n\n\n\n<li><a href=\"https:\/\/www.imm.az\/exp\/wp-content\/uploads\/2026\/01\/Hesabat_BES_2025_Illik_Hesabati_ENG.pdf\">Department of \u201cInternational relations\u201d<\/a><\/li>\n\n\n\n<li><a href=\"https:\/\/www.imm.az\/exp\/wp-content\/uploads\/2026\/01\/T\u0259hsil-sob\u0259si-2025-illik-inglis.pdf\">Department \u201cPublic relations\u201d<\/a><\/li>\n\n\n\n<li>Department of \u201cScientific-Technical information\u201d<\/li>\n\n\n\n<li>Department of \u201cEducation\u201d<\/li>\n\n\n\n<li><a href=\"https:\/\/www.imm.az\/exp\/wp-content\/uploads\/2026\/01\/ENGLISH_Lab_Illik__2025.pdf\">Laboratory of Mathematical Problems of Signal Processing<\/a><\/li>\n<\/ul>\n\n\n\n<p>Journals<\/p>\n\n\n\n<ul>\n<li>Transactions of Azerbaijan National Academy of Science, issue mechanics, series of physico -technical and mathematical sciences<\/li>\n\n\n\n<li>Transactions of Azerbaijan National Academy of Science, issue mathematics, series of physico -technical and mathematical sciences<\/li>\n\n\n\n<li>\u201cProceedings of the Institute of Mathematics and Mechanics of NASA\u201d&nbsp;&nbsp;journal<\/li>\n\n\n\n<li>Azerbaijan Journal of Mathematics<\/li>\n<\/ul>\n\n\n<p>\u00a9 B\u00fct\u00fcn h\u00fcquqlar qorunur. X\u0259b\u0259rl\u0259rd\u0259n istifad\u0259 ed\u0259rk\u0259n www.imm.az sayt\u0131na istinad z\u0259ruridir.<\/p>","protected":false},"excerpt":{"rendered":"<p>2025 | 2024 |\u00a02023\u00a0|\u00a02022\u00a0|\u00a02021\u00a0|\u00a02020\u00a0|\u00a02019\u00a0|\u00a02018\u00a0|\u00a02017\u00a0|\u00a02016\u00a0|\u00a02015\u00a0|\u00a02014\u00a0| Journals \u00a9 B\u00fct\u00fcn h\u00fcquqlar qorunur. X\u0259b\u0259rl\u0259rd\u0259n istifad\u0259 ed\u0259rk\u0259n www.imm.az sayt\u0131na istinad z\u0259ruridir.<\/p>\n","protected":false},"author":6,"featured_media":0,"parent":0,"menu_order":0,"comment_status":"closed","ping_status":"closed","template":"","meta":{"footnotes":""},"_links":{"self":[{"href":"https:\/\/www.imm.az\/exp\/wp-json\/wp\/v2\/pages\/219250"}],"collection":[{"href":"https:\/\/www.imm.az\/exp\/wp-json\/wp\/v2\/pages"}],"about":[{"href":"https:\/\/www.imm.az\/exp\/wp-json\/wp\/v2\/types\/page"}],"author":[{"embeddable":true,"href":"https:\/\/www.imm.az\/exp\/wp-json\/wp\/v2\/users\/6"}],"replies":[{"embeddable":true,"href":"https:\/\/www.imm.az\/exp\/wp-json\/wp\/v2\/comments?post=219250"}],"version-history":[{"count":1,"href":"https:\/\/www.imm.az\/exp\/wp-json\/wp\/v2\/pages\/219250\/revisions"}],"predecessor-version":[{"id":219261,"href":"https:\/\/www.imm.az\/exp\/wp-json\/wp\/v2\/pages\/219250\/revisions\/219261"}],"wp:attachment":[{"href":"https:\/\/www.imm.az\/exp\/wp-json\/wp\/v2\/media?parent=219250"}],"curies":[{"name":"wp","href":"https:\/\/api.w.org\/{rel}","templated":true}]}}