{"id":221,"date":"2014-02-09T08:50:11","date_gmt":"2014-02-09T08:50:11","guid":{"rendered":"http:\/\/centralbaku.com\/imm\/?page_id=221"},"modified":"2019-03-11T16:56:35","modified_gmt":"2019-03-11T12:56:35","slug":"surunc%c9%99klik-n%c9%99z%c9%99riyy%c9%99si-sob%c9%99si","status":"publish","type":"page","link":"https:\/\/www.imm.az\/exp\/sob%c9%99l%c9%99r\/surunc%c9%99klik-n%c9%99z%c9%99riyy%c9%99si-sob%c9%99si\/","title":{"rendered":"S\u00fcr\u00fcnc\u0259klik n\u0259z\u0259riyy\u0259si \u015f\u00f6b\u0259si"},"content":{"rendered":"<div>\n<p><img loading=\"lazy\" decoding=\"async\" class=\"alignleft size-full wp-image-3855\" src=\"https:\/\/www.imm.az\/exp\/wp-content\/uploads\/2014\/02\/Surunceklik_nezeriyyesi.jpg\" alt=\"Surunceklik_nezeriyyesi\" width=\"600\" height=\"400\" srcset=\"https:\/\/www.imm.az\/exp\/wp-content\/uploads\/2014\/02\/Surunceklik_nezeriyyesi.jpg 600w, https:\/\/www.imm.az\/exp\/wp-content\/uploads\/2014\/02\/Surunceklik_nezeriyyesi-300x200.jpg 300w\" sizes=\"(max-width: 600px) 100vw, 600px\" \/><\/p>\n<table style=\"border: none;\" border=\"0\" width=\"100%\" cellspacing=\"0\" cellpadding=\"0\">\n<tbody>\n<tr>\n<td valign=\"top\" width=\"193\"><strong>Struktur b\u00f6lm\u0259nin r\u0259hb\u0259ri:<\/strong><\/td>\n<td>L\u0259tif X\u0259lil o\u011flu Tal\u0131bl\u0131<br \/>\nFizika-riyaziyyat elml\u0259ri doktoru, professor<\/td>\n<\/tr>\n<tr>\n<td valign=\"top\"><\/td>\n<td><\/td>\n<\/tr>\n<tr>\n<td valign=\"top\"><strong>Tel:<\/strong><\/td>\n<td>(+994 12) 3727580, (+994 12) 5380730<\/td>\n<\/tr>\n<tr>\n<td valign=\"top\"><strong>E-mail:<\/strong><\/td>\n<td><a href=\"mailto:Italibly@yahoo.com\">l<\/a><a href=\"mailto:atif.talybly@imm.az\">atif.talybly@imm.az<\/a>,\u00a0<a href=\"mailto:Italibly@yahoo.com\">Italibly@yahoo.com<\/a>\u00a0<a href=\"mailto:creepimm@gmail.com\">creepimm@gmail.com<\/a><\/td>\n<\/tr>\n<tr>\n<td valign=\"top\"><strong>\u0130\u015f\u00e7il\u0259rin \u00fcmumi say\u0131:<\/strong><\/td>\n<td>7<\/td>\n<\/tr>\n<tr>\n<td valign=\"top\"><\/td>\n<td><\/td>\n<\/tr>\n<tr>\n<td valign=\"top\"><strong>Struktur b\u00f6lm\u0259nin \u0259sas f\u0259aliyy\u0259t istiqam\u0259tl\u0259ri:<\/strong><\/td>\n<td>\u015e\u00f6b\u0259d\u0259 elmi ara\u015fd\u0131rmalar 4 istiqam\u0259rd\u0259 apar\u0131l\u0131r. Birinci: irsi (\u00f6zl\u00fc) elastik, elastiki-plastik, elastiki-\u00f6zl\u00fcplastik xass\u0259li materiallardan haz\u0131rlanm\u0131\u015f kostruksiyalar\u0131n deformasiyas\u0131 v\u0259 da\u011f\u0131lmas\u0131. \u0130kinci: D\u0259niz dal\u011fas\u0131na t\u0259dbiql\u0259 qeyri-requlyar dal\u011falar\u0131n spektral n\u0259z\u0259riyy\u0259si. \u00dc\u00e7\u00fcnc\u00fc: Aqressiv m\u00fchitd\u0259 i\u015fl\u0259y\u0259n konstruksiyalar\u0131n korroziya yor\u011funlu\u011fundan da\u011f\u0131lmas\u0131 v\u0259 g\u0259rginlik t\u0259sirind\u0259n korroziya da\u011f\u0131lmas\u0131. D\u00f6rd\u00fcnc\u00fc: t\u0259sad\u00fcfi t\u0259sirl\u0259r\u0259 m\u0259ruz qalan konstruksiyalar\u0131n da\u011f\u0131lma v\u0259 deformasiyalar\u0131n\u0131n stoxastik m\u0259s\u0259l\u0259l\u0259ri.<\/td>\n<\/tr>\n<tr>\n<td valign=\"top\"><\/td>\n<td><\/td>\n<\/tr>\n<tr>\n<td valign=\"top\"><strong>Struktur b\u00f6lm\u0259nin \u0259sas elmi n\u0259tic\u0259l\u0259ri:<\/strong><\/td>\n<td>\n<ol>\n<li>Birinci istiqam\u0259t \u00fczr\u0259 al\u0131nan n\u0259tic\u0259l\u0259r: a) s\u0259rb\u0259st y\u00fckl\u0259nm\u0259l\u0259rd\u0259 (h\u0259m\u00e7inin tsiklik) irsi (\u00f6zl\u00fc) elastiki plastik da\u011f\u0131lmalar v\u0259 deformasiyalar n\u0259z\u0259riyy\u0259si effektiv i\u015fl\u0259\u015fmi\u015fdir; b) irsi (\u00f6zl\u00fc) elastik materiallar\u0131n mexaniki xass\u0259l\u0259rin\u0259 temperatur t\u0259sirinin effektiv \u00fcsulu i\u015fl\u0259nmi\u015fdir. Bu \u00fcsuldan istifad\u0259 ed\u0259r\u0259k teorem isbat olunmu\u015fdur ki, termo\u00f6zl\u00fcelastik m\u0259s\u0259l\u0259nin \u00fcmumi h\u0259lli adi \u00f6zl\u00fcelastik m\u0259s\u0259l\u0259nin h\u0259llin\u0259 g\u0259tirilmi\u015fdir; v) elastikiplastik cisiml\u0259rin tsiklik m\u00f6hk\u0259mliyi (yor\u011funlu\u011fu) v\u0259 irsi (\u00f6zl\u00fc) elastik cisml\u0259rin uzun m\u00fcdd\u0259tli m\u00f6hk\u0259mliyinin effektiv n\u0259z\u0259riyy\u0259si i\u015fl\u0259nmi\u015fdir; q) uzun m\u00fcdd\u0259tli da\u011f\u0131lma prosesinin modell\u0259\u015fm\u0259 prosesi i\u015fl\u0259nmi\u015fdir; d) sad\u0259l\u0259\u015fdiril\u0259r\u0259k elastikiplastik s\u0259rh\u0259d m\u0259s\u0259l\u0259l\u0259rinin q\u00fcmumi h\u0259ll metodu t\u0259klif olunmu\u015fdur; e) x\u0259tti \u00f6zl\u00fcelastiklik n\u0259z\u0259riyy\u0259sinin m\u0259s\u0259l\u0259l\u0259rinin \u00fcmumi d\u0259qiq h\u0259ll metodlar\u0131 verilmi\u015fdir; approksimasiya metodunda istifad\u0259 olunan A.A.\u0130lyu\u015finin m\u0259lum eksperimental funksiyan\u0131n d\u0259qiq analitik h\u0259ll n\u00f6v\u00fc t\u0259yin olunmu\u015fdur; j) m\u00fcxt\u0259lif konstruksiyalar\u0131n m\u00f6hk\u0259mliyi hesablanm\u0131\u015fd\u0131r, h\u0259m\u00e7inin dinamik temperatur t\u0259sirind\u0259n m\u00f6hk\u0259m yanacaqlarda raketl\u0259rin konstruksiyalar\u0131; z) konstruksiyalarda v\u0259 deformasiyalanan cisiml\u0259rd\u0259 \u00e7atlar\u0131n artmas\u0131 v\u0259 \u0259m\u0259l\u0259 g\u0259lm\u0259sinin modell\u0259\u015fdirilm\u0259si; i) mexaniki da\u011f\u0131lmalar\u0131n v\u0259 elastiklik n\u0259z\u0259riyy\u0259sinin t\u0259rs m\u0259s\u0259l\u0259l\u0259rinin h\u0259ll metodlar\u0131 i\u015fl\u0259nmi\u015fdir; k) \u00e7atlar\u0131n b\u00f6y\u00fcm\u0259sinin konstruksion dayand\u0131r\u0131lmas\u0131n\u0131n mexaniki metodu i\u015fl\u0259\u015fmi\u015fdir.<\/li>\n<li>\u0130kinci istiqam\u0259t \u00fczr\u0259 \u0259ld\u0259 olunan n\u0259tic\u0259l\u0259r: Qeyri requlyar (t\u0259sad\u00fcfi) dal\u011falar\u0131n effektiv spektral n\u0259z\u0259riyy\u0259si t\u0259klif olunmu\u015fdur, hans\u0131 ki, bunlar\u0131 d\u0259niz dal\u011falar\u0131na t\u0259tbiq ed\u0259r\u0259k onlar\u0131n ist\u0259nil\u0259n d\u0259rinlikd\u0259 t\u0259zyiql\u0259rini v\u0259 dig\u0259r parametrl\u0259rini tapmaq m\u00fcmk\u00fcn olmu\u015fdur.<\/li>\n<li>\u00dc\u00e7\u00fcnc\u00fc istiqam\u0259t \u00fczr\u0259 \u0259ld\u0259 olunan n\u0259tic\u0259l\u0259r: a) aqressiv m\u00fchitd\u0259 mexaniki g\u0259rginliyin t\u0259siri alt\u0131nda i\u015fl\u0259y\u0259n ixtiyari konstruksiyalar\u0131n korroziya da\u011f\u0131lmas\u0131 vaxt\u0131n\u0131 m\u00fc\u0259yy\u0259n etm\u0259y\u0259 imkan ver\u0259n effektiv n\u0259z\u0259ri-eksperimental metod i\u015fl\u0259nmi\u015fdir; b) korroziya yor\u011funlu\u011funda da\u011f\u0131lman\u0131n vaxt\u0131n\u0131n proqnozla\u015fd\u0131rma\u011fa imkan ver\u0259n analoji metod t\u0259klif olunmu\u015fdur.<\/li>\n<li>D\u00f6rd\u00fcnc\u00fc istiqam\u0259t \u00fczr\u0259 \u0259ld\u0259 olunan n\u0259tic\u0259l\u0259r: \u0130\u015f zaman\u0131 t\u0259sad\u00fcfi y\u00fckl\u0259nm\u0259y\u0259 m\u0259ruz qalan ixtiyari formaya malik qur\u011fular\u0131n xidm\u0259t m\u00fcdd\u0259tini m\u00fc\u0259yy\u0259n ed\u0259n formullar t\u0259klif olunmu\u015fdur.<\/li>\n<\/ol>\n<p>&nbsp;<\/td>\n<\/tr>\n<tr>\n<td><\/td>\n<td>\n<ul>\n<li><a href=\"\/exp\/?page_id=15700\"><strong>N\u0259\u015frl\u0259r \u2013 2017<\/strong><\/a><\/li>\n<li><a href=\"\/exp\/?page_id=9642\"><strong>N\u0259\u015frl\u0259r \u2013 2016<\/strong><\/a><\/li>\n<li><a href=\"\/exp\/?page_id=4830\"><strong>N\u0259\u015frl\u0259r \u2013 2015<\/strong><\/a><\/li>\n<li><a href=\"\/exp\/?page_id=4420\"><strong>N\u0259\u015frl\u0259r \u2013 2014<\/strong><\/a><\/li>\n<\/ul>\n<\/td>\n<\/tr>\n<tr>\n<td valign=\"top\"><strong>Mexanikan\u0131n g\u00f6st\u0259ril\u0259n istiqam\u0259tl\u0259ri \u00fczr\u0259 \u015f\u00f6b\u0259nin i\u015f\u00e7il\u0259rinin 150-d\u0259n \u00e7ox (y\u00fcz \u0259lli) elmi \u0259sr\u0259l\u0259ri d\u0259rc olunmu\u015fdur ki, bunlardan b\u0259zil\u0259rini g\u00f6st\u0259rm\u0259k olar.<\/strong><\/td>\n<td>\n<table style=\"border: none;\" border=\"0\" width=\"100%\" cellspacing=\"1\" cellpadding=\"1\">\n<tbody>\n<tr>\n<td valign=\"top\" width=\"167\">&nbsp;<\/p>\n<p>Talybly L.Kh.<\/td>\n<td valign=\"top\" width=\"481\">1. Nonlinear theory of thermal stresses in viscoelastic bodies\/\/Mechanics of composite materials. 1983, v.19, \u21164, p.419-425.<\/td>\n<\/tr>\n<tr>\n<td valign=\"top\" width=\"167\"><\/td>\n<td valign=\"top\" width=\"481\">2. Deformation of a viscoelastic cylinder fastened to a housing under non-isothermal dynamic loading. PMM Journal of Applied math. and mech. Engl.tr. 1990, v.54, \u21161, p.74-82<\/td>\n<\/tr>\n<tr>\n<td valign=\"top\" width=\"167\"><\/td>\n<td valign=\"top\" width=\"481\">3. \u041a \u0432\u043e\u043f\u0440\u043e\u0441\u0443 \u0434\u0435\u0444\u043e\u0440\u043c\u0438\u0440\u043e\u0432\u0430\u043d\u0438\u044f \u0438 \u0440\u0430\u0437\u0440\u0443\u0448\u0435\u043d\u0438\u044f \u0432\u044f\u0437\u043a\u043e\u0443\u043f\u0440\u0443\u0433\u0438\u0445 \u0442\u0435\u043b \u043f\u0440\u0438 \u043d\u0430\u043b\u0438\u0447\u0438\u0438 \u0442\u0435\u043c\u043f\u0435\u0440\u0430\u0442\u0443\u0440\u043d\u043e\u0433\u043e \u043f\u043e\u043b\u044f. \u0418\u0437\u0432. \u0410\u041d \u0421\u0421\u0421\u0420. \u041c\u0435\u0445\u0430\u043d\u0438\u043a\u0430 \u0442\u0432\u0435\u0440\u0434\u043e\u0433\u043e \u0442\u0435\u043b\u0430, 1990, \u21162, \u0441.127-139.<\/td>\n<\/tr>\n<tr>\n<td valign=\"top\" width=\"167\"><\/td>\n<td valign=\"top\" width=\"481\">4. Modeling of fatigue fracture under stationary stochastic loading conditions. Applied Math. and Computation. 2007, v.184, p.874-879.<\/td>\n<\/tr>\n<tr>\n<td valign=\"top\" width=\"167\"><\/td>\n<td valign=\"top\" width=\"481\">5. Boussinesq\u2019s viscoelastic problem on normal concentrated force on a half-space surface. Mech. Of time-depend mater. 2010, v.14, \u21163, p.253-259.<\/td>\n<\/tr>\n<tr>\n<td valign=\"top\" width=\"167\">\u041c\u0438\u0440\u0441\u044f\u043b\u0438\u043c\u043e\u0432 \u0412.\u041c.<\/td>\n<td valign=\"top\" width=\"481\">6. Cracks with interfactial bonds in the hub of a fraction pair.<br \/>\nMechanica (An Int. J. of Theor. And Applied Mechanics, 2012, \u21167, p.<\/td>\n<\/tr>\n<tr>\n<td valign=\"top\" width=\"167\"><\/td>\n<td valign=\"top\" width=\"481\">7.\u0423\u043f\u0440\u0443\u0433\u043e\u043f\u043b\u0430\u0441\u0442\u0438\u0447\u0435\u0441\u043a\u043e\u0435 \u0440\u0430\u0437\u0440\u0443\u0448\u0435\u043d\u0438\u0435 \u043f\u0435\u0440\u0444\u043e\u0440\u0438\u0440\u043e\u0432\u0430\u043d\u043d\u043e\u0439 \u0441\u0442\u0440\u0438\u043d\u0433\u0435\u0440\u043d\u043e\u0439 \u043f\u043b\u0430\u0441\u0442\u0438\u043d\u044b.\u041f\u0440\u043e\u0431\u043b\u0435\u043c\u044b \u043c\u0430\u0448\u0438\u043d\u043e\u0441\u0442\u0440\u043e\u0435\u043d\u0438\u044f \u0438 \u043d\u0430\u0434\u0435\u0436\u043d\u043e\u0441\u0442\u0438 \u043c\u0430\u0448\u0438\u043d, 2012,\u21163,c.41-47<\/td>\n<\/tr>\n<tr>\n<td valign=\"top\" width=\"167\"><\/td>\n<td valign=\"top\" width=\"481\">8. Elastoplastic Fracture of a Perforated Stringer Plate.<br \/>\nJournal of Machinery Manufacture and Reliability, 2012, vol.41, \u2116.3, pp.218-222.<\/td>\n<\/tr>\n<tr>\n<td valign=\"top\" width=\"167\"><\/td>\n<td valign=\"top\" width=\"481\">9. Periodic problem of cavity development in viscous media. Fluid Dynamics, 2011, v.46, \u21162, p.262-269.<\/td>\n<\/tr>\n<tr>\n<td valign=\"top\" width=\"167\"><\/td>\n<td valign=\"top\" width=\"481\">10.Fracture of a burning solid propellant attenuated by a crack-type cavity. Journal of Applied mechanics and technical physics. 2011, v.52, \u21161, p.141-150<\/td>\n<\/tr>\n<tr>\n<td valign=\"top\" width=\"167\">\u041a\u044f\u0437\u0438\u043c\u043e\u0432\u0430 \u0420.\u0410.<\/td>\n<td valign=\"top\" width=\"481\">11. \u041e\u0431 \u043e\u0434\u043d\u043e\u0439 \u0444\u0443\u043d\u043a\u0446\u0438\u0438 \u0434\u043b\u0438\u0442\u0435\u043b\u044c\u043d\u043e\u0439 \u043a\u043e\u0440\u0440\u043e\u0437\u0438\u043e\u043d\u043d\u043e\u0439 \u043f\u0440\u043e\u0447\u043d\u043e\u0441\u0442\u0438. \u041a\u043e\u0440\u0440\u043e\u0437\u0438\u044f: \u043c\u0430\u0442\u0435\u0440\u0438\u0430\u043b\u044b \u0437\u0430\u0449\u0438\u0442\u044b 12, 2010, \u0441.4-7<\/td>\n<\/tr>\n<tr>\n<td valign=\"top\" width=\"167\"><\/td>\n<td valign=\"top\" width=\"481\">12. \u0410\u043b\u044c\u0442\u0435\u0440\u043d\u0430\u0442\u0438\u0432\u043d\u044b\u0439 \u0441\u043f\u043e\u0441\u043e\u0431 \u0432\u044b\u0432\u043e\u0434\u0430 \u0444\u043e\u0440\u043c\u0443\u043b \u042e.\u041c.\u0420\u0430\u0431\u043e\u0442\u043d\u043e\u0433\u043e \u0434\u043b\u044f \u0432\u0440\u0435\u043c\u0435\u043d\u0438 \u0434\u043e \u043a\u043e\u0440\u0440\u043e\u0437\u0438\u043e\u043d\u043d\u043e\u0433\u043e \u0440\u0430\u0437\u0440\u0443\u0448\u0435\u043d\u0438\u044f. \u0424\u0438\u0437\u0438\u043a\u043e-\u0445\u0438\u043c\u0438\u0447\u0435\u0441\u043a\u0430\u044f \u043c\u0435\u0445\u0430\u043d\u0438\u043a\u0430 \u043c\u0430\u0442\u0435\u0440. 2010, \u21162, \u0441.121-125.<\/td>\n<\/tr>\n<tr>\n<td valign=\"top\" width=\"167\"><\/td>\n<td valign=\"top\" width=\"481\">13. \u0413\u0435\u043e\u043c\u0435\u0442\u0440\u0438\u0447\u0435\u0441\u043a\u0438 \u043d\u0435\u043b\u0438\u043d\u0435\u0439\u043d\u043e\u0435 \u043a\u0440\u0443\u0447\u0435\u043d\u0438\u0435 \u043f\u0440\u0438\u0437\u043c\u0430\u0442\u0438\u0447\u0435\u0441\u043a\u0438\u0445 \u0441\u0442\u0435\u0440\u0436\u043d\u0435\u0439. \u0412\u0435\u0441\u0442\u043d\u0438\u043a \u0422\u0443\u043b\u044c\u0441\u043a\u043e\u0433\u043e \u0413\u043e\u0441. \u0423\u043d\u0438\u0432. \u041c\u0430\u0442\u0435\u043c\u0430\u0442\u0438\u043a\u0430, \u043c\u0435\u0445\u0430\u043d\u0438\u043a\u0430 \u0438\u043d\u0444\u043e\u0440\u043c.\u0432\u044b\u043f.2, \u041c\u0435\u0445\u0430\u043d\u0438\u043a\u0430 2007,<\/td>\n<\/tr>\n<tr>\n<td valign=\"top\" width=\"167\"><\/td>\n<td valign=\"top\" width=\"481\">14. \u041a \u0432\u043e\u043f\u0440\u043e\u0441\u0443 \u043e\u043f\u0440\u0435\u0434\u0435\u043b\u0435\u043d\u0438\u044f \u0432\u0440\u0435\u043c\u0435\u043d\u0438 \u0434\u043e \u043a\u043e\u0440\u0440\u043e\u0437\u0438\u043e\u043d\u043d\u043e\u0433\u043e \u0440\u0430\u0437\u0440\u0443\u0448\u0435\u043d\u0438\u044f \u043f\u0440\u0438 \u043d\u0435\u0441\u0442\u0430\u0446\u0438\u043e\u043d\u0430\u0440\u043d\u044b\u0445 \u0438\u0437\u043c\u0435\u043d\u0435\u043d\u0438\u044f\u0445 \u043f\u043e\u0442\u0435\u043d\u0446\u0438\u0430\u043b\u0430. \u0412\u0435\u0441\u0442\u043d\u0438\u043a \u0422\u0443\u043b\u044c\u0441\u043a\u043e\u0433\u043e \u0413\u043e\u0441. \u0423\u043d\u0438\u0432. \u0421\u0435\u0440. \u043c\u0430\u0442\u0435\u043c\u0430\u0442\u0438\u043a\u0430, \u043c\u0435\u0445\u0430\u043d\u0438\u043a\u0430 \u0438\u043d\u0444\u043e\u0440\u043c.\u0432\u044b\u043f.2, 2008, \u0442.14.<\/td>\n<\/tr>\n<tr>\n<td valign=\"top\" width=\"167\"><\/td>\n<td valign=\"top\" width=\"481\">15. \u041e \u0432\u0440\u0435\u043c\u0435\u043d\u0438 \u043a\u043e\u0440\u0440\u043e\u0437\u0438\u043e\u043d\u043d\u043e\u0433\u043e \u0440\u0430\u0437\u0440\u0443\u0448\u0435\u043d\u0438\u044f \u043c\u0435\u0442\u0430\u043b\u043b\u043e\u0432 \u0441 \u0443\u0447\u0435\u0442\u043e\u043c \u0432\u043b\u0438\u044f\u043d\u0438\u044f \u043c\u0435\u0445\u0430\u043d\u0438\u0447\u0435\u0441\u043a\u043e\u0433\u043e \u043d\u0430\u043f\u0440\u044f\u0436\u0435\u043d\u0438\u044f \u0438 \u0442\u0435\u043c\u043f\u0435\u0440\u0430\u0442\u0443\u0440\u044b. \u0410\u0440\u043c\u0430\u0442\u0443\u0440\u043e\u0441\u0442\u0440\u043e\u0435\u043d\u0438\u0435 4\/67\/2010, \u0441.58-60.<\/td>\n<\/tr>\n<\/tbody>\n<\/table>\n<\/td>\n<\/tr>\n<\/tbody>\n<\/table>\n<\/div>\n<p>&nbsp;<\/p>\n","protected":false},"excerpt":{"rendered":"<p>Struktur b\u00f6lm\u0259nin r\u0259hb\u0259ri: L\u0259tif X\u0259lil o\u011flu Tal\u0131bl\u0131 Fizika-riyaziyyat elml\u0259ri doktoru, professor Tel: (+994 12) 3727580, (+994 12) 5380730 E-mail: latif.talybly@imm.az,\u00a0Italibly@yahoo.com\u00a0creepimm@gmail.com \u0130\u015f\u00e7il\u0259rin \u00fcmumi say\u0131: 7 Struktur b\u00f6lm\u0259nin \u0259sas f\u0259aliyy\u0259t istiqam\u0259tl\u0259ri: \u015e\u00f6b\u0259d\u0259 elmi ara\u015fd\u0131rmalar 4 istiqam\u0259rd\u0259 apar\u0131l\u0131r. Birinci: irsi (\u00f6zl\u00fc) elastik, elastiki-plastik, elastiki-\u00f6zl\u00fcplastik xass\u0259li materiallardan haz\u0131rlanm\u0131\u015f kostruksiyalar\u0131n deformasiyas\u0131 v\u0259 da\u011f\u0131lmas\u0131. \u0130kinci: D\u0259niz dal\u011fas\u0131na t\u0259dbiql\u0259 qeyri-requlyar dal\u011falar\u0131n spektral [&hellip;]<\/p>\n","protected":false},"author":6,"featured_media":0,"parent":203,"menu_order":0,"comment_status":"open","ping_status":"open","template":"","meta":{"footnotes":""},"_links":{"self":[{"href":"https:\/\/www.imm.az\/exp\/wp-json\/wp\/v2\/pages\/221"}],"collection":[{"href":"https:\/\/www.imm.az\/exp\/wp-json\/wp\/v2\/pages"}],"about":[{"href":"https:\/\/www.imm.az\/exp\/wp-json\/wp\/v2\/types\/page"}],"author":[{"embeddable":true,"href":"https:\/\/www.imm.az\/exp\/wp-json\/wp\/v2\/users\/6"}],"replies":[{"embeddable":true,"href":"https:\/\/www.imm.az\/exp\/wp-json\/wp\/v2\/comments?post=221"}],"version-history":[{"count":5,"href":"https:\/\/www.imm.az\/exp\/wp-json\/wp\/v2\/pages\/221\/revisions"}],"predecessor-version":[{"id":23901,"href":"https:\/\/www.imm.az\/exp\/wp-json\/wp\/v2\/pages\/221\/revisions\/23901"}],"up":[{"embeddable":true,"href":"https:\/\/www.imm.az\/exp\/wp-json\/wp\/v2\/pages\/203"}],"wp:attachment":[{"href":"https:\/\/www.imm.az\/exp\/wp-json\/wp\/v2\/media?parent=221"}],"curies":[{"name":"wp","href":"https:\/\/api.w.org\/{rel}","templated":true}]}}